{"id":819,"date":"2022-04-12T02:23:59","date_gmt":"2022-04-12T02:23:59","guid":{"rendered":"hikrobotics.vn?post_type=product&amp;p=819"},"modified":"2022-04-12T02:23:59","modified_gmt":"2022-04-12T02:23:59","slug":"mvl-hf0628m-6mpe","status":"publish","type":"product","link":"https:\/\/hikrobotics.vn\/?product=mvl-hf0628m-6mpe","title":{"rendered":"MVL-HF0628M-6MPE"},"content":{"rendered":"<table class=\"table-style\" cellspacing=\"0\" cellpadding=\"0\" data-v-eb8300fa=\"\">\n<tbody>\n<tr data-v-eb8300fa=\"\">\n<td class=\"bod\" rowspan=\"2\" width=\"12%\" data-v-eb8300fa=\"\">M\u00f4 h\u00ecnh<\/td>\n<td class=\"bod\" width=\"16%\" data-v-eb8300fa=\"\">M\u00f4 h\u00ecnh<\/td>\n<td width=\"72%\" data-v-eb8300fa=\"\">MVL-HF0628M-6MPE<\/td>\n<\/tr>\n<tr data-v-eb8300fa=\"\">\n<td class=\"bod\" width=\"16%\" data-v-eb8300fa=\"\">G\u00f5 ph\u00edm<\/td>\n<td width=\"72%\" data-v-eb8300fa=\"\">\u1ed0NG K\u00cdNH FA 1 \/ 1.8 \u201d6mm 6MP<\/td>\n<\/tr>\n<tr data-v-eb8300fa=\"\">\n<td class=\"bod\" rowspan=\"6\" width=\"12%\" data-v-eb8300fa=\"\">M\u00e0n bi\u1ec3u di\u1ec5n<\/td>\n<td class=\"bod\" width=\"16%\" data-v-eb8300fa=\"\">Ti\u00eau c\u1ef1<\/td>\n<td width=\"72%\" data-v-eb8300fa=\"\">6 mm<\/td>\n<\/tr>\n<tr data-v-eb8300fa=\"\">\n<td class=\"bod\" width=\"16%\" data-v-eb8300fa=\"\">S\u1ed1 F<\/td>\n<td width=\"72%\" data-v-eb8300fa=\"\">F2.8 ~ F16<\/td>\n<\/tr>\n<tr data-v-eb8300fa=\"\">\n<td class=\"bod\" width=\"16%\" data-v-eb8300fa=\"\">K\u00edch c\u1ee1 h\u00ecnh<\/td>\n<td width=\"72%\" data-v-eb8300fa=\"\">\u03a69 mm (1 \/ 1,8 &#8221;)<\/td>\n<\/tr>\n<tr data-v-eb8300fa=\"\">\n<td class=\"bod\" width=\"16%\" data-v-eb8300fa=\"\">M\u00e9o m\u00f3<\/td>\n<td width=\"72%\" data-v-eb8300fa=\"\">-0,103%<\/td>\n<\/tr>\n<tr data-v-eb8300fa=\"\">\n<td class=\"bod\" width=\"16%\" data-v-eb8300fa=\"\">Kho\u1ea3ng c\u00e1ch ho\u1ea1t \u0111\u1ed9ng t\u1ed1i thi\u1ec3u<\/td>\n<td width=\"72%\" data-v-eb8300fa=\"\">0,1 m<\/td>\n<\/tr>\n<tr data-v-eb8300fa=\"\">\n<td class=\"bod\" width=\"16%\" data-v-eb8300fa=\"\">G\u00f3c nh\u00ecn<\/td>\n<td width=\"72%\" data-v-eb8300fa=\"\">D \uff088,96 mm\uff09 \uff1a 73,49 \u00b0<br \/>\nH \uff087,38 mm\uff09 \uff1a 63,11 \u00b0<br \/>\nV \uff084,92 mm\uff09 \uff1a 44,59 \u00b0<\/td>\n<\/tr>\n<tr data-v-eb8300fa=\"\">\n<td class=\"bod\" rowspan=\"8\" width=\"12%\" data-v-eb8300fa=\"\">C\u01a1 kh\u00ed<\/td>\n<td class=\"bod\" width=\"16%\" data-v-eb8300fa=\"\">Ki\u1ec3m so\u00e1t m\u1ed1ng m\u1eaft<\/td>\n<td width=\"72%\" data-v-eb8300fa=\"\">Th\u1ee7 c\u00f4ng<\/td>\n<\/tr>\n<tr data-v-eb8300fa=\"\">\n<td class=\"bod\" width=\"16%\" data-v-eb8300fa=\"\">Ki\u1ec3m so\u00e1t l\u1ea5y n\u00e9t<\/td>\n<td width=\"72%\" data-v-eb8300fa=\"\">Th\u1ee7 c\u00f4ng<\/td>\n<\/tr>\n<tr data-v-eb8300fa=\"\">\n<td class=\"bod\" width=\"16%\" data-v-eb8300fa=\"\">\u0110\u01b0\u1eddng k\u00ednh k\u00ednh l\u1ecdc<\/td>\n<td width=\"72%\" data-v-eb8300fa=\"\">M37,5 \u00d7 P0,5<\/td>\n<\/tr>\n<tr data-v-eb8300fa=\"\">\n<td class=\"bod\" width=\"16%\" data-v-eb8300fa=\"\">G\u1eafn k\u1ebft<\/td>\n<td width=\"72%\" data-v-eb8300fa=\"\">C-Mount<\/td>\n<\/tr>\n<tr data-v-eb8300fa=\"\">\n<td class=\"bod\" width=\"16%\" data-v-eb8300fa=\"\">Chi\u1ec1u d\u00e0i m\u1eb7t b\u00edch<\/td>\n<td width=\"72%\" data-v-eb8300fa=\"\">17,526 mm<\/td>\n<\/tr>\n<tr data-v-eb8300fa=\"\">\n<td class=\"bod\" width=\"16%\" data-v-eb8300fa=\"\">K\u00edch th\u01b0\u1edbc<\/td>\n<td width=\"72%\" data-v-eb8300fa=\"\">\u03a639 \u00d7 32,53 mm<\/td>\n<\/tr>\n<tr data-v-eb8300fa=\"\">\n<td class=\"bod\" width=\"16%\" data-v-eb8300fa=\"\">C\u00e2n n\u1eb7ng<\/td>\n<td width=\"72%\" data-v-eb8300fa=\"\">65,8 g<\/td>\n<\/tr>\n<tr data-v-eb8300fa=\"\">\n<td class=\"bod\" width=\"16%\" data-v-eb8300fa=\"\">Nhi\u1ec7t \u0111\u1ed9<\/td>\n<td width=\"72%\" data-v-eb8300fa=\"\">-10 ~ 50 \u2103<\/td>\n<\/tr>\n<tr data-v-eb8300fa=\"\">\n<td class=\"bod\" rowspan=\"1\" width=\"12%\" data-v-eb8300fa=\"\">Chung<\/td>\n<td class=\"bod\" width=\"16%\" data-v-eb8300fa=\"\">Ch\u1ee9ng nh\u1eadn<\/td>\n<td width=\"72%\" data-v-eb8300fa=\"\">RoHS2.0<\/td>\n<\/tr>\n<\/tbody>\n<\/table>\n","protected":false},"excerpt":{"rendered":"<p><strong>T\u00ednh n\u0103ng ch\u00ednh<\/strong><\/p>\n<ul class=\" list-paddingleft-2\">\n<li>\u0110\u1ed9 r\u00f5 n\u00e9t v\u00e0 t\u1ef7 l\u1ec7 t\u01b0\u01a1ng ph\u1ea3n c\u1ee7a h\u00ecnh \u1ea3nh cao h\u01a1n<\/li>\n<li>\u0110\u1ed9 m\u00e9o c\u1ef1c th\u1ea5p v\u00e0 t\u1ef7 l\u1ec7 chi\u1ebfu s\u00e1ng t\u01b0\u01a1ng \u0111\u1ed1i cao h\u01a1n<\/li>\n<li>Hi\u1ec7u su\u1ea5t quang h\u1ecdc t\u1ed1t \u1edf kho\u1ea3ng c\u00e1ch l\u00e0m vi\u1ec7c c\u1ef1c ng\u1eafn<\/li>\n<li>Thi\u1ebft k\u1ebf nh\u1ecf g\u1ecdn, thu\u1eadn ti\u1ec7n cho vi\u1ec7c t\u00edch h\u1ee3p thi\u1ebft b\u1ecb<\/li>\n<\/ul>\n<p><strong>M\u1eabu c\u00f3 s\u1eb5n<\/strong><\/p>\n<p>MVL-HF0628M-6MPE<\/p>\n<p><strong>K\u00edch th\u01b0\u1edbc<\/strong><\/p>\n<p><img decoding=\"async\" title=\"1615879681700001310.png\" src=\"https:\/\/www.hikrobotics.com\/en2\/source\/ueditor\/image\/20210316\/1615879681700001310.png\" alt=\"image.png\" \/><\/p>\n<p>* D\u1eef li\u1ec7u \u1edf \u0111\u00e2y c\u00f3 th\u1ec3 thay \u0111\u1ed5i t\u00f9y theo m\u00f4i tr\u01b0\u1eddng, \u0111\u1ed1i t\u01b0\u1ee3ng v\u00e0 c\u00e1c y\u1ebfu t\u1ed1 kh\u00e1c nhau, v\u00e0 HIKROBOT s\u1ebd kh\u00f4ng ch\u1ecbu c\u00e1c h\u1eadu qu\u1ea3 ph\u00e1t sinh t\u1eeb \u0111\u00f3.<\/p>\n","protected":false},"featured_media":820,"comment_status":"open","ping_status":"closed","template":"","meta":[],"product_cat":[98,99,101],"product_tag":[],"yoast_head":"<!-- This site is optimized with the Yoast SEO plugin v20.1 - https:\/\/yoast.com\/wordpress\/plugins\/seo\/ -->\n<title>MVL-HF0628M-6MPE - hikrobotics<\/title>\n<meta name=\"robots\" content=\"index, follow, max-snippet:-1, max-image-preview:large, max-video-preview:-1\" \/>\n<link rel=\"canonical\" href=\"https:\/\/hikrobotics.vn\/?product=mvl-hf0628m-6mpe\" \/>\n<meta property=\"og:locale\" content=\"vi_VN\" \/>\n<meta property=\"og:type\" content=\"article\" \/>\n<meta property=\"og:title\" content=\"MVL-HF0628M-6MPE - hikrobotics\" \/>\n<meta property=\"og:description\" content=\"T\u00ednh n\u0103ng ch\u00ednh  \u0110\u1ed9 r\u00f5 n\u00e9t v\u00e0 t\u1ef7 l\u1ec7 t\u01b0\u01a1ng ph\u1ea3n c\u1ee7a h\u00ecnh \u1ea3nh cao h\u01a1n  \u0110\u1ed9 m\u00e9o c\u1ef1c th\u1ea5p v\u00e0 t\u1ef7 l\u1ec7 chi\u1ebfu s\u00e1ng t\u01b0\u01a1ng \u0111\u1ed1i cao h\u01a1n  Hi\u1ec7u su\u1ea5t quang h\u1ecdc t\u1ed1t \u1edf kho\u1ea3ng c\u00e1ch l\u00e0m vi\u1ec7c c\u1ef1c ng\u1eafn  Thi\u1ebft k\u1ebf nh\u1ecf g\u1ecdn, thu\u1eadn ti\u1ec7n cho vi\u1ec7c t\u00edch h\u1ee3p thi\u1ebft b\u1ecb M\u1eabu c\u00f3 s\u1eb5n MVL-HF0628M-6MPE K\u00edch th\u01b0\u1edbc  * D\u1eef li\u1ec7u \u1edf \u0111\u00e2y c\u00f3 th\u1ec3 thay \u0111\u1ed5i t\u00f9y theo m\u00f4i tr\u01b0\u1eddng, \u0111\u1ed1i t\u01b0\u1ee3ng v\u00e0 c\u00e1c y\u1ebfu t\u1ed1 kh\u00e1c nhau, v\u00e0 HIKROBOT s\u1ebd kh\u00f4ng ch\u1ecbu c\u00e1c h\u1eadu qu\u1ea3 ph\u00e1t sinh t\u1eeb \u0111\u00f3.\" \/>\n<meta property=\"og:url\" content=\"https:\/\/hikrobotics.vn\/?product=mvl-hf0628m-6mpe\" \/>\n<meta property=\"og:site_name\" content=\"hikrobotics\" \/>\n<meta property=\"article:publisher\" content=\"https:\/\/www.facebook.com\/hikroboticsvn\" \/>\n<meta property=\"og:image\" content=\"https:\/\/hikrobotics.vn\/wp-content\/uploads\/2022\/04\/20210316072716288.png\" \/>\n\t<meta property=\"og:image:width\" content=\"360\" \/>\n\t<meta property=\"og:image:height\" content=\"360\" \/>\n\t<meta property=\"og:image:type\" content=\"image\/png\" \/>\n<meta name=\"twitter:card\" content=\"summary_large_image\" \/>\n<meta name=\"twitter:label1\" content=\"\u01af\u1edbc t\u00ednh th\u1eddi gian \u0111\u1ecdc\" \/>\n\t<meta name=\"twitter:data1\" content=\"1 ph\u00fat\" \/>\n<script type=\"application\/ld+json\" class=\"yoast-schema-graph\">{\"@context\":\"https:\/\/schema.org\",\"@graph\":[{\"@type\":\"WebPage\",\"@id\":\"https:\/\/hikrobotics.vn\/?product=mvl-hf0628m-6mpe\",\"url\":\"https:\/\/hikrobotics.vn\/?product=mvl-hf0628m-6mpe\",\"name\":\"MVL-HF0628M-6MPE - hikrobotics\",\"isPartOf\":{\"@id\":\"https:\/\/hikrobotics.vn\/#website\"},\"datePublished\":\"2022-04-12T02:23:59+00:00\",\"dateModified\":\"2022-04-12T02:23:59+00:00\",\"breadcrumb\":{\"@id\":\"https:\/\/hikrobotics.vn\/?product=mvl-hf0628m-6mpe#breadcrumb\"},\"inLanguage\":\"vi\",\"potentialAction\":[{\"@type\":\"ReadAction\",\"target\":[\"https:\/\/hikrobotics.vn\/?product=mvl-hf0628m-6mpe\"]}]},{\"@type\":\"BreadcrumbList\",\"@id\":\"https:\/\/hikrobotics.vn\/?product=mvl-hf0628m-6mpe#breadcrumb\",\"itemListElement\":[{\"@type\":\"ListItem\",\"position\":1,\"name\":\"Trang ch\u1ee7\",\"item\":\"https:\/\/hikrobotics.vn\/\"},{\"@type\":\"ListItem\",\"position\":2,\"name\":\"S\u1ea3n ph\u1ea9m\",\"item\":\"https:\/\/hikrobotics.vn\/?post_type=product\"},{\"@type\":\"ListItem\",\"position\":3,\"name\":\"MVL-HF0628M-6MPE\"}]},{\"@type\":\"WebSite\",\"@id\":\"https:\/\/hikrobotics.vn\/#website\",\"url\":\"https:\/\/hikrobotics.vn\/\",\"name\":\"hikrobotics\",\"description\":\"S\u1ef1 h\u00e0i l\u00f2ng c\u1ee7a qu\u00fd kh\u00e1ch l\u00e0 th\u00e0nh c\u00f4ng c\u1ee7a ch\u00fang t\u00f4i\",\"publisher\":{\"@id\":\"https:\/\/hikrobotics.vn\/#organization\"},\"potentialAction\":[{\"@type\":\"SearchAction\",\"target\":{\"@type\":\"EntryPoint\",\"urlTemplate\":\"https:\/\/hikrobotics.vn\/?s={search_term_string}\"},\"query-input\":\"required name=search_term_string\"}],\"inLanguage\":\"vi\"},{\"@type\":\"Organization\",\"@id\":\"https:\/\/hikrobotics.vn\/#organization\",\"name\":\"hikrobotics\",\"url\":\"https:\/\/hikrobotics.vn\/\",\"logo\":{\"@type\":\"ImageObject\",\"inLanguage\":\"vi\",\"@id\":\"https:\/\/hikrobotics.vn\/#\/schema\/logo\/image\/\",\"url\":\"http:\/\/hikrobotics.vn\/wp-content\/uploads\/2023\/02\/logo.png\",\"contentUrl\":\"http:\/\/hikrobotics.vn\/wp-content\/uploads\/2023\/02\/logo.png\",\"width\":3366,\"height\":1063,\"caption\":\"hikrobotics\"},\"image\":{\"@id\":\"https:\/\/hikrobotics.vn\/#\/schema\/logo\/image\/\"},\"sameAs\":[\"https:\/\/www.facebook.com\/hikroboticsvn\"]}]}<\/script>\n<!-- \/ Yoast SEO plugin. -->","yoast_head_json":{"title":"MVL-HF0628M-6MPE - hikrobotics","robots":{"index":"index","follow":"follow","max-snippet":"max-snippet:-1","max-image-preview":"max-image-preview:large","max-video-preview":"max-video-preview:-1"},"canonical":"https:\/\/hikrobotics.vn\/?product=mvl-hf0628m-6mpe","og_locale":"vi_VN","og_type":"article","og_title":"MVL-HF0628M-6MPE - hikrobotics","og_description":"T\u00ednh n\u0103ng ch\u00ednh  \u0110\u1ed9 r\u00f5 n\u00e9t v\u00e0 t\u1ef7 l\u1ec7 t\u01b0\u01a1ng ph\u1ea3n c\u1ee7a h\u00ecnh \u1ea3nh cao h\u01a1n  \u0110\u1ed9 m\u00e9o c\u1ef1c th\u1ea5p v\u00e0 t\u1ef7 l\u1ec7 chi\u1ebfu s\u00e1ng t\u01b0\u01a1ng \u0111\u1ed1i cao h\u01a1n  Hi\u1ec7u su\u1ea5t quang h\u1ecdc t\u1ed1t \u1edf kho\u1ea3ng c\u00e1ch l\u00e0m vi\u1ec7c c\u1ef1c ng\u1eafn  Thi\u1ebft k\u1ebf nh\u1ecf g\u1ecdn, thu\u1eadn ti\u1ec7n cho vi\u1ec7c t\u00edch h\u1ee3p thi\u1ebft b\u1ecb M\u1eabu c\u00f3 s\u1eb5n MVL-HF0628M-6MPE K\u00edch th\u01b0\u1edbc  * D\u1eef li\u1ec7u \u1edf \u0111\u00e2y c\u00f3 th\u1ec3 thay \u0111\u1ed5i t\u00f9y theo m\u00f4i tr\u01b0\u1eddng, \u0111\u1ed1i t\u01b0\u1ee3ng v\u00e0 c\u00e1c y\u1ebfu t\u1ed1 kh\u00e1c nhau, v\u00e0 HIKROBOT s\u1ebd kh\u00f4ng ch\u1ecbu c\u00e1c h\u1eadu qu\u1ea3 ph\u00e1t sinh t\u1eeb \u0111\u00f3.","og_url":"https:\/\/hikrobotics.vn\/?product=mvl-hf0628m-6mpe","og_site_name":"hikrobotics","article_publisher":"https:\/\/www.facebook.com\/hikroboticsvn","og_image":[{"width":360,"height":360,"url":"https:\/\/hikrobotics.vn\/wp-content\/uploads\/2022\/04\/20210316072716288.png","type":"image\/png"}],"twitter_card":"summary_large_image","twitter_misc":{"\u01af\u1edbc t\u00ednh th\u1eddi gian \u0111\u1ecdc":"1 ph\u00fat"},"schema":{"@context":"https:\/\/schema.org","@graph":[{"@type":"WebPage","@id":"https:\/\/hikrobotics.vn\/?product=mvl-hf0628m-6mpe","url":"https:\/\/hikrobotics.vn\/?product=mvl-hf0628m-6mpe","name":"MVL-HF0628M-6MPE - hikrobotics","isPartOf":{"@id":"https:\/\/hikrobotics.vn\/#website"},"datePublished":"2022-04-12T02:23:59+00:00","dateModified":"2022-04-12T02:23:59+00:00","breadcrumb":{"@id":"https:\/\/hikrobotics.vn\/?product=mvl-hf0628m-6mpe#breadcrumb"},"inLanguage":"vi","potentialAction":[{"@type":"ReadAction","target":["https:\/\/hikrobotics.vn\/?product=mvl-hf0628m-6mpe"]}]},{"@type":"BreadcrumbList","@id":"https:\/\/hikrobotics.vn\/?product=mvl-hf0628m-6mpe#breadcrumb","itemListElement":[{"@type":"ListItem","position":1,"name":"Trang ch\u1ee7","item":"https:\/\/hikrobotics.vn\/"},{"@type":"ListItem","position":2,"name":"S\u1ea3n ph\u1ea9m","item":"https:\/\/hikrobotics.vn\/?post_type=product"},{"@type":"ListItem","position":3,"name":"MVL-HF0628M-6MPE"}]},{"@type":"WebSite","@id":"https:\/\/hikrobotics.vn\/#website","url":"https:\/\/hikrobotics.vn\/","name":"hikrobotics","description":"S\u1ef1 h\u00e0i l\u00f2ng c\u1ee7a qu\u00fd kh\u00e1ch l\u00e0 th\u00e0nh c\u00f4ng c\u1ee7a ch\u00fang t\u00f4i","publisher":{"@id":"https:\/\/hikrobotics.vn\/#organization"},"potentialAction":[{"@type":"SearchAction","target":{"@type":"EntryPoint","urlTemplate":"https:\/\/hikrobotics.vn\/?s={search_term_string}"},"query-input":"required name=search_term_string"}],"inLanguage":"vi"},{"@type":"Organization","@id":"https:\/\/hikrobotics.vn\/#organization","name":"hikrobotics","url":"https:\/\/hikrobotics.vn\/","logo":{"@type":"ImageObject","inLanguage":"vi","@id":"https:\/\/hikrobotics.vn\/#\/schema\/logo\/image\/","url":"http:\/\/hikrobotics.vn\/wp-content\/uploads\/2023\/02\/logo.png","contentUrl":"http:\/\/hikrobotics.vn\/wp-content\/uploads\/2023\/02\/logo.png","width":3366,"height":1063,"caption":"hikrobotics"},"image":{"@id":"https:\/\/hikrobotics.vn\/#\/schema\/logo\/image\/"},"sameAs":["https:\/\/www.facebook.com\/hikroboticsvn"]}]}},"_links":{"self":[{"href":"https:\/\/hikrobotics.vn\/index.php?rest_route=\/wp\/v2\/product\/819"}],"collection":[{"href":"https:\/\/hikrobotics.vn\/index.php?rest_route=\/wp\/v2\/product"}],"about":[{"href":"https:\/\/hikrobotics.vn\/index.php?rest_route=\/wp\/v2\/types\/product"}],"replies":[{"embeddable":true,"href":"https:\/\/hikrobotics.vn\/index.php?rest_route=%2Fwp%2Fv2%2Fcomments&post=819"}],"wp:featuredmedia":[{"embeddable":true,"href":"https:\/\/hikrobotics.vn\/index.php?rest_route=\/wp\/v2\/media\/820"}],"wp:attachment":[{"href":"https:\/\/hikrobotics.vn\/index.php?rest_route=%2Fwp%2Fv2%2Fmedia&parent=819"}],"wp:term":[{"taxonomy":"product_cat","embeddable":true,"href":"https:\/\/hikrobotics.vn\/index.php?rest_route=%2Fwp%2Fv2%2Fproduct_cat&post=819"},{"taxonomy":"product_tag","embeddable":true,"href":"https:\/\/hikrobotics.vn\/index.php?rest_route=%2Fwp%2Fv2%2Fproduct_tag&post=819"}],"curies":[{"name":"wp","href":"https:\/\/api.w.org\/{rel}","templated":true}]}}