{"id":811,"date":"2022-04-12T02:16:26","date_gmt":"2022-04-12T02:16:26","guid":{"rendered":"hikrobotics.vn?post_type=product&amp;p=811"},"modified":"2022-04-12T02:16:26","modified_gmt":"2022-04-12T02:16:26","slug":"mvl-hf0824m-10mp","status":"publish","type":"product","link":"https:\/\/hikrobotics.vn\/?product=mvl-hf0824m-10mp","title":{"rendered":"MVL-HF0824M-10MP"},"content":{"rendered":"<table class=\"table-style\" cellspacing=\"0\" cellpadding=\"0\" data-v-eb8300fa=\"\">\n<tbody>\n<tr data-v-eb8300fa=\"\">\n<td class=\"bod\" rowspan=\"2\" width=\"12%\" data-v-eb8300fa=\"\"><span>M\u00f4 h\u00ecnh<\/span><\/td>\n<td class=\"bod\" width=\"16%\" data-v-eb8300fa=\"\"><span>M\u00f4 h\u00ecnh<\/span><\/td>\n<td width=\"72%\" data-v-eb8300fa=\"\"><span>MVL-HF0824M-10MP<\/span><\/td>\n<\/tr>\n<tr data-v-eb8300fa=\"\">\n<td class=\"bod\" width=\"16%\" data-v-eb8300fa=\"\"><span>G\u00f5 ph\u00edm<\/span><\/td>\n<td width=\"72%\" data-v-eb8300fa=\"\"><span>1 \/ 1.8 \u201d8mm 10MP FA LENS<\/span><\/td>\n<\/tr>\n<tr data-v-eb8300fa=\"\">\n<td class=\"bod\" rowspan=\"6\" width=\"12%\" data-v-eb8300fa=\"\"><span>M\u00e0n bi\u1ec3u di\u1ec5n<\/span><\/td>\n<td class=\"bod\" width=\"16%\" data-v-eb8300fa=\"\"><span>Ti\u00eau c\u1ef1<\/span><\/td>\n<td width=\"72%\" data-v-eb8300fa=\"\"><span>8 mm<\/span><\/td>\n<\/tr>\n<tr data-v-eb8300fa=\"\">\n<td class=\"bod\" width=\"16%\" data-v-eb8300fa=\"\"><span>S\u1ed1 F<\/span><\/td>\n<td width=\"72%\" data-v-eb8300fa=\"\"><span>F2.4 ~ F16<\/span><\/td>\n<\/tr>\n<tr data-v-eb8300fa=\"\">\n<td class=\"bod\" width=\"16%\" data-v-eb8300fa=\"\"><span>K\u00edch c\u1ee1 h\u00ecnh<\/span><\/td>\n<td width=\"72%\" data-v-eb8300fa=\"\"><span>\u03a69 mm (1 \/ 1,8 &#8221;)<\/span><\/td>\n<\/tr>\n<tr data-v-eb8300fa=\"\">\n<td class=\"bod\" width=\"16%\" data-v-eb8300fa=\"\"><span>M\u00e9o m\u00f3<\/span><\/td>\n<td width=\"72%\" data-v-eb8300fa=\"\"><span>-0,67%<\/span><\/td>\n<\/tr>\n<tr data-v-eb8300fa=\"\">\n<td class=\"bod\" width=\"16%\" data-v-eb8300fa=\"\"><span>Kho\u1ea3ng c\u00e1ch ho\u1ea1t \u0111\u1ed9ng t\u1ed1i thi\u1ec3u<\/span><\/td>\n<td width=\"72%\" data-v-eb8300fa=\"\"><span>0,1 m<\/span><\/td>\n<\/tr>\n<tr data-v-eb8300fa=\"\">\n<td class=\"bod\" width=\"16%\" data-v-eb8300fa=\"\"><span>G\u00f3c nh\u00ecn<\/span><\/td>\n<td width=\"72%\" data-v-eb8300fa=\"\"><span>D \uff088,96 mm\uff09 \uff1a 58,81 \u00b0<\/span><br \/>\n<span>H \uff087,38 mm\uff09 \uff1a 49,56 \u00b0<\/span><br \/>\n<span>V \uff084,92 mm\uff09 \uff1a 34,04 \u00b0<\/span><\/td>\n<\/tr>\n<tr data-v-eb8300fa=\"\">\n<td class=\"bod\" rowspan=\"8\" width=\"12%\" data-v-eb8300fa=\"\"><span>C\u01a1 kh\u00ed<\/span><\/td>\n<td class=\"bod\" width=\"16%\" data-v-eb8300fa=\"\"><span>Ki\u1ec3m so\u00e1t m\u1ed1ng m\u1eaft<\/span><\/td>\n<td width=\"72%\" data-v-eb8300fa=\"\"><span>Th\u1ee7 c\u00f4ng<\/span><\/td>\n<\/tr>\n<tr data-v-eb8300fa=\"\">\n<td class=\"bod\" width=\"16%\" data-v-eb8300fa=\"\"><span>Ki\u1ec3m so\u00e1t l\u1ea5y n\u00e9t<\/span><\/td>\n<td width=\"72%\" data-v-eb8300fa=\"\"><span>Th\u1ee7 c\u00f4ng<\/span><\/td>\n<\/tr>\n<tr data-v-eb8300fa=\"\">\n<td class=\"bod\" width=\"16%\" data-v-eb8300fa=\"\"><span>\u0110\u01b0\u1eddng k\u00ednh k\u00ednh l\u1ecdc<\/span><\/td>\n<td width=\"72%\" data-v-eb8300fa=\"\"><span>M27 \u00d7 0,5<\/span><\/td>\n<\/tr>\n<tr data-v-eb8300fa=\"\">\n<td class=\"bod\" width=\"16%\" data-v-eb8300fa=\"\"><span>G\u1eafn k\u1ebft<\/span><\/td>\n<td width=\"72%\" data-v-eb8300fa=\"\"><span>C-Mount<\/span><\/td>\n<\/tr>\n<tr data-v-eb8300fa=\"\">\n<td class=\"bod\" width=\"16%\" data-v-eb8300fa=\"\"><span>Chi\u1ec1u d\u00e0i m\u1eb7t b\u00edch<\/span><\/td>\n<td width=\"72%\" data-v-eb8300fa=\"\"><span>17,526 mm<\/span><\/td>\n<\/tr>\n<tr data-v-eb8300fa=\"\">\n<td class=\"bod\" width=\"16%\" data-v-eb8300fa=\"\"><span>K\u00edch th\u01b0\u1edbc<\/span><\/td>\n<td width=\"72%\" data-v-eb8300fa=\"\"><span>\u03a629 \u00d7 34,8 mm<\/span><\/td>\n<\/tr>\n<tr data-v-eb8300fa=\"\">\n<td class=\"bod\" width=\"16%\" data-v-eb8300fa=\"\"><span>C\u00e2n n\u1eb7ng<\/span><\/td>\n<td width=\"72%\" data-v-eb8300fa=\"\"><span>70,9 g<\/span><\/td>\n<\/tr>\n<tr data-v-eb8300fa=\"\">\n<td class=\"bod\" width=\"16%\" data-v-eb8300fa=\"\"><span>Nhi\u1ec7t \u0111\u1ed9<\/span><\/td>\n<td width=\"72%\" data-v-eb8300fa=\"\"><span>-10 ~ 50 \u2103<\/span><\/td>\n<\/tr>\n<tr data-v-eb8300fa=\"\">\n<td class=\"bod\" rowspan=\"1\" width=\"12%\" data-v-eb8300fa=\"\"><span>Chung<\/span><\/td>\n<td class=\"bod\" width=\"16%\" data-v-eb8300fa=\"\"><span>Ch\u1ee9ng nh\u1eadn<\/span><\/td>\n<td width=\"72%\" data-v-eb8300fa=\"\"><span>RoHS2.0<\/span><\/td>\n<\/tr>\n<\/tbody>\n<\/table>\n","protected":false},"excerpt":{"rendered":"<p><strong><span>T\u00ednh n\u0103ng ch\u00ednh<\/span><\/strong><\/p>\n<ul class=\" list-paddingleft-2\">\n<li><span>\u0110\u1ed9 ph\u00e2n gi\u1ea3i c\u1ef1c cao v\u00e0 \u0111\u1ed9 r\u00f5 n\u00e9t c\u1ee7a h\u00ecnh \u1ea3nh<\/span><\/li>\n<li><span>Kh\u1ea9u \u0111\u1ed9 l\u1edbn h\u01a1n, bi\u1ebfn d\u1ea1ng th\u1ea5p h\u01a1n v\u00e0 t\u1ef7 l\u1ec7 chi\u1ebfu s\u00e1ng t\u01b0\u01a1ng \u0111\u1ed1i cao h\u01a1n<\/span><\/li>\n<li><span>Thi\u1ebft k\u1ebf h\u1ec7 th\u1ed1ng quang h\u1ecdc th\u01a1m, Hi\u1ec7u su\u1ea5t h\u00ecnh \u1ea3nh t\u1ed1t h\u01a1n v\u1edbi m\u00e1y \u1ea3nh m\u00e0u<\/span><\/li>\n<li><span>Hi\u1ec7u su\u1ea5t ch\u1ed1ng rung tuy\u1ec7t v\u1eddi, d\u1ecbch chuy\u1ec3n tr\u1ee5c quang h\u1ecdc trong c\u1ea5p \u0111\u1ed9 pixel<\/span><\/li>\n<li><span>\u1ed4n \u0111\u1ecbnh t\u1ed1t \u1edf nhi\u1ec7t \u0111\u1ed9 cao v\u00e0 th\u1ea5p<\/span><\/li>\n<li><span>Thi\u1ebft k\u1ebf l\u1edbp ph\u1ee7 \u0111a l\u1edbp v\u00e0 b\u0103ng th\u00f4ng r\u1ed9ng, t\u01b0\u01a1ng th\u00edch v\u1edbi c\u00e1c \u1ee9ng d\u1ee5ng nh\u00ecn th\u1ea5y \u0111\u01b0\u1ee3c v\u00e0 c\u1eadn h\u1ed3ng ngo\u1ea1i<\/span><\/li>\n<\/ul>\n<p><strong><span>M\u1eabu c\u00f3 s\u1eb5n<\/span><\/strong><\/p>\n<p><span>MVL-HF0824M-10MP<\/span><\/p>\n<p><strong><span>K\u00edch th\u01b0\u1edbc<\/span><\/strong><\/p>\n<p><img decoding=\"async\" title=\"1615800761095010040.png\" src=\"https:\/\/www.hikrobotics.com\/en2\/source\/ueditor\/image\/20210315\/1615800761095010040.png\" alt=\"image.png\" \/><\/p>\n<p><span>* D\u1eef li\u1ec7u \u1edf \u0111\u00e2y c\u00f3 th\u1ec3 thay \u0111\u1ed5i t\u00f9y theo m\u00f4i tr\u01b0\u1eddng, \u0111\u1ed1i t\u01b0\u1ee3ng v\u00e0 c\u00e1c y\u1ebfu t\u1ed1 kh\u00e1c nhau, v\u00e0 HIKROBOT s\u1ebd kh\u00f4ng ch\u1ecbu c\u00e1c h\u1eadu qu\u1ea3 ph\u00e1t sinh t\u1eeb \u0111\u00f3.<\/span><\/p>\n","protected":false},"featured_media":812,"comment_status":"open","ping_status":"closed","template":"","meta":[],"product_cat":[98,99,101],"product_tag":[],"yoast_head":"<!-- This site is optimized with the Yoast SEO plugin v20.1 - https:\/\/yoast.com\/wordpress\/plugins\/seo\/ -->\n<title>MVL-HF0824M-10MP - hikrobotics<\/title>\n<meta name=\"robots\" content=\"index, follow, max-snippet:-1, max-image-preview:large, max-video-preview:-1\" \/>\n<link rel=\"canonical\" href=\"https:\/\/hikrobotics.vn\/?product=mvl-hf0824m-10mp\" \/>\n<meta property=\"og:locale\" content=\"vi_VN\" \/>\n<meta property=\"og:type\" content=\"article\" \/>\n<meta property=\"og:title\" content=\"MVL-HF0824M-10MP - hikrobotics\" \/>\n<meta property=\"og:description\" content=\"T\u00ednh n\u0103ng ch\u00ednh  \u0110\u1ed9 ph\u00e2n gi\u1ea3i c\u1ef1c cao v\u00e0 \u0111\u1ed9 r\u00f5 n\u00e9t c\u1ee7a h\u00ecnh \u1ea3nh  Kh\u1ea9u \u0111\u1ed9 l\u1edbn h\u01a1n, bi\u1ebfn d\u1ea1ng th\u1ea5p h\u01a1n v\u00e0 t\u1ef7 l\u1ec7 chi\u1ebfu s\u00e1ng t\u01b0\u01a1ng \u0111\u1ed1i cao h\u01a1n  Thi\u1ebft k\u1ebf h\u1ec7 th\u1ed1ng quang h\u1ecdc th\u01a1m, Hi\u1ec7u su\u1ea5t h\u00ecnh \u1ea3nh t\u1ed1t h\u01a1n v\u1edbi m\u00e1y \u1ea3nh m\u00e0u  Hi\u1ec7u su\u1ea5t ch\u1ed1ng rung tuy\u1ec7t v\u1eddi, d\u1ecbch chuy\u1ec3n tr\u1ee5c quang h\u1ecdc trong c\u1ea5p \u0111\u1ed9 pixel  \u1ed4n \u0111\u1ecbnh t\u1ed1t \u1edf nhi\u1ec7t \u0111\u1ed9 cao v\u00e0 th\u1ea5p  Thi\u1ebft k\u1ebf l\u1edbp ph\u1ee7 \u0111a l\u1edbp v\u00e0 b\u0103ng th\u00f4ng r\u1ed9ng, t\u01b0\u01a1ng th\u00edch v\u1edbi c\u00e1c \u1ee9ng d\u1ee5ng nh\u00ecn th\u1ea5y \u0111\u01b0\u1ee3c v\u00e0 c\u1eadn h\u1ed3ng ngo\u1ea1i M\u1eabu c\u00f3 s\u1eb5n MVL-HF0824M-10MP K\u00edch th\u01b0\u1edbc  * D\u1eef li\u1ec7u \u1edf \u0111\u00e2y c\u00f3 th\u1ec3 thay \u0111\u1ed5i t\u00f9y theo m\u00f4i tr\u01b0\u1eddng, \u0111\u1ed1i t\u01b0\u1ee3ng v\u00e0 c\u00e1c y\u1ebfu t\u1ed1 kh\u00e1c nhau, v\u00e0 HIKROBOT s\u1ebd kh\u00f4ng ch\u1ecbu c\u00e1c h\u1eadu qu\u1ea3 ph\u00e1t sinh t\u1eeb \u0111\u00f3.\" \/>\n<meta property=\"og:url\" content=\"https:\/\/hikrobotics.vn\/?product=mvl-hf0824m-10mp\" \/>\n<meta property=\"og:site_name\" content=\"hikrobotics\" \/>\n<meta property=\"article:publisher\" content=\"https:\/\/www.facebook.com\/hikroboticsvn\" \/>\n<meta property=\"og:image\" content=\"https:\/\/hikrobotics.vn\/wp-content\/uploads\/2022\/04\/20210316060155810.png\" \/>\n\t<meta property=\"og:image:width\" content=\"360\" \/>\n\t<meta property=\"og:image:height\" content=\"360\" \/>\n\t<meta property=\"og:image:type\" content=\"image\/png\" \/>\n<meta name=\"twitter:card\" content=\"summary_large_image\" \/>\n<meta name=\"twitter:label1\" content=\"\u01af\u1edbc t\u00ednh th\u1eddi gian \u0111\u1ecdc\" \/>\n\t<meta name=\"twitter:data1\" content=\"1 ph\u00fat\" \/>\n<script type=\"application\/ld+json\" class=\"yoast-schema-graph\">{\"@context\":\"https:\/\/schema.org\",\"@graph\":[{\"@type\":\"WebPage\",\"@id\":\"https:\/\/hikrobotics.vn\/?product=mvl-hf0824m-10mp\",\"url\":\"https:\/\/hikrobotics.vn\/?product=mvl-hf0824m-10mp\",\"name\":\"MVL-HF0824M-10MP - hikrobotics\",\"isPartOf\":{\"@id\":\"https:\/\/hikrobotics.vn\/#website\"},\"datePublished\":\"2022-04-12T02:16:26+00:00\",\"dateModified\":\"2022-04-12T02:16:26+00:00\",\"breadcrumb\":{\"@id\":\"https:\/\/hikrobotics.vn\/?product=mvl-hf0824m-10mp#breadcrumb\"},\"inLanguage\":\"vi\",\"potentialAction\":[{\"@type\":\"ReadAction\",\"target\":[\"https:\/\/hikrobotics.vn\/?product=mvl-hf0824m-10mp\"]}]},{\"@type\":\"BreadcrumbList\",\"@id\":\"https:\/\/hikrobotics.vn\/?product=mvl-hf0824m-10mp#breadcrumb\",\"itemListElement\":[{\"@type\":\"ListItem\",\"position\":1,\"name\":\"Trang ch\u1ee7\",\"item\":\"https:\/\/hikrobotics.vn\/\"},{\"@type\":\"ListItem\",\"position\":2,\"name\":\"S\u1ea3n ph\u1ea9m\",\"item\":\"https:\/\/hikrobotics.vn\/?post_type=product\"},{\"@type\":\"ListItem\",\"position\":3,\"name\":\"MVL-HF0824M-10MP\"}]},{\"@type\":\"WebSite\",\"@id\":\"https:\/\/hikrobotics.vn\/#website\",\"url\":\"https:\/\/hikrobotics.vn\/\",\"name\":\"hikrobotics\",\"description\":\"S\u1ef1 h\u00e0i l\u00f2ng c\u1ee7a qu\u00fd kh\u00e1ch l\u00e0 th\u00e0nh c\u00f4ng c\u1ee7a ch\u00fang t\u00f4i\",\"publisher\":{\"@id\":\"https:\/\/hikrobotics.vn\/#organization\"},\"potentialAction\":[{\"@type\":\"SearchAction\",\"target\":{\"@type\":\"EntryPoint\",\"urlTemplate\":\"https:\/\/hikrobotics.vn\/?s={search_term_string}\"},\"query-input\":\"required name=search_term_string\"}],\"inLanguage\":\"vi\"},{\"@type\":\"Organization\",\"@id\":\"https:\/\/hikrobotics.vn\/#organization\",\"name\":\"hikrobotics\",\"url\":\"https:\/\/hikrobotics.vn\/\",\"logo\":{\"@type\":\"ImageObject\",\"inLanguage\":\"vi\",\"@id\":\"https:\/\/hikrobotics.vn\/#\/schema\/logo\/image\/\",\"url\":\"http:\/\/hikrobotics.vn\/wp-content\/uploads\/2023\/02\/logo.png\",\"contentUrl\":\"http:\/\/hikrobotics.vn\/wp-content\/uploads\/2023\/02\/logo.png\",\"width\":3366,\"height\":1063,\"caption\":\"hikrobotics\"},\"image\":{\"@id\":\"https:\/\/hikrobotics.vn\/#\/schema\/logo\/image\/\"},\"sameAs\":[\"https:\/\/www.facebook.com\/hikroboticsvn\"]}]}<\/script>\n<!-- \/ Yoast SEO plugin. -->","yoast_head_json":{"title":"MVL-HF0824M-10MP - hikrobotics","robots":{"index":"index","follow":"follow","max-snippet":"max-snippet:-1","max-image-preview":"max-image-preview:large","max-video-preview":"max-video-preview:-1"},"canonical":"https:\/\/hikrobotics.vn\/?product=mvl-hf0824m-10mp","og_locale":"vi_VN","og_type":"article","og_title":"MVL-HF0824M-10MP - hikrobotics","og_description":"T\u00ednh n\u0103ng ch\u00ednh  \u0110\u1ed9 ph\u00e2n gi\u1ea3i c\u1ef1c cao v\u00e0 \u0111\u1ed9 r\u00f5 n\u00e9t c\u1ee7a h\u00ecnh \u1ea3nh  Kh\u1ea9u \u0111\u1ed9 l\u1edbn h\u01a1n, bi\u1ebfn d\u1ea1ng th\u1ea5p h\u01a1n v\u00e0 t\u1ef7 l\u1ec7 chi\u1ebfu s\u00e1ng t\u01b0\u01a1ng \u0111\u1ed1i cao h\u01a1n  Thi\u1ebft k\u1ebf h\u1ec7 th\u1ed1ng quang h\u1ecdc th\u01a1m, Hi\u1ec7u su\u1ea5t h\u00ecnh \u1ea3nh t\u1ed1t h\u01a1n v\u1edbi m\u00e1y \u1ea3nh m\u00e0u  Hi\u1ec7u su\u1ea5t ch\u1ed1ng rung tuy\u1ec7t v\u1eddi, d\u1ecbch chuy\u1ec3n tr\u1ee5c quang h\u1ecdc trong c\u1ea5p \u0111\u1ed9 pixel  \u1ed4n \u0111\u1ecbnh t\u1ed1t \u1edf nhi\u1ec7t \u0111\u1ed9 cao v\u00e0 th\u1ea5p  Thi\u1ebft k\u1ebf l\u1edbp ph\u1ee7 \u0111a l\u1edbp v\u00e0 b\u0103ng th\u00f4ng r\u1ed9ng, t\u01b0\u01a1ng th\u00edch v\u1edbi c\u00e1c \u1ee9ng d\u1ee5ng nh\u00ecn th\u1ea5y \u0111\u01b0\u1ee3c v\u00e0 c\u1eadn h\u1ed3ng ngo\u1ea1i M\u1eabu c\u00f3 s\u1eb5n MVL-HF0824M-10MP K\u00edch th\u01b0\u1edbc  * D\u1eef li\u1ec7u \u1edf \u0111\u00e2y c\u00f3 th\u1ec3 thay \u0111\u1ed5i t\u00f9y theo m\u00f4i tr\u01b0\u1eddng, \u0111\u1ed1i t\u01b0\u1ee3ng v\u00e0 c\u00e1c y\u1ebfu t\u1ed1 kh\u00e1c nhau, v\u00e0 HIKROBOT s\u1ebd kh\u00f4ng ch\u1ecbu c\u00e1c h\u1eadu qu\u1ea3 ph\u00e1t sinh t\u1eeb \u0111\u00f3.","og_url":"https:\/\/hikrobotics.vn\/?product=mvl-hf0824m-10mp","og_site_name":"hikrobotics","article_publisher":"https:\/\/www.facebook.com\/hikroboticsvn","og_image":[{"width":360,"height":360,"url":"https:\/\/hikrobotics.vn\/wp-content\/uploads\/2022\/04\/20210316060155810.png","type":"image\/png"}],"twitter_card":"summary_large_image","twitter_misc":{"\u01af\u1edbc t\u00ednh th\u1eddi gian \u0111\u1ecdc":"1 ph\u00fat"},"schema":{"@context":"https:\/\/schema.org","@graph":[{"@type":"WebPage","@id":"https:\/\/hikrobotics.vn\/?product=mvl-hf0824m-10mp","url":"https:\/\/hikrobotics.vn\/?product=mvl-hf0824m-10mp","name":"MVL-HF0824M-10MP - hikrobotics","isPartOf":{"@id":"https:\/\/hikrobotics.vn\/#website"},"datePublished":"2022-04-12T02:16:26+00:00","dateModified":"2022-04-12T02:16:26+00:00","breadcrumb":{"@id":"https:\/\/hikrobotics.vn\/?product=mvl-hf0824m-10mp#breadcrumb"},"inLanguage":"vi","potentialAction":[{"@type":"ReadAction","target":["https:\/\/hikrobotics.vn\/?product=mvl-hf0824m-10mp"]}]},{"@type":"BreadcrumbList","@id":"https:\/\/hikrobotics.vn\/?product=mvl-hf0824m-10mp#breadcrumb","itemListElement":[{"@type":"ListItem","position":1,"name":"Trang ch\u1ee7","item":"https:\/\/hikrobotics.vn\/"},{"@type":"ListItem","position":2,"name":"S\u1ea3n ph\u1ea9m","item":"https:\/\/hikrobotics.vn\/?post_type=product"},{"@type":"ListItem","position":3,"name":"MVL-HF0824M-10MP"}]},{"@type":"WebSite","@id":"https:\/\/hikrobotics.vn\/#website","url":"https:\/\/hikrobotics.vn\/","name":"hikrobotics","description":"S\u1ef1 h\u00e0i l\u00f2ng c\u1ee7a qu\u00fd kh\u00e1ch l\u00e0 th\u00e0nh c\u00f4ng c\u1ee7a ch\u00fang t\u00f4i","publisher":{"@id":"https:\/\/hikrobotics.vn\/#organization"},"potentialAction":[{"@type":"SearchAction","target":{"@type":"EntryPoint","urlTemplate":"https:\/\/hikrobotics.vn\/?s={search_term_string}"},"query-input":"required name=search_term_string"}],"inLanguage":"vi"},{"@type":"Organization","@id":"https:\/\/hikrobotics.vn\/#organization","name":"hikrobotics","url":"https:\/\/hikrobotics.vn\/","logo":{"@type":"ImageObject","inLanguage":"vi","@id":"https:\/\/hikrobotics.vn\/#\/schema\/logo\/image\/","url":"http:\/\/hikrobotics.vn\/wp-content\/uploads\/2023\/02\/logo.png","contentUrl":"http:\/\/hikrobotics.vn\/wp-content\/uploads\/2023\/02\/logo.png","width":3366,"height":1063,"caption":"hikrobotics"},"image":{"@id":"https:\/\/hikrobotics.vn\/#\/schema\/logo\/image\/"},"sameAs":["https:\/\/www.facebook.com\/hikroboticsvn"]}]}},"_links":{"self":[{"href":"https:\/\/hikrobotics.vn\/index.php?rest_route=\/wp\/v2\/product\/811"}],"collection":[{"href":"https:\/\/hikrobotics.vn\/index.php?rest_route=\/wp\/v2\/product"}],"about":[{"href":"https:\/\/hikrobotics.vn\/index.php?rest_route=\/wp\/v2\/types\/product"}],"replies":[{"embeddable":true,"href":"https:\/\/hikrobotics.vn\/index.php?rest_route=%2Fwp%2Fv2%2Fcomments&post=811"}],"wp:featuredmedia":[{"embeddable":true,"href":"https:\/\/hikrobotics.vn\/index.php?rest_route=\/wp\/v2\/media\/812"}],"wp:attachment":[{"href":"https:\/\/hikrobotics.vn\/index.php?rest_route=%2Fwp%2Fv2%2Fmedia&parent=811"}],"wp:term":[{"taxonomy":"product_cat","embeddable":true,"href":"https:\/\/hikrobotics.vn\/index.php?rest_route=%2Fwp%2Fv2%2Fproduct_cat&post=811"},{"taxonomy":"product_tag","embeddable":true,"href":"https:\/\/hikrobotics.vn\/index.php?rest_route=%2Fwp%2Fv2%2Fproduct_tag&post=811"}],"curies":[{"name":"wp","href":"https:\/\/api.w.org\/{rel}","templated":true}]}}