{"id":705,"date":"2022-01-18T06:43:46","date_gmt":"2022-01-18T06:43:46","guid":{"rendered":"hikrobotics.vn?post_type=product&amp;p=705"},"modified":"2022-01-18T06:43:46","modified_gmt":"2022-01-18T06:43:46","slug":"mv-id3013pm-12m-wbn","status":"publish","type":"product","link":"https:\/\/hikrobotics.vn\/?product=mv-id3013pm-12m-wbn","title":{"rendered":"MV-ID3013PM-12M-WBN"},"content":{"rendered":"<p><strong><span>T\u00ednh n\u0103ng ch\u00ednh<\/span><\/strong><\/p>\n<ul class=\" list-paddingleft-2\">\n<li><span>\u00c1p d\u1ee5ng thu\u1eadt to\u00e1n h\u1ecdc s\u00e2u t\u00edch h\u1ee3p \u0111\u1ec3 \u0111\u1ecdc m\u00e3 v\u1edbi \u0111\u1ed9 m\u1ea1nh t\u1ed1t.<\/span><\/li>\n<li><span>S\u1eed d\u1ee5ng c\u1ea3m bi\u1ebfn m\u00e0n tr\u1eadp to\u00e0n c\u1ea7u CMOS \u0111\u1ec3 cung c\u1ea5p h\u00ecnh \u1ea3nh ch\u1ea5t l\u01b0\u1ee3ng cao.<\/span><\/li>\n<li><span>Th\u00f4ng qua nhi\u1ec1u giao di\u1ec7n IO cho t\u00edn hi\u1ec7u \u0111\u1ea7u v\u00e0o v\u00e0 \u0111\u1ea7u ra.<\/span><\/li>\n<li><span>S\u1eed d\u1ee5ng 14 \u0111\u00e8n LED \u0111\u1ec3 cung c\u1ea5p ngu\u1ed3n s\u00e1ng.<\/span><\/li>\n<li><span>H\u1ed7 tr\u1ee3 ch\u1ebf \u0111\u1ed9 ph\u00e2n c\u1ef1c v\u00e0 kh\u00f4ng ph\u00e2n c\u1ef1c.<\/span><\/li>\n<li><span>S\u1eed d\u1ee5ng 2 \u0111\u00e8n nh\u1eafm LED \u0111\u1ec3 d\u1ec5 d\u00e0ng c\u00e0i \u0111\u1eb7t v\u00e0 nh\u1eafm m\u00e3.<\/span><\/li>\n<li><span>C\u00e1c ch\u1ec9 b\u00e1o tr\u00ean thi\u1ebft b\u1ecb hi\u1ec3n th\u1ecb tr\u1ea1ng th\u00e1i thi\u1ebft b\u1ecb v\u00e0 k\u1ebft qu\u1ea3 \u0111\u1ecdc m\u00e3.<\/span><\/li>\n<\/ul>\n<p><strong><span>M\u1eabu c\u00f3 s\u1eb5n<\/span><\/strong><\/p>\n<p><span>\u0110\u1ed9 d\u00e0i ti\u00eau c\u1ef1 6 mm: MV-ID3013PM-06M-WBN<\/span><\/p>\n<p><strong><span>K\u00edch th\u01b0\u1edbc<\/span><\/strong><\/p>\n<p><img decoding=\"async\" title=\"1638601436859020039.png\" src=\"https:\/\/www.hikrobotics.com\/en2\/source\/ueditor\/image\/20211204\/1638601436859020039.png\" alt=\"image.png\" \/><\/p>\n<p><span>* D\u1eef li\u1ec7u \u1edf \u0111\u00e2y c\u00f3 th\u1ec3 thay \u0111\u1ed5i t\u00f9y theo m\u00f4i tr\u01b0\u1eddng, \u0111\u1ed1i t\u01b0\u1ee3ng v\u00e0 c\u00e1c y\u1ebfu t\u1ed1 kh\u00e1c nhau, v\u00e0 HIKROBOT s\u1ebd kh\u00f4ng ch\u1ecbu c\u00e1c h\u1eadu qu\u1ea3 ph\u00e1t sinh t\u1eeb \u0111\u00f3.<\/span><\/p>\n","protected":false},"excerpt":{"rendered":"<p><strong><span>T\u00ednh n\u0103ng ch\u00ednh<\/span><\/strong><\/p>\n<ul class=\" list-paddingleft-2\">\n<li><span>\u00c1p d\u1ee5ng thu\u1eadt to\u00e1n h\u1ecdc s\u00e2u t\u00edch h\u1ee3p \u0111\u1ec3 \u0111\u1ecdc m\u00e3 v\u1edbi \u0111\u1ed9 m\u1ea1nh t\u1ed1t.<\/span><\/li>\n<li><span>S\u1eed d\u1ee5ng c\u1ea3m bi\u1ebfn m\u00e0n tr\u1eadp to\u00e0n c\u1ea7u CMOS \u0111\u1ec3 cung c\u1ea5p h\u00ecnh \u1ea3nh ch\u1ea5t l\u01b0\u1ee3ng cao.<\/span><\/li>\n<li><span>Th\u00f4ng qua nhi\u1ec1u giao di\u1ec7n IO cho t\u00edn hi\u1ec7u \u0111\u1ea7u v\u00e0o v\u00e0 \u0111\u1ea7u ra.<\/span><\/li>\n<li><span>S\u1eed d\u1ee5ng 14 \u0111\u00e8n LED \u0111\u1ec3 cung c\u1ea5p ngu\u1ed3n s\u00e1ng.<\/span><\/li>\n<li><span>H\u1ed7 tr\u1ee3 ch\u1ebf \u0111\u1ed9 ph\u00e2n c\u1ef1c v\u00e0 kh\u00f4ng ph\u00e2n c\u1ef1c.<\/span><\/li>\n<li><span>S\u1eed d\u1ee5ng 2 \u0111\u00e8n nh\u1eafm LED \u0111\u1ec3 d\u1ec5 d\u00e0ng c\u00e0i \u0111\u1eb7t v\u00e0 nh\u1eafm m\u00e3.<\/span><\/li>\n<li><span>C\u00e1c ch\u1ec9 b\u00e1o tr\u00ean thi\u1ebft b\u1ecb hi\u1ec3n th\u1ecb tr\u1ea1ng th\u00e1i thi\u1ebft b\u1ecb v\u00e0 k\u1ebft qu\u1ea3 \u0111\u1ecdc m\u00e3.<\/span><\/li>\n<\/ul>\n<p><strong><span>M\u1eabu c\u00f3 s\u1eb5n<\/span><\/strong><\/p>\n<p><span>\u0110\u1ed9 d\u00e0i ti\u00eau c\u1ef1 6 mm: MV-ID3013PM-06M-WBN<\/span><\/p>\n<p><strong><span>K\u00edch th\u01b0\u1edbc<\/span><\/strong><\/p>\n<p><img decoding=\"async\" title=\"1638601436859020039.png\" src=\"https:\/\/www.hikrobotics.com\/en2\/source\/ueditor\/image\/20211204\/1638601436859020039.png\" alt=\"image.png\" \/><\/p>\n<p><span>* D\u1eef li\u1ec7u \u1edf \u0111\u00e2y c\u00f3 th\u1ec3 thay \u0111\u1ed5i t\u00f9y theo m\u00f4i tr\u01b0\u1eddng, \u0111\u1ed1i t\u01b0\u1ee3ng v\u00e0 c\u00e1c y\u1ebfu t\u1ed1 kh\u00e1c nhau, v\u00e0 HIKROBOT s\u1ebd kh\u00f4ng ch\u1ecbu c\u00e1c h\u1eadu qu\u1ea3 ph\u00e1t sinh t\u1eeb \u0111\u00f3.<\/span><\/p>\n","protected":false},"featured_media":703,"comment_status":"open","ping_status":"closed","template":"","meta":[],"product_cat":[115,101,104],"product_tag":[29],"yoast_head":"<!-- This site is optimized with the Yoast SEO plugin v20.1 - https:\/\/yoast.com\/wordpress\/plugins\/seo\/ -->\n<title>MV-ID3013PM-12M-WBN - hikrobotics<\/title>\n<meta name=\"robots\" content=\"index, follow, max-snippet:-1, max-image-preview:large, max-video-preview:-1\" \/>\n<link rel=\"canonical\" href=\"https:\/\/hikrobotics.vn\/?product=mv-id3013pm-12m-wbn\" \/>\n<meta property=\"og:locale\" content=\"vi_VN\" \/>\n<meta property=\"og:type\" content=\"article\" \/>\n<meta property=\"og:title\" content=\"MV-ID3013PM-12M-WBN - hikrobotics\" \/>\n<meta property=\"og:description\" content=\"T\u00ednh n\u0103ng ch\u00ednh  \u00c1p d\u1ee5ng thu\u1eadt to\u00e1n h\u1ecdc s\u00e2u t\u00edch h\u1ee3p \u0111\u1ec3 \u0111\u1ecdc m\u00e3 v\u1edbi \u0111\u1ed9 m\u1ea1nh t\u1ed1t.  S\u1eed d\u1ee5ng c\u1ea3m bi\u1ebfn m\u00e0n tr\u1eadp to\u00e0n c\u1ea7u CMOS \u0111\u1ec3 cung c\u1ea5p h\u00ecnh \u1ea3nh ch\u1ea5t l\u01b0\u1ee3ng cao.  Th\u00f4ng qua nhi\u1ec1u giao di\u1ec7n IO cho t\u00edn hi\u1ec7u \u0111\u1ea7u v\u00e0o v\u00e0 \u0111\u1ea7u ra.  S\u1eed d\u1ee5ng 14 \u0111\u00e8n LED \u0111\u1ec3 cung c\u1ea5p ngu\u1ed3n s\u00e1ng.  H\u1ed7 tr\u1ee3 ch\u1ebf \u0111\u1ed9 ph\u00e2n c\u1ef1c v\u00e0 kh\u00f4ng ph\u00e2n c\u1ef1c.  S\u1eed d\u1ee5ng 2 \u0111\u00e8n nh\u1eafm LED \u0111\u1ec3 d\u1ec5 d\u00e0ng c\u00e0i \u0111\u1eb7t v\u00e0 nh\u1eafm m\u00e3.  C\u00e1c ch\u1ec9 b\u00e1o tr\u00ean thi\u1ebft b\u1ecb hi\u1ec3n th\u1ecb tr\u1ea1ng th\u00e1i thi\u1ebft b\u1ecb v\u00e0 k\u1ebft qu\u1ea3 \u0111\u1ecdc m\u00e3. M\u1eabu c\u00f3 s\u1eb5n \u0110\u1ed9 d\u00e0i ti\u00eau c\u1ef1 6 mm: MV-ID3013PM-06M-WBN K\u00edch th\u01b0\u1edbc  * D\u1eef li\u1ec7u \u1edf \u0111\u00e2y c\u00f3 th\u1ec3 thay \u0111\u1ed5i t\u00f9y theo m\u00f4i tr\u01b0\u1eddng, \u0111\u1ed1i t\u01b0\u1ee3ng v\u00e0 c\u00e1c y\u1ebfu t\u1ed1 kh\u00e1c nhau, v\u00e0 HIKROBOT s\u1ebd kh\u00f4ng ch\u1ecbu c\u00e1c h\u1eadu qu\u1ea3 ph\u00e1t sinh t\u1eeb \u0111\u00f3.\" \/>\n<meta property=\"og:url\" content=\"https:\/\/hikrobotics.vn\/?product=mv-id3013pm-12m-wbn\" \/>\n<meta property=\"og:site_name\" content=\"hikrobotics\" \/>\n<meta property=\"article:publisher\" content=\"https:\/\/www.facebook.com\/hikroboticsvn\" \/>\n<meta property=\"og:image\" content=\"https:\/\/hikrobotics.vn\/wp-content\/uploads\/2022\/01\/20210113020805668.png\" \/>\n\t<meta property=\"og:image:width\" content=\"360\" \/>\n\t<meta property=\"og:image:height\" content=\"360\" \/>\n\t<meta property=\"og:image:type\" content=\"image\/png\" \/>\n<meta name=\"twitter:card\" content=\"summary_large_image\" \/>\n<meta name=\"twitter:label1\" content=\"\u01af\u1edbc t\u00ednh th\u1eddi gian \u0111\u1ecdc\" \/>\n\t<meta name=\"twitter:data1\" content=\"1 ph\u00fat\" \/>\n<script type=\"application\/ld+json\" class=\"yoast-schema-graph\">{\"@context\":\"https:\/\/schema.org\",\"@graph\":[{\"@type\":\"WebPage\",\"@id\":\"https:\/\/hikrobotics.vn\/?product=mv-id3013pm-12m-wbn\",\"url\":\"https:\/\/hikrobotics.vn\/?product=mv-id3013pm-12m-wbn\",\"name\":\"MV-ID3013PM-12M-WBN - hikrobotics\",\"isPartOf\":{\"@id\":\"https:\/\/hikrobotics.vn\/#website\"},\"datePublished\":\"2022-01-18T06:43:46+00:00\",\"dateModified\":\"2022-01-18T06:43:46+00:00\",\"breadcrumb\":{\"@id\":\"https:\/\/hikrobotics.vn\/?product=mv-id3013pm-12m-wbn#breadcrumb\"},\"inLanguage\":\"vi\",\"potentialAction\":[{\"@type\":\"ReadAction\",\"target\":[\"https:\/\/hikrobotics.vn\/?product=mv-id3013pm-12m-wbn\"]}]},{\"@type\":\"BreadcrumbList\",\"@id\":\"https:\/\/hikrobotics.vn\/?product=mv-id3013pm-12m-wbn#breadcrumb\",\"itemListElement\":[{\"@type\":\"ListItem\",\"position\":1,\"name\":\"Trang ch\u1ee7\",\"item\":\"https:\/\/hikrobotics.vn\/\"},{\"@type\":\"ListItem\",\"position\":2,\"name\":\"S\u1ea3n ph\u1ea9m\",\"item\":\"https:\/\/hikrobotics.vn\/?post_type=product\"},{\"@type\":\"ListItem\",\"position\":3,\"name\":\"MV-ID3013PM-12M-WBN\"}]},{\"@type\":\"WebSite\",\"@id\":\"https:\/\/hikrobotics.vn\/#website\",\"url\":\"https:\/\/hikrobotics.vn\/\",\"name\":\"hikrobotics\",\"description\":\"S\u1ef1 h\u00e0i l\u00f2ng c\u1ee7a qu\u00fd kh\u00e1ch l\u00e0 th\u00e0nh c\u00f4ng c\u1ee7a ch\u00fang t\u00f4i\",\"publisher\":{\"@id\":\"https:\/\/hikrobotics.vn\/#organization\"},\"potentialAction\":[{\"@type\":\"SearchAction\",\"target\":{\"@type\":\"EntryPoint\",\"urlTemplate\":\"https:\/\/hikrobotics.vn\/?s={search_term_string}\"},\"query-input\":\"required name=search_term_string\"}],\"inLanguage\":\"vi\"},{\"@type\":\"Organization\",\"@id\":\"https:\/\/hikrobotics.vn\/#organization\",\"name\":\"hikrobotics\",\"url\":\"https:\/\/hikrobotics.vn\/\",\"logo\":{\"@type\":\"ImageObject\",\"inLanguage\":\"vi\",\"@id\":\"https:\/\/hikrobotics.vn\/#\/schema\/logo\/image\/\",\"url\":\"http:\/\/hikrobotics.vn\/wp-content\/uploads\/2023\/02\/logo.png\",\"contentUrl\":\"http:\/\/hikrobotics.vn\/wp-content\/uploads\/2023\/02\/logo.png\",\"width\":3366,\"height\":1063,\"caption\":\"hikrobotics\"},\"image\":{\"@id\":\"https:\/\/hikrobotics.vn\/#\/schema\/logo\/image\/\"},\"sameAs\":[\"https:\/\/www.facebook.com\/hikroboticsvn\"]}]}<\/script>\n<!-- \/ Yoast SEO plugin. -->","yoast_head_json":{"title":"MV-ID3013PM-12M-WBN - hikrobotics","robots":{"index":"index","follow":"follow","max-snippet":"max-snippet:-1","max-image-preview":"max-image-preview:large","max-video-preview":"max-video-preview:-1"},"canonical":"https:\/\/hikrobotics.vn\/?product=mv-id3013pm-12m-wbn","og_locale":"vi_VN","og_type":"article","og_title":"MV-ID3013PM-12M-WBN - hikrobotics","og_description":"T\u00ednh n\u0103ng ch\u00ednh  \u00c1p d\u1ee5ng thu\u1eadt to\u00e1n h\u1ecdc s\u00e2u t\u00edch h\u1ee3p \u0111\u1ec3 \u0111\u1ecdc m\u00e3 v\u1edbi \u0111\u1ed9 m\u1ea1nh t\u1ed1t.  S\u1eed d\u1ee5ng c\u1ea3m bi\u1ebfn m\u00e0n tr\u1eadp to\u00e0n c\u1ea7u CMOS \u0111\u1ec3 cung c\u1ea5p h\u00ecnh \u1ea3nh ch\u1ea5t l\u01b0\u1ee3ng cao.  Th\u00f4ng qua nhi\u1ec1u giao di\u1ec7n IO cho t\u00edn hi\u1ec7u \u0111\u1ea7u v\u00e0o v\u00e0 \u0111\u1ea7u ra.  S\u1eed d\u1ee5ng 14 \u0111\u00e8n LED \u0111\u1ec3 cung c\u1ea5p ngu\u1ed3n s\u00e1ng.  H\u1ed7 tr\u1ee3 ch\u1ebf \u0111\u1ed9 ph\u00e2n c\u1ef1c v\u00e0 kh\u00f4ng ph\u00e2n c\u1ef1c.  S\u1eed d\u1ee5ng 2 \u0111\u00e8n nh\u1eafm LED \u0111\u1ec3 d\u1ec5 d\u00e0ng c\u00e0i \u0111\u1eb7t v\u00e0 nh\u1eafm m\u00e3.  C\u00e1c ch\u1ec9 b\u00e1o tr\u00ean thi\u1ebft b\u1ecb hi\u1ec3n th\u1ecb tr\u1ea1ng th\u00e1i thi\u1ebft b\u1ecb v\u00e0 k\u1ebft qu\u1ea3 \u0111\u1ecdc m\u00e3. M\u1eabu c\u00f3 s\u1eb5n \u0110\u1ed9 d\u00e0i ti\u00eau c\u1ef1 6 mm: MV-ID3013PM-06M-WBN K\u00edch th\u01b0\u1edbc  * D\u1eef li\u1ec7u \u1edf \u0111\u00e2y c\u00f3 th\u1ec3 thay \u0111\u1ed5i t\u00f9y theo m\u00f4i tr\u01b0\u1eddng, \u0111\u1ed1i t\u01b0\u1ee3ng v\u00e0 c\u00e1c y\u1ebfu t\u1ed1 kh\u00e1c nhau, v\u00e0 HIKROBOT s\u1ebd kh\u00f4ng ch\u1ecbu c\u00e1c h\u1eadu qu\u1ea3 ph\u00e1t sinh t\u1eeb \u0111\u00f3.","og_url":"https:\/\/hikrobotics.vn\/?product=mv-id3013pm-12m-wbn","og_site_name":"hikrobotics","article_publisher":"https:\/\/www.facebook.com\/hikroboticsvn","og_image":[{"width":360,"height":360,"url":"https:\/\/hikrobotics.vn\/wp-content\/uploads\/2022\/01\/20210113020805668.png","type":"image\/png"}],"twitter_card":"summary_large_image","twitter_misc":{"\u01af\u1edbc t\u00ednh th\u1eddi gian \u0111\u1ecdc":"1 ph\u00fat"},"schema":{"@context":"https:\/\/schema.org","@graph":[{"@type":"WebPage","@id":"https:\/\/hikrobotics.vn\/?product=mv-id3013pm-12m-wbn","url":"https:\/\/hikrobotics.vn\/?product=mv-id3013pm-12m-wbn","name":"MV-ID3013PM-12M-WBN - hikrobotics","isPartOf":{"@id":"https:\/\/hikrobotics.vn\/#website"},"datePublished":"2022-01-18T06:43:46+00:00","dateModified":"2022-01-18T06:43:46+00:00","breadcrumb":{"@id":"https:\/\/hikrobotics.vn\/?product=mv-id3013pm-12m-wbn#breadcrumb"},"inLanguage":"vi","potentialAction":[{"@type":"ReadAction","target":["https:\/\/hikrobotics.vn\/?product=mv-id3013pm-12m-wbn"]}]},{"@type":"BreadcrumbList","@id":"https:\/\/hikrobotics.vn\/?product=mv-id3013pm-12m-wbn#breadcrumb","itemListElement":[{"@type":"ListItem","position":1,"name":"Trang ch\u1ee7","item":"https:\/\/hikrobotics.vn\/"},{"@type":"ListItem","position":2,"name":"S\u1ea3n ph\u1ea9m","item":"https:\/\/hikrobotics.vn\/?post_type=product"},{"@type":"ListItem","position":3,"name":"MV-ID3013PM-12M-WBN"}]},{"@type":"WebSite","@id":"https:\/\/hikrobotics.vn\/#website","url":"https:\/\/hikrobotics.vn\/","name":"hikrobotics","description":"S\u1ef1 h\u00e0i l\u00f2ng c\u1ee7a qu\u00fd kh\u00e1ch l\u00e0 th\u00e0nh c\u00f4ng c\u1ee7a ch\u00fang t\u00f4i","publisher":{"@id":"https:\/\/hikrobotics.vn\/#organization"},"potentialAction":[{"@type":"SearchAction","target":{"@type":"EntryPoint","urlTemplate":"https:\/\/hikrobotics.vn\/?s={search_term_string}"},"query-input":"required name=search_term_string"}],"inLanguage":"vi"},{"@type":"Organization","@id":"https:\/\/hikrobotics.vn\/#organization","name":"hikrobotics","url":"https:\/\/hikrobotics.vn\/","logo":{"@type":"ImageObject","inLanguage":"vi","@id":"https:\/\/hikrobotics.vn\/#\/schema\/logo\/image\/","url":"http:\/\/hikrobotics.vn\/wp-content\/uploads\/2023\/02\/logo.png","contentUrl":"http:\/\/hikrobotics.vn\/wp-content\/uploads\/2023\/02\/logo.png","width":3366,"height":1063,"caption":"hikrobotics"},"image":{"@id":"https:\/\/hikrobotics.vn\/#\/schema\/logo\/image\/"},"sameAs":["https:\/\/www.facebook.com\/hikroboticsvn"]}]}},"_links":{"self":[{"href":"https:\/\/hikrobotics.vn\/index.php?rest_route=\/wp\/v2\/product\/705"}],"collection":[{"href":"https:\/\/hikrobotics.vn\/index.php?rest_route=\/wp\/v2\/product"}],"about":[{"href":"https:\/\/hikrobotics.vn\/index.php?rest_route=\/wp\/v2\/types\/product"}],"replies":[{"embeddable":true,"href":"https:\/\/hikrobotics.vn\/index.php?rest_route=%2Fwp%2Fv2%2Fcomments&post=705"}],"wp:featuredmedia":[{"embeddable":true,"href":"https:\/\/hikrobotics.vn\/index.php?rest_route=\/wp\/v2\/media\/703"}],"wp:attachment":[{"href":"https:\/\/hikrobotics.vn\/index.php?rest_route=%2Fwp%2Fv2%2Fmedia&parent=705"}],"wp:term":[{"taxonomy":"product_cat","embeddable":true,"href":"https:\/\/hikrobotics.vn\/index.php?rest_route=%2Fwp%2Fv2%2Fproduct_cat&post=705"},{"taxonomy":"product_tag","embeddable":true,"href":"https:\/\/hikrobotics.vn\/index.php?rest_route=%2Fwp%2Fv2%2Fproduct_tag&post=705"}],"curies":[{"name":"wp","href":"https:\/\/api.w.org\/{rel}","templated":true}]}}