{"id":704,"date":"2022-01-18T06:42:08","date_gmt":"2022-01-18T06:42:08","guid":{"rendered":"hikrobotics.vn?post_type=product&amp;p=704"},"modified":"2022-01-18T06:42:08","modified_gmt":"2022-01-18T06:42:08","slug":"mv-id3013pm-06m-wbn","status":"publish","type":"product","link":"https:\/\/hikrobotics.vn\/?product=mv-id3013pm-06m-wbn","title":{"rendered":"MV-ID3013PM-06M-WBN"},"content":{"rendered":"<table class=\"table-style\" cellspacing=\"0\" cellpadding=\"0\" data-v-eb8300fa=\"\">\n<tbody>\n<tr data-v-eb8300fa=\"\">\n<td class=\"bod\" rowspan=\"1\" width=\"12%\" data-v-eb8300fa=\"\"><span>M\u00f4 h\u00ecnh<\/span><\/td>\n<td class=\"bod\" width=\"16%\" data-v-eb8300fa=\"\"><span>M\u00f4 h\u00ecnh<\/span><\/td>\n<td width=\"72%\" data-v-eb8300fa=\"\"><span>MV-ID3013PM-06M-WBN<\/span><\/td>\n<\/tr>\n<tr data-v-eb8300fa=\"\">\n<td class=\"bod\" rowspan=\"11\" width=\"12%\" data-v-eb8300fa=\"\"><span>M\u00e0n bi\u1ec3u di\u1ec5n<\/span><\/td>\n<td class=\"bod\" width=\"16%\" data-v-eb8300fa=\"\"><span>K\u00fd hi\u1ec7u<\/span><\/td>\n<td width=\"72%\" data-v-eb8300fa=\"\"><span>M\u00e3 1 chi\u1ec1u: M\u00e3 39, M\u00e3 93, M\u00e3 128, CodaBar, EAN 8, EAN 13, UPCA, UPCE, ITF 14, ITF 25, Matrix 25, MSI, China Post, M\u00e3 11 v\u00e0 Industrial 25 M\u00e3<\/span><br \/>\n<span>2 chi\u1ec1u: M\u00e3 QR, M\u00e3 ng\u0103n x\u1ebfp ma tr\u1eadn d\u1eef li\u1ec7u<\/span><br \/>\n<span>: PDF 417<\/span><\/td>\n<\/tr>\n<tr data-v-eb8300fa=\"\">\n<td class=\"bod\" width=\"16%\" data-v-eb8300fa=\"\"><span>T\u1ed1i \u0111a\u00a0T\u1ef7 l\u1ec7 khung h\u00ecnh<\/span><\/td>\n<td width=\"72%\" data-v-eb8300fa=\"\"><span>60 khung h\u00ecnh \/ gi\u00e2y<\/span><\/td>\n<\/tr>\n<tr data-v-eb8300fa=\"\">\n<td class=\"bod\" width=\"16%\" data-v-eb8300fa=\"\"><span>T\u1ed1i \u0111a\u00a0T\u1ed1c \u0111\u1ed9 \u0111\u1ecdc<\/span><\/td>\n<td width=\"72%\" data-v-eb8300fa=\"\"><span>84 m\u00e3 \/ gi\u00e2y<\/span><\/td>\n<\/tr>\n<tr data-v-eb8300fa=\"\">\n<td class=\"bod\" width=\"16%\" data-v-eb8300fa=\"\"><span>Lo\u1ea1i c\u1ea3m bi\u1ebfn<\/span><\/td>\n<td width=\"72%\" data-v-eb8300fa=\"\"><span>CMOS, m\u00e0n tr\u1eadp to\u00e0n c\u1ea7u<\/span><\/td>\n<\/tr>\n<tr data-v-eb8300fa=\"\">\n<td class=\"bod\" width=\"16%\" data-v-eb8300fa=\"\"><span>K\u00edch th\u01b0\u1edbc pixel<\/span><\/td>\n<td width=\"72%\" data-v-eb8300fa=\"\"><span>4 \u03bcm \u00d7 4 \u03bcm<\/span><\/td>\n<\/tr>\n<tr data-v-eb8300fa=\"\">\n<td class=\"bod\" width=\"16%\" data-v-eb8300fa=\"\"><span>K\u00edch th\u01b0\u1edbc c\u1ea3m bi\u1ebfn<\/span><\/td>\n<td width=\"72%\" data-v-eb8300fa=\"\"><span>1 \/ 2,7 &#8220;<\/span><\/td>\n<\/tr>\n<tr data-v-eb8300fa=\"\">\n<td class=\"bod\" width=\"16%\" data-v-eb8300fa=\"\"><span>Ngh\u1ecb quy\u1ebft<\/span><\/td>\n<td width=\"72%\" data-v-eb8300fa=\"\"><span>1280 \u00d7 1024<\/span><\/td>\n<\/tr>\n<tr data-v-eb8300fa=\"\">\n<td class=\"bod\" width=\"16%\" data-v-eb8300fa=\"\"><span>Th\u1eddi gian ph\u01a1i s\u00e1ng<\/span><\/td>\n<td width=\"72%\" data-v-eb8300fa=\"\"><span>35 \u03bcs \u0111\u1ebfn 1 gi\u00e2y<\/span><\/td>\n<\/tr>\n<tr data-v-eb8300fa=\"\">\n<td class=\"bod\" width=\"16%\" data-v-eb8300fa=\"\"><span>L\u1ee3i<\/span><\/td>\n<td width=\"72%\" data-v-eb8300fa=\"\"><span>0 dB \u0111\u1ebfn 15 dB<\/span><\/td>\n<\/tr>\n<tr data-v-eb8300fa=\"\">\n<td class=\"bod\" width=\"16%\" data-v-eb8300fa=\"\"><span>\u0110\u01a1n s\u1eafc \/ m\u00e0u<\/span><\/td>\n<td width=\"72%\" data-v-eb8300fa=\"\"><span>B\u1ec7nh t\u0103ng b\u1ea1ch c\u1ea7u \u0111\u01a1n nh\u00e2n<\/span><\/td>\n<\/tr>\n<tr data-v-eb8300fa=\"\">\n<td class=\"bod\" width=\"16%\" data-v-eb8300fa=\"\"><span>Giao th\u1ee9c truy\u1ec1n th\u00f4ng<\/span><\/td>\n<td width=\"72%\" data-v-eb8300fa=\"\"><span>SmartSDK, TCP Client, TCP Server, Serial, FTP, Profinet, Ethernet \/ IP, MELSEC, ModBus, Fins, SLMP<\/span><\/td>\n<\/tr>\n<tr data-v-eb8300fa=\"\">\n<td class=\"bod\" rowspan=\"4\" width=\"12%\" data-v-eb8300fa=\"\"><span>T\u00ednh n\u0103ng \u0111i\u1ec7n<\/span><\/td>\n<td class=\"bod\" width=\"16%\" data-v-eb8300fa=\"\"><span>Giao di\u1ec7n d\u1eef li\u1ec7u<\/span><\/td>\n<td width=\"72%\" data-v-eb8300fa=\"\"><span>Ethernet nhanh<\/span><\/td>\n<\/tr>\n<tr data-v-eb8300fa=\"\">\n<td class=\"bod\" width=\"16%\" data-v-eb8300fa=\"\"><span>I \/ O k\u1ef9 thu\u1eadt s\u1ed1<\/span><\/td>\n<td width=\"72%\" data-v-eb8300fa=\"\"><span>\u0110\u1ea7u n\u1ed1i M12 17 ch\u00e2n cung c\u1ea5p ngu\u1ed3n v\u00e0 I \/ O, bao g\u1ed3m \u0111\u1ea7u v\u00e0o kh\u00f4ng b\u1ecb c\u00f4 l\u1eadp (LineIn 0\/1\/2) \u00d7 3,<\/span><br \/>\n<span>\u0111\u1ea7u ra nonisolated (LineOut 0\/1\/2) \u00d7 3, \u0111\u1ea7u v\u00e0o RS-232 \u00d7 1, RS- 232 \u0111\u1ea7u ra \u00d7 1. K\u00edch ho\u1ea1t thi\u1ebft b\u1ecb th\u00f4ng qua n\u00fat nh\u1ea5n \u1edf tr\u00ean c\u00f9ng \u0111\u01b0\u1ee3c h\u1ed7 tr\u1ee3.<\/span><\/td>\n<\/tr>\n<tr data-v-eb8300fa=\"\">\n<td class=\"bod\" width=\"16%\" data-v-eb8300fa=\"\"><span>Ngu\u1ed3n c\u1ea5p<\/span><\/td>\n<td width=\"72%\" data-v-eb8300fa=\"\"><span>24 VDC<\/span><\/td>\n<\/tr>\n<tr data-v-eb8300fa=\"\">\n<td class=\"bod\" width=\"16%\" data-v-eb8300fa=\"\"><span>T\u1ed1i \u0111a\u00a0s\u1ef1 ti\u00eau th\u1ee5 n\u0103ng l\u01b0\u1ee3ng<\/span><\/td>\n<td width=\"72%\" data-v-eb8300fa=\"\"><span>Kho\u1ea3ng\u00a020 W @ 24 VDC (ngu\u1ed3n s\u00e1ng \u0111\u01b0\u1ee3c b\u1eadt)<\/span><\/td>\n<\/tr>\n<tr data-v-eb8300fa=\"\">\n<td class=\"bod\" rowspan=\"10\" width=\"12%\" data-v-eb8300fa=\"\"><span>C\u01a1 kh\u00ed<\/span><\/td>\n<td class=\"bod\" width=\"16%\" data-v-eb8300fa=\"\"><span>Ti\u00eau c\u1ef1 \u1ed1ng k\u00ednh<\/span><\/td>\n<td width=\"72%\" data-v-eb8300fa=\"\"><span>6 mm (0,2 &#8220;)<\/span><\/td>\n<\/tr>\n<tr data-v-eb8300fa=\"\">\n<td class=\"bod\" width=\"16%\" data-v-eb8300fa=\"\"><span>G\u1eafn \u1ed1ng k\u00ednh<\/span><\/td>\n<td width=\"72%\" data-v-eb8300fa=\"\"><span>M12-mount, h\u1ed7 tr\u1ee3 l\u1ea5y n\u00e9t t\u1ef1 \u0111\u1ed9ng c\u01a1 h\u1ecdc.<\/span><\/td>\n<\/tr>\n<tr data-v-eb8300fa=\"\">\n<td class=\"bod\" width=\"16%\" data-v-eb8300fa=\"\"><span>N\u1eafp \u1ed1ng k\u00ednh<\/span><\/td>\n<td width=\"72%\" data-v-eb8300fa=\"\"><span>N\u1eafp tr\u01b0\u1edbc ph\u00e2n c\u1ef1c m\u1ed9t n\u1eeda theo m\u1eb7c \u0111\u1ecbnh.\u00a0Ph\u00e2n c\u1ef1c v\u00e0 trong su\u1ed1t l\u00e0 t\u00f9y ch\u1ecdn.<\/span><\/td>\n<\/tr>\n<tr data-v-eb8300fa=\"\">\n<td class=\"bod\" width=\"16%\" data-v-eb8300fa=\"\"><span>Ngu\u1ed3n s\u00e1ng<\/span><\/td>\n<td width=\"72%\" data-v-eb8300fa=\"\"><span>\u00c1nh s\u00e1ng tr\u1eafng theo m\u1eb7c \u0111\u1ecbnh.\u00a0\u00c1nh s\u00e1ng \u0111\u1ecf \/ xanh d\u01b0\u01a1ng \/ h\u1ed3ng ngo\u1ea1i l\u00e0 t\u00f9y ch\u1ecdn.<\/span><\/td>\n<\/tr>\n<tr data-v-eb8300fa=\"\">\n<td class=\"bod\" width=\"16%\" data-v-eb8300fa=\"\"><span>Ch\u1ec9 b\u00e1o<\/span><\/td>\n<td width=\"72%\" data-v-eb8300fa=\"\"><span>Ch\u1ec9 b\u00e1o ngu\u1ed3n (PWR), ch\u1ec9 b\u00e1o m\u1ea1ng (LNK), ch\u1ec9 b\u00e1o tr\u1ea1ng th\u00e1i (STS), ch\u1ec9 b\u00e1o k\u1ebft qu\u1ea3 (OK \/ NG)<\/span><\/td>\n<\/tr>\n<tr data-v-eb8300fa=\"\">\n<td class=\"bod\" width=\"16%\" data-v-eb8300fa=\"\"><span>K\u00edch th\u01b0\u1edbc<\/span><\/td>\n<td width=\"72%\" data-v-eb8300fa=\"\"><span>65,2 mm \u00d7 65,2 mm \u00d7 47 mm (2,6 &#8220;\u00d7 2,6&#8221; \u00d7 1,9 &#8220;)<\/span><\/td>\n<\/tr>\n<tr data-v-eb8300fa=\"\">\n<td class=\"bod\" width=\"16%\" data-v-eb8300fa=\"\"><span>Tr\u1ecdng l\u01b0\u1ee3ng<\/span><\/td>\n<td width=\"72%\" data-v-eb8300fa=\"\"><span>Kho\u1ea3ng\u00a0280 g (0,6 lb.)<\/span><\/td>\n<\/tr>\n<tr data-v-eb8300fa=\"\">\n<td class=\"bod\" width=\"16%\" data-v-eb8300fa=\"\"><span>B\u1ea3o v\u1ec7 s\u1ef1 x\u00e2m nh\u1eadp<\/span><\/td>\n<td width=\"72%\" data-v-eb8300fa=\"\"><span>IP67 (trong \u0111i\u1ec1u ki\u1ec7n l\u1eafp \u0111\u1eb7t \u0111\u00fang n\u1eafp \u1ed1ng k\u00ednh ch\u1ed1ng th\u1ea5m n\u01b0\u1edbc)<\/span><\/td>\n<\/tr>\n<tr data-v-eb8300fa=\"\">\n<td class=\"bod\" width=\"16%\" data-v-eb8300fa=\"\"><span>Nhi\u1ec7t \u0111\u1ed9<\/span><\/td>\n<td width=\"72%\" data-v-eb8300fa=\"\"><span>Nhi\u1ec7t \u0111\u1ed9 l\u00e0m vi\u1ec7c: 0 \u00b0 C \u0111\u1ebfn 50 \u00b0 C (32 \u00b0 F \u0111\u1ebfn 122 \u00b0 F)<\/span><br \/>\n<span>Nhi\u1ec7t \u0111\u1ed9 b\u1ea3o qu\u1ea3n: -30 \u00b0 C \u0111\u1ebfn 70 \u00b0 C (-22 \u00b0 F \u0111\u1ebfn 158 \u00b0 F)<\/span><\/td>\n<\/tr>\n<tr data-v-eb8300fa=\"\">\n<td class=\"bod\" width=\"16%\" data-v-eb8300fa=\"\"><span>\u0110\u1ed9 \u1ea9m<\/span><\/td>\n<td width=\"72%\" data-v-eb8300fa=\"\"><span>20% \u0111\u1ebfn 95% RH, kh\u00f4ng ng\u01b0ng t\u1ee5<\/span><\/td>\n<\/tr>\n<tr data-v-eb8300fa=\"\">\n<td class=\"bod\" rowspan=\"2\" width=\"12%\" data-v-eb8300fa=\"\"><span>T\u1ed5ng quan<\/span><\/td>\n<td class=\"bod\" width=\"16%\" data-v-eb8300fa=\"\"><span>Ph\u1ea7n m\u1ec1m m\u00e1y kh\u00e1ch<\/span><\/td>\n<td width=\"72%\" data-v-eb8300fa=\"\"><span>IDMVS<\/span><\/td>\n<\/tr>\n<tr data-v-eb8300fa=\"\">\n<td class=\"bod\" width=\"16%\" data-v-eb8300fa=\"\"><span>Ch\u1ee9ng nh\u1eadn<\/span><\/td>\n<td width=\"72%\" data-v-eb8300fa=\"\"><span>CE, FCC, RoHS<\/span><\/td>\n<\/tr>\n<\/tbody>\n<\/table>\n","protected":false},"excerpt":{"rendered":"<p><strong><span>T\u00ednh n\u0103ng ch\u00ednh<\/span><\/strong><\/p>\n<ul class=\" list-paddingleft-2\">\n<li><span>\u00c1p d\u1ee5ng thu\u1eadt to\u00e1n h\u1ecdc s\u00e2u t\u00edch h\u1ee3p \u0111\u1ec3 \u0111\u1ecdc m\u00e3 v\u1edbi \u0111\u1ed9 m\u1ea1nh t\u1ed1t.<\/span><\/li>\n<li><span>S\u1eed d\u1ee5ng c\u1ea3m bi\u1ebfn m\u00e0n tr\u1eadp to\u00e0n c\u1ea7u CMOS \u0111\u1ec3 cung c\u1ea5p h\u00ecnh \u1ea3nh ch\u1ea5t l\u01b0\u1ee3ng cao.<\/span><\/li>\n<li><span>Th\u00f4ng qua nhi\u1ec1u giao di\u1ec7n IO cho t\u00edn hi\u1ec7u \u0111\u1ea7u v\u00e0o v\u00e0 \u0111\u1ea7u ra.<\/span><\/li>\n<li><span>S\u1eed d\u1ee5ng 14 \u0111\u00e8n LED \u0111\u1ec3 cung c\u1ea5p ngu\u1ed3n s\u00e1ng.<\/span><\/li>\n<li><span>H\u1ed7 tr\u1ee3 ch\u1ebf \u0111\u1ed9 ph\u00e2n c\u1ef1c v\u00e0 kh\u00f4ng ph\u00e2n c\u1ef1c.<\/span><\/li>\n<li><span>S\u1eed d\u1ee5ng 2 \u0111\u00e8n nh\u1eafm LED \u0111\u1ec3 d\u1ec5 d\u00e0ng c\u00e0i \u0111\u1eb7t v\u00e0 nh\u1eafm m\u00e3.<\/span><\/li>\n<li><span>C\u00e1c ch\u1ec9 b\u00e1o tr\u00ean thi\u1ebft b\u1ecb hi\u1ec3n th\u1ecb tr\u1ea1ng th\u00e1i thi\u1ebft b\u1ecb v\u00e0 k\u1ebft qu\u1ea3 \u0111\u1ecdc m\u00e3.<\/span><\/li>\n<\/ul>\n<p><strong><span>M\u1eabu c\u00f3 s\u1eb5n<\/span><\/strong><\/p>\n<p><span>\u0110\u1ed9 d\u00e0i ti\u00eau c\u1ef1 6 mm: MV-ID3013PM-06M-WBN<\/span><\/p>\n<p><strong><span>K\u00edch th\u01b0\u1edbc<\/span><\/strong><\/p>\n<p><img decoding=\"async\" title=\"1638601421502019661.png\" src=\"https:\/\/www.hikrobotics.com\/en2\/source\/ueditor\/image\/20211204\/1638601421502019661.png\" alt=\"image.png\" \/><\/p>\n<p><span>* D\u1eef li\u1ec7u \u1edf \u0111\u00e2y c\u00f3 th\u1ec3 thay \u0111\u1ed5i t\u00f9y theo m\u00f4i tr\u01b0\u1eddng, \u0111\u1ed1i t\u01b0\u1ee3ng v\u00e0 c\u00e1c y\u1ebfu t\u1ed1 kh\u00e1c nhau, v\u00e0 HIKROBOT s\u1ebd kh\u00f4ng ch\u1ecbu c\u00e1c h\u1eadu qu\u1ea3 ph\u00e1t sinh t\u1eeb \u0111\u00f3.<\/span><\/p>\n","protected":false},"featured_media":703,"comment_status":"open","ping_status":"closed","template":"","meta":[],"product_cat":[115,101,104],"product_tag":[29],"yoast_head":"<!-- This site is optimized with the Yoast SEO plugin v20.1 - https:\/\/yoast.com\/wordpress\/plugins\/seo\/ -->\n<title>MV-ID3013PM-06M-WBN - hikrobotics<\/title>\n<meta name=\"robots\" content=\"index, follow, max-snippet:-1, max-image-preview:large, max-video-preview:-1\" \/>\n<link rel=\"canonical\" href=\"https:\/\/hikrobotics.vn\/?product=mv-id3013pm-06m-wbn\" \/>\n<meta property=\"og:locale\" content=\"vi_VN\" \/>\n<meta property=\"og:type\" content=\"article\" \/>\n<meta property=\"og:title\" content=\"MV-ID3013PM-06M-WBN - hikrobotics\" \/>\n<meta property=\"og:description\" content=\"T\u00ednh n\u0103ng ch\u00ednh  \u00c1p d\u1ee5ng thu\u1eadt to\u00e1n h\u1ecdc s\u00e2u t\u00edch h\u1ee3p \u0111\u1ec3 \u0111\u1ecdc m\u00e3 v\u1edbi \u0111\u1ed9 m\u1ea1nh t\u1ed1t.  S\u1eed d\u1ee5ng c\u1ea3m bi\u1ebfn m\u00e0n tr\u1eadp to\u00e0n c\u1ea7u CMOS \u0111\u1ec3 cung c\u1ea5p h\u00ecnh \u1ea3nh ch\u1ea5t l\u01b0\u1ee3ng cao.  Th\u00f4ng qua nhi\u1ec1u giao di\u1ec7n IO cho t\u00edn hi\u1ec7u \u0111\u1ea7u v\u00e0o v\u00e0 \u0111\u1ea7u ra.  S\u1eed d\u1ee5ng 14 \u0111\u00e8n LED \u0111\u1ec3 cung c\u1ea5p ngu\u1ed3n s\u00e1ng.  H\u1ed7 tr\u1ee3 ch\u1ebf \u0111\u1ed9 ph\u00e2n c\u1ef1c v\u00e0 kh\u00f4ng ph\u00e2n c\u1ef1c.  S\u1eed d\u1ee5ng 2 \u0111\u00e8n nh\u1eafm LED \u0111\u1ec3 d\u1ec5 d\u00e0ng c\u00e0i \u0111\u1eb7t v\u00e0 nh\u1eafm m\u00e3.  C\u00e1c ch\u1ec9 b\u00e1o tr\u00ean thi\u1ebft b\u1ecb hi\u1ec3n th\u1ecb tr\u1ea1ng th\u00e1i thi\u1ebft b\u1ecb v\u00e0 k\u1ebft qu\u1ea3 \u0111\u1ecdc m\u00e3. M\u1eabu c\u00f3 s\u1eb5n \u0110\u1ed9 d\u00e0i ti\u00eau c\u1ef1 6 mm: MV-ID3013PM-06M-WBN K\u00edch th\u01b0\u1edbc  * D\u1eef li\u1ec7u \u1edf \u0111\u00e2y c\u00f3 th\u1ec3 thay \u0111\u1ed5i t\u00f9y theo m\u00f4i tr\u01b0\u1eddng, \u0111\u1ed1i t\u01b0\u1ee3ng v\u00e0 c\u00e1c y\u1ebfu t\u1ed1 kh\u00e1c nhau, v\u00e0 HIKROBOT s\u1ebd kh\u00f4ng ch\u1ecbu c\u00e1c h\u1eadu qu\u1ea3 ph\u00e1t sinh t\u1eeb \u0111\u00f3.\" \/>\n<meta property=\"og:url\" content=\"https:\/\/hikrobotics.vn\/?product=mv-id3013pm-06m-wbn\" \/>\n<meta property=\"og:site_name\" content=\"hikrobotics\" \/>\n<meta property=\"article:publisher\" content=\"https:\/\/www.facebook.com\/hikroboticsvn\" \/>\n<meta property=\"og:image\" content=\"https:\/\/hikrobotics.vn\/wp-content\/uploads\/2022\/01\/20210113020805668.png\" \/>\n\t<meta property=\"og:image:width\" content=\"360\" \/>\n\t<meta property=\"og:image:height\" content=\"360\" \/>\n\t<meta property=\"og:image:type\" content=\"image\/png\" \/>\n<meta name=\"twitter:card\" content=\"summary_large_image\" \/>\n<meta name=\"twitter:label1\" content=\"\u01af\u1edbc t\u00ednh th\u1eddi gian \u0111\u1ecdc\" \/>\n\t<meta name=\"twitter:data1\" content=\"2 ph\u00fat\" \/>\n<script type=\"application\/ld+json\" class=\"yoast-schema-graph\">{\"@context\":\"https:\/\/schema.org\",\"@graph\":[{\"@type\":\"WebPage\",\"@id\":\"https:\/\/hikrobotics.vn\/?product=mv-id3013pm-06m-wbn\",\"url\":\"https:\/\/hikrobotics.vn\/?product=mv-id3013pm-06m-wbn\",\"name\":\"MV-ID3013PM-06M-WBN - hikrobotics\",\"isPartOf\":{\"@id\":\"https:\/\/hikrobotics.vn\/#website\"},\"datePublished\":\"2022-01-18T06:42:08+00:00\",\"dateModified\":\"2022-01-18T06:42:08+00:00\",\"breadcrumb\":{\"@id\":\"https:\/\/hikrobotics.vn\/?product=mv-id3013pm-06m-wbn#breadcrumb\"},\"inLanguage\":\"vi\",\"potentialAction\":[{\"@type\":\"ReadAction\",\"target\":[\"https:\/\/hikrobotics.vn\/?product=mv-id3013pm-06m-wbn\"]}]},{\"@type\":\"BreadcrumbList\",\"@id\":\"https:\/\/hikrobotics.vn\/?product=mv-id3013pm-06m-wbn#breadcrumb\",\"itemListElement\":[{\"@type\":\"ListItem\",\"position\":1,\"name\":\"Trang ch\u1ee7\",\"item\":\"https:\/\/hikrobotics.vn\/\"},{\"@type\":\"ListItem\",\"position\":2,\"name\":\"S\u1ea3n ph\u1ea9m\",\"item\":\"https:\/\/hikrobotics.vn\/?post_type=product\"},{\"@type\":\"ListItem\",\"position\":3,\"name\":\"MV-ID3013PM-06M-WBN\"}]},{\"@type\":\"WebSite\",\"@id\":\"https:\/\/hikrobotics.vn\/#website\",\"url\":\"https:\/\/hikrobotics.vn\/\",\"name\":\"hikrobotics\",\"description\":\"S\u1ef1 h\u00e0i l\u00f2ng c\u1ee7a qu\u00fd kh\u00e1ch l\u00e0 th\u00e0nh c\u00f4ng c\u1ee7a ch\u00fang t\u00f4i\",\"publisher\":{\"@id\":\"https:\/\/hikrobotics.vn\/#organization\"},\"potentialAction\":[{\"@type\":\"SearchAction\",\"target\":{\"@type\":\"EntryPoint\",\"urlTemplate\":\"https:\/\/hikrobotics.vn\/?s={search_term_string}\"},\"query-input\":\"required name=search_term_string\"}],\"inLanguage\":\"vi\"},{\"@type\":\"Organization\",\"@id\":\"https:\/\/hikrobotics.vn\/#organization\",\"name\":\"hikrobotics\",\"url\":\"https:\/\/hikrobotics.vn\/\",\"logo\":{\"@type\":\"ImageObject\",\"inLanguage\":\"vi\",\"@id\":\"https:\/\/hikrobotics.vn\/#\/schema\/logo\/image\/\",\"url\":\"http:\/\/hikrobotics.vn\/wp-content\/uploads\/2023\/02\/logo.png\",\"contentUrl\":\"http:\/\/hikrobotics.vn\/wp-content\/uploads\/2023\/02\/logo.png\",\"width\":3366,\"height\":1063,\"caption\":\"hikrobotics\"},\"image\":{\"@id\":\"https:\/\/hikrobotics.vn\/#\/schema\/logo\/image\/\"},\"sameAs\":[\"https:\/\/www.facebook.com\/hikroboticsvn\"]}]}<\/script>\n<!-- \/ Yoast SEO plugin. -->","yoast_head_json":{"title":"MV-ID3013PM-06M-WBN - hikrobotics","robots":{"index":"index","follow":"follow","max-snippet":"max-snippet:-1","max-image-preview":"max-image-preview:large","max-video-preview":"max-video-preview:-1"},"canonical":"https:\/\/hikrobotics.vn\/?product=mv-id3013pm-06m-wbn","og_locale":"vi_VN","og_type":"article","og_title":"MV-ID3013PM-06M-WBN - hikrobotics","og_description":"T\u00ednh n\u0103ng ch\u00ednh  \u00c1p d\u1ee5ng thu\u1eadt to\u00e1n h\u1ecdc s\u00e2u t\u00edch h\u1ee3p \u0111\u1ec3 \u0111\u1ecdc m\u00e3 v\u1edbi \u0111\u1ed9 m\u1ea1nh t\u1ed1t.  S\u1eed d\u1ee5ng c\u1ea3m bi\u1ebfn m\u00e0n tr\u1eadp to\u00e0n c\u1ea7u CMOS \u0111\u1ec3 cung c\u1ea5p h\u00ecnh \u1ea3nh ch\u1ea5t l\u01b0\u1ee3ng cao.  Th\u00f4ng qua nhi\u1ec1u giao di\u1ec7n IO cho t\u00edn hi\u1ec7u \u0111\u1ea7u v\u00e0o v\u00e0 \u0111\u1ea7u ra.  S\u1eed d\u1ee5ng 14 \u0111\u00e8n LED \u0111\u1ec3 cung c\u1ea5p ngu\u1ed3n s\u00e1ng.  H\u1ed7 tr\u1ee3 ch\u1ebf \u0111\u1ed9 ph\u00e2n c\u1ef1c v\u00e0 kh\u00f4ng ph\u00e2n c\u1ef1c.  S\u1eed d\u1ee5ng 2 \u0111\u00e8n nh\u1eafm LED \u0111\u1ec3 d\u1ec5 d\u00e0ng c\u00e0i \u0111\u1eb7t v\u00e0 nh\u1eafm m\u00e3.  C\u00e1c ch\u1ec9 b\u00e1o tr\u00ean thi\u1ebft b\u1ecb hi\u1ec3n th\u1ecb tr\u1ea1ng th\u00e1i thi\u1ebft b\u1ecb v\u00e0 k\u1ebft qu\u1ea3 \u0111\u1ecdc m\u00e3. M\u1eabu c\u00f3 s\u1eb5n \u0110\u1ed9 d\u00e0i ti\u00eau c\u1ef1 6 mm: MV-ID3013PM-06M-WBN K\u00edch th\u01b0\u1edbc  * D\u1eef li\u1ec7u \u1edf \u0111\u00e2y c\u00f3 th\u1ec3 thay \u0111\u1ed5i t\u00f9y theo m\u00f4i tr\u01b0\u1eddng, \u0111\u1ed1i t\u01b0\u1ee3ng v\u00e0 c\u00e1c y\u1ebfu t\u1ed1 kh\u00e1c nhau, v\u00e0 HIKROBOT s\u1ebd kh\u00f4ng ch\u1ecbu c\u00e1c h\u1eadu qu\u1ea3 ph\u00e1t sinh t\u1eeb \u0111\u00f3.","og_url":"https:\/\/hikrobotics.vn\/?product=mv-id3013pm-06m-wbn","og_site_name":"hikrobotics","article_publisher":"https:\/\/www.facebook.com\/hikroboticsvn","og_image":[{"width":360,"height":360,"url":"https:\/\/hikrobotics.vn\/wp-content\/uploads\/2022\/01\/20210113020805668.png","type":"image\/png"}],"twitter_card":"summary_large_image","twitter_misc":{"\u01af\u1edbc t\u00ednh th\u1eddi gian \u0111\u1ecdc":"2 ph\u00fat"},"schema":{"@context":"https:\/\/schema.org","@graph":[{"@type":"WebPage","@id":"https:\/\/hikrobotics.vn\/?product=mv-id3013pm-06m-wbn","url":"https:\/\/hikrobotics.vn\/?product=mv-id3013pm-06m-wbn","name":"MV-ID3013PM-06M-WBN - hikrobotics","isPartOf":{"@id":"https:\/\/hikrobotics.vn\/#website"},"datePublished":"2022-01-18T06:42:08+00:00","dateModified":"2022-01-18T06:42:08+00:00","breadcrumb":{"@id":"https:\/\/hikrobotics.vn\/?product=mv-id3013pm-06m-wbn#breadcrumb"},"inLanguage":"vi","potentialAction":[{"@type":"ReadAction","target":["https:\/\/hikrobotics.vn\/?product=mv-id3013pm-06m-wbn"]}]},{"@type":"BreadcrumbList","@id":"https:\/\/hikrobotics.vn\/?product=mv-id3013pm-06m-wbn#breadcrumb","itemListElement":[{"@type":"ListItem","position":1,"name":"Trang ch\u1ee7","item":"https:\/\/hikrobotics.vn\/"},{"@type":"ListItem","position":2,"name":"S\u1ea3n ph\u1ea9m","item":"https:\/\/hikrobotics.vn\/?post_type=product"},{"@type":"ListItem","position":3,"name":"MV-ID3013PM-06M-WBN"}]},{"@type":"WebSite","@id":"https:\/\/hikrobotics.vn\/#website","url":"https:\/\/hikrobotics.vn\/","name":"hikrobotics","description":"S\u1ef1 h\u00e0i l\u00f2ng c\u1ee7a qu\u00fd kh\u00e1ch l\u00e0 th\u00e0nh c\u00f4ng c\u1ee7a ch\u00fang t\u00f4i","publisher":{"@id":"https:\/\/hikrobotics.vn\/#organization"},"potentialAction":[{"@type":"SearchAction","target":{"@type":"EntryPoint","urlTemplate":"https:\/\/hikrobotics.vn\/?s={search_term_string}"},"query-input":"required name=search_term_string"}],"inLanguage":"vi"},{"@type":"Organization","@id":"https:\/\/hikrobotics.vn\/#organization","name":"hikrobotics","url":"https:\/\/hikrobotics.vn\/","logo":{"@type":"ImageObject","inLanguage":"vi","@id":"https:\/\/hikrobotics.vn\/#\/schema\/logo\/image\/","url":"http:\/\/hikrobotics.vn\/wp-content\/uploads\/2023\/02\/logo.png","contentUrl":"http:\/\/hikrobotics.vn\/wp-content\/uploads\/2023\/02\/logo.png","width":3366,"height":1063,"caption":"hikrobotics"},"image":{"@id":"https:\/\/hikrobotics.vn\/#\/schema\/logo\/image\/"},"sameAs":["https:\/\/www.facebook.com\/hikroboticsvn"]}]}},"_links":{"self":[{"href":"https:\/\/hikrobotics.vn\/index.php?rest_route=\/wp\/v2\/product\/704"}],"collection":[{"href":"https:\/\/hikrobotics.vn\/index.php?rest_route=\/wp\/v2\/product"}],"about":[{"href":"https:\/\/hikrobotics.vn\/index.php?rest_route=\/wp\/v2\/types\/product"}],"replies":[{"embeddable":true,"href":"https:\/\/hikrobotics.vn\/index.php?rest_route=%2Fwp%2Fv2%2Fcomments&post=704"}],"wp:featuredmedia":[{"embeddable":true,"href":"https:\/\/hikrobotics.vn\/index.php?rest_route=\/wp\/v2\/media\/703"}],"wp:attachment":[{"href":"https:\/\/hikrobotics.vn\/index.php?rest_route=%2Fwp%2Fv2%2Fmedia&parent=704"}],"wp:term":[{"taxonomy":"product_cat","embeddable":true,"href":"https:\/\/hikrobotics.vn\/index.php?rest_route=%2Fwp%2Fv2%2Fproduct_cat&post=704"},{"taxonomy":"product_tag","embeddable":true,"href":"https:\/\/hikrobotics.vn\/index.php?rest_route=%2Fwp%2Fv2%2Fproduct_tag&post=704"}],"curies":[{"name":"wp","href":"https:\/\/api.w.org\/{rel}","templated":true}]}}