{"id":699,"date":"2022-01-18T03:34:33","date_gmt":"2022-01-18T03:34:33","guid":{"rendered":"hikrobotics.vn?post_type=product&amp;p=699"},"modified":"2022-01-18T03:34:33","modified_gmt":"2022-01-18T03:34:33","slug":"699","status":"publish","type":"product","link":"https:\/\/hikrobotics.vn\/?product=699","title":{"rendered":"MV-ID2004M-06S-WBN"},"content":{"rendered":"<table class=\"table-style\" cellspacing=\"0\" cellpadding=\"0\" data-v-eb8300fa=\"\">\n<tbody>\n<tr data-v-eb8300fa=\"\">\n<td class=\"bod\" rowspan=\"1\" width=\"12%\" data-v-eb8300fa=\"\">M\u00f4 h\u00ecnh<\/td>\n<td class=\"bod\" width=\"16%\" data-v-eb8300fa=\"\">M\u00f4 h\u00ecnh<\/td>\n<td width=\"72%\" data-v-eb8300fa=\"\">MV-ID2004M-06S-WBN<\/td>\n<\/tr>\n<tr data-v-eb8300fa=\"\">\n<td class=\"bod\" rowspan=\"11\" width=\"12%\" data-v-eb8300fa=\"\">M\u00e0n bi\u1ec3u di\u1ec5n<\/td>\n<td class=\"bod\" width=\"16%\" data-v-eb8300fa=\"\">K\u00fd hi\u1ec7u<\/td>\n<td width=\"72%\" data-v-eb8300fa=\"\">M\u00e3 1 chi\u1ec1u: M\u00e3 39, M\u00e3 93, M\u00e3 128, ITF 14, ITF 25, CodaBar, EAN, UPCA, UPCE<br \/>\nM\u00e3 2 chi\u1ec1u: M\u00e3 QR, Ma tr\u1eadn d\u1eef li\u1ec7u<\/td>\n<\/tr>\n<tr data-v-eb8300fa=\"\">\n<td class=\"bod\" width=\"16%\" data-v-eb8300fa=\"\">T\u1ed1i \u0111a\u00a0t\u1ef7 l\u1ec7 khung h\u00ecnh<\/td>\n<td width=\"72%\" data-v-eb8300fa=\"\">60 khung h\u00ecnh \/ gi\u00e2y<\/td>\n<\/tr>\n<tr data-v-eb8300fa=\"\">\n<td class=\"bod\" width=\"16%\" data-v-eb8300fa=\"\">T\u1ed1i \u0111a\u00a0t\u1ed1c \u0111\u1ed9 \u0111\u1ecdc<\/td>\n<td width=\"72%\" data-v-eb8300fa=\"\">41 m\u00e3 \/ gi\u00e2y<\/td>\n<\/tr>\n<tr data-v-eb8300fa=\"\">\n<td class=\"bod\" width=\"16%\" data-v-eb8300fa=\"\">Lo\u1ea1i c\u1ea3m bi\u1ebfn<\/td>\n<td width=\"72%\" data-v-eb8300fa=\"\">CMOS, m\u00e0n tr\u1eadp to\u00e0n c\u1ea7u<\/td>\n<\/tr>\n<tr data-v-eb8300fa=\"\">\n<td class=\"bod\" width=\"16%\" data-v-eb8300fa=\"\">K\u00edch th\u01b0\u1edbc pixel<\/td>\n<td width=\"72%\" data-v-eb8300fa=\"\">6,9 \u00b5m \u00d7 6,9 \u00b5m<\/td>\n<\/tr>\n<tr data-v-eb8300fa=\"\">\n<td class=\"bod\" width=\"16%\" data-v-eb8300fa=\"\">K\u00edch th\u01b0\u1edbc c\u1ea3m bi\u1ebfn<\/td>\n<td width=\"72%\" data-v-eb8300fa=\"\">1 \/ 2,9 &#8220;<\/td>\n<\/tr>\n<tr data-v-eb8300fa=\"\">\n<td class=\"bod\" width=\"16%\" data-v-eb8300fa=\"\">Ngh\u1ecb quy\u1ebft<\/td>\n<td width=\"72%\" data-v-eb8300fa=\"\">704 \u00d7 540<\/td>\n<\/tr>\n<tr data-v-eb8300fa=\"\">\n<td class=\"bod\" width=\"16%\" data-v-eb8300fa=\"\">Th\u1eddi gian ph\u01a1i s\u00e1ng<\/td>\n<td width=\"72%\" data-v-eb8300fa=\"\">16 \u03bcs \u0111\u1ebfn 1 gi\u00e2y<\/td>\n<\/tr>\n<tr data-v-eb8300fa=\"\">\n<td class=\"bod\" width=\"16%\" data-v-eb8300fa=\"\">L\u1ee3i<\/td>\n<td width=\"72%\" data-v-eb8300fa=\"\">0 dB \u0111\u1ebfn 15 dB<\/td>\n<\/tr>\n<tr data-v-eb8300fa=\"\">\n<td class=\"bod\" width=\"16%\" data-v-eb8300fa=\"\">\u0110\u01a1n s\u1eafc \/ m\u00e0u<\/td>\n<td width=\"72%\" data-v-eb8300fa=\"\">B\u1ec7nh t\u0103ng b\u1ea1ch c\u1ea7u \u0111\u01a1n nh\u00e2n<\/td>\n<\/tr>\n<tr data-v-eb8300fa=\"\">\n<td class=\"bod\" width=\"16%\" data-v-eb8300fa=\"\">Giao th\u1ee9c truy\u1ec1n th\u00f4ng<\/td>\n<td width=\"72%\" data-v-eb8300fa=\"\">SmartSDK, TCP Client, Serial, FTP, HTTP, TCP Server, Profinet, MELSEC, Ethernet \/ IP, ModBus, UDP, Fins, SLMP<\/td>\n<\/tr>\n<tr data-v-eb8300fa=\"\">\n<td class=\"bod\" rowspan=\"5\" width=\"12%\" data-v-eb8300fa=\"\">Quang h\u1ecdc<\/td>\n<td class=\"bod\" width=\"16%\" data-v-eb8300fa=\"\">Ti\u00eau c\u1ef1<\/td>\n<td width=\"72%\" data-v-eb8300fa=\"\">6 mm (0,2 &#8220;)<\/td>\n<\/tr>\n<tr data-v-eb8300fa=\"\">\n<td class=\"bod\" width=\"16%\" data-v-eb8300fa=\"\">Kho\u1ea3ng c\u00e1ch l\u00e0m vi\u1ec7c<\/td>\n<td width=\"72%\" data-v-eb8300fa=\"\">40 mm \u0111\u1ebfn 120 mm (1,6 &#8220;\u0111\u1ebfn 4,7&#8221;), \u0111i\u1ec1u ch\u1ec9nh ti\u00eau \u0111i\u1ec3m \u0111\u01b0\u1ee3c h\u1ed7 tr\u1ee3 th\u1ee7 c\u00f4ng<\/td>\n<\/tr>\n<tr data-v-eb8300fa=\"\">\n<td class=\"bod\" width=\"16%\" data-v-eb8300fa=\"\">Chi\u1ebfu s\u00e1ng xung quanh<\/td>\n<td width=\"72%\" data-v-eb8300fa=\"\">0 lux \u0111\u1ebfn 50000 lux<\/td>\n<\/tr>\n<tr data-v-eb8300fa=\"\">\n<td class=\"bod\" width=\"16%\" data-v-eb8300fa=\"\">Ngu\u1ed3n s\u00e1ng<\/td>\n<td width=\"72%\" data-v-eb8300fa=\"\">LED \u0111\u1ecf, LED xanh lam, LED tr\u1eafng<\/td>\n<\/tr>\n<tr data-v-eb8300fa=\"\">\n<td class=\"bod\" width=\"16%\" data-v-eb8300fa=\"\">H\u1ec7 th\u1ed1ng nh\u1eafm<\/td>\n<td width=\"72%\" data-v-eb8300fa=\"\">LED xanh<\/td>\n<\/tr>\n<tr data-v-eb8300fa=\"\">\n<td class=\"bod\" rowspan=\"4\" width=\"12%\" data-v-eb8300fa=\"\">T\u00ednh n\u0103ng \u0111i\u1ec7n<\/td>\n<td class=\"bod\" width=\"16%\" data-v-eb8300fa=\"\">Giao di\u1ec7n d\u1eef li\u1ec7u<\/td>\n<td width=\"72%\" data-v-eb8300fa=\"\">Ethernet nhanh<\/td>\n<\/tr>\n<tr data-v-eb8300fa=\"\">\n<td class=\"bod\" width=\"16%\" data-v-eb8300fa=\"\">I \/ O k\u1ef9 thu\u1eadt s\u1ed1<\/td>\n<td width=\"72%\" data-v-eb8300fa=\"\">\u0110\u1ea7u n\u1ed1i M12 17 ch\u00e2n cung c\u1ea5p ngu\u1ed3n v\u00e0 I \/ O, bao g\u1ed3m c\u1ea3 I \/ O kh\u00f4ng c\u00e1ch ly hai chi\u1ec1u c\u00f3 th\u1ec3 \u0111\u1ecbnh c\u1ea5u h\u00ecnh: \u0111\u1ea7u v\u00e0o (D\u00f2ng 0\/1) v\u00e0 \u0111\u1ea7u ra (D\u00f2ng 2\/3) theo m\u1eb7c \u0111\u1ecbnh, RS-232 \u00d7 1. K\u00edch ho\u1ea1t thi\u1ebft b\u1ecb th\u00f4ng qua n\u00fat nh\u1ea5n \u1edf b\u00ean \u0111\u01b0\u1ee3c h\u1ed7 tr\u1ee3.<\/td>\n<\/tr>\n<tr data-v-eb8300fa=\"\">\n<td class=\"bod\" width=\"16%\" data-v-eb8300fa=\"\">Ngu\u1ed3n c\u1ea5p<\/td>\n<td width=\"72%\" data-v-eb8300fa=\"\">12 VDC \u0111\u1ebfn 24 VDC<\/td>\n<\/tr>\n<tr data-v-eb8300fa=\"\">\n<td class=\"bod\" width=\"16%\" data-v-eb8300fa=\"\">T\u1ed1i \u0111a\u00a0s\u1ef1 ti\u00eau th\u1ee5 n\u0103ng l\u01b0\u1ee3ng<\/td>\n<td width=\"72%\" data-v-eb8300fa=\"\">Kho\u1ea3ng\u00a010,6 W @ 24 VDC<\/td>\n<\/tr>\n<tr data-v-eb8300fa=\"\">\n<td class=\"bod\" rowspan=\"6\" width=\"12%\" data-v-eb8300fa=\"\">C\u01a1 kh\u00ed<\/td>\n<td class=\"bod\" width=\"16%\" data-v-eb8300fa=\"\">Ch\u1ec9 b\u00e1o<\/td>\n<td width=\"72%\" data-v-eb8300fa=\"\">Ch\u1ec9 b\u00e1o ngu\u1ed3n (PWR), ch\u1ec9 b\u00e1o m\u1ea1ng (LNK) v\u00e0 ch\u1ec9 b\u00e1o tr\u1ea1ng th\u00e1i (STS).<\/td>\n<\/tr>\n<tr data-v-eb8300fa=\"\">\n<td class=\"bod\" width=\"16%\" data-v-eb8300fa=\"\">K\u00edch th\u01b0\u1edbc<\/td>\n<td width=\"72%\" data-v-eb8300fa=\"\">46 mm \u00d7 38 mm \u00d7 25 mm (1,8 &#8220;\u00d7 1,5&#8221; \u00d7 1,0 &#8220;)<\/td>\n<\/tr>\n<tr data-v-eb8300fa=\"\">\n<td class=\"bod\" width=\"16%\" data-v-eb8300fa=\"\">Tr\u1ecdng l\u01b0\u1ee3ng<\/td>\n<td width=\"72%\" data-v-eb8300fa=\"\">Kho\u1ea3ng\u00a0160 g (0,35 lb.)<\/td>\n<\/tr>\n<tr data-v-eb8300fa=\"\">\n<td class=\"bod\" width=\"16%\" data-v-eb8300fa=\"\">B\u1ea3o v\u1ec7 s\u1ef1 x\u00e2m nh\u1eadp<\/td>\n<td width=\"72%\" data-v-eb8300fa=\"\">IP65<\/td>\n<\/tr>\n<tr data-v-eb8300fa=\"\">\n<td class=\"bod\" width=\"16%\" data-v-eb8300fa=\"\">Nhi\u1ec7t \u0111\u1ed9<\/td>\n<td width=\"72%\" data-v-eb8300fa=\"\">Nhi\u1ec7t \u0111\u1ed9 l\u00e0m vi\u1ec7c: 0 \u00b0 C \u0111\u1ebfn 50 \u00b0 C (32 \u00b0 F \u0111\u1ebfn 122 \u00b0 F), nhi\u1ec7t \u0111\u1ed9 b\u1ea3o qu\u1ea3n: -30 \u00b0 C \u0111\u1ebfn 70 \u00b0 C (-22 \u00b0 F \u0111\u1ebfn 158 \u00b0 F)<\/td>\n<\/tr>\n<tr data-v-eb8300fa=\"\">\n<td class=\"bod\" width=\"16%\" data-v-eb8300fa=\"\">\u0110\u1ed9 \u1ea9m<\/td>\n<td width=\"72%\" data-v-eb8300fa=\"\">20% \u0111\u1ebfn 95% RH, kh\u00f4ng ng\u01b0ng t\u1ee5<\/td>\n<\/tr>\n<tr data-v-eb8300fa=\"\">\n<td class=\"bod\" rowspan=\"2\" width=\"12%\" data-v-eb8300fa=\"\">T\u1ed5ng quan<\/td>\n<td class=\"bod\" width=\"16%\" data-v-eb8300fa=\"\">Ph\u1ea7n m\u1ec1m m\u00e1y kh\u00e1ch<\/td>\n<td width=\"72%\" data-v-eb8300fa=\"\">IDMVS<\/td>\n<\/tr>\n<tr data-v-eb8300fa=\"\">\n<td class=\"bod\" width=\"16%\" data-v-eb8300fa=\"\">Ch\u1ee9ng nh\u1eadn<\/td>\n<td width=\"72%\" data-v-eb8300fa=\"\">CE, FCC, RoHS<\/td>\n<\/tr>\n<\/tbody>\n<\/table>\n","protected":false},"excerpt":{"rendered":"<p><strong>T\u00ednh n\u0103ng ch\u00ednh<\/strong><\/p>\n<ul class=\" list-paddingleft-2\">\n<li><span class=\"fontstyle0\">Thu\u1eadt to\u00e1n h\u1ecdc s\u00e2u t\u00edch h\u1ee3p \u0111\u1ec3 \u0111\u1ecdc m\u00e3 v\u1edbi \u0111\u1ed9 m\u1ea1nh t\u1ed1t.<\/span><\/li>\n<li><span class=\"fontstyle0\">Thi\u1ebft k\u1ebf nh\u1ecf g\u1ecdn v\u00e0 k\u00edch th\u01b0\u1edbc nh\u1ecf.<\/span><\/li>\n<li><span class=\"fontstyle0\">Th\u00f4ng qua \u0111\u1ea7u n\u1ed1i h\u00e0ng kh\u00f4ng cho h\u1ec7 th\u1ed1ng d\u00e2y c\u00e1p \u0111\u01a1n.<\/span><\/li>\n<li><span class=\"fontstyle0\">S\u1eed d\u1ee5ng \u00e1nh s\u00e1ng nh\u1eafm m\u1ee5c ti\u00eau LED \u0111\u1ec3 gi\u00fap m\u00e3 m\u1ee5c ti\u00eau.<\/span><\/li>\n<li><span class=\"fontstyle0\">S\u1eed d\u1ee5ng n\u00fam l\u1ea5y n\u00e9t \u0111\u1ec3 \u0111i\u1ec1u ch\u1ec9nh l\u1ea5y n\u00e9t b\u1eb1ng tay.<\/span><\/li>\n<li><span class=\"fontstyle0\">Th\u00f4ng qua nhi\u1ec1u giao di\u1ec7n IO v\u00e0 giao di\u1ec7n ngu\u1ed3n plug-in.<\/span><\/li>\n<li><span class=\"fontstyle0\">H\u1ed7 tr\u1ee3 nhi\u1ec1u giao th\u1ee9c truy\u1ec1n th\u00f4ng, bao g\u1ed3m TCP, Serial, FTP, Profinet, v.v.<\/span><\/li>\n<\/ul>\n<p><strong>M\u1eabu c\u00f3 s\u1eb5n<\/strong><\/p>\n<p><span class=\"fontstyle0\">Ngu\u1ed3n s\u00e1ng tr\u1eafng v\u1edbi giao di\u1ec7n m\u1ea1ng: MV-ID2004M-06S-WBN<\/span><br \/>\n<span class=\"fontstyle0\"><br \/>\n<\/span><\/p>\n<p><strong>K\u00edch th\u01b0\u1edbc<\/strong><\/p>\n<p><img decoding=\"async\" title=\"1614329481986068117.png\" src=\"https:\/\/www.hikrobotics.com\/en2\/source\/ueditor\/image\/20210226\/1614329481986068117.png\" alt=\"image.png\" \/><\/p>\n<p>* D\u1eef li\u1ec7u \u1edf \u0111\u00e2y c\u00f3 th\u1ec3 thay \u0111\u1ed5i t\u00f9y theo m\u00f4i tr\u01b0\u1eddng, \u0111\u1ed1i t\u01b0\u1ee3ng v\u00e0 c\u00e1c y\u1ebfu t\u1ed1 kh\u00e1c nhau, v\u00e0 HIKROBOT s\u1ebd kh\u00f4ng ch\u1ecbu c\u00e1c h\u1eadu qu\u1ea3 ph\u00e1t sinh t\u1eeb \u0111\u00f3.<\/p>\n","protected":false},"featured_media":697,"comment_status":"open","ping_status":"closed","template":"","meta":[],"product_cat":[101],"product_tag":[],"yoast_head":"<!-- This site is optimized with the Yoast SEO plugin v20.1 - https:\/\/yoast.com\/wordpress\/plugins\/seo\/ -->\n<title>MV-ID2004M-06S-WBN - hikrobotics<\/title>\n<meta name=\"robots\" content=\"index, follow, max-snippet:-1, max-image-preview:large, max-video-preview:-1\" \/>\n<link rel=\"canonical\" href=\"https:\/\/hikrobotics.vn\/?product=699\" \/>\n<meta property=\"og:locale\" content=\"vi_VN\" \/>\n<meta property=\"og:type\" content=\"article\" \/>\n<meta property=\"og:title\" content=\"MV-ID2004M-06S-WBN - hikrobotics\" \/>\n<meta property=\"og:description\" content=\"T\u00ednh n\u0103ng ch\u00ednh  Thu\u1eadt to\u00e1n h\u1ecdc s\u00e2u t\u00edch h\u1ee3p \u0111\u1ec3 \u0111\u1ecdc m\u00e3 v\u1edbi \u0111\u1ed9 m\u1ea1nh t\u1ed1t.  Thi\u1ebft k\u1ebf nh\u1ecf g\u1ecdn v\u00e0 k\u00edch th\u01b0\u1edbc nh\u1ecf.  Th\u00f4ng qua \u0111\u1ea7u n\u1ed1i h\u00e0ng kh\u00f4ng cho h\u1ec7 th\u1ed1ng d\u00e2y c\u00e1p \u0111\u01a1n.  S\u1eed d\u1ee5ng \u00e1nh s\u00e1ng nh\u1eafm m\u1ee5c ti\u00eau LED \u0111\u1ec3 gi\u00fap m\u00e3 m\u1ee5c ti\u00eau.  S\u1eed d\u1ee5ng n\u00fam l\u1ea5y n\u00e9t \u0111\u1ec3 \u0111i\u1ec1u ch\u1ec9nh l\u1ea5y n\u00e9t b\u1eb1ng tay.  Th\u00f4ng qua nhi\u1ec1u giao di\u1ec7n IO v\u00e0 giao di\u1ec7n ngu\u1ed3n plug-in.  H\u1ed7 tr\u1ee3 nhi\u1ec1u giao th\u1ee9c truy\u1ec1n th\u00f4ng, bao g\u1ed3m TCP, Serial, FTP, Profinet, v.v. M\u1eabu c\u00f3 s\u1eb5n Ngu\u1ed3n s\u00e1ng tr\u1eafng v\u1edbi giao di\u1ec7n m\u1ea1ng: MV-ID2004M-06S-WBN  K\u00edch th\u01b0\u1edbc  * D\u1eef li\u1ec7u \u1edf \u0111\u00e2y c\u00f3 th\u1ec3 thay \u0111\u1ed5i t\u00f9y theo m\u00f4i tr\u01b0\u1eddng, \u0111\u1ed1i t\u01b0\u1ee3ng v\u00e0 c\u00e1c y\u1ebfu t\u1ed1 kh\u00e1c nhau, v\u00e0 HIKROBOT s\u1ebd kh\u00f4ng ch\u1ecbu c\u00e1c h\u1eadu qu\u1ea3 ph\u00e1t sinh t\u1eeb \u0111\u00f3.\" \/>\n<meta property=\"og:url\" content=\"https:\/\/hikrobotics.vn\/?product=699\" \/>\n<meta property=\"og:site_name\" content=\"hikrobotics\" \/>\n<meta property=\"article:publisher\" content=\"https:\/\/www.facebook.com\/hikroboticsvn\" \/>\n<meta property=\"og:image\" content=\"https:\/\/hikrobotics.vn\/wp-content\/uploads\/2022\/01\/20210226084216446.png\" \/>\n\t<meta property=\"og:image:width\" content=\"360\" \/>\n\t<meta property=\"og:image:height\" content=\"360\" \/>\n\t<meta property=\"og:image:type\" content=\"image\/png\" \/>\n<meta name=\"twitter:card\" content=\"summary_large_image\" \/>\n<meta name=\"twitter:label1\" content=\"\u01af\u1edbc t\u00ednh th\u1eddi gian \u0111\u1ecdc\" \/>\n\t<meta name=\"twitter:data1\" content=\"2 ph\u00fat\" \/>\n<script type=\"application\/ld+json\" class=\"yoast-schema-graph\">{\"@context\":\"https:\/\/schema.org\",\"@graph\":[{\"@type\":\"WebPage\",\"@id\":\"https:\/\/hikrobotics.vn\/?product=699\",\"url\":\"https:\/\/hikrobotics.vn\/?product=699\",\"name\":\"MV-ID2004M-06S-WBN - hikrobotics\",\"isPartOf\":{\"@id\":\"https:\/\/hikrobotics.vn\/#website\"},\"datePublished\":\"2022-01-18T03:34:33+00:00\",\"dateModified\":\"2022-01-18T03:34:33+00:00\",\"breadcrumb\":{\"@id\":\"https:\/\/hikrobotics.vn\/?product=699#breadcrumb\"},\"inLanguage\":\"vi\",\"potentialAction\":[{\"@type\":\"ReadAction\",\"target\":[\"https:\/\/hikrobotics.vn\/?product=699\"]}]},{\"@type\":\"BreadcrumbList\",\"@id\":\"https:\/\/hikrobotics.vn\/?product=699#breadcrumb\",\"itemListElement\":[{\"@type\":\"ListItem\",\"position\":1,\"name\":\"Trang ch\u1ee7\",\"item\":\"https:\/\/hikrobotics.vn\/\"},{\"@type\":\"ListItem\",\"position\":2,\"name\":\"S\u1ea3n ph\u1ea9m\",\"item\":\"https:\/\/hikrobotics.vn\/?post_type=product\"},{\"@type\":\"ListItem\",\"position\":3,\"name\":\"MV-ID2004M-06S-WBN\"}]},{\"@type\":\"WebSite\",\"@id\":\"https:\/\/hikrobotics.vn\/#website\",\"url\":\"https:\/\/hikrobotics.vn\/\",\"name\":\"hikrobotics\",\"description\":\"S\u1ef1 h\u00e0i l\u00f2ng c\u1ee7a qu\u00fd kh\u00e1ch l\u00e0 th\u00e0nh c\u00f4ng c\u1ee7a ch\u00fang t\u00f4i\",\"publisher\":{\"@id\":\"https:\/\/hikrobotics.vn\/#organization\"},\"potentialAction\":[{\"@type\":\"SearchAction\",\"target\":{\"@type\":\"EntryPoint\",\"urlTemplate\":\"https:\/\/hikrobotics.vn\/?s={search_term_string}\"},\"query-input\":\"required name=search_term_string\"}],\"inLanguage\":\"vi\"},{\"@type\":\"Organization\",\"@id\":\"https:\/\/hikrobotics.vn\/#organization\",\"name\":\"hikrobotics\",\"url\":\"https:\/\/hikrobotics.vn\/\",\"logo\":{\"@type\":\"ImageObject\",\"inLanguage\":\"vi\",\"@id\":\"https:\/\/hikrobotics.vn\/#\/schema\/logo\/image\/\",\"url\":\"http:\/\/hikrobotics.vn\/wp-content\/uploads\/2023\/02\/logo.png\",\"contentUrl\":\"http:\/\/hikrobotics.vn\/wp-content\/uploads\/2023\/02\/logo.png\",\"width\":3366,\"height\":1063,\"caption\":\"hikrobotics\"},\"image\":{\"@id\":\"https:\/\/hikrobotics.vn\/#\/schema\/logo\/image\/\"},\"sameAs\":[\"https:\/\/www.facebook.com\/hikroboticsvn\"]}]}<\/script>\n<!-- \/ Yoast SEO plugin. -->","yoast_head_json":{"title":"MV-ID2004M-06S-WBN - hikrobotics","robots":{"index":"index","follow":"follow","max-snippet":"max-snippet:-1","max-image-preview":"max-image-preview:large","max-video-preview":"max-video-preview:-1"},"canonical":"https:\/\/hikrobotics.vn\/?product=699","og_locale":"vi_VN","og_type":"article","og_title":"MV-ID2004M-06S-WBN - hikrobotics","og_description":"T\u00ednh n\u0103ng ch\u00ednh  Thu\u1eadt to\u00e1n h\u1ecdc s\u00e2u t\u00edch h\u1ee3p \u0111\u1ec3 \u0111\u1ecdc m\u00e3 v\u1edbi \u0111\u1ed9 m\u1ea1nh t\u1ed1t.  Thi\u1ebft k\u1ebf nh\u1ecf g\u1ecdn v\u00e0 k\u00edch th\u01b0\u1edbc nh\u1ecf.  Th\u00f4ng qua \u0111\u1ea7u n\u1ed1i h\u00e0ng kh\u00f4ng cho h\u1ec7 th\u1ed1ng d\u00e2y c\u00e1p \u0111\u01a1n.  S\u1eed d\u1ee5ng \u00e1nh s\u00e1ng nh\u1eafm m\u1ee5c ti\u00eau LED \u0111\u1ec3 gi\u00fap m\u00e3 m\u1ee5c ti\u00eau.  S\u1eed d\u1ee5ng n\u00fam l\u1ea5y n\u00e9t \u0111\u1ec3 \u0111i\u1ec1u ch\u1ec9nh l\u1ea5y n\u00e9t b\u1eb1ng tay.  Th\u00f4ng qua nhi\u1ec1u giao di\u1ec7n IO v\u00e0 giao di\u1ec7n ngu\u1ed3n plug-in.  H\u1ed7 tr\u1ee3 nhi\u1ec1u giao th\u1ee9c truy\u1ec1n th\u00f4ng, bao g\u1ed3m TCP, Serial, FTP, Profinet, v.v. M\u1eabu c\u00f3 s\u1eb5n Ngu\u1ed3n s\u00e1ng tr\u1eafng v\u1edbi giao di\u1ec7n m\u1ea1ng: MV-ID2004M-06S-WBN  K\u00edch th\u01b0\u1edbc  * D\u1eef li\u1ec7u \u1edf \u0111\u00e2y c\u00f3 th\u1ec3 thay \u0111\u1ed5i t\u00f9y theo m\u00f4i tr\u01b0\u1eddng, \u0111\u1ed1i t\u01b0\u1ee3ng v\u00e0 c\u00e1c y\u1ebfu t\u1ed1 kh\u00e1c nhau, v\u00e0 HIKROBOT s\u1ebd kh\u00f4ng ch\u1ecbu c\u00e1c h\u1eadu qu\u1ea3 ph\u00e1t sinh t\u1eeb \u0111\u00f3.","og_url":"https:\/\/hikrobotics.vn\/?product=699","og_site_name":"hikrobotics","article_publisher":"https:\/\/www.facebook.com\/hikroboticsvn","og_image":[{"width":360,"height":360,"url":"https:\/\/hikrobotics.vn\/wp-content\/uploads\/2022\/01\/20210226084216446.png","type":"image\/png"}],"twitter_card":"summary_large_image","twitter_misc":{"\u01af\u1edbc t\u00ednh th\u1eddi gian \u0111\u1ecdc":"2 ph\u00fat"},"schema":{"@context":"https:\/\/schema.org","@graph":[{"@type":"WebPage","@id":"https:\/\/hikrobotics.vn\/?product=699","url":"https:\/\/hikrobotics.vn\/?product=699","name":"MV-ID2004M-06S-WBN - hikrobotics","isPartOf":{"@id":"https:\/\/hikrobotics.vn\/#website"},"datePublished":"2022-01-18T03:34:33+00:00","dateModified":"2022-01-18T03:34:33+00:00","breadcrumb":{"@id":"https:\/\/hikrobotics.vn\/?product=699#breadcrumb"},"inLanguage":"vi","potentialAction":[{"@type":"ReadAction","target":["https:\/\/hikrobotics.vn\/?product=699"]}]},{"@type":"BreadcrumbList","@id":"https:\/\/hikrobotics.vn\/?product=699#breadcrumb","itemListElement":[{"@type":"ListItem","position":1,"name":"Trang ch\u1ee7","item":"https:\/\/hikrobotics.vn\/"},{"@type":"ListItem","position":2,"name":"S\u1ea3n ph\u1ea9m","item":"https:\/\/hikrobotics.vn\/?post_type=product"},{"@type":"ListItem","position":3,"name":"MV-ID2004M-06S-WBN"}]},{"@type":"WebSite","@id":"https:\/\/hikrobotics.vn\/#website","url":"https:\/\/hikrobotics.vn\/","name":"hikrobotics","description":"S\u1ef1 h\u00e0i l\u00f2ng c\u1ee7a qu\u00fd kh\u00e1ch l\u00e0 th\u00e0nh c\u00f4ng c\u1ee7a ch\u00fang t\u00f4i","publisher":{"@id":"https:\/\/hikrobotics.vn\/#organization"},"potentialAction":[{"@type":"SearchAction","target":{"@type":"EntryPoint","urlTemplate":"https:\/\/hikrobotics.vn\/?s={search_term_string}"},"query-input":"required name=search_term_string"}],"inLanguage":"vi"},{"@type":"Organization","@id":"https:\/\/hikrobotics.vn\/#organization","name":"hikrobotics","url":"https:\/\/hikrobotics.vn\/","logo":{"@type":"ImageObject","inLanguage":"vi","@id":"https:\/\/hikrobotics.vn\/#\/schema\/logo\/image\/","url":"http:\/\/hikrobotics.vn\/wp-content\/uploads\/2023\/02\/logo.png","contentUrl":"http:\/\/hikrobotics.vn\/wp-content\/uploads\/2023\/02\/logo.png","width":3366,"height":1063,"caption":"hikrobotics"},"image":{"@id":"https:\/\/hikrobotics.vn\/#\/schema\/logo\/image\/"},"sameAs":["https:\/\/www.facebook.com\/hikroboticsvn"]}]}},"_links":{"self":[{"href":"https:\/\/hikrobotics.vn\/index.php?rest_route=\/wp\/v2\/product\/699"}],"collection":[{"href":"https:\/\/hikrobotics.vn\/index.php?rest_route=\/wp\/v2\/product"}],"about":[{"href":"https:\/\/hikrobotics.vn\/index.php?rest_route=\/wp\/v2\/types\/product"}],"replies":[{"embeddable":true,"href":"https:\/\/hikrobotics.vn\/index.php?rest_route=%2Fwp%2Fv2%2Fcomments&post=699"}],"wp:featuredmedia":[{"embeddable":true,"href":"https:\/\/hikrobotics.vn\/index.php?rest_route=\/wp\/v2\/media\/697"}],"wp:attachment":[{"href":"https:\/\/hikrobotics.vn\/index.php?rest_route=%2Fwp%2Fv2%2Fmedia&parent=699"}],"wp:term":[{"taxonomy":"product_cat","embeddable":true,"href":"https:\/\/hikrobotics.vn\/index.php?rest_route=%2Fwp%2Fv2%2Fproduct_cat&post=699"},{"taxonomy":"product_tag","embeddable":true,"href":"https:\/\/hikrobotics.vn\/index.php?rest_route=%2Fwp%2Fv2%2Fproduct_tag&post=699"}],"curies":[{"name":"wp","href":"https:\/\/api.w.org\/{rel}","templated":true}]}}