{"id":652,"date":"2022-01-17T09:37:18","date_gmt":"2022-01-17T09:37:18","guid":{"rendered":"hikrobotics.vn?post_type=product&amp;p=652"},"modified":"2022-01-17T09:37:18","modified_gmt":"2022-01-17T09:37:18","slug":"mv-dl2025-04h-h","status":"publish","type":"product","link":"https:\/\/hikrobotics.vn\/?product=mv-dl2025-04h-h","title":{"rendered":"MV-DL2025-04H-H"},"content":{"rendered":"<table class=\"table-style\" cellspacing=\"0\" cellpadding=\"0\" data-v-eb8300fa=\"\">\n<tbody>\n<tr data-v-eb8300fa=\"\">\n<td class=\"bod\" rowspan=\"2\" width=\"12%\" data-v-eb8300fa=\"\"><span>M\u00f4 h\u00ecnh<\/span><\/td>\n<td class=\"bod\" width=\"16%\" data-v-eb8300fa=\"\"><span>d\u00f2ng s\u1ea3n ph\u1ea9m<\/span><\/td>\n<td width=\"72%\" data-v-eb8300fa=\"\"><span>MV-DL2025-04H-H<\/span><\/td>\n<\/tr>\n<tr data-v-eb8300fa=\"\">\n<td class=\"bod\" width=\"16%\" data-v-eb8300fa=\"\"><span>Lo\u1ea1i<\/span><\/td>\n<td width=\"72%\" data-v-eb8300fa=\"\"><span>M\u00e1y \u1ea3nh 3D Laser<\/span><\/td>\n<\/tr>\n<tr data-v-eb8300fa=\"\">\n<td class=\"bod\" rowspan=\"10\" width=\"12%\" data-v-eb8300fa=\"\"><span>M\u00e1y \u1ea3nh<\/span><\/td>\n<td class=\"bod\" width=\"16%\" data-v-eb8300fa=\"\"><span>Tr\u01b0\u1eddng nh\u00ecn g\u1ea7n<\/span><\/td>\n<td width=\"72%\" data-v-eb8300fa=\"\"><span>1000 mm<\/span><\/td>\n<\/tr>\n<tr data-v-eb8300fa=\"\">\n<td class=\"bod\" width=\"16%\" data-v-eb8300fa=\"\"><span>Tr\u01b0\u1eddng nh\u00ecn xa<\/span><\/td>\n<td width=\"72%\" data-v-eb8300fa=\"\"><span>2600 mm<\/span><\/td>\n<\/tr>\n<tr data-v-eb8300fa=\"\">\n<td class=\"bod\" width=\"16%\" data-v-eb8300fa=\"\"><span>Kho\u1ea3ng c\u00e1ch gi\u1ea3i ph\u00f3ng m\u1eb7t b\u1eb1ng<\/span><\/td>\n<td width=\"72%\" data-v-eb8300fa=\"\"><span>650 mm<\/span><\/td>\n<\/tr>\n<tr data-v-eb8300fa=\"\">\n<td class=\"bod\" width=\"16%\" data-v-eb8300fa=\"\"><span>Ph\u1ea1m vi \u0111o l\u01b0\u1eddng<\/span><\/td>\n<td width=\"72%\" data-v-eb8300fa=\"\"><span>1000 mm<\/span><\/td>\n<\/tr>\n<tr data-v-eb8300fa=\"\">\n<td class=\"bod\" width=\"16%\" data-v-eb8300fa=\"\"><span>S\u1ef1 ch\u00ednh x\u00e1c<\/span><\/td>\n<td width=\"72%\" data-v-eb8300fa=\"\"><span>\u00b1 5 mm<\/span><\/td>\n<\/tr>\n<tr data-v-eb8300fa=\"\">\n<td class=\"bod\" width=\"16%\" data-v-eb8300fa=\"\"><span>T\u1ed1c \u0111\u1ed9 ph\u00e1t hi\u1ec7n<\/span><\/td>\n<td width=\"72%\" data-v-eb8300fa=\"\"><span>3 m \/ s @ \u00b1 5 mm<\/span><\/td>\n<\/tr>\n<tr data-v-eb8300fa=\"\">\n<td class=\"bod\" width=\"16%\" data-v-eb8300fa=\"\"><span>T\u1ed1i \u0111a\u00a0T\u1ed1c \u0111\u1ed9 khung h\u00ecnh qu\u00e9t<\/span><\/td>\n<td width=\"72%\" data-v-eb8300fa=\"\"><span>600 khung h\u00ecnh \/ gi\u00e2y<\/span><\/td>\n<\/tr>\n<tr data-v-eb8300fa=\"\">\n<td class=\"bod\" width=\"16%\" data-v-eb8300fa=\"\"><span>Lo\u1ea1i d\u1eef li\u1ec7u<\/span><\/td>\n<td width=\"72%\" data-v-eb8300fa=\"\"><span>D\u1eef li\u1ec7u \u0111\u00e1m m\u00e2y \u0111i\u1ec3m, chi\u1ec1u d\u00e0i \/ chi\u1ec1u r\u1ed9ng \/ chi\u1ec1u cao, th\u1ec3 t\u00edch t\u00edch ph\u00e2n, t\u1ecda \u0111\u1ed9 \u0111\u1ec9nh<\/span><\/td>\n<\/tr>\n<tr data-v-eb8300fa=\"\">\n<td class=\"bod\" width=\"16%\" data-v-eb8300fa=\"\"><span>Ch\u1ebf \u0111\u1ed9 k\u00edch ho\u1ea1t<\/span><\/td>\n<td width=\"72%\" data-v-eb8300fa=\"\"><span>K\u00edch ho\u1ea1t b\u00ean ngo\u00e0i, \u0111\u1ea7u v\u00e0o b\u1ed9 m\u00e3 h\u00f3a<\/span><\/td>\n<\/tr>\n<tr data-v-eb8300fa=\"\">\n<td class=\"bod\" width=\"16%\" data-v-eb8300fa=\"\"><span>M\u1ee9c \u0111\u1ed9 an to\u00e0n c\u1ee7a tia laser<\/span><\/td>\n<td width=\"72%\" data-v-eb8300fa=\"\"><span>L\u1edbp 3B<\/span><\/td>\n<\/tr>\n<tr data-v-eb8300fa=\"\">\n<td class=\"bod\" rowspan=\"4\" width=\"12%\" data-v-eb8300fa=\"\"><span>T\u00ednh n\u0103ng \u0111i\u1ec7n<\/span><\/td>\n<td class=\"bod\" width=\"16%\" data-v-eb8300fa=\"\"><span>Giao di\u1ec7n d\u1eef li\u1ec7u<\/span><\/td>\n<td width=\"72%\" data-v-eb8300fa=\"\"><span>GigE<\/span><\/td>\n<\/tr>\n<tr data-v-eb8300fa=\"\">\n<td class=\"bod\" width=\"16%\" data-v-eb8300fa=\"\"><span>M\u1ee5c \u0111\u00edch chung I \/ O<\/span><\/td>\n<td width=\"72%\" data-v-eb8300fa=\"\"><span>Giao di\u1ec7n M12 12 ch\u00e2n cung c\u1ea5p I \/ O, bao g\u1ed3m \u0111\u1ea7u v\u00e0o c\u00e1ch ly quang \u00d7 1 (D\u00f2ng 0), \u0111\u1ea7u ra c\u00e1ch ly quang \u00d7 1 (D\u00f2ng 1) v\u00e0 RS-232 \u00d7 1<\/span><\/td>\n<\/tr>\n<tr data-v-eb8300fa=\"\">\n<td class=\"bod\" width=\"16%\" data-v-eb8300fa=\"\"><span>Ngu\u1ed3n c\u1ea5p<\/span><\/td>\n<td width=\"72%\" data-v-eb8300fa=\"\"><span>12 VDC<\/span><\/td>\n<\/tr>\n<tr data-v-eb8300fa=\"\">\n<td class=\"bod\" width=\"16%\" data-v-eb8300fa=\"\"><span>S\u1ef1 ti\u00eau th\u1ee5 n\u0103ng l\u01b0\u1ee3ng<\/span><\/td>\n<td width=\"72%\" data-v-eb8300fa=\"\"><span>Ki\u1ec3u ch\u1eef.\u00a0&lt;10,0 W @ 12VDC<\/span><\/td>\n<\/tr>\n<tr data-v-eb8300fa=\"\">\n<td class=\"bod\" rowspan=\"4\" width=\"12%\" data-v-eb8300fa=\"\"><span>C\u01a1 kh\u00ed<\/span><\/td>\n<td class=\"bod\" width=\"16%\" data-v-eb8300fa=\"\"><span>K\u00edch th\u01b0\u1edbc<\/span><\/td>\n<td width=\"72%\" data-v-eb8300fa=\"\"><span>354,1 mm \u00d7 65 mm \u00d7 123,4 mm (13,9 &#8220;\u00d7 2,6&#8221; \u00d7 4,9 &#8220;)<\/span><\/td>\n<\/tr>\n<tr data-v-eb8300fa=\"\">\n<td class=\"bod\" width=\"16%\" data-v-eb8300fa=\"\"><span>Tr\u1ecdng l\u01b0\u1ee3ng<\/span><\/td>\n<td width=\"72%\" data-v-eb8300fa=\"\"><span>1,6 kg (3,5 lb.)<\/span><\/td>\n<\/tr>\n<tr data-v-eb8300fa=\"\">\n<td class=\"bod\" width=\"16%\" data-v-eb8300fa=\"\"><span>Nhi\u1ec7t \u0111\u1ed9<\/span><\/td>\n<td width=\"72%\" data-v-eb8300fa=\"\"><span>Nhi\u1ec7t \u0111\u1ed9 l\u00e0m vi\u1ec7c: -10 \u00b0 C \u0111\u1ebfn 50 \u00b0 C (14 \u00b0 F \u0111\u1ebfn 122 \u00b0 F)<\/span><br \/>\n<span>Nhi\u1ec7t \u0111\u1ed9 b\u1ea3o qu\u1ea3n: -30 \u00b0 C \u0111\u1ebfn 80 \u00b0 C (-22 \u00b0 F \u0111\u1ebfn 176 \u00b0 F)<\/span><\/td>\n<\/tr>\n<tr data-v-eb8300fa=\"\">\n<td class=\"bod\" width=\"16%\" data-v-eb8300fa=\"\"><span>\u0110\u1ed9 \u1ea9m<\/span><\/td>\n<td width=\"72%\" data-v-eb8300fa=\"\"><span>20% \u0111\u1ebfn 85% RH, kh\u00f4ng ng\u01b0ng t\u1ee5<\/span><\/td>\n<\/tr>\n<tr data-v-eb8300fa=\"\">\n<td class=\"bod\" rowspan=\"3\" width=\"12%\" data-v-eb8300fa=\"\"><span>T\u1ed5ng quan<\/span><\/td>\n<td class=\"bod\" width=\"16%\" data-v-eb8300fa=\"\"><span>Ph\u1ea7n m\u1ec1m m\u00e1y kh\u00e1ch<\/span><\/td>\n<td width=\"72%\" data-v-eb8300fa=\"\"><span>3DMVS, CodePlatform<\/span><\/td>\n<\/tr>\n<tr data-v-eb8300fa=\"\">\n<td class=\"bod\" width=\"16%\" data-v-eb8300fa=\"\"><span>H\u1ec7 \u0111i\u1ec1u h\u00e0nh<\/span><\/td>\n<td width=\"72%\" data-v-eb8300fa=\"\"><span>Windows XP \/ 7\/10 32\/64-bit<\/span><\/td>\n<\/tr>\n<tr data-v-eb8300fa=\"\">\n<td class=\"bod\" width=\"16%\" data-v-eb8300fa=\"\"><span>Kh\u1ea3 n\u0103ng t\u01b0\u01a1ng th\u00edch<\/span><\/td>\n<td width=\"72%\" data-v-eb8300fa=\"\"><span>CE, FCC<\/span><\/td>\n<\/tr>\n<\/tbody>\n<\/table>\n","protected":false},"excerpt":{"rendered":"<p><strong><span>T\u00ednh n\u0103ng ch\u00ednh<\/span><\/strong><\/p>\n<ul class=\" list-paddingleft-2\">\n<li><span>\u00c1p d\u1ee5ng thu\u1eadt to\u00e1n d\u1ea3i \u0111\u1ed9ng r\u1ed9ng \u0111\u1ec3 \u0111o ch\u00ednh x\u00e1c c\u00e1c v\u1eadt li\u1ec7u c\u00f3 \u0111\u1ed9 h\u1ea5p th\u1ee5 cao ho\u1eb7c ph\u1ea3n x\u1ea1 cao.<\/span><\/li>\n<li><span>T\u1ed1c \u0111\u1ed9 ph\u00e1t hi\u1ec7n l\u00ean \u0111\u1ebfn 3 m \/ s v\u00e0 \u0111\u1ed9 ch\u00ednh x\u00e1c 5 mm.<\/span><\/li>\n<li><span>S\u1eed d\u1ee5ng m\u00f4-\u0111un laser c\u00f4ng su\u1ea5t cao v\u1edbi d\u1ea3i \u0111\u1ed9ng r\u1ed9ng.<\/span><\/li>\n<li><span>S\u1eed d\u1ee5ng b\u1ed9 l\u1ecdc b\u0103ng th\u00f4ng h\u1eb9p \u0111\u1ec3 tri\u1ec7t ti\u00eau nhi\u1ec5u.<\/span><\/li>\n<li><span>Hi\u1ec7u su\u1ea5t \u1ed5n \u0111\u1ecbnh v\u1edbi ph\u01a1i s\u00e1ng \u0111\u1ed3ng th\u1eddi v\u00e0 laser.<\/span><\/li>\n<li><span>H\u1ed7 tr\u1ee3 \u0111\u1ea7u ra lo\u1ea1i d\u1eef li\u1ec7u c\u00f3 chi\u1ec1u d\u00e0i \/ chi\u1ec1u r\u1ed9ng \/ chi\u1ec1u cao, kh\u1ed1i l\u01b0\u1ee3ng t\u00edch h\u1ee3p, d\u1eef li\u1ec7u \u0111\u00e1m m\u00e2y \u0111i\u1ec3m v\u00e0 t\u1ecda \u0111\u1ed9 v\u1ecb tr\u00ed.<\/span><\/li>\n<\/ul>\n<p><strong><span>M\u1eabu c\u00f3 s\u1eb5n\u00a0<\/span><\/strong><\/p>\n<p><span>MV-DL2025-04H-H\u00a0<\/span><\/p>\n<p><strong><span>K\u00edch th\u01b0\u1edbc\u00a0<\/span><\/strong><\/p>\n<p><strong><img decoding=\"async\" loading=\"lazy\" title=\"1630479609099005568.png\" src=\"https:\/\/www.hikrobotics.com\/en2\/source\/ueditor\/image\/20210901\/1630479609099005568.png\" alt=\"image.png\" width=\"785\" height=\"462\" \/><\/strong><\/p>\n<p><span>* D\u1eef li\u1ec7u \u1edf \u0111\u00e2y c\u00f3 th\u1ec3 thay \u0111\u1ed5i t\u00f9y theo m\u00f4i tr\u01b0\u1eddng, \u0111\u1ed1i t\u01b0\u1ee3ng v\u00e0 c\u00e1c y\u1ebfu t\u1ed1 kh\u00e1c nhau, v\u00e0 HIKROBOT s\u1ebd kh\u00f4ng ch\u1ecbu c\u00e1c h\u1eadu qu\u1ea3 ph\u00e1t sinh t\u1eeb \u0111\u00f3.<\/span><\/p>\n","protected":false},"featured_media":646,"comment_status":"open","ping_status":"closed","template":"","meta":[],"product_cat":[65,101],"product_tag":[],"yoast_head":"<!-- This site is optimized with the Yoast SEO plugin v20.1 - https:\/\/yoast.com\/wordpress\/plugins\/seo\/ -->\n<title>MV-DL2025-04H-H - hikrobotics<\/title>\n<meta name=\"robots\" content=\"index, follow, max-snippet:-1, max-image-preview:large, max-video-preview:-1\" \/>\n<link rel=\"canonical\" href=\"https:\/\/hikrobotics.vn\/?product=mv-dl2025-04h-h\" \/>\n<meta property=\"og:locale\" content=\"vi_VN\" \/>\n<meta property=\"og:type\" content=\"article\" \/>\n<meta property=\"og:title\" content=\"MV-DL2025-04H-H - hikrobotics\" \/>\n<meta property=\"og:description\" content=\"T\u00ednh n\u0103ng ch\u00ednh  \u00c1p d\u1ee5ng thu\u1eadt to\u00e1n d\u1ea3i \u0111\u1ed9ng r\u1ed9ng \u0111\u1ec3 \u0111o ch\u00ednh x\u00e1c c\u00e1c v\u1eadt li\u1ec7u c\u00f3 \u0111\u1ed9 h\u1ea5p th\u1ee5 cao ho\u1eb7c ph\u1ea3n x\u1ea1 cao.  T\u1ed1c \u0111\u1ed9 ph\u00e1t hi\u1ec7n l\u00ean \u0111\u1ebfn 3 m \/ s v\u00e0 \u0111\u1ed9 ch\u00ednh x\u00e1c 5 mm.  S\u1eed d\u1ee5ng m\u00f4-\u0111un laser c\u00f4ng su\u1ea5t cao v\u1edbi d\u1ea3i \u0111\u1ed9ng r\u1ed9ng.  S\u1eed d\u1ee5ng b\u1ed9 l\u1ecdc b\u0103ng th\u00f4ng h\u1eb9p \u0111\u1ec3 tri\u1ec7t ti\u00eau nhi\u1ec5u.  Hi\u1ec7u su\u1ea5t \u1ed5n \u0111\u1ecbnh v\u1edbi ph\u01a1i s\u00e1ng \u0111\u1ed3ng th\u1eddi v\u00e0 laser.  H\u1ed7 tr\u1ee3 \u0111\u1ea7u ra lo\u1ea1i d\u1eef li\u1ec7u c\u00f3 chi\u1ec1u d\u00e0i \/ chi\u1ec1u r\u1ed9ng \/ chi\u1ec1u cao, kh\u1ed1i l\u01b0\u1ee3ng t\u00edch h\u1ee3p, d\u1eef li\u1ec7u \u0111\u00e1m m\u00e2y \u0111i\u1ec3m v\u00e0 t\u1ecda \u0111\u1ed9 v\u1ecb tr\u00ed. M\u1eabu c\u00f3 s\u1eb5n\u00a0 MV-DL2025-04H-H\u00a0 K\u00edch th\u01b0\u1edbc\u00a0  * D\u1eef li\u1ec7u \u1edf \u0111\u00e2y c\u00f3 th\u1ec3 thay \u0111\u1ed5i t\u00f9y theo m\u00f4i tr\u01b0\u1eddng, \u0111\u1ed1i t\u01b0\u1ee3ng v\u00e0 c\u00e1c y\u1ebfu t\u1ed1 kh\u00e1c nhau, v\u00e0 HIKROBOT s\u1ebd kh\u00f4ng ch\u1ecbu c\u00e1c h\u1eadu qu\u1ea3 ph\u00e1t sinh t\u1eeb \u0111\u00f3.\" \/>\n<meta property=\"og:url\" content=\"https:\/\/hikrobotics.vn\/?product=mv-dl2025-04h-h\" \/>\n<meta property=\"og:site_name\" content=\"hikrobotics\" \/>\n<meta property=\"article:publisher\" content=\"https:\/\/www.facebook.com\/hikroboticsvn\" \/>\n<meta property=\"og:image\" content=\"https:\/\/hikrobotics.vn\/wp-content\/uploads\/2022\/01\/20210901063552572.png\" \/>\n\t<meta property=\"og:image:width\" content=\"360\" \/>\n\t<meta property=\"og:image:height\" content=\"360\" \/>\n\t<meta property=\"og:image:type\" content=\"image\/png\" \/>\n<meta name=\"twitter:card\" content=\"summary_large_image\" \/>\n<meta name=\"twitter:label1\" content=\"\u01af\u1edbc t\u00ednh th\u1eddi gian \u0111\u1ecdc\" \/>\n\t<meta name=\"twitter:data1\" content=\"2 ph\u00fat\" \/>\n<script type=\"application\/ld+json\" class=\"yoast-schema-graph\">{\"@context\":\"https:\/\/schema.org\",\"@graph\":[{\"@type\":\"WebPage\",\"@id\":\"https:\/\/hikrobotics.vn\/?product=mv-dl2025-04h-h\",\"url\":\"https:\/\/hikrobotics.vn\/?product=mv-dl2025-04h-h\",\"name\":\"MV-DL2025-04H-H - hikrobotics\",\"isPartOf\":{\"@id\":\"https:\/\/hikrobotics.vn\/#website\"},\"datePublished\":\"2022-01-17T09:37:18+00:00\",\"dateModified\":\"2022-01-17T09:37:18+00:00\",\"breadcrumb\":{\"@id\":\"https:\/\/hikrobotics.vn\/?product=mv-dl2025-04h-h#breadcrumb\"},\"inLanguage\":\"vi\",\"potentialAction\":[{\"@type\":\"ReadAction\",\"target\":[\"https:\/\/hikrobotics.vn\/?product=mv-dl2025-04h-h\"]}]},{\"@type\":\"BreadcrumbList\",\"@id\":\"https:\/\/hikrobotics.vn\/?product=mv-dl2025-04h-h#breadcrumb\",\"itemListElement\":[{\"@type\":\"ListItem\",\"position\":1,\"name\":\"Trang ch\u1ee7\",\"item\":\"https:\/\/hikrobotics.vn\/\"},{\"@type\":\"ListItem\",\"position\":2,\"name\":\"S\u1ea3n ph\u1ea9m\",\"item\":\"https:\/\/hikrobotics.vn\/?post_type=product\"},{\"@type\":\"ListItem\",\"position\":3,\"name\":\"MV-DL2025-04H-H\"}]},{\"@type\":\"WebSite\",\"@id\":\"https:\/\/hikrobotics.vn\/#website\",\"url\":\"https:\/\/hikrobotics.vn\/\",\"name\":\"hikrobotics\",\"description\":\"S\u1ef1 h\u00e0i l\u00f2ng c\u1ee7a qu\u00fd kh\u00e1ch l\u00e0 th\u00e0nh c\u00f4ng c\u1ee7a ch\u00fang t\u00f4i\",\"publisher\":{\"@id\":\"https:\/\/hikrobotics.vn\/#organization\"},\"potentialAction\":[{\"@type\":\"SearchAction\",\"target\":{\"@type\":\"EntryPoint\",\"urlTemplate\":\"https:\/\/hikrobotics.vn\/?s={search_term_string}\"},\"query-input\":\"required name=search_term_string\"}],\"inLanguage\":\"vi\"},{\"@type\":\"Organization\",\"@id\":\"https:\/\/hikrobotics.vn\/#organization\",\"name\":\"hikrobotics\",\"url\":\"https:\/\/hikrobotics.vn\/\",\"logo\":{\"@type\":\"ImageObject\",\"inLanguage\":\"vi\",\"@id\":\"https:\/\/hikrobotics.vn\/#\/schema\/logo\/image\/\",\"url\":\"http:\/\/hikrobotics.vn\/wp-content\/uploads\/2023\/02\/logo.png\",\"contentUrl\":\"http:\/\/hikrobotics.vn\/wp-content\/uploads\/2023\/02\/logo.png\",\"width\":3366,\"height\":1063,\"caption\":\"hikrobotics\"},\"image\":{\"@id\":\"https:\/\/hikrobotics.vn\/#\/schema\/logo\/image\/\"},\"sameAs\":[\"https:\/\/www.facebook.com\/hikroboticsvn\"]}]}<\/script>\n<!-- \/ Yoast SEO plugin. -->","yoast_head_json":{"title":"MV-DL2025-04H-H - hikrobotics","robots":{"index":"index","follow":"follow","max-snippet":"max-snippet:-1","max-image-preview":"max-image-preview:large","max-video-preview":"max-video-preview:-1"},"canonical":"https:\/\/hikrobotics.vn\/?product=mv-dl2025-04h-h","og_locale":"vi_VN","og_type":"article","og_title":"MV-DL2025-04H-H - hikrobotics","og_description":"T\u00ednh n\u0103ng ch\u00ednh  \u00c1p d\u1ee5ng thu\u1eadt to\u00e1n d\u1ea3i \u0111\u1ed9ng r\u1ed9ng \u0111\u1ec3 \u0111o ch\u00ednh x\u00e1c c\u00e1c v\u1eadt li\u1ec7u c\u00f3 \u0111\u1ed9 h\u1ea5p th\u1ee5 cao ho\u1eb7c ph\u1ea3n x\u1ea1 cao.  T\u1ed1c \u0111\u1ed9 ph\u00e1t hi\u1ec7n l\u00ean \u0111\u1ebfn 3 m \/ s v\u00e0 \u0111\u1ed9 ch\u00ednh x\u00e1c 5 mm.  S\u1eed d\u1ee5ng m\u00f4-\u0111un laser c\u00f4ng su\u1ea5t cao v\u1edbi d\u1ea3i \u0111\u1ed9ng r\u1ed9ng.  S\u1eed d\u1ee5ng b\u1ed9 l\u1ecdc b\u0103ng th\u00f4ng h\u1eb9p \u0111\u1ec3 tri\u1ec7t ti\u00eau nhi\u1ec5u.  Hi\u1ec7u su\u1ea5t \u1ed5n \u0111\u1ecbnh v\u1edbi ph\u01a1i s\u00e1ng \u0111\u1ed3ng th\u1eddi v\u00e0 laser.  H\u1ed7 tr\u1ee3 \u0111\u1ea7u ra lo\u1ea1i d\u1eef li\u1ec7u c\u00f3 chi\u1ec1u d\u00e0i \/ chi\u1ec1u r\u1ed9ng \/ chi\u1ec1u cao, kh\u1ed1i l\u01b0\u1ee3ng t\u00edch h\u1ee3p, d\u1eef li\u1ec7u \u0111\u00e1m m\u00e2y \u0111i\u1ec3m v\u00e0 t\u1ecda \u0111\u1ed9 v\u1ecb tr\u00ed. M\u1eabu c\u00f3 s\u1eb5n\u00a0 MV-DL2025-04H-H\u00a0 K\u00edch th\u01b0\u1edbc\u00a0  * D\u1eef li\u1ec7u \u1edf \u0111\u00e2y c\u00f3 th\u1ec3 thay \u0111\u1ed5i t\u00f9y theo m\u00f4i tr\u01b0\u1eddng, \u0111\u1ed1i t\u01b0\u1ee3ng v\u00e0 c\u00e1c y\u1ebfu t\u1ed1 kh\u00e1c nhau, v\u00e0 HIKROBOT s\u1ebd kh\u00f4ng ch\u1ecbu c\u00e1c h\u1eadu qu\u1ea3 ph\u00e1t sinh t\u1eeb \u0111\u00f3.","og_url":"https:\/\/hikrobotics.vn\/?product=mv-dl2025-04h-h","og_site_name":"hikrobotics","article_publisher":"https:\/\/www.facebook.com\/hikroboticsvn","og_image":[{"width":360,"height":360,"url":"https:\/\/hikrobotics.vn\/wp-content\/uploads\/2022\/01\/20210901063552572.png","type":"image\/png"}],"twitter_card":"summary_large_image","twitter_misc":{"\u01af\u1edbc t\u00ednh th\u1eddi gian \u0111\u1ecdc":"2 ph\u00fat"},"schema":{"@context":"https:\/\/schema.org","@graph":[{"@type":"WebPage","@id":"https:\/\/hikrobotics.vn\/?product=mv-dl2025-04h-h","url":"https:\/\/hikrobotics.vn\/?product=mv-dl2025-04h-h","name":"MV-DL2025-04H-H - hikrobotics","isPartOf":{"@id":"https:\/\/hikrobotics.vn\/#website"},"datePublished":"2022-01-17T09:37:18+00:00","dateModified":"2022-01-17T09:37:18+00:00","breadcrumb":{"@id":"https:\/\/hikrobotics.vn\/?product=mv-dl2025-04h-h#breadcrumb"},"inLanguage":"vi","potentialAction":[{"@type":"ReadAction","target":["https:\/\/hikrobotics.vn\/?product=mv-dl2025-04h-h"]}]},{"@type":"BreadcrumbList","@id":"https:\/\/hikrobotics.vn\/?product=mv-dl2025-04h-h#breadcrumb","itemListElement":[{"@type":"ListItem","position":1,"name":"Trang ch\u1ee7","item":"https:\/\/hikrobotics.vn\/"},{"@type":"ListItem","position":2,"name":"S\u1ea3n ph\u1ea9m","item":"https:\/\/hikrobotics.vn\/?post_type=product"},{"@type":"ListItem","position":3,"name":"MV-DL2025-04H-H"}]},{"@type":"WebSite","@id":"https:\/\/hikrobotics.vn\/#website","url":"https:\/\/hikrobotics.vn\/","name":"hikrobotics","description":"S\u1ef1 h\u00e0i l\u00f2ng c\u1ee7a qu\u00fd kh\u00e1ch l\u00e0 th\u00e0nh c\u00f4ng c\u1ee7a ch\u00fang t\u00f4i","publisher":{"@id":"https:\/\/hikrobotics.vn\/#organization"},"potentialAction":[{"@type":"SearchAction","target":{"@type":"EntryPoint","urlTemplate":"https:\/\/hikrobotics.vn\/?s={search_term_string}"},"query-input":"required name=search_term_string"}],"inLanguage":"vi"},{"@type":"Organization","@id":"https:\/\/hikrobotics.vn\/#organization","name":"hikrobotics","url":"https:\/\/hikrobotics.vn\/","logo":{"@type":"ImageObject","inLanguage":"vi","@id":"https:\/\/hikrobotics.vn\/#\/schema\/logo\/image\/","url":"http:\/\/hikrobotics.vn\/wp-content\/uploads\/2023\/02\/logo.png","contentUrl":"http:\/\/hikrobotics.vn\/wp-content\/uploads\/2023\/02\/logo.png","width":3366,"height":1063,"caption":"hikrobotics"},"image":{"@id":"https:\/\/hikrobotics.vn\/#\/schema\/logo\/image\/"},"sameAs":["https:\/\/www.facebook.com\/hikroboticsvn"]}]}},"_links":{"self":[{"href":"https:\/\/hikrobotics.vn\/index.php?rest_route=\/wp\/v2\/product\/652"}],"collection":[{"href":"https:\/\/hikrobotics.vn\/index.php?rest_route=\/wp\/v2\/product"}],"about":[{"href":"https:\/\/hikrobotics.vn\/index.php?rest_route=\/wp\/v2\/types\/product"}],"replies":[{"embeddable":true,"href":"https:\/\/hikrobotics.vn\/index.php?rest_route=%2Fwp%2Fv2%2Fcomments&post=652"}],"wp:featuredmedia":[{"embeddable":true,"href":"https:\/\/hikrobotics.vn\/index.php?rest_route=\/wp\/v2\/media\/646"}],"wp:attachment":[{"href":"https:\/\/hikrobotics.vn\/index.php?rest_route=%2Fwp%2Fv2%2Fmedia&parent=652"}],"wp:term":[{"taxonomy":"product_cat","embeddable":true,"href":"https:\/\/hikrobotics.vn\/index.php?rest_route=%2Fwp%2Fv2%2Fproduct_cat&post=652"},{"taxonomy":"product_tag","embeddable":true,"href":"https:\/\/hikrobotics.vn\/index.php?rest_route=%2Fwp%2Fv2%2Fproduct_tag&post=652"}],"curies":[{"name":"wp","href":"https:\/\/api.w.org\/{rel}","templated":true}]}}