{"id":635,"date":"2022-01-17T09:03:48","date_gmt":"2022-01-17T09:03:48","guid":{"rendered":"hikrobotics.vn?post_type=product&amp;p=635"},"modified":"2022-01-17T09:03:48","modified_gmt":"2022-01-17T09:03:48","slug":"mv-vc4719-350rt","status":"publish","type":"product","link":"https:\/\/hikrobotics.vn\/?product=mv-vc4719-350rt","title":{"rendered":"MV-VC4719-350RT"},"content":{"rendered":"<table class=\"table-style\" cellspacing=\"0\" cellpadding=\"0\" data-v-eb8300fa=\"\">\n<tbody>\n<tr data-v-eb8300fa=\"\">\n<td class=\"bod\" rowspan=\"5\" width=\"12%\" data-v-eb8300fa=\"\"><span>M\u00f4 h\u00ecnh<\/span><\/td>\n<td class=\"bod\" width=\"16%\" data-v-eb8300fa=\"\"><span>CPU<\/span><\/td>\n<td width=\"72%\" data-v-eb8300fa=\"\"><span>Intel core i7 3,4 GHz, t\u0103ng t\u1ed1c t\u1ed1i \u0111a 4,0 GHz<\/span><\/td>\n<\/tr>\n<tr data-v-eb8300fa=\"\">\n<td class=\"bod\" width=\"16%\" data-v-eb8300fa=\"\"><span>K\u1ec9 ni\u1ec7m<\/span><\/td>\n<td width=\"72%\" data-v-eb8300fa=\"\"><span>8 GB<\/span><\/td>\n<\/tr>\n<tr data-v-eb8300fa=\"\">\n<td class=\"bod\" width=\"16%\" data-v-eb8300fa=\"\"><span>Kho<\/span><\/td>\n<td width=\"72%\" data-v-eb8300fa=\"\"><span>128 GB SSD + 2 TB SATA HDD<\/span><\/td>\n<\/tr>\n<tr data-v-eb8300fa=\"\">\n<td class=\"bod\" width=\"16%\" data-v-eb8300fa=\"\"><span>GPU<\/span><\/td>\n<td width=\"72%\" data-v-eb8300fa=\"\"><span>\u0110\u1ed3 h\u1ecda Intel HD 530<\/span><\/td>\n<\/tr>\n<tr data-v-eb8300fa=\"\">\n<td class=\"bod\" width=\"16%\" data-v-eb8300fa=\"\"><span>H\u1ec7 \u0111i\u1ec1u h\u00e0nh<\/span><\/td>\n<td width=\"72%\" data-v-eb8300fa=\"\"><span>Windows 10 bao g\u1ed3m<\/span><\/td>\n<\/tr>\n<tr data-v-eb8300fa=\"\">\n<td class=\"bod\" rowspan=\"7\" width=\"12%\" data-v-eb8300fa=\"\"><span>Giao di\u1ec7n b\u00ean ngo\u00e0i<\/span><\/td>\n<td class=\"bod\" width=\"16%\" data-v-eb8300fa=\"\"><span>\u0110\u1ea7u ra video<\/span><\/td>\n<td width=\"72%\" data-v-eb8300fa=\"\"><span>Giao di\u1ec7n HDMI \u00d7 1, Giao di\u1ec7n VGA \u00d7 1, H\u1ed7 tr\u1ee3 hi\u1ec3n th\u1ecb \u0111\u1ed9c l\u1eadp, t\u1ed1i \u0111a.\u00a0\u0111\u1ed9 ph\u00e2n gi\u1ea3i: 4096 \u00d7 2304<\/span><\/td>\n<\/tr>\n<tr data-v-eb8300fa=\"\">\n<td class=\"bod\" width=\"16%\" data-v-eb8300fa=\"\"><span>GPIO<\/span><\/td>\n<td width=\"72%\" data-v-eb8300fa=\"\"><span>\u0110\u1ea7u v\u00e0o c\u00e1ch ly quang \u00d7 8, \u0111\u1ea7u ra c\u00e1ch ly quang \u00d7 8 (h\u1ed7 tr\u1ee3 c\u00f4ng t\u1eafc NPN \/ PNP)<\/span><\/td>\n<\/tr>\n<tr data-v-eb8300fa=\"\">\n<td class=\"bod\" width=\"16%\" data-v-eb8300fa=\"\"><span>Giao di\u1ec7n nh\u1eb9<\/span><\/td>\n<td width=\"72%\" data-v-eb8300fa=\"\"><span>Giao di\u1ec7n \u00e1nh s\u00e1ng v\u1edbi \u0111i\u1ec7n \u00e1p kh\u00f4ng \u0111\u1ed5i 24 VAC \u00d7 4, \u0111\u1ed9 s\u00e1ng c\u00f3 th\u1ec3 \u0111i\u1ec1u khi\u1ec3n \u0111\u01b0\u1ee3c;\u00a0T\u1ed1i \u0111a\u00a0hi\u1ec7n t\u1ea1i 2,5 A cho giao di\u1ec7n \u00e1nh s\u00e1ng \u0111\u01a1n;\u00a0T\u1ed1i \u0111a\u00a0c\u00f4ng su\u1ea5t ti\u00eau th\u1ee5: 70 W;\u00a0H\u1ed7 tr\u1ee3 nh\u1ea5p nh\u00e1y k\u00edch ho\u1ea1t b\u00ean ngo\u00e0i v\u00e0 chuy\u1ec3n \u0111\u1ed5i ch\u1ebf \u0111\u1ed9 r\u1eafn<\/span><\/td>\n<\/tr>\n<tr data-v-eb8300fa=\"\">\n<td class=\"bod\" width=\"16%\" data-v-eb8300fa=\"\"><span>Giao di\u1ec7n m\u1ea1ng<\/span><\/td>\n<td width=\"72%\" data-v-eb8300fa=\"\"><span>Giao di\u1ec7n Intel GigE x 2, 4 Giao di\u1ec7n GigE t\u00edch h\u1ee3p v\u00e0 POE NIC<\/span><\/td>\n<\/tr>\n<tr data-v-eb8300fa=\"\">\n<td class=\"bod\" width=\"16%\" data-v-eb8300fa=\"\"><span>Giao di\u1ec7n USB<\/span><\/td>\n<td width=\"72%\" data-v-eb8300fa=\"\"><span>USB3.0 \u00d7 8, t\u00edch h\u1ee3p USB3.0 \u00d7 2<\/span><\/td>\n<\/tr>\n<tr data-v-eb8300fa=\"\">\n<td class=\"bod\" width=\"16%\" data-v-eb8300fa=\"\"><span>C\u1ed5ng n\u1ed1i ti\u1ebfp<\/span><\/td>\n<td width=\"72%\" data-v-eb8300fa=\"\"><span>RS-232 \u00d7 2<\/span><\/td>\n<\/tr>\n<tr data-v-eb8300fa=\"\">\n<td class=\"bod\" width=\"16%\" data-v-eb8300fa=\"\"><span>Giao di\u1ec7n ti\u1ec7n \u00edch m\u1edf r\u1ed9ng<\/span><\/td>\n<td width=\"72%\" data-v-eb8300fa=\"\"><span>PCIe x16 (\u00d7 1) ho\u1eb7c PCIe x8 (\u00d7 2), PCI (\u00d7 1), PCIe x4 (\u00d7 1)<\/span><\/td>\n<\/tr>\n<tr data-v-eb8300fa=\"\">\n<td class=\"bod\" rowspan=\"2\" width=\"12%\" data-v-eb8300fa=\"\"><span>T\u00ednh n\u0103ng \u0111i\u1ec7n<\/span><\/td>\n<td class=\"bod\" width=\"16%\" data-v-eb8300fa=\"\"><span>Ngu\u1ed3n c\u1ea5p<\/span><\/td>\n<td width=\"72%\" data-v-eb8300fa=\"\"><span>100 VAC \u0111\u1ebfn 240 VAC<\/span><\/td>\n<\/tr>\n<tr data-v-eb8300fa=\"\">\n<td class=\"bod\" width=\"16%\" data-v-eb8300fa=\"\"><span>S\u1ef1 ti\u00eau th\u1ee5 n\u0103ng l\u01b0\u1ee3ng<\/span><\/td>\n<td width=\"72%\" data-v-eb8300fa=\"\"><span>\u2264 350 W<\/span><\/td>\n<\/tr>\n<tr data-v-eb8300fa=\"\">\n<td class=\"bod\" rowspan=\"4\" width=\"12%\" data-v-eb8300fa=\"\"><span>C\u01a1 kh\u00ed<\/span><\/td>\n<td class=\"bod\" width=\"16%\" data-v-eb8300fa=\"\"><span>K\u00edch th\u01b0\u1edbc<\/span><\/td>\n<td width=\"72%\" data-v-eb8300fa=\"\"><span>306 mm \u00d7 180 mm \u00d7 287 mm (12,0 &#8220;\u00d7 7,1&#8221; \u00d7 11,3 &#8220;)<\/span><\/td>\n<\/tr>\n<tr data-v-eb8300fa=\"\">\n<td class=\"bod\" width=\"16%\" data-v-eb8300fa=\"\"><span>Tr\u1ecdng l\u01b0\u1ee3ng<\/span><\/td>\n<td width=\"72%\" data-v-eb8300fa=\"\"><span>Kho\u1ea3ng\u00a07,5 kg (16,5 lb.)<\/span><\/td>\n<\/tr>\n<tr data-v-eb8300fa=\"\">\n<td class=\"bod\" width=\"16%\" data-v-eb8300fa=\"\"><span>Nhi\u1ec7t \u0111\u1ed9<\/span><\/td>\n<td width=\"72%\" data-v-eb8300fa=\"\"><span>-10 \u00b0 C \u0111\u1ebfn 50 \u00b0 C (14 \u00b0 F \u0111\u1ebfn 122 \u00b0 F)<\/span><\/td>\n<\/tr>\n<tr data-v-eb8300fa=\"\">\n<td class=\"bod\" width=\"16%\" data-v-eb8300fa=\"\"><span>\u0110\u1ed9 \u1ea9m<\/span><\/td>\n<td width=\"72%\" data-v-eb8300fa=\"\"><span>20% \u0111\u1ebfn 95% RH, kh\u00f4ng ng\u01b0ng t\u1ee5<\/span><\/td>\n<\/tr>\n<tr data-v-eb8300fa=\"\">\n<td class=\"bod\" rowspan=\"1\" width=\"12%\" data-v-eb8300fa=\"\"><span>T\u1ed5ng quan<\/span><\/td>\n<td class=\"bod\" width=\"16%\" data-v-eb8300fa=\"\"><span>Ch\u1ee9ng ch\u1ec9<\/span><\/td>\n<td width=\"72%\" data-v-eb8300fa=\"\"><span>CCC, CE, FCC<\/span><\/td>\n<\/tr>\n<\/tbody>\n<\/table>\n","protected":false},"excerpt":{"rendered":"<p><strong><span>T\u00ednh n\u0103ng ch\u00ednh<\/span><\/strong><\/p>\n<ul class=\" list-paddingleft-2\">\n<li><span>CPU Intel i7 t\u00edch h\u1ee3p v\u00e0 h\u1ed7 tr\u1ee3 GPU1660.<\/span><\/li>\n<li><span>S\u1eed d\u1ee5ng nhi\u1ec1u khe c\u1eafm m\u1edf r\u1ed9ng \u0111\u1ec3 k\u1ebft n\u1ed1i v\u1edbi c\u00e1c b\u1ed9 l\u1ea5y khung kh\u00e1c nhau.<\/span><\/li>\n<li><span>T\u00edch h\u1ee3p 4 giao di\u1ec7n \u00e1nh s\u00e1ng v\u1edbi \u0111i\u1ec7n \u00e1p kh\u00f4ng \u0111\u1ed5i.<\/span><\/li>\n<li><span>H\u1ed7 tr\u1ee3 16 \u0111\u1ea7u v\u00e0o v\u00e0 \u0111\u1ea7u ra GPIO v\u00e0 c\u00f4ng t\u1eafc NPN \/ PNP.<\/span><\/li>\n<li><span>H\u1ed7 tr\u1ee3 POE NIC c\u00f3 th\u1ec3 m\u1edf r\u1ed9ng.<\/span><\/li>\n<li><span>T\u00edch h\u1ee3p khe c\u1eafm dongle USB 3.0 k\u00e9p.<\/span><\/li>\n<li><span>S\u1eed d\u1ee5ng giao di\u1ec7n Intel GigE \u0111\u1ec3 truy\u1ec1n h\u00ecnh \u1ea3nh.<\/span><\/li>\n<\/ul>\n<p><strong><span>M\u1eabu c\u00f3 s\u1eb5n<\/span><\/strong><\/p>\n<p><span>MV-VC4719-350RT<\/span><\/p>\n<p><strong><span>K\u00edch th\u01b0\u1edbc<\/span><\/strong><\/p>\n<p><img decoding=\"async\" title=\"1609385424676000734.png\" src=\"https:\/\/www.hikrobotics.com\/en2\/ueditor\/image\/20201231\/1609385424676000734.png\" alt=\"image.png\" \/><\/p>\n<p><span>* D\u1eef li\u1ec7u \u1edf \u0111\u00e2y c\u00f3 th\u1ec3 thay \u0111\u1ed5i t\u00f9y theo m\u00f4i tr\u01b0\u1eddng, \u0111\u1ed1i t\u01b0\u1ee3ng v\u00e0 c\u00e1c y\u1ebfu t\u1ed1 kh\u00e1c nhau v\u00e0 HIKROBOT s\u1ebd kh\u00f4ng ch\u1ea5p nh\u1eadn<\/span><\/p>\n","protected":false},"featured_media":637,"comment_status":"open","ping_status":"closed","template":"","meta":[],"product_cat":[121,62,101],"product_tag":[100],"yoast_head":"<!-- This site is optimized with the Yoast SEO plugin v20.1 - https:\/\/yoast.com\/wordpress\/plugins\/seo\/ -->\n<title>MV-VC4719-350RT - hikrobotics<\/title>\n<meta name=\"robots\" content=\"index, follow, max-snippet:-1, max-image-preview:large, max-video-preview:-1\" \/>\n<link rel=\"canonical\" href=\"https:\/\/hikrobotics.vn\/?product=mv-vc4719-350rt\" \/>\n<meta property=\"og:locale\" content=\"vi_VN\" \/>\n<meta property=\"og:type\" content=\"article\" \/>\n<meta property=\"og:title\" content=\"MV-VC4719-350RT - hikrobotics\" \/>\n<meta property=\"og:description\" content=\"T\u00ednh n\u0103ng ch\u00ednh  CPU Intel i7 t\u00edch h\u1ee3p v\u00e0 h\u1ed7 tr\u1ee3 GPU1660.  S\u1eed d\u1ee5ng nhi\u1ec1u khe c\u1eafm m\u1edf r\u1ed9ng \u0111\u1ec3 k\u1ebft n\u1ed1i v\u1edbi c\u00e1c b\u1ed9 l\u1ea5y khung kh\u00e1c nhau.  T\u00edch h\u1ee3p 4 giao di\u1ec7n \u00e1nh s\u00e1ng v\u1edbi \u0111i\u1ec7n \u00e1p kh\u00f4ng \u0111\u1ed5i.  H\u1ed7 tr\u1ee3 16 \u0111\u1ea7u v\u00e0o v\u00e0 \u0111\u1ea7u ra GPIO v\u00e0 c\u00f4ng t\u1eafc NPN \/ PNP.  H\u1ed7 tr\u1ee3 POE NIC c\u00f3 th\u1ec3 m\u1edf r\u1ed9ng.  T\u00edch h\u1ee3p khe c\u1eafm dongle USB 3.0 k\u00e9p.  S\u1eed d\u1ee5ng giao di\u1ec7n Intel GigE \u0111\u1ec3 truy\u1ec1n h\u00ecnh \u1ea3nh. M\u1eabu c\u00f3 s\u1eb5n MV-VC4719-350RT K\u00edch th\u01b0\u1edbc  * D\u1eef li\u1ec7u \u1edf \u0111\u00e2y c\u00f3 th\u1ec3 thay \u0111\u1ed5i t\u00f9y theo m\u00f4i tr\u01b0\u1eddng, \u0111\u1ed1i t\u01b0\u1ee3ng v\u00e0 c\u00e1c y\u1ebfu t\u1ed1 kh\u00e1c nhau v\u00e0 HIKROBOT s\u1ebd kh\u00f4ng ch\u1ea5p nh\u1eadn\" \/>\n<meta property=\"og:url\" content=\"https:\/\/hikrobotics.vn\/?product=mv-vc4719-350rt\" \/>\n<meta property=\"og:site_name\" content=\"hikrobotics\" \/>\n<meta property=\"article:publisher\" content=\"https:\/\/www.facebook.com\/hikroboticsvn\" \/>\n<meta property=\"og:image\" content=\"https:\/\/hikrobotics.vn\/wp-content\/uploads\/2022\/01\/20210113030943181.png\" \/>\n\t<meta property=\"og:image:width\" content=\"360\" \/>\n\t<meta property=\"og:image:height\" content=\"360\" \/>\n\t<meta property=\"og:image:type\" content=\"image\/png\" \/>\n<meta name=\"twitter:card\" content=\"summary_large_image\" \/>\n<meta name=\"twitter:label1\" content=\"\u01af\u1edbc t\u00ednh th\u1eddi gian \u0111\u1ecdc\" \/>\n\t<meta name=\"twitter:data1\" content=\"1 ph\u00fat\" \/>\n<script type=\"application\/ld+json\" class=\"yoast-schema-graph\">{\"@context\":\"https:\/\/schema.org\",\"@graph\":[{\"@type\":\"WebPage\",\"@id\":\"https:\/\/hikrobotics.vn\/?product=mv-vc4719-350rt\",\"url\":\"https:\/\/hikrobotics.vn\/?product=mv-vc4719-350rt\",\"name\":\"MV-VC4719-350RT - hikrobotics\",\"isPartOf\":{\"@id\":\"https:\/\/hikrobotics.vn\/#website\"},\"datePublished\":\"2022-01-17T09:03:48+00:00\",\"dateModified\":\"2022-01-17T09:03:48+00:00\",\"breadcrumb\":{\"@id\":\"https:\/\/hikrobotics.vn\/?product=mv-vc4719-350rt#breadcrumb\"},\"inLanguage\":\"vi\",\"potentialAction\":[{\"@type\":\"ReadAction\",\"target\":[\"https:\/\/hikrobotics.vn\/?product=mv-vc4719-350rt\"]}]},{\"@type\":\"BreadcrumbList\",\"@id\":\"https:\/\/hikrobotics.vn\/?product=mv-vc4719-350rt#breadcrumb\",\"itemListElement\":[{\"@type\":\"ListItem\",\"position\":1,\"name\":\"Trang ch\u1ee7\",\"item\":\"https:\/\/hikrobotics.vn\/\"},{\"@type\":\"ListItem\",\"position\":2,\"name\":\"S\u1ea3n ph\u1ea9m\",\"item\":\"https:\/\/hikrobotics.vn\/?post_type=product\"},{\"@type\":\"ListItem\",\"position\":3,\"name\":\"MV-VC4719-350RT\"}]},{\"@type\":\"WebSite\",\"@id\":\"https:\/\/hikrobotics.vn\/#website\",\"url\":\"https:\/\/hikrobotics.vn\/\",\"name\":\"hikrobotics\",\"description\":\"S\u1ef1 h\u00e0i l\u00f2ng c\u1ee7a qu\u00fd kh\u00e1ch l\u00e0 th\u00e0nh c\u00f4ng c\u1ee7a ch\u00fang t\u00f4i\",\"publisher\":{\"@id\":\"https:\/\/hikrobotics.vn\/#organization\"},\"potentialAction\":[{\"@type\":\"SearchAction\",\"target\":{\"@type\":\"EntryPoint\",\"urlTemplate\":\"https:\/\/hikrobotics.vn\/?s={search_term_string}\"},\"query-input\":\"required name=search_term_string\"}],\"inLanguage\":\"vi\"},{\"@type\":\"Organization\",\"@id\":\"https:\/\/hikrobotics.vn\/#organization\",\"name\":\"hikrobotics\",\"url\":\"https:\/\/hikrobotics.vn\/\",\"logo\":{\"@type\":\"ImageObject\",\"inLanguage\":\"vi\",\"@id\":\"https:\/\/hikrobotics.vn\/#\/schema\/logo\/image\/\",\"url\":\"http:\/\/hikrobotics.vn\/wp-content\/uploads\/2023\/02\/logo.png\",\"contentUrl\":\"http:\/\/hikrobotics.vn\/wp-content\/uploads\/2023\/02\/logo.png\",\"width\":3366,\"height\":1063,\"caption\":\"hikrobotics\"},\"image\":{\"@id\":\"https:\/\/hikrobotics.vn\/#\/schema\/logo\/image\/\"},\"sameAs\":[\"https:\/\/www.facebook.com\/hikroboticsvn\"]}]}<\/script>\n<!-- \/ Yoast SEO plugin. -->","yoast_head_json":{"title":"MV-VC4719-350RT - hikrobotics","robots":{"index":"index","follow":"follow","max-snippet":"max-snippet:-1","max-image-preview":"max-image-preview:large","max-video-preview":"max-video-preview:-1"},"canonical":"https:\/\/hikrobotics.vn\/?product=mv-vc4719-350rt","og_locale":"vi_VN","og_type":"article","og_title":"MV-VC4719-350RT - hikrobotics","og_description":"T\u00ednh n\u0103ng ch\u00ednh  CPU Intel i7 t\u00edch h\u1ee3p v\u00e0 h\u1ed7 tr\u1ee3 GPU1660.  S\u1eed d\u1ee5ng nhi\u1ec1u khe c\u1eafm m\u1edf r\u1ed9ng \u0111\u1ec3 k\u1ebft n\u1ed1i v\u1edbi c\u00e1c b\u1ed9 l\u1ea5y khung kh\u00e1c nhau.  T\u00edch h\u1ee3p 4 giao di\u1ec7n \u00e1nh s\u00e1ng v\u1edbi \u0111i\u1ec7n \u00e1p kh\u00f4ng \u0111\u1ed5i.  H\u1ed7 tr\u1ee3 16 \u0111\u1ea7u v\u00e0o v\u00e0 \u0111\u1ea7u ra GPIO v\u00e0 c\u00f4ng t\u1eafc NPN \/ PNP.  H\u1ed7 tr\u1ee3 POE NIC c\u00f3 th\u1ec3 m\u1edf r\u1ed9ng.  T\u00edch h\u1ee3p khe c\u1eafm dongle USB 3.0 k\u00e9p.  S\u1eed d\u1ee5ng giao di\u1ec7n Intel GigE \u0111\u1ec3 truy\u1ec1n h\u00ecnh \u1ea3nh. M\u1eabu c\u00f3 s\u1eb5n MV-VC4719-350RT K\u00edch th\u01b0\u1edbc  * D\u1eef li\u1ec7u \u1edf \u0111\u00e2y c\u00f3 th\u1ec3 thay \u0111\u1ed5i t\u00f9y theo m\u00f4i tr\u01b0\u1eddng, \u0111\u1ed1i t\u01b0\u1ee3ng v\u00e0 c\u00e1c y\u1ebfu t\u1ed1 kh\u00e1c nhau v\u00e0 HIKROBOT s\u1ebd kh\u00f4ng ch\u1ea5p nh\u1eadn","og_url":"https:\/\/hikrobotics.vn\/?product=mv-vc4719-350rt","og_site_name":"hikrobotics","article_publisher":"https:\/\/www.facebook.com\/hikroboticsvn","og_image":[{"width":360,"height":360,"url":"https:\/\/hikrobotics.vn\/wp-content\/uploads\/2022\/01\/20210113030943181.png","type":"image\/png"}],"twitter_card":"summary_large_image","twitter_misc":{"\u01af\u1edbc t\u00ednh th\u1eddi gian \u0111\u1ecdc":"1 ph\u00fat"},"schema":{"@context":"https:\/\/schema.org","@graph":[{"@type":"WebPage","@id":"https:\/\/hikrobotics.vn\/?product=mv-vc4719-350rt","url":"https:\/\/hikrobotics.vn\/?product=mv-vc4719-350rt","name":"MV-VC4719-350RT - hikrobotics","isPartOf":{"@id":"https:\/\/hikrobotics.vn\/#website"},"datePublished":"2022-01-17T09:03:48+00:00","dateModified":"2022-01-17T09:03:48+00:00","breadcrumb":{"@id":"https:\/\/hikrobotics.vn\/?product=mv-vc4719-350rt#breadcrumb"},"inLanguage":"vi","potentialAction":[{"@type":"ReadAction","target":["https:\/\/hikrobotics.vn\/?product=mv-vc4719-350rt"]}]},{"@type":"BreadcrumbList","@id":"https:\/\/hikrobotics.vn\/?product=mv-vc4719-350rt#breadcrumb","itemListElement":[{"@type":"ListItem","position":1,"name":"Trang ch\u1ee7","item":"https:\/\/hikrobotics.vn\/"},{"@type":"ListItem","position":2,"name":"S\u1ea3n ph\u1ea9m","item":"https:\/\/hikrobotics.vn\/?post_type=product"},{"@type":"ListItem","position":3,"name":"MV-VC4719-350RT"}]},{"@type":"WebSite","@id":"https:\/\/hikrobotics.vn\/#website","url":"https:\/\/hikrobotics.vn\/","name":"hikrobotics","description":"S\u1ef1 h\u00e0i l\u00f2ng c\u1ee7a qu\u00fd kh\u00e1ch l\u00e0 th\u00e0nh c\u00f4ng c\u1ee7a ch\u00fang t\u00f4i","publisher":{"@id":"https:\/\/hikrobotics.vn\/#organization"},"potentialAction":[{"@type":"SearchAction","target":{"@type":"EntryPoint","urlTemplate":"https:\/\/hikrobotics.vn\/?s={search_term_string}"},"query-input":"required name=search_term_string"}],"inLanguage":"vi"},{"@type":"Organization","@id":"https:\/\/hikrobotics.vn\/#organization","name":"hikrobotics","url":"https:\/\/hikrobotics.vn\/","logo":{"@type":"ImageObject","inLanguage":"vi","@id":"https:\/\/hikrobotics.vn\/#\/schema\/logo\/image\/","url":"http:\/\/hikrobotics.vn\/wp-content\/uploads\/2023\/02\/logo.png","contentUrl":"http:\/\/hikrobotics.vn\/wp-content\/uploads\/2023\/02\/logo.png","width":3366,"height":1063,"caption":"hikrobotics"},"image":{"@id":"https:\/\/hikrobotics.vn\/#\/schema\/logo\/image\/"},"sameAs":["https:\/\/www.facebook.com\/hikroboticsvn"]}]}},"_links":{"self":[{"href":"https:\/\/hikrobotics.vn\/index.php?rest_route=\/wp\/v2\/product\/635"}],"collection":[{"href":"https:\/\/hikrobotics.vn\/index.php?rest_route=\/wp\/v2\/product"}],"about":[{"href":"https:\/\/hikrobotics.vn\/index.php?rest_route=\/wp\/v2\/types\/product"}],"replies":[{"embeddable":true,"href":"https:\/\/hikrobotics.vn\/index.php?rest_route=%2Fwp%2Fv2%2Fcomments&post=635"}],"wp:featuredmedia":[{"embeddable":true,"href":"https:\/\/hikrobotics.vn\/index.php?rest_route=\/wp\/v2\/media\/637"}],"wp:attachment":[{"href":"https:\/\/hikrobotics.vn\/index.php?rest_route=%2Fwp%2Fv2%2Fmedia&parent=635"}],"wp:term":[{"taxonomy":"product_cat","embeddable":true,"href":"https:\/\/hikrobotics.vn\/index.php?rest_route=%2Fwp%2Fv2%2Fproduct_cat&post=635"},{"taxonomy":"product_tag","embeddable":true,"href":"https:\/\/hikrobotics.vn\/index.php?rest_route=%2Fwp%2Fv2%2Fproduct_tag&post=635"}],"curies":[{"name":"wp","href":"https:\/\/api.w.org\/{rel}","templated":true}]}}