{"id":634,"date":"2022-01-17T09:02:02","date_gmt":"2022-01-17T09:02:02","guid":{"rendered":"hikrobotics.vn?post_type=product&amp;p=634"},"modified":"2025-04-12T20:30:16","modified_gmt":"2025-04-12T20:30:16","slug":"mv-vb2220-120g","status":"publish","type":"product","link":"https:\/\/hikrobotics.vn\/?product=mv-vb2220-120g","title":{"rendered":"MV-VB2220-120G"},"content":{"rendered":"<div class=\"main-container\" data-v-c57e67b0=\"\">\n<div class=\"content-wrap\" data-v-6fc09a35=\"\" data-v-c57e67b0=\"\">\n<div class=\"display-wrap\" data-v-6fc09a35=\"\">\n<article data-v-6fc09a35=\"\">\n<div class=\"detail-mian-wrap\" data-v-eb8300fa=\"\" data-v-6fc09a35=\"\">\n<div class=\"table-wrap\" data-v-eb8300fa=\"\">\n<table class=\"table-style\" cellspacing=\"0\" cellpadding=\"0\" data-v-eb8300fa=\"\">\n<tbody>\n<tr data-v-eb8300fa=\"\">\n<td class=\"bod\" rowspan=\"2\" width=\"12%\" data-v-eb8300fa=\"\"><span>M\u00f4 h\u00ecnh<\/span><\/td>\n<td class=\"bod\" width=\"16%\" data-v-eb8300fa=\"\"><span>T\u00ean<\/span><\/td>\n<td width=\"72%\" data-v-eb8300fa=\"\"><span>MV-VB2220-120G<\/span><\/td>\n<\/tr>\n<tr data-v-eb8300fa=\"\">\n<td class=\"bod\" width=\"16%\" data-v-eb8300fa=\"\"><span>Lo\u1ea1i<\/span><\/td>\n<td width=\"72%\" data-v-eb8300fa=\"\"><span>H\u1ed9p T\u1ea7m nh\u00ecn N\u1ec1n t\u1ea3ng Intel Bay Trail<\/span><\/td>\n<\/tr>\n<tr data-v-eb8300fa=\"\">\n<td class=\"bod\" rowspan=\"5\" width=\"12%\" data-v-eb8300fa=\"\"><span>M\u00e0n bi\u1ec3u di\u1ec5n<\/span><\/td>\n<td class=\"bod\" width=\"16%\" data-v-eb8300fa=\"\"><span>CPU<\/span><\/td>\n<td width=\"72%\" data-v-eb8300fa=\"\"><span>Intel E3845, l\u00f5i t\u1ee9 1,91 GHz<\/span><\/td>\n<\/tr>\n<tr data-v-eb8300fa=\"\">\n<td class=\"bod\" width=\"16%\" data-v-eb8300fa=\"\"><span>K\u1ec9 ni\u1ec7m<\/span><\/td>\n<td width=\"72%\" data-v-eb8300fa=\"\"><span>4GB DDR3L-1333<\/span><\/td>\n<\/tr>\n<tr data-v-eb8300fa=\"\">\n<td class=\"bod\" width=\"16%\" data-v-eb8300fa=\"\"><span>Kho<\/span><\/td>\n<td width=\"72%\" data-v-eb8300fa=\"\"><span>SSD 128GB<\/span><\/td>\n<\/tr>\n<tr data-v-eb8300fa=\"\">\n<td class=\"bod\" width=\"16%\" data-v-eb8300fa=\"\"><span>GPU<\/span><\/td>\n<td width=\"72%\" data-v-eb8300fa=\"\"><span>T\u00edch h\u1ee3p GPU Gen7;\u00a0h\u1ed7 tr\u1ee3 t\u0103ng t\u1ed1c ph\u1ea7n c\u1ee9ng h\u00ecnh \u1ea3nh 3D;\u00a0h\u1ed7 tr\u1ee3 t\u0103ng t\u1ed1c ph\u1ea7n c\u1ee9ng gi\u1ea3i m\u00e3 video v\u1edbi c\u00e1c \u0111\u1ecbnh d\u1ea1ng kh\u00e1c nhau<\/span><\/td>\n<\/tr>\n<tr data-v-eb8300fa=\"\">\n<td class=\"bod\" width=\"16%\" data-v-eb8300fa=\"\"><span>H\u1ec7 \u0111i\u1ec1u h\u00e0nh<\/span><\/td>\n<td width=\"72%\" data-v-eb8300fa=\"\"><span>Windows 7\/10<\/span><\/td>\n<\/tr>\n<tr data-v-eb8300fa=\"\">\n<td class=\"bod\" rowspan=\"6\" width=\"12%\" data-v-eb8300fa=\"\"><span>Giao di\u1ec7n b\u00ean ngo\u00e0i<\/span><\/td>\n<td class=\"bod\" width=\"16%\" data-v-eb8300fa=\"\"><span>\u0110\u1ea7u ra video<\/span><\/td>\n<td width=\"72%\" data-v-eb8300fa=\"\"><span>Giao di\u1ec7n HDMI x 2;\u00a0h\u1ed7 tr\u1ee3 hi\u1ec3n th\u1ecb \u0111\u1ed9c l\u1eadp;\u00a0t\u1ed1i \u0111a\u00a0\u0111\u1ed9 ph\u00e2n gi\u1ea3i: 2560 \u00d7 1600<\/span><\/td>\n<\/tr>\n<tr data-v-eb8300fa=\"\">\n<td class=\"bod\" width=\"16%\" data-v-eb8300fa=\"\"><span>GPIO<\/span><\/td>\n<td width=\"72%\" data-v-eb8300fa=\"\"><span>\u0110\u1ea7u v\u00e0o c\u00e1ch ly quang x 4, \u0111\u1ea7u ra c\u00e1ch ly quang x 4<\/span><\/td>\n<\/tr>\n<tr data-v-eb8300fa=\"\">\n<td class=\"bod\" width=\"16%\" data-v-eb8300fa=\"\"><span>Giao di\u1ec7n nh\u1eb9<\/span><\/td>\n<td width=\"72%\" data-v-eb8300fa=\"\"><span>Ki\u1ec3m so\u00e1t hi\u1ec7n t\u1ea1i x 1;\u00a0s\u1ea3n l\u01b0\u1ee3ng hi\u1ec7n t\u1ea1i: 700 mA;\u00a0t\u1ed1i \u0111a\u00a0quy\u1ec1n l\u1ef1c: 5 W<\/span><\/td>\n<\/tr>\n<tr data-v-eb8300fa=\"\">\n<td class=\"bod\" width=\"16%\" data-v-eb8300fa=\"\"><span>Giao di\u1ec7n m\u1ea1ng<\/span><\/td>\n<td width=\"72%\" data-v-eb8300fa=\"\"><span>Giao di\u1ec7n RJ45 Intel I210 x 3<\/span><\/td>\n<\/tr>\n<tr data-v-eb8300fa=\"\">\n<td class=\"bod\" width=\"16%\" data-v-eb8300fa=\"\"><span>Giao di\u1ec7n USB<\/span><\/td>\n<td width=\"72%\" data-v-eb8300fa=\"\"><span>USB3.0 x 1, USB2.0 x 3, h\u1ed7 tr\u1ee3 1 USB2.0 c\u00f3 th\u1ec3 m\u1edf r\u1ed9ng t\u00edch h\u1ee3p<\/span><\/td>\n<\/tr>\n<tr data-v-eb8300fa=\"\">\n<td class=\"bod\" width=\"16%\" data-v-eb8300fa=\"\"><span>C\u1ed5ng n\u1ed1i ti\u1ebfp<\/span><\/td>\n<td width=\"72%\" data-v-eb8300fa=\"\"><span>B\u00e1n song c\u00f4ng RS-485 x 1, RS-232 x 1<\/span><\/td>\n<\/tr>\n<tr data-v-eb8300fa=\"\">\n<td class=\"bod\" rowspan=\"2\" width=\"12%\" data-v-eb8300fa=\"\"><span>T\u00ednh n\u0103ng \u0111i\u1ec7n<\/span><\/td>\n<td class=\"bod\" width=\"16%\" data-v-eb8300fa=\"\"><span>Ngu\u1ed3n c\u1ea5p<\/span><\/td>\n<td width=\"72%\" data-v-eb8300fa=\"\"><span>24 VDC \/ 2,5 A<\/span><\/td>\n<\/tr>\n<tr data-v-eb8300fa=\"\">\n<td class=\"bod\" width=\"16%\" data-v-eb8300fa=\"\"><span>S\u1ef1 ti\u00eau th\u1ee5 n\u0103ng l\u01b0\u1ee3ng<\/span><\/td>\n<td width=\"72%\" data-v-eb8300fa=\"\"><span>\u2264 26 W<\/span><\/td>\n<\/tr>\n<tr data-v-eb8300fa=\"\">\n<td class=\"bod\" rowspan=\"4\" width=\"12%\" data-v-eb8300fa=\"\"><span>C\u01a1 kh\u00ed<\/span><\/td>\n<td class=\"bod\" width=\"16%\" data-v-eb8300fa=\"\"><span>K\u00edch th\u01b0\u1edbc<\/span><\/td>\n<td width=\"72%\" data-v-eb8300fa=\"\"><span>134,8 mm x 91 mm x 45 mm (5,3 &#8220;x 3,6&#8221; x 1,8 &#8220;)<\/span><\/td>\n<\/tr>\n<tr data-v-eb8300fa=\"\">\n<td class=\"bod\" width=\"16%\" data-v-eb8300fa=\"\"><span>Tr\u1ecdng l\u01b0\u1ee3ng<\/span><\/td>\n<td width=\"72%\" data-v-eb8300fa=\"\"><span>Kho\u1ea3ng\u00a0650 g (1,4 lb.)<\/span><\/td>\n<\/tr>\n<tr data-v-eb8300fa=\"\">\n<td class=\"bod\" width=\"16%\" data-v-eb8300fa=\"\"><span>Nhi\u1ec7t \u0111\u1ed9<\/span><\/td>\n<td width=\"72%\" data-v-eb8300fa=\"\"><span>0 \u00b0 C \u0111\u1ebfn 50 \u00b0 C (32 \u00b0 F \u0111\u1ebfn 122 \u00b0 F)<\/span><\/td>\n<\/tr>\n<tr data-v-eb8300fa=\"\">\n<td class=\"bod\" width=\"16%\" data-v-eb8300fa=\"\"><span>\u0110\u1ed9 \u1ea9m<\/span><\/td>\n<td width=\"72%\" data-v-eb8300fa=\"\"><span>20% \u0111\u1ebfn 80% RH<\/span><\/td>\n<\/tr>\n<tr data-v-eb8300fa=\"\">\n<td class=\"bod\" rowspan=\"1\" width=\"12%\" data-v-eb8300fa=\"\"><span>T\u1ed5ng quan<\/span><\/td>\n<td class=\"bod\" width=\"16%\" data-v-eb8300fa=\"\"><span>Ch\u1ee9ng ch\u1ec9<\/span><\/td>\n<td width=\"72%\" data-v-eb8300fa=\"\"><span>CE, FCC, RoHS<\/span><\/td>\n<\/tr>\n<\/tbody>\n<\/table>\n<\/div>\n<\/div>\n<\/article>\n<\/div>\n<div class=\"pop-inner-open\" data-v-4593edda=\"\" data-v-6fc09a35=\"\">\n<div class=\"bot\" data-v-4593edda=\"\"><\/div>\n<\/div>\n<\/div>\n<\/div>\n","protected":false},"excerpt":{"rendered":"<p><strong><span>T\u00ednh n\u0103ng ch\u00ednh<\/span><\/strong><\/p>\n<ul class=\" list-paddingleft-2\">\n<li><span>T\u00edch h\u1ee3p Intel E3845 SoC v\u00e0 CPU 1,91 GHz<\/span><\/li>\n<li><span>B\u1ed9 nh\u1edb 4GB DDR3L v\u00e0 SSD t\u00edch h\u1ee3p c\u00f3 \u0111\u1ed9 tin c\u1eady cao<\/span><\/li>\n<li><span>3 c\u1ed5ng Intel GigE v\u00e0 thi\u1ebft k\u1ebf ch\u1ed1ng \u0111\u1ed9t bi\u1ebfn \u0111i\u1ec7n n\u00e2ng cao \u0111\u1ec3 \u0111\u1ea3m b\u1ea3o m\u00e1y \u1ea3nh th\u1ecb gi\u00e1c m\u00e1y ho\u1ea1t \u0111\u1ed9ng \u1ed5n \u0111\u1ecbnh<\/span><\/li>\n<li><span>H\u1ed7 tr\u1ee3 nhi\u1ec1u \u0111\u1ea7u v\u00e0o v\u00e0 \u0111\u1ea7u ra t\u00e1ch bi\u1ec7t quang<\/span><\/li>\n<li><span>\u0110i\u1ec1u khi\u1ec3n \u00e1nh s\u00e1ng th\u00f4ng qua giao di\u1ec7n \u00e1nh s\u00e1ng<\/span><\/li>\n<li><span>Th\u00f4ng qua 2 giao di\u1ec7n HDMI v\u00e0 h\u1ed7 tr\u1ee3 hi\u1ec3n th\u1ecb \u0111\u1ed9c l\u1eadp<\/span><\/li>\n<\/ul>\n<p><strong><span>M\u1eabu c\u00f3 s\u1eb5n<\/span><\/strong><\/p>\n<p><span>MV-VB2220-120G<\/span><\/p>\n<p><strong><span>K\u00edch th\u01b0\u1edbc<\/span><\/strong><\/p>\n<p><img decoding=\"async\" loading=\"lazy\" title=\"1571976427021058216.png\" src=\"https:\/\/www.hikrobotics.com\/en2\/ueditor\/image\/20191025\/1571976427021058216.png\" alt=\"image.png\" width=\"668\" height=\"235\" \/><\/p>\n<p><span>* D\u1eef li\u1ec7u \u1edf \u0111\u00e2y c\u00f3 th\u1ec3 thay \u0111\u1ed5i t\u00f9y theo m\u00f4i tr\u01b0\u1eddng, \u0111\u1ed1i t\u01b0\u1ee3ng v\u00e0 c\u00e1c y\u1ebfu t\u1ed1 kh\u00e1c nhau, v\u00e0 HIKROBOT s\u1ebd kh\u00f4ng ch\u1ecbu c\u00e1c h\u1eadu qu\u1ea3 ph\u00e1t sinh t\u1eeb \u0111\u00f3.<\/span><\/p>\n","protected":false},"featured_media":632,"comment_status":"open","ping_status":"closed","template":"","meta":[],"product_cat":[122,62,101],"product_tag":[100],"yoast_head":"<!-- This site is optimized with the Yoast SEO plugin v20.1 - https:\/\/yoast.com\/wordpress\/plugins\/seo\/ -->\n<title>MV-VB2220-120G - hikrobotics<\/title>\n<meta name=\"robots\" content=\"index, follow, max-snippet:-1, max-image-preview:large, max-video-preview:-1\" \/>\n<link rel=\"canonical\" href=\"https:\/\/hikrobotics.vn\/?product=mv-vb2220-120g\" \/>\n<meta property=\"og:locale\" content=\"vi_VN\" \/>\n<meta property=\"og:type\" content=\"article\" \/>\n<meta property=\"og:title\" content=\"MV-VB2220-120G - hikrobotics\" \/>\n<meta property=\"og:description\" content=\"T\u00ednh n\u0103ng ch\u00ednh  T\u00edch h\u1ee3p Intel E3845 SoC v\u00e0 CPU 1,91 GHz  B\u1ed9 nh\u1edb 4GB DDR3L v\u00e0 SSD t\u00edch h\u1ee3p c\u00f3 \u0111\u1ed9 tin c\u1eady cao  3 c\u1ed5ng Intel GigE v\u00e0 thi\u1ebft k\u1ebf ch\u1ed1ng \u0111\u1ed9t bi\u1ebfn \u0111i\u1ec7n n\u00e2ng cao \u0111\u1ec3 \u0111\u1ea3m b\u1ea3o m\u00e1y \u1ea3nh th\u1ecb gi\u00e1c m\u00e1y ho\u1ea1t \u0111\u1ed9ng \u1ed5n \u0111\u1ecbnh  H\u1ed7 tr\u1ee3 nhi\u1ec1u \u0111\u1ea7u v\u00e0o v\u00e0 \u0111\u1ea7u ra t\u00e1ch bi\u1ec7t quang  \u0110i\u1ec1u khi\u1ec3n \u00e1nh s\u00e1ng th\u00f4ng qua giao di\u1ec7n \u00e1nh s\u00e1ng  Th\u00f4ng qua 2 giao di\u1ec7n HDMI v\u00e0 h\u1ed7 tr\u1ee3 hi\u1ec3n th\u1ecb \u0111\u1ed9c l\u1eadp M\u1eabu c\u00f3 s\u1eb5n MV-VB2220-120G K\u00edch th\u01b0\u1edbc  * D\u1eef li\u1ec7u \u1edf \u0111\u00e2y c\u00f3 th\u1ec3 thay \u0111\u1ed5i t\u00f9y theo m\u00f4i tr\u01b0\u1eddng, \u0111\u1ed1i t\u01b0\u1ee3ng v\u00e0 c\u00e1c y\u1ebfu t\u1ed1 kh\u00e1c nhau, v\u00e0 HIKROBOT s\u1ebd kh\u00f4ng ch\u1ecbu c\u00e1c h\u1eadu qu\u1ea3 ph\u00e1t sinh t\u1eeb \u0111\u00f3.\" \/>\n<meta property=\"og:url\" content=\"https:\/\/hikrobotics.vn\/?product=mv-vb2220-120g\" \/>\n<meta property=\"og:site_name\" content=\"hikrobotics\" \/>\n<meta property=\"article:publisher\" content=\"https:\/\/www.facebook.com\/hikroboticsvn\" \/>\n<meta property=\"article:modified_time\" content=\"2025-04-12T20:30:16+00:00\" \/>\n<meta property=\"og:image\" content=\"https:\/\/hikrobotics.vn\/wp-content\/uploads\/2022\/01\/20210113030828398.png\" \/>\n\t<meta property=\"og:image:width\" content=\"360\" \/>\n\t<meta property=\"og:image:height\" content=\"360\" \/>\n\t<meta property=\"og:image:type\" content=\"image\/png\" \/>\n<meta name=\"twitter:card\" content=\"summary_large_image\" \/>\n<meta name=\"twitter:label1\" content=\"\u01af\u1edbc t\u00ednh th\u1eddi gian \u0111\u1ecdc\" \/>\n\t<meta name=\"twitter:data1\" content=\"1 ph\u00fat\" \/>\n<script type=\"application\/ld+json\" class=\"yoast-schema-graph\">{\"@context\":\"https:\/\/schema.org\",\"@graph\":[{\"@type\":\"WebPage\",\"@id\":\"https:\/\/hikrobotics.vn\/?product=mv-vb2220-120g\",\"url\":\"https:\/\/hikrobotics.vn\/?product=mv-vb2220-120g\",\"name\":\"MV-VB2220-120G - hikrobotics\",\"isPartOf\":{\"@id\":\"https:\/\/hikrobotics.vn\/#website\"},\"datePublished\":\"2022-01-17T09:02:02+00:00\",\"dateModified\":\"2025-04-12T20:30:16+00:00\",\"breadcrumb\":{\"@id\":\"https:\/\/hikrobotics.vn\/?product=mv-vb2220-120g#breadcrumb\"},\"inLanguage\":\"vi\",\"potentialAction\":[{\"@type\":\"ReadAction\",\"target\":[\"https:\/\/hikrobotics.vn\/?product=mv-vb2220-120g\"]}]},{\"@type\":\"BreadcrumbList\",\"@id\":\"https:\/\/hikrobotics.vn\/?product=mv-vb2220-120g#breadcrumb\",\"itemListElement\":[{\"@type\":\"ListItem\",\"position\":1,\"name\":\"Trang ch\u1ee7\",\"item\":\"https:\/\/hikrobotics.vn\/\"},{\"@type\":\"ListItem\",\"position\":2,\"name\":\"S\u1ea3n ph\u1ea9m\",\"item\":\"https:\/\/hikrobotics.vn\/?post_type=product\"},{\"@type\":\"ListItem\",\"position\":3,\"name\":\"MV-VB2220-120G\"}]},{\"@type\":\"WebSite\",\"@id\":\"https:\/\/hikrobotics.vn\/#website\",\"url\":\"https:\/\/hikrobotics.vn\/\",\"name\":\"hikrobotics\",\"description\":\"S\u1ef1 h\u00e0i l\u00f2ng c\u1ee7a qu\u00fd kh\u00e1ch l\u00e0 th\u00e0nh c\u00f4ng c\u1ee7a ch\u00fang t\u00f4i\",\"publisher\":{\"@id\":\"https:\/\/hikrobotics.vn\/#organization\"},\"potentialAction\":[{\"@type\":\"SearchAction\",\"target\":{\"@type\":\"EntryPoint\",\"urlTemplate\":\"https:\/\/hikrobotics.vn\/?s={search_term_string}\"},\"query-input\":\"required name=search_term_string\"}],\"inLanguage\":\"vi\"},{\"@type\":\"Organization\",\"@id\":\"https:\/\/hikrobotics.vn\/#organization\",\"name\":\"hikrobotics\",\"url\":\"https:\/\/hikrobotics.vn\/\",\"logo\":{\"@type\":\"ImageObject\",\"inLanguage\":\"vi\",\"@id\":\"https:\/\/hikrobotics.vn\/#\/schema\/logo\/image\/\",\"url\":\"http:\/\/hikrobotics.vn\/wp-content\/uploads\/2023\/02\/logo.png\",\"contentUrl\":\"http:\/\/hikrobotics.vn\/wp-content\/uploads\/2023\/02\/logo.png\",\"width\":3366,\"height\":1063,\"caption\":\"hikrobotics\"},\"image\":{\"@id\":\"https:\/\/hikrobotics.vn\/#\/schema\/logo\/image\/\"},\"sameAs\":[\"https:\/\/www.facebook.com\/hikroboticsvn\"]}]}<\/script>\n<!-- \/ Yoast SEO plugin. -->","yoast_head_json":{"title":"MV-VB2220-120G - hikrobotics","robots":{"index":"index","follow":"follow","max-snippet":"max-snippet:-1","max-image-preview":"max-image-preview:large","max-video-preview":"max-video-preview:-1"},"canonical":"https:\/\/hikrobotics.vn\/?product=mv-vb2220-120g","og_locale":"vi_VN","og_type":"article","og_title":"MV-VB2220-120G - hikrobotics","og_description":"T\u00ednh n\u0103ng ch\u00ednh  T\u00edch h\u1ee3p Intel E3845 SoC v\u00e0 CPU 1,91 GHz  B\u1ed9 nh\u1edb 4GB DDR3L v\u00e0 SSD t\u00edch h\u1ee3p c\u00f3 \u0111\u1ed9 tin c\u1eady cao  3 c\u1ed5ng Intel GigE v\u00e0 thi\u1ebft k\u1ebf ch\u1ed1ng \u0111\u1ed9t bi\u1ebfn \u0111i\u1ec7n n\u00e2ng cao \u0111\u1ec3 \u0111\u1ea3m b\u1ea3o m\u00e1y \u1ea3nh th\u1ecb gi\u00e1c m\u00e1y ho\u1ea1t \u0111\u1ed9ng \u1ed5n \u0111\u1ecbnh  H\u1ed7 tr\u1ee3 nhi\u1ec1u \u0111\u1ea7u v\u00e0o v\u00e0 \u0111\u1ea7u ra t\u00e1ch bi\u1ec7t quang  \u0110i\u1ec1u khi\u1ec3n \u00e1nh s\u00e1ng th\u00f4ng qua giao di\u1ec7n \u00e1nh s\u00e1ng  Th\u00f4ng qua 2 giao di\u1ec7n HDMI v\u00e0 h\u1ed7 tr\u1ee3 hi\u1ec3n th\u1ecb \u0111\u1ed9c l\u1eadp M\u1eabu c\u00f3 s\u1eb5n MV-VB2220-120G K\u00edch th\u01b0\u1edbc  * D\u1eef li\u1ec7u \u1edf \u0111\u00e2y c\u00f3 th\u1ec3 thay \u0111\u1ed5i t\u00f9y theo m\u00f4i tr\u01b0\u1eddng, \u0111\u1ed1i t\u01b0\u1ee3ng v\u00e0 c\u00e1c y\u1ebfu t\u1ed1 kh\u00e1c nhau, v\u00e0 HIKROBOT s\u1ebd kh\u00f4ng ch\u1ecbu c\u00e1c h\u1eadu qu\u1ea3 ph\u00e1t sinh t\u1eeb \u0111\u00f3.","og_url":"https:\/\/hikrobotics.vn\/?product=mv-vb2220-120g","og_site_name":"hikrobotics","article_publisher":"https:\/\/www.facebook.com\/hikroboticsvn","article_modified_time":"2025-04-12T20:30:16+00:00","og_image":[{"width":360,"height":360,"url":"https:\/\/hikrobotics.vn\/wp-content\/uploads\/2022\/01\/20210113030828398.png","type":"image\/png"}],"twitter_card":"summary_large_image","twitter_misc":{"\u01af\u1edbc t\u00ednh th\u1eddi gian \u0111\u1ecdc":"1 ph\u00fat"},"schema":{"@context":"https:\/\/schema.org","@graph":[{"@type":"WebPage","@id":"https:\/\/hikrobotics.vn\/?product=mv-vb2220-120g","url":"https:\/\/hikrobotics.vn\/?product=mv-vb2220-120g","name":"MV-VB2220-120G - hikrobotics","isPartOf":{"@id":"https:\/\/hikrobotics.vn\/#website"},"datePublished":"2022-01-17T09:02:02+00:00","dateModified":"2025-04-12T20:30:16+00:00","breadcrumb":{"@id":"https:\/\/hikrobotics.vn\/?product=mv-vb2220-120g#breadcrumb"},"inLanguage":"vi","potentialAction":[{"@type":"ReadAction","target":["https:\/\/hikrobotics.vn\/?product=mv-vb2220-120g"]}]},{"@type":"BreadcrumbList","@id":"https:\/\/hikrobotics.vn\/?product=mv-vb2220-120g#breadcrumb","itemListElement":[{"@type":"ListItem","position":1,"name":"Trang ch\u1ee7","item":"https:\/\/hikrobotics.vn\/"},{"@type":"ListItem","position":2,"name":"S\u1ea3n ph\u1ea9m","item":"https:\/\/hikrobotics.vn\/?post_type=product"},{"@type":"ListItem","position":3,"name":"MV-VB2220-120G"}]},{"@type":"WebSite","@id":"https:\/\/hikrobotics.vn\/#website","url":"https:\/\/hikrobotics.vn\/","name":"hikrobotics","description":"S\u1ef1 h\u00e0i l\u00f2ng c\u1ee7a qu\u00fd kh\u00e1ch l\u00e0 th\u00e0nh c\u00f4ng c\u1ee7a ch\u00fang t\u00f4i","publisher":{"@id":"https:\/\/hikrobotics.vn\/#organization"},"potentialAction":[{"@type":"SearchAction","target":{"@type":"EntryPoint","urlTemplate":"https:\/\/hikrobotics.vn\/?s={search_term_string}"},"query-input":"required name=search_term_string"}],"inLanguage":"vi"},{"@type":"Organization","@id":"https:\/\/hikrobotics.vn\/#organization","name":"hikrobotics","url":"https:\/\/hikrobotics.vn\/","logo":{"@type":"ImageObject","inLanguage":"vi","@id":"https:\/\/hikrobotics.vn\/#\/schema\/logo\/image\/","url":"http:\/\/hikrobotics.vn\/wp-content\/uploads\/2023\/02\/logo.png","contentUrl":"http:\/\/hikrobotics.vn\/wp-content\/uploads\/2023\/02\/logo.png","width":3366,"height":1063,"caption":"hikrobotics"},"image":{"@id":"https:\/\/hikrobotics.vn\/#\/schema\/logo\/image\/"},"sameAs":["https:\/\/www.facebook.com\/hikroboticsvn"]}]}},"_links":{"self":[{"href":"https:\/\/hikrobotics.vn\/index.php?rest_route=\/wp\/v2\/product\/634"}],"collection":[{"href":"https:\/\/hikrobotics.vn\/index.php?rest_route=\/wp\/v2\/product"}],"about":[{"href":"https:\/\/hikrobotics.vn\/index.php?rest_route=\/wp\/v2\/types\/product"}],"replies":[{"embeddable":true,"href":"https:\/\/hikrobotics.vn\/index.php?rest_route=%2Fwp%2Fv2%2Fcomments&post=634"}],"wp:featuredmedia":[{"embeddable":true,"href":"https:\/\/hikrobotics.vn\/index.php?rest_route=\/wp\/v2\/media\/632"}],"wp:attachment":[{"href":"https:\/\/hikrobotics.vn\/index.php?rest_route=%2Fwp%2Fv2%2Fmedia&parent=634"}],"wp:term":[{"taxonomy":"product_cat","embeddable":true,"href":"https:\/\/hikrobotics.vn\/index.php?rest_route=%2Fwp%2Fv2%2Fproduct_cat&post=634"},{"taxonomy":"product_tag","embeddable":true,"href":"https:\/\/hikrobotics.vn\/index.php?rest_route=%2Fwp%2Fv2%2Fproduct_tag&post=634"}],"curies":[{"name":"wp","href":"https:\/\/api.w.org\/{rel}","templated":true}]}}