{"id":620,"date":"2022-01-17T07:23:39","date_gmt":"2022-01-17T07:23:39","guid":{"rendered":"hikrobotics.vn?post_type=product&amp;p=620"},"modified":"2022-01-17T07:23:39","modified_gmt":"2022-01-17T07:23:39","slug":"mv-si618-08gm","status":"publish","type":"product","link":"https:\/\/hikrobotics.vn\/?product=mv-si618-08gm","title":{"rendered":"MV-SI618-08GM"},"content":{"rendered":"<div class=\"main-container\" data-v-c57e67b0=\"\">\n<div class=\"content-wrap\" data-v-6fc09a35=\"\" data-v-c57e67b0=\"\">\n<div class=\"display-wrap\" data-v-6fc09a35=\"\">\n<article data-v-6fc09a35=\"\">\n<div class=\"detail-mian-wrap\" data-v-eb8300fa=\"\" data-v-6fc09a35=\"\">\n<div class=\"table-wrap\" data-v-eb8300fa=\"\">\n<table class=\"table-style\" cellspacing=\"0\" cellpadding=\"0\" data-v-eb8300fa=\"\">\n<tbody>\n<tr data-v-eb8300fa=\"\">\n<td class=\"bod\" rowspan=\"2\" width=\"12%\" data-v-eb8300fa=\"\">M\u00f4 h\u00ecnh<\/td>\n<td class=\"bod\" width=\"16%\" data-v-eb8300fa=\"\">M\u00f4 h\u00ecnh<\/td>\n<td width=\"72%\" data-v-eb8300fa=\"\">MV-SI618-08GM<\/td>\n<\/tr>\n<tr data-v-eb8300fa=\"\">\n<td class=\"bod\" width=\"16%\" data-v-eb8300fa=\"\">Lo\u1ea1i<\/td>\n<td width=\"72%\" data-v-eb8300fa=\"\">N\u1ec1n t\u1ea3ng m\u1edf 2.0 MP X86<\/td>\n<\/tr>\n<tr data-v-eb8300fa=\"\">\n<td class=\"bod\" rowspan=\"1\" width=\"12%\" data-v-eb8300fa=\"\">C\u00f4ng c\u1ee5<\/td>\n<td class=\"bod\" width=\"16%\" data-v-eb8300fa=\"\">M\u00f4-\u0111un ch\u1ee9c n\u0103ng<\/td>\n<td width=\"72%\" data-v-eb8300fa=\"\">N\u1ec1n t\u1ea3ng m\u1edf<\/td>\n<\/tr>\n<tr data-v-eb8300fa=\"\">\n<td class=\"bod\" rowspan=\"12\" width=\"12%\" data-v-eb8300fa=\"\">M\u00e1y \u1ea3nh<\/td>\n<td class=\"bod\" width=\"16%\" data-v-eb8300fa=\"\">Lo\u1ea1i c\u1ea3m bi\u1ebfn<\/td>\n<td width=\"72%\" data-v-eb8300fa=\"\">CMOS, m\u00e0n tr\u1eadp to\u00e0n c\u1ea7u<\/td>\n<\/tr>\n<tr data-v-eb8300fa=\"\">\n<td class=\"bod\" width=\"16%\" data-v-eb8300fa=\"\">c\u1ea3m bi\u1ebfn<\/td>\n<td width=\"72%\" data-v-eb8300fa=\"\">PYTHON2000<\/td>\n<\/tr>\n<tr data-v-eb8300fa=\"\">\n<td class=\"bod\" width=\"16%\" data-v-eb8300fa=\"\">K\u00edch th\u01b0\u1edbc pixel<\/td>\n<td width=\"72%\" data-v-eb8300fa=\"\">4,8 \u00b5m \u00d7 4,8 \u00b5m<\/td>\n<\/tr>\n<tr data-v-eb8300fa=\"\">\n<td class=\"bod\" width=\"16%\" data-v-eb8300fa=\"\">K\u00edch th\u01b0\u1edbc c\u1ea3m bi\u1ebfn<\/td>\n<td width=\"72%\" data-v-eb8300fa=\"\">2\/3 &#8220;<\/td>\n<\/tr>\n<tr data-v-eb8300fa=\"\">\n<td class=\"bod\" width=\"16%\" data-v-eb8300fa=\"\">Ngh\u1ecb quy\u1ebft<\/td>\n<td width=\"72%\" data-v-eb8300fa=\"\">1920 \u00d7 1200<\/td>\n<\/tr>\n<tr data-v-eb8300fa=\"\">\n<td class=\"bod\" width=\"16%\" data-v-eb8300fa=\"\">T\u1ed1i \u0111a\u00a0T\u1ef7 l\u1ec7 khung h\u00ecnh<\/td>\n<td width=\"72%\" data-v-eb8300fa=\"\">50 khung h\u00ecnh \/ gi\u00e2y<\/td>\n<\/tr>\n<tr data-v-eb8300fa=\"\">\n<td class=\"bod\" width=\"16%\" data-v-eb8300fa=\"\">D\u1ea3i \u0111\u1ed9ng<\/td>\n<td width=\"72%\" data-v-eb8300fa=\"\">60 dB<\/td>\n<\/tr>\n<tr data-v-eb8300fa=\"\">\n<td class=\"bod\" width=\"16%\" data-v-eb8300fa=\"\">SNR<\/td>\n<td width=\"72%\" data-v-eb8300fa=\"\">40 dB<\/td>\n<\/tr>\n<tr data-v-eb8300fa=\"\">\n<td class=\"bod\" width=\"16%\" data-v-eb8300fa=\"\">L\u1ee3i<\/td>\n<td width=\"72%\" data-v-eb8300fa=\"\">0 dB \u0111\u1ebfn 15 dB<\/td>\n<\/tr>\n<tr data-v-eb8300fa=\"\">\n<td class=\"bod\" width=\"16%\" data-v-eb8300fa=\"\">Th\u1eddi gian ph\u01a1i s\u00e1ng<\/td>\n<td width=\"72%\" data-v-eb8300fa=\"\">16 \u03bcs \u0111\u1ebfn 2,5 gi\u00e2y<\/td>\n<\/tr>\n<tr data-v-eb8300fa=\"\">\n<td class=\"bod\" width=\"16%\" data-v-eb8300fa=\"\">\u0110\u1ecbnh d\u1ea1ng pixel<\/td>\n<td width=\"72%\" data-v-eb8300fa=\"\">Mono 8<\/td>\n<\/tr>\n<tr data-v-eb8300fa=\"\">\n<td class=\"bod\" width=\"16%\" data-v-eb8300fa=\"\">\u0110\u01a1n s\u1eafc \/ M\u00e0u<\/td>\n<td width=\"72%\" data-v-eb8300fa=\"\">B\u1ec7nh t\u0103ng b\u1ea1ch c\u1ea7u \u0111\u01a1n nh\u00e2n<\/td>\n<\/tr>\n<tr data-v-eb8300fa=\"\">\n<td class=\"bod\" rowspan=\"4\" width=\"12%\" data-v-eb8300fa=\"\">N\u1ec1n t\u1ea3ng<\/td>\n<td class=\"bod\" width=\"16%\" data-v-eb8300fa=\"\">Khung h\u1ec7 th\u1ed1ng<\/td>\n<td width=\"72%\" data-v-eb8300fa=\"\">Khung Intel\u00ae X86.\u00a0Intel\u00ae E3845, CPU l\u00f5i t\u1ee9, 1,9 GHz<\/td>\n<\/tr>\n<tr data-v-eb8300fa=\"\">\n<td class=\"bod\" width=\"16%\" data-v-eb8300fa=\"\">H\u1ec7 \u0111i\u1ec1u h\u00e0nh<\/td>\n<td width=\"72%\" data-v-eb8300fa=\"\">Windows 10 64-bit<\/td>\n<\/tr>\n<tr data-v-eb8300fa=\"\">\n<td class=\"bod\" width=\"16%\" data-v-eb8300fa=\"\">K\u1ec9 ni\u1ec7m<\/td>\n<td width=\"72%\" data-v-eb8300fa=\"\">DDR3L 4 GB<\/td>\n<\/tr>\n<tr data-v-eb8300fa=\"\">\n<td class=\"bod\" width=\"16%\" data-v-eb8300fa=\"\">Kho<\/td>\n<td width=\"72%\" data-v-eb8300fa=\"\">SSD 128 GB<\/td>\n<\/tr>\n<tr data-v-eb8300fa=\"\">\n<td class=\"bod\" rowspan=\"5\" width=\"12%\" data-v-eb8300fa=\"\">T\u00ednh n\u0103ng \u0111i\u1ec7n<\/td>\n<td class=\"bod\" width=\"16%\" data-v-eb8300fa=\"\">Giao di\u1ec7n d\u1eef li\u1ec7u<\/td>\n<td width=\"72%\" data-v-eb8300fa=\"\">GigE<\/td>\n<\/tr>\n<tr data-v-eb8300fa=\"\">\n<td class=\"bod\" width=\"16%\" data-v-eb8300fa=\"\">IO k\u1ef9 thu\u1eadt s\u1ed1<\/td>\n<td width=\"72%\" data-v-eb8300fa=\"\">\u0110\u1ea7u n\u1ed1i M12 12 ch\u00e2n, bao g\u1ed3m \u0111\u1ea7u v\u00e0o opto \u00d7 3 (LineIn 0\/1\/2), \u0111\u1ea7u ra opto \u00d7 3 (LineOut 0\/1\/2) v\u00e0 RS-232 \u00d7 1.<\/td>\n<\/tr>\n<tr data-v-eb8300fa=\"\">\n<td class=\"bod\" width=\"16%\" data-v-eb8300fa=\"\">Giao di\u1ec7n m\u1edf r\u1ed9ng<\/td>\n<td width=\"72%\" data-v-eb8300fa=\"\">Giao di\u1ec7n m\u1edf r\u1ed9ng 17 ch\u00e2n \u0111\u1ec3 k\u1ebft n\u1ed1i m\u00f4-\u0111un m\u1edf r\u1ed9ng<\/td>\n<\/tr>\n<tr data-v-eb8300fa=\"\">\n<td class=\"bod\" width=\"16%\" data-v-eb8300fa=\"\">Ngu\u1ed3n c\u1ea5p<\/td>\n<td width=\"72%\" data-v-eb8300fa=\"\">9 VDC \u0111\u1ebfn 24 VDC<\/td>\n<\/tr>\n<tr data-v-eb8300fa=\"\">\n<td class=\"bod\" width=\"16%\" data-v-eb8300fa=\"\">S\u1ef1 ti\u00eau th\u1ee5 n\u0103ng l\u01b0\u1ee3ng<\/td>\n<td width=\"72%\" data-v-eb8300fa=\"\">Kho\u1ea3ng\u00a024 W @ 24 VDC<\/td>\n<\/tr>\n<tr data-v-eb8300fa=\"\">\n<td class=\"bod\" rowspan=\"9\" width=\"12%\" data-v-eb8300fa=\"\">C\u01a1 kh\u00ed<\/td>\n<td class=\"bod\" width=\"16%\" data-v-eb8300fa=\"\">G\u1eafn \u1ed1ng k\u00ednh<\/td>\n<td width=\"72%\" data-v-eb8300fa=\"\">C-mount<\/td>\n<\/tr>\n<tr data-v-eb8300fa=\"\">\n<td class=\"bod\" width=\"16%\" data-v-eb8300fa=\"\">N\u1eafp \u1ed1ng k\u00ednh<\/td>\n<td width=\"72%\" data-v-eb8300fa=\"\">N\u1eafp \u1ed1ng k\u00ednh trong su\u1ed1t<\/td>\n<\/tr>\n<tr data-v-eb8300fa=\"\">\n<td class=\"bod\" width=\"16%\" data-v-eb8300fa=\"\">Th\u1eafp s\u00e1ng<\/td>\n<td width=\"72%\" data-v-eb8300fa=\"\">\u00e1nh s\u00e1ng tr\u1eafng<\/td>\n<\/tr>\n<tr data-v-eb8300fa=\"\">\n<td class=\"bod\" width=\"16%\" data-v-eb8300fa=\"\">Ch\u1ec9 b\u00e1o<\/td>\n<td width=\"72%\" data-v-eb8300fa=\"\">Ch\u1ec9 b\u00e1o ngu\u1ed3n (PWR), ch\u1ec9 b\u00e1o m\u1ea1ng (LNK \/ ACT) v\u00e0 ch\u1ec9 b\u00e1o do ng\u01b0\u1eddi d\u00f9ng x\u00e1c \u0111\u1ecbnh (U1 \/ U2)<\/td>\n<\/tr>\n<tr data-v-eb8300fa=\"\">\n<td class=\"bod\" width=\"16%\" data-v-eb8300fa=\"\">K\u00edch th\u01b0\u1edbc<\/td>\n<td width=\"72%\" data-v-eb8300fa=\"\">126 mm \u00d7 66 mm \u00d7 113,2 mm (5,0 &#8220;\u00d7 2,6&#8221; \u00d7 4,5 &#8220;)<\/td>\n<\/tr>\n<tr data-v-eb8300fa=\"\">\n<td class=\"bod\" width=\"16%\" data-v-eb8300fa=\"\">Tr\u1ecdng l\u01b0\u1ee3ng<\/td>\n<td width=\"72%\" data-v-eb8300fa=\"\">Kho\u1ea3ng\u00a0750 g (1,7 lb.)<\/td>\n<\/tr>\n<tr data-v-eb8300fa=\"\">\n<td class=\"bod\" width=\"16%\" data-v-eb8300fa=\"\">B\u1ea3o v\u1ec7 s\u1ef1 x\u00e2m nh\u1eadp<\/td>\n<td width=\"72%\" data-v-eb8300fa=\"\">IP67 (trong \u0111i\u1ec1u ki\u1ec7n l\u1eafp \u0111\u1eb7t \u1ed1ng k\u00ednh v\u00e0 h\u1ec7 th\u1ed1ng d\u00e2y \u0111i\u1ec7n th\u00edch h\u1ee3p)<\/td>\n<\/tr>\n<tr data-v-eb8300fa=\"\">\n<td class=\"bod\" width=\"16%\" data-v-eb8300fa=\"\">Nhi\u1ec7t \u0111\u1ed9<\/td>\n<td width=\"72%\" data-v-eb8300fa=\"\">Nhi\u1ec7t \u0111\u1ed9 l\u00e0m vi\u1ec7c: 0 \u00b0 C \u0111\u1ebfn 50 \u00b0 C (32 \u00b0 F \u0111\u1ebfn 122 \u00b0 F)<br \/>\nNhi\u1ec7t \u0111\u1ed9 b\u1ea3o qu\u1ea3n: -30 \u00b0 C \u0111\u1ebfn 70 \u00b0 C (-22 \u00b0 F \u0111\u1ebfn 158 \u00b0 F)<\/td>\n<\/tr>\n<tr data-v-eb8300fa=\"\">\n<td class=\"bod\" width=\"16%\" data-v-eb8300fa=\"\">\u0110\u1ed9 \u1ea9m<\/td>\n<td width=\"72%\" data-v-eb8300fa=\"\">20% \u0111\u1ebfn 95% RH, kh\u00f4ng ng\u01b0ng t\u1ee5<\/td>\n<\/tr>\n<tr data-v-eb8300fa=\"\">\n<td class=\"bod\" rowspan=\"2\" width=\"12%\" data-v-eb8300fa=\"\">T\u1ed5ng quan<\/td>\n<td class=\"bod\" width=\"16%\" data-v-eb8300fa=\"\">Ph\u01b0\u01a1ng th\u1ee9c ho\u1ea1t \u0111\u1ed9ng<\/td>\n<td width=\"72%\" data-v-eb8300fa=\"\">MVS, VisionMaster<\/td>\n<\/tr>\n<tr data-v-eb8300fa=\"\">\n<td class=\"bod\" width=\"16%\" data-v-eb8300fa=\"\">Ch\u1ee9ng ch\u1ec9<\/td>\n<td width=\"72%\" data-v-eb8300fa=\"\">CE, FCC, RoHS<\/td>\n<\/tr>\n<\/tbody>\n<\/table>\n<\/div>\n<\/div>\n<\/article>\n<\/div>\n<div class=\"pop-inner-open\" data-v-4593edda=\"\" data-v-6fc09a35=\"\">\n<div class=\"bot\" data-v-4593edda=\"\"><\/div>\n<\/div>\n<\/div>\n<\/div>\n","protected":false},"excerpt":{"rendered":"<p><strong>T\u00ednh n\u0103ng ch\u00ednh<\/strong><\/p>\n<ul class=\" list-paddingleft-2\">\n<li>S\u1eed d\u1ee5ng n\u1ec1n t\u1ea3ng c\u1ea3m bi\u1ebfn \u0111\u1ec3 x\u1eed l\u00fd h\u00ecnh \u1ea3nh t\u1ed1c \u0111\u1ed9 cao.<\/li>\n<li>N\u1ec1n t\u1ea3ng m\u1edf cho ng\u01b0\u1eddi d\u00f9ng ph\u00e1t tri\u1ec3n c\u00e1c ch\u01b0\u01a1ng tr\u00ecnh c\u1ee7a ri\u00eang h\u1ecd.<\/li>\n<li>Nhi\u1ec1u giao di\u1ec7n IO cho t\u00edn hi\u1ec7u \u0111\u1ea7u v\u00e0o v\u00e0 \u0111\u1ea7u ra.<\/li>\n<li>Nhi\u1ec1u ch\u1ec9 b\u00e1o LED cho bi\u1ebft tr\u1ea1ng th\u00e1i th\u1eddi gian th\u1ef1c \u0111\u1ec3 h\u1ed7 tr\u1ee3 c\u1ea5u h\u00ecnh v\u00e0 g\u1ee1 l\u1ed7i t\u1ea1i ch\u1ed7.<\/li>\n<li>H\u1ed7 tr\u1ee3 l\u01b0u v\u00e0 xu\u1ea5t nh\u1eadt k\u00fd.<\/li>\n<li>H\u1ed7 tr\u1ee3 m\u00f4-\u0111un m\u1edf r\u1ed9ng b\u00ean ngo\u00e0i \u0111\u1ec3 \u0111\u00e1p \u1ee9ng c\u00e1c nhu c\u1ea7u \u1ee9ng d\u1ee5ng kh\u00e1c nhau.<\/li>\n<\/ul>\n<p><strong>M\u1eabu c\u00f3 s\u1eb5n<\/strong><\/p>\n<p>N\u1ec1n t\u1ea3ng m\u1edf Mono X86: MV-SI618-08GM<\/p>\n<p><strong>K\u00edch th\u01b0\u1edbc<\/strong><\/p>\n<p><img decoding=\"async\" loading=\"lazy\" title=\"1565786066050073335.png\" src=\"https:\/\/www.hikrobotics.com\/en2\/ueditor\/image\/20190814\/1565786066050073335.png\" alt=\"image.png\" width=\"669\" height=\"306\" \/><\/p>\n<p>* D\u1eef li\u1ec7u \u1edf \u0111\u00e2y c\u00f3 th\u1ec3 thay \u0111\u1ed5i t\u00f9y theo m\u00f4i tr\u01b0\u1eddng, \u0111\u1ed1i t\u01b0\u1ee3ng v\u00e0 c\u00e1c y\u1ebfu t\u1ed1 kh\u00e1c nhau, v\u00e0 HIKROBOT s\u1ebd kh\u00f4ng ch\u1ecbu c\u00e1c h\u1eadu qu\u1ea3 ph\u00e1t sinh t\u1eeb \u0111\u00f3.<\/p>\n","protected":false},"featured_media":618,"comment_status":"open","ping_status":"closed","template":"","meta":[],"product_cat":[67,97,101],"product_tag":[37,55],"yoast_head":"<!-- This site is optimized with the Yoast SEO plugin v20.1 - https:\/\/yoast.com\/wordpress\/plugins\/seo\/ -->\n<title>MV-SI618-08GM - hikrobotics<\/title>\n<meta name=\"robots\" content=\"index, follow, max-snippet:-1, max-image-preview:large, max-video-preview:-1\" \/>\n<link rel=\"canonical\" href=\"https:\/\/hikrobotics.vn\/?product=mv-si618-08gm\" \/>\n<meta property=\"og:locale\" content=\"vi_VN\" \/>\n<meta property=\"og:type\" content=\"article\" \/>\n<meta property=\"og:title\" content=\"MV-SI618-08GM - hikrobotics\" \/>\n<meta property=\"og:description\" content=\"T\u00ednh n\u0103ng ch\u00ednh  S\u1eed d\u1ee5ng n\u1ec1n t\u1ea3ng c\u1ea3m bi\u1ebfn \u0111\u1ec3 x\u1eed l\u00fd h\u00ecnh \u1ea3nh t\u1ed1c \u0111\u1ed9 cao.  N\u1ec1n t\u1ea3ng m\u1edf cho ng\u01b0\u1eddi d\u00f9ng ph\u00e1t tri\u1ec3n c\u00e1c ch\u01b0\u01a1ng tr\u00ecnh c\u1ee7a ri\u00eang h\u1ecd.  Nhi\u1ec1u giao di\u1ec7n IO cho t\u00edn hi\u1ec7u \u0111\u1ea7u v\u00e0o v\u00e0 \u0111\u1ea7u ra.  Nhi\u1ec1u ch\u1ec9 b\u00e1o LED cho bi\u1ebft tr\u1ea1ng th\u00e1i th\u1eddi gian th\u1ef1c \u0111\u1ec3 h\u1ed7 tr\u1ee3 c\u1ea5u h\u00ecnh v\u00e0 g\u1ee1 l\u1ed7i t\u1ea1i ch\u1ed7.  H\u1ed7 tr\u1ee3 l\u01b0u v\u00e0 xu\u1ea5t nh\u1eadt k\u00fd.  H\u1ed7 tr\u1ee3 m\u00f4-\u0111un m\u1edf r\u1ed9ng b\u00ean ngo\u00e0i \u0111\u1ec3 \u0111\u00e1p \u1ee9ng c\u00e1c nhu c\u1ea7u \u1ee9ng d\u1ee5ng kh\u00e1c nhau. M\u1eabu c\u00f3 s\u1eb5n N\u1ec1n t\u1ea3ng m\u1edf Mono X86: MV-SI618-08GM K\u00edch th\u01b0\u1edbc  * D\u1eef li\u1ec7u \u1edf \u0111\u00e2y c\u00f3 th\u1ec3 thay \u0111\u1ed5i t\u00f9y theo m\u00f4i tr\u01b0\u1eddng, \u0111\u1ed1i t\u01b0\u1ee3ng v\u00e0 c\u00e1c y\u1ebfu t\u1ed1 kh\u00e1c nhau, v\u00e0 HIKROBOT s\u1ebd kh\u00f4ng ch\u1ecbu c\u00e1c h\u1eadu qu\u1ea3 ph\u00e1t sinh t\u1eeb \u0111\u00f3.\" \/>\n<meta property=\"og:url\" content=\"https:\/\/hikrobotics.vn\/?product=mv-si618-08gm\" \/>\n<meta property=\"og:site_name\" content=\"hikrobotics\" \/>\n<meta property=\"article:publisher\" content=\"https:\/\/www.facebook.com\/hikroboticsvn\" \/>\n<meta property=\"og:image\" content=\"https:\/\/hikrobotics.vn\/wp-content\/uploads\/2022\/01\/20210113014441794.png\" \/>\n\t<meta property=\"og:image:width\" content=\"360\" \/>\n\t<meta property=\"og:image:height\" content=\"360\" \/>\n\t<meta property=\"og:image:type\" content=\"image\/png\" \/>\n<meta name=\"twitter:card\" content=\"summary_large_image\" \/>\n<meta name=\"twitter:label1\" content=\"\u01af\u1edbc t\u00ednh th\u1eddi gian \u0111\u1ecdc\" \/>\n\t<meta name=\"twitter:data1\" content=\"2 ph\u00fat\" \/>\n<script type=\"application\/ld+json\" class=\"yoast-schema-graph\">{\"@context\":\"https:\/\/schema.org\",\"@graph\":[{\"@type\":\"WebPage\",\"@id\":\"https:\/\/hikrobotics.vn\/?product=mv-si618-08gm\",\"url\":\"https:\/\/hikrobotics.vn\/?product=mv-si618-08gm\",\"name\":\"MV-SI618-08GM - hikrobotics\",\"isPartOf\":{\"@id\":\"https:\/\/hikrobotics.vn\/#website\"},\"datePublished\":\"2022-01-17T07:23:39+00:00\",\"dateModified\":\"2022-01-17T07:23:39+00:00\",\"breadcrumb\":{\"@id\":\"https:\/\/hikrobotics.vn\/?product=mv-si618-08gm#breadcrumb\"},\"inLanguage\":\"vi\",\"potentialAction\":[{\"@type\":\"ReadAction\",\"target\":[\"https:\/\/hikrobotics.vn\/?product=mv-si618-08gm\"]}]},{\"@type\":\"BreadcrumbList\",\"@id\":\"https:\/\/hikrobotics.vn\/?product=mv-si618-08gm#breadcrumb\",\"itemListElement\":[{\"@type\":\"ListItem\",\"position\":1,\"name\":\"Trang ch\u1ee7\",\"item\":\"https:\/\/hikrobotics.vn\/\"},{\"@type\":\"ListItem\",\"position\":2,\"name\":\"S\u1ea3n ph\u1ea9m\",\"item\":\"https:\/\/hikrobotics.vn\/?post_type=product\"},{\"@type\":\"ListItem\",\"position\":3,\"name\":\"MV-SI618-08GM\"}]},{\"@type\":\"WebSite\",\"@id\":\"https:\/\/hikrobotics.vn\/#website\",\"url\":\"https:\/\/hikrobotics.vn\/\",\"name\":\"hikrobotics\",\"description\":\"S\u1ef1 h\u00e0i l\u00f2ng c\u1ee7a qu\u00fd kh\u00e1ch l\u00e0 th\u00e0nh c\u00f4ng c\u1ee7a ch\u00fang t\u00f4i\",\"publisher\":{\"@id\":\"https:\/\/hikrobotics.vn\/#organization\"},\"potentialAction\":[{\"@type\":\"SearchAction\",\"target\":{\"@type\":\"EntryPoint\",\"urlTemplate\":\"https:\/\/hikrobotics.vn\/?s={search_term_string}\"},\"query-input\":\"required name=search_term_string\"}],\"inLanguage\":\"vi\"},{\"@type\":\"Organization\",\"@id\":\"https:\/\/hikrobotics.vn\/#organization\",\"name\":\"hikrobotics\",\"url\":\"https:\/\/hikrobotics.vn\/\",\"logo\":{\"@type\":\"ImageObject\",\"inLanguage\":\"vi\",\"@id\":\"https:\/\/hikrobotics.vn\/#\/schema\/logo\/image\/\",\"url\":\"http:\/\/hikrobotics.vn\/wp-content\/uploads\/2023\/02\/logo.png\",\"contentUrl\":\"http:\/\/hikrobotics.vn\/wp-content\/uploads\/2023\/02\/logo.png\",\"width\":3366,\"height\":1063,\"caption\":\"hikrobotics\"},\"image\":{\"@id\":\"https:\/\/hikrobotics.vn\/#\/schema\/logo\/image\/\"},\"sameAs\":[\"https:\/\/www.facebook.com\/hikroboticsvn\"]}]}<\/script>\n<!-- \/ Yoast SEO plugin. -->","yoast_head_json":{"title":"MV-SI618-08GM - hikrobotics","robots":{"index":"index","follow":"follow","max-snippet":"max-snippet:-1","max-image-preview":"max-image-preview:large","max-video-preview":"max-video-preview:-1"},"canonical":"https:\/\/hikrobotics.vn\/?product=mv-si618-08gm","og_locale":"vi_VN","og_type":"article","og_title":"MV-SI618-08GM - hikrobotics","og_description":"T\u00ednh n\u0103ng ch\u00ednh  S\u1eed d\u1ee5ng n\u1ec1n t\u1ea3ng c\u1ea3m bi\u1ebfn \u0111\u1ec3 x\u1eed l\u00fd h\u00ecnh \u1ea3nh t\u1ed1c \u0111\u1ed9 cao.  N\u1ec1n t\u1ea3ng m\u1edf cho ng\u01b0\u1eddi d\u00f9ng ph\u00e1t tri\u1ec3n c\u00e1c ch\u01b0\u01a1ng tr\u00ecnh c\u1ee7a ri\u00eang h\u1ecd.  Nhi\u1ec1u giao di\u1ec7n IO cho t\u00edn hi\u1ec7u \u0111\u1ea7u v\u00e0o v\u00e0 \u0111\u1ea7u ra.  Nhi\u1ec1u ch\u1ec9 b\u00e1o LED cho bi\u1ebft tr\u1ea1ng th\u00e1i th\u1eddi gian th\u1ef1c \u0111\u1ec3 h\u1ed7 tr\u1ee3 c\u1ea5u h\u00ecnh v\u00e0 g\u1ee1 l\u1ed7i t\u1ea1i ch\u1ed7.  H\u1ed7 tr\u1ee3 l\u01b0u v\u00e0 xu\u1ea5t nh\u1eadt k\u00fd.  H\u1ed7 tr\u1ee3 m\u00f4-\u0111un m\u1edf r\u1ed9ng b\u00ean ngo\u00e0i \u0111\u1ec3 \u0111\u00e1p \u1ee9ng c\u00e1c nhu c\u1ea7u \u1ee9ng d\u1ee5ng kh\u00e1c nhau. M\u1eabu c\u00f3 s\u1eb5n N\u1ec1n t\u1ea3ng m\u1edf Mono X86: MV-SI618-08GM K\u00edch th\u01b0\u1edbc  * D\u1eef li\u1ec7u \u1edf \u0111\u00e2y c\u00f3 th\u1ec3 thay \u0111\u1ed5i t\u00f9y theo m\u00f4i tr\u01b0\u1eddng, \u0111\u1ed1i t\u01b0\u1ee3ng v\u00e0 c\u00e1c y\u1ebfu t\u1ed1 kh\u00e1c nhau, v\u00e0 HIKROBOT s\u1ebd kh\u00f4ng ch\u1ecbu c\u00e1c h\u1eadu qu\u1ea3 ph\u00e1t sinh t\u1eeb \u0111\u00f3.","og_url":"https:\/\/hikrobotics.vn\/?product=mv-si618-08gm","og_site_name":"hikrobotics","article_publisher":"https:\/\/www.facebook.com\/hikroboticsvn","og_image":[{"width":360,"height":360,"url":"https:\/\/hikrobotics.vn\/wp-content\/uploads\/2022\/01\/20210113014441794.png","type":"image\/png"}],"twitter_card":"summary_large_image","twitter_misc":{"\u01af\u1edbc t\u00ednh th\u1eddi gian \u0111\u1ecdc":"2 ph\u00fat"},"schema":{"@context":"https:\/\/schema.org","@graph":[{"@type":"WebPage","@id":"https:\/\/hikrobotics.vn\/?product=mv-si618-08gm","url":"https:\/\/hikrobotics.vn\/?product=mv-si618-08gm","name":"MV-SI618-08GM - hikrobotics","isPartOf":{"@id":"https:\/\/hikrobotics.vn\/#website"},"datePublished":"2022-01-17T07:23:39+00:00","dateModified":"2022-01-17T07:23:39+00:00","breadcrumb":{"@id":"https:\/\/hikrobotics.vn\/?product=mv-si618-08gm#breadcrumb"},"inLanguage":"vi","potentialAction":[{"@type":"ReadAction","target":["https:\/\/hikrobotics.vn\/?product=mv-si618-08gm"]}]},{"@type":"BreadcrumbList","@id":"https:\/\/hikrobotics.vn\/?product=mv-si618-08gm#breadcrumb","itemListElement":[{"@type":"ListItem","position":1,"name":"Trang ch\u1ee7","item":"https:\/\/hikrobotics.vn\/"},{"@type":"ListItem","position":2,"name":"S\u1ea3n ph\u1ea9m","item":"https:\/\/hikrobotics.vn\/?post_type=product"},{"@type":"ListItem","position":3,"name":"MV-SI618-08GM"}]},{"@type":"WebSite","@id":"https:\/\/hikrobotics.vn\/#website","url":"https:\/\/hikrobotics.vn\/","name":"hikrobotics","description":"S\u1ef1 h\u00e0i l\u00f2ng c\u1ee7a qu\u00fd kh\u00e1ch l\u00e0 th\u00e0nh c\u00f4ng c\u1ee7a ch\u00fang t\u00f4i","publisher":{"@id":"https:\/\/hikrobotics.vn\/#organization"},"potentialAction":[{"@type":"SearchAction","target":{"@type":"EntryPoint","urlTemplate":"https:\/\/hikrobotics.vn\/?s={search_term_string}"},"query-input":"required name=search_term_string"}],"inLanguage":"vi"},{"@type":"Organization","@id":"https:\/\/hikrobotics.vn\/#organization","name":"hikrobotics","url":"https:\/\/hikrobotics.vn\/","logo":{"@type":"ImageObject","inLanguage":"vi","@id":"https:\/\/hikrobotics.vn\/#\/schema\/logo\/image\/","url":"http:\/\/hikrobotics.vn\/wp-content\/uploads\/2023\/02\/logo.png","contentUrl":"http:\/\/hikrobotics.vn\/wp-content\/uploads\/2023\/02\/logo.png","width":3366,"height":1063,"caption":"hikrobotics"},"image":{"@id":"https:\/\/hikrobotics.vn\/#\/schema\/logo\/image\/"},"sameAs":["https:\/\/www.facebook.com\/hikroboticsvn"]}]}},"_links":{"self":[{"href":"https:\/\/hikrobotics.vn\/index.php?rest_route=\/wp\/v2\/product\/620"}],"collection":[{"href":"https:\/\/hikrobotics.vn\/index.php?rest_route=\/wp\/v2\/product"}],"about":[{"href":"https:\/\/hikrobotics.vn\/index.php?rest_route=\/wp\/v2\/types\/product"}],"replies":[{"embeddable":true,"href":"https:\/\/hikrobotics.vn\/index.php?rest_route=%2Fwp%2Fv2%2Fcomments&post=620"}],"wp:featuredmedia":[{"embeddable":true,"href":"https:\/\/hikrobotics.vn\/index.php?rest_route=\/wp\/v2\/media\/618"}],"wp:attachment":[{"href":"https:\/\/hikrobotics.vn\/index.php?rest_route=%2Fwp%2Fv2%2Fmedia&parent=620"}],"wp:term":[{"taxonomy":"product_cat","embeddable":true,"href":"https:\/\/hikrobotics.vn\/index.php?rest_route=%2Fwp%2Fv2%2Fproduct_cat&post=620"},{"taxonomy":"product_tag","embeddable":true,"href":"https:\/\/hikrobotics.vn\/index.php?rest_route=%2Fwp%2Fv2%2Fproduct_tag&post=620"}],"curies":[{"name":"wp","href":"https:\/\/api.w.org\/{rel}","templated":true}]}}