{"id":601,"date":"2022-01-17T06:29:26","date_gmt":"2022-01-17T06:29:26","guid":{"rendered":"hikrobotics.vn?post_type=product&amp;p=601"},"modified":"2025-05-24T13:39:42","modified_gmt":"2025-05-24T13:39:42","slug":"mv-sc3004c-06m-wbn","status":"publish","type":"product","link":"https:\/\/hikrobotics.vn\/?product=mv-sc3004c-06m-wbn","title":{"rendered":"MV-SC3004C-06M-WBN"},"content":{"rendered":"<div class=\"main-container\" data-v-c57e67b0=\"\">\n<div class=\"content-wrap\" data-v-6fc09a35=\"\" data-v-c57e67b0=\"\">\n<div class=\"display-wrap\" data-v-6fc09a35=\"\">\n<article data-v-6fc09a35=\"\">\n<div class=\"detail-mian-wrap\" data-v-eb8300fa=\"\" data-v-6fc09a35=\"\">\n<div class=\"table-wrap\" data-v-eb8300fa=\"\">\n<table class=\"table-style\" cellspacing=\"0\" cellpadding=\"0\" data-v-eb8300fa=\"\">\n<tbody>\n<tr data-v-eb8300fa=\"\">\n<td class=\"bod\" rowspan=\"2\" width=\"12%\" data-v-eb8300fa=\"\"><span>M\u00f4 h\u00ecnh<\/span><\/td>\n<td class=\"bod\" width=\"16%\" data-v-eb8300fa=\"\"><span>M\u00f4 h\u00ecnh<\/span><\/td>\n<td width=\"72%\" data-v-eb8300fa=\"\"><span>MV-SC3004C-06M-WBN<\/span><\/td>\n<\/tr>\n<tr data-v-eb8300fa=\"\">\n<td class=\"bod\" width=\"16%\" data-v-eb8300fa=\"\"><span>Lo\u1ea1i<\/span><\/td>\n<td width=\"72%\" data-v-eb8300fa=\"\"><span>C\u1ea3m bi\u1ebfn t\u1ea7m nh\u00ecn 0,4 MP 1 \/ 2,9 &#8220;<\/span><\/td>\n<\/tr>\n<tr data-v-eb8300fa=\"\">\n<td class=\"bod\" rowspan=\"3\" width=\"12%\" data-v-eb8300fa=\"\"><span>C\u00f4ng c\u1ee5<\/span><\/td>\n<td class=\"bod\" width=\"16%\" data-v-eb8300fa=\"\"><span>C\u00f4ng c\u1ee5 t\u1ea7m nh\u00ecn<\/span><\/td>\n<td width=\"72%\" data-v-eb8300fa=\"\">\n<span>S\u1ef1 t\u1ed3n t\u1ea1i: S\u1ef1 t\u1ed3n t\u1ea1i c\u1ee7a m\u1eabu, s\u1ef1 t\u1ed3n t\u1ea1i c\u1ee7a \u0111i\u1ec3m, s\u1ef1 t\u1ed3n t\u1ea1i c\u1ee7a c\u1ea1nh\u00a0, s\u1ef1 t\u1ed3n t\u1ea1i c\u1ee7a v\u00f2ng tr\u00f2n, s\u1ef1 t\u1ed3n t\u1ea1i<\/span><br \/>\n<span>c\u1ee7a \u0111\u01b0\u1eddng , \u0111o \u0111i\u1ec3m t\u1edbi d\u00f2ng, nh\u1eadn d\u1ea1ng k\u00edch th\u01b0\u1edbc m\u00e0u<\/span><br \/>\n<span>: OCR, \u0111\u1ed9 t\u01b0\u01a1ng ph\u1ea3n m\u00e0u, nh\u1eadn d\u1ea1ng m\u00e3 v\u1ea1ch<\/span><\/td>\n<\/tr>\n<tr data-v-eb8300fa=\"\">\n<td class=\"bod\" width=\"16%\" data-v-eb8300fa=\"\"><span>Dung l\u01b0\u1ee3ng gi\u1ea3i ph\u00e1p *<\/span><\/td>\n<td width=\"72%\" data-v-eb8300fa=\"\"><span>H\u1ed7 tr\u1ee3 nh\u1eadp v\u00e0 xu\u1ea5t gi\u1ea3i ph\u00e1p, c\u00f3 th\u1ec3 l\u01b0u tr\u1eef t\u1ed1i \u0111a 32 gi\u1ea3i ph\u00e1p v\u00e0 40 m\u00f4-\u0111un<\/span><\/td>\n<\/tr>\n<tr data-v-eb8300fa=\"\">\n<td class=\"bod\" width=\"16%\" data-v-eb8300fa=\"\"><span>Giao th\u1ee9c truy\u1ec1n th\u00f4ng<\/span><\/td>\n<td width=\"72%\" data-v-eb8300fa=\"\"><span>C\u1ed5ng n\u1ed1i ti\u1ebfp, M\u00e1y kh\u00e1ch TCP, M\u00e1y ch\u1ee7 TCP, M\u00e1y ch\u1ee7 UDP, FTP, Profinet, Modbus, Ethernet \/ IP<\/span><\/td>\n<\/tr>\n<tr data-v-eb8300fa=\"\">\n<td class=\"bod\" rowspan=\"11\" width=\"12%\" data-v-eb8300fa=\"\"><span>M\u00e1y \u1ea3nh<\/span><\/td>\n<td class=\"bod\" width=\"16%\" data-v-eb8300fa=\"\"><span>Lo\u1ea1i c\u1ea3m bi\u1ebfn<\/span><\/td>\n<td width=\"72%\" data-v-eb8300fa=\"\"><span>CMOS, m\u00e0n tr\u1eadp to\u00e0n c\u1ea7u<\/span><\/td>\n<\/tr>\n<tr data-v-eb8300fa=\"\">\n<td class=\"bod\" width=\"16%\" data-v-eb8300fa=\"\"><span>K\u00edch th\u01b0\u1edbc pixel<\/span><\/td>\n<td width=\"72%\" data-v-eb8300fa=\"\"><span>6,9 \u00b5m \u00d7 6,9 \u00b5m<\/span><\/td>\n<\/tr>\n<tr data-v-eb8300fa=\"\">\n<td class=\"bod\" width=\"16%\" data-v-eb8300fa=\"\"><span>K\u00edch th\u01b0\u1edbc c\u1ea3m bi\u1ebfn<\/span><\/td>\n<td width=\"72%\" data-v-eb8300fa=\"\"><span>1 \/ 2,9 &#8220;<\/span><\/td>\n<\/tr>\n<tr data-v-eb8300fa=\"\">\n<td class=\"bod\" width=\"16%\" data-v-eb8300fa=\"\"><span>Ngh\u1ecb quy\u1ebft<\/span><\/td>\n<td width=\"72%\" data-v-eb8300fa=\"\"><span>704 \u00d7 540<\/span><\/td>\n<\/tr>\n<tr data-v-eb8300fa=\"\">\n<td class=\"bod\" width=\"16%\" data-v-eb8300fa=\"\"><span>T\u1ed1i \u0111a\u00a0t\u1ef7 l\u1ec7 khung h\u00ecnh<\/span><\/td>\n<td width=\"72%\" data-v-eb8300fa=\"\"><span>100 khung h\u00ecnh \/ gi\u00e2y<\/span><\/td>\n<\/tr>\n<tr data-v-eb8300fa=\"\">\n<td class=\"bod\" width=\"16%\" data-v-eb8300fa=\"\"><span>D\u1ea3i \u0111\u1ed9ng<\/span><\/td>\n<td width=\"72%\" data-v-eb8300fa=\"\"><span>74 dB<\/span><\/td>\n<\/tr>\n<tr data-v-eb8300fa=\"\">\n<td class=\"bod\" width=\"16%\" data-v-eb8300fa=\"\"><span>SNR<\/span><\/td>\n<td width=\"72%\" data-v-eb8300fa=\"\"><span>41 dB<\/span><\/td>\n<\/tr>\n<tr data-v-eb8300fa=\"\">\n<td class=\"bod\" width=\"16%\" data-v-eb8300fa=\"\"><span>L\u1ee3i<\/span><\/td>\n<td width=\"72%\" data-v-eb8300fa=\"\"><span>0 dB \u0111\u1ebfn 15 dB<\/span><\/td>\n<\/tr>\n<tr data-v-eb8300fa=\"\">\n<td class=\"bod\" width=\"16%\" data-v-eb8300fa=\"\"><span>Th\u1eddi gian ph\u01a1i s\u00e1ng<\/span><\/td>\n<td width=\"72%\" data-v-eb8300fa=\"\"><span>16 \u03bcs \u0111\u1ebfn 1 gi\u00e2y<\/span><\/td>\n<\/tr>\n<tr data-v-eb8300fa=\"\">\n<td class=\"bod\" width=\"16%\" data-v-eb8300fa=\"\"><span>\u0110\u1ecbnh d\u1ea1ng pixel<\/span><\/td>\n<td width=\"72%\" data-v-eb8300fa=\"\"><span>RGB 8, \u0111\u01a1n s\u1eafc 8<\/span><\/td>\n<\/tr>\n<tr data-v-eb8300fa=\"\">\n<td class=\"bod\" width=\"16%\" data-v-eb8300fa=\"\"><span>\u0110\u01a1n s\u1eafc \/ M\u00e0u<\/span><\/td>\n<td width=\"72%\" data-v-eb8300fa=\"\"><span>M\u00e0u s\u1eafc<\/span><\/td>\n<\/tr>\n<tr data-v-eb8300fa=\"\">\n<td class=\"bod\" rowspan=\"5\" width=\"12%\" data-v-eb8300fa=\"\"><span>T\u00ednh n\u0103ng \u0111i\u1ec7n<\/span><\/td>\n<td class=\"bod\" width=\"16%\" data-v-eb8300fa=\"\"><span>Giao di\u1ec7n d\u1eef li\u1ec7u<\/span><\/td>\n<td width=\"72%\" data-v-eb8300fa=\"\"><span>\u0110\u1ea7u n\u1ed1i M12 17 ch\u00e2n cung c\u1ea5p ngu\u1ed3n, Ethernet, I \/ O k\u1ef9 thu\u1eadt s\u1ed1 v\u00e0 c\u1ed5ng n\u1ed1i ti\u1ebfp<\/span><\/td>\n<\/tr>\n<tr data-v-eb8300fa=\"\">\n<td class=\"bod\" width=\"16%\" data-v-eb8300fa=\"\"><span>Ethernet<\/span><\/td>\n<td width=\"72%\" data-v-eb8300fa=\"\"><span>Ethernet nhanh<\/span><\/td>\n<\/tr>\n<tr data-v-eb8300fa=\"\">\n<td class=\"bod\" width=\"16%\" data-v-eb8300fa=\"\"><span>I \/ O k\u1ef9 thu\u1eadt s\u1ed1<\/span><\/td>\n<td width=\"72%\" data-v-eb8300fa=\"\"><span>T\u00edn hi\u1ec7u \u0111\u1ea7u v\u00e0o \u00d7 2 (D\u00f2ng 0\/1), t\u00edn hi\u1ec7u \u0111\u1ea7u ra \u00d7 3 (D\u00f2ng 5\/6\/7), I \/ O hai chi\u1ec1u \u00d7 3 (D\u00f2ng 2\/3\/4) v\u00e0 \u0111\u1ea7u v\u00e0o n\u00fat b\u00ean ngo\u00e0i \u00d7 1. T\u00edn hi\u1ec7u \u0111\u1ea7u ra c\u00f3 th\u1ec3 \u0111\u01b0\u1ee3c \u0111\u1eb7t l\u00e0 NPN ho\u1eb7c PNP<\/span><\/td>\n<\/tr>\n<tr data-v-eb8300fa=\"\">\n<td class=\"bod\" width=\"16%\" data-v-eb8300fa=\"\"><span>Ngu\u1ed3n c\u1ea5p<\/span><\/td>\n<td width=\"72%\" data-v-eb8300fa=\"\"><span>24 VDC<\/span><\/td>\n<\/tr>\n<tr data-v-eb8300fa=\"\">\n<td class=\"bod\" width=\"16%\" data-v-eb8300fa=\"\"><span>T\u1ed1i \u0111a\u00a0s\u1ef1 ti\u00eau th\u1ee5 n\u0103ng l\u01b0\u1ee3ng<\/span><\/td>\n<td width=\"72%\" data-v-eb8300fa=\"\"><span>Kho\u1ea3ng\u00a048 W @ 24 VDC<\/span><\/td>\n<\/tr>\n<tr data-v-eb8300fa=\"\">\n<td class=\"bod\" rowspan=\"10\" width=\"12%\" data-v-eb8300fa=\"\"><span>C\u01a1 kh\u00ed<\/span><\/td>\n<td class=\"bod\" width=\"16%\" data-v-eb8300fa=\"\"><span>G\u1eafn \u1ed1ng k\u00ednh<\/span><\/td>\n<td width=\"72%\" data-v-eb8300fa=\"\"><span>Ng\u00e0m M12, \u1ed1ng k\u00ednh l\u1ea5y n\u00e9t t\u1ef1 \u0111\u1ed9ng c\u01a1 h\u1ecdc<\/span><\/td>\n<\/tr>\n<tr data-v-eb8300fa=\"\">\n<td class=\"bod\" width=\"16%\" data-v-eb8300fa=\"\"><span>Ti\u00eau c\u1ef1<\/span><\/td>\n<td width=\"72%\" data-v-eb8300fa=\"\"><span>6 mm<\/span><\/td>\n<\/tr>\n<tr data-v-eb8300fa=\"\">\n<td class=\"bod\" width=\"16%\" data-v-eb8300fa=\"\"><span>N\u1eafp \u1ed1ng k\u00ednh<\/span><\/td>\n<td width=\"72%\" data-v-eb8300fa=\"\"><span>N\u1eafp \u1ed1ng k\u00ednh trong su\u1ed1t.\u00a0N\u1eafp \u1ed1ng k\u00ednh l\u1ecdc ph\u00e2n c\u1ef1c ho\u1eb7c h\u1ed3ng ngo\u1ea1i l\u00e0 t\u00f9y ch\u1ecdn.<\/span><\/td>\n<\/tr>\n<tr data-v-eb8300fa=\"\">\n<td class=\"bod\" width=\"16%\" data-v-eb8300fa=\"\"><span>Ngu\u1ed3n s\u00e1ng<\/span><\/td>\n<td width=\"72%\" data-v-eb8300fa=\"\"><span>\u00c1nh s\u00e1ng tr\u1eafng theo m\u1eb7c \u0111\u1ecbnh.\u00a0M\u00e0u \u0111\u1ecf \/ xanh lam \/ h\u1ed3ng ngo\u1ea1i g\u1ea7n l\u00e0 t\u00f9y ch\u1ecdn.<\/span><\/td>\n<\/tr>\n<tr data-v-eb8300fa=\"\">\n<td class=\"bod\" width=\"16%\" data-v-eb8300fa=\"\"><span>Ch\u1ec9 b\u00e1o<\/span><\/td>\n<td width=\"72%\" data-v-eb8300fa=\"\"><span>Ch\u1ec9 b\u00e1o ngu\u1ed3n (PWR), ch\u1ec9 b\u00e1o m\u1ea1ng (LNK), ch\u1ec9 b\u00e1o tr\u1ea1ng th\u00e1i (STS), ch\u1ec9 b\u00e1o k\u1ebft qu\u1ea3 (OK \/ NG)<\/span><\/td>\n<\/tr>\n<tr data-v-eb8300fa=\"\">\n<td class=\"bod\" width=\"16%\" data-v-eb8300fa=\"\"><span>K\u00edch th\u01b0\u1edbc<\/span><\/td>\n<td width=\"72%\" data-v-eb8300fa=\"\"><span>65,2 mm \u00d7 65,2 mm \u00d7 47 mm (2,6 &#8220;\u00d7 2,6&#8221; \u00d7 1,9 &#8220;)<\/span><\/td>\n<\/tr>\n<tr data-v-eb8300fa=\"\">\n<td class=\"bod\" width=\"16%\" data-v-eb8300fa=\"\"><span>Tr\u1ecdng l\u01b0\u1ee3ng<\/span><\/td>\n<td width=\"72%\" data-v-eb8300fa=\"\"><span>Kho\u1ea3ng\u00a0280 g (0,6 lb.)<\/span><\/td>\n<\/tr>\n<tr data-v-eb8300fa=\"\">\n<td class=\"bod\" width=\"16%\" data-v-eb8300fa=\"\"><span>B\u1ea3o v\u1ec7 s\u1ef1 x\u00e2m nh\u1eadp<\/span><\/td>\n<td width=\"72%\" data-v-eb8300fa=\"\"><span>IP67 (trong \u0111i\u1ec1u ki\u1ec7n l\u1eafp \u0111\u1eb7t \u1ed1ng k\u00ednh v\u00e0 h\u1ec7 th\u1ed1ng d\u00e2y \u0111i\u1ec7n th\u00edch h\u1ee3p)<\/span><\/td>\n<\/tr>\n<tr data-v-eb8300fa=\"\">\n<td class=\"bod\" width=\"16%\" data-v-eb8300fa=\"\"><span>Nhi\u1ec7t \u0111\u1ed9<\/span><\/td>\n<td width=\"72%\" data-v-eb8300fa=\"\"><span>Nhi\u1ec7t \u0111\u1ed9 l\u00e0m vi\u1ec7c: 0 \u00b0 C \u0111\u1ebfn 50 \u00b0 C (32 \u00b0 F \u0111\u1ebfn 122 \u00b0 F)<\/span><br \/>\n<span>Nhi\u1ec7t \u0111\u1ed9 b\u1ea3o qu\u1ea3n: -30 \u00b0 C \u0111\u1ebfn 70 \u00b0 C (-22 \u00b0 F \u0111\u1ebfn 158 \u00b0 F)<\/span><\/td>\n<\/tr>\n<tr data-v-eb8300fa=\"\">\n<td class=\"bod\" width=\"16%\" data-v-eb8300fa=\"\"><span>\u0110\u1ed9 \u1ea9m<\/span><\/td>\n<td width=\"72%\" data-v-eb8300fa=\"\"><span>20% \u0111\u1ebfn 95% RH, kh\u00f4ng ng\u01b0ng t\u1ee5<\/span><\/td>\n<\/tr>\n<tr data-v-eb8300fa=\"\">\n<td class=\"bod\" rowspan=\"2\" width=\"12%\" data-v-eb8300fa=\"\"><span>T\u1ed5ng quan<\/span><\/td>\n<td class=\"bod\" width=\"16%\" data-v-eb8300fa=\"\"><span>Ph\u1ea7n m\u1ec1m m\u00e1y kh\u00e1ch<\/span><\/td>\n<td width=\"72%\" data-v-eb8300fa=\"\"><span>SCMVS<\/span><\/td>\n<\/tr>\n<tr data-v-eb8300fa=\"\">\n<td class=\"bod\" width=\"16%\" data-v-eb8300fa=\"\"><span>Ch\u1ee9ng nh\u1eadn<\/span><\/td>\n<td width=\"72%\" data-v-eb8300fa=\"\"><span>CE, FCC, KC<\/span><\/td>\n<\/tr>\n<\/tbody>\n<\/table>\n<\/div>\n<\/div>\n<\/article>\n<\/div>\n<div class=\"pop-inner-open\" data-v-4593edda=\"\" data-v-6fc09a35=\"\">\n<div class=\"bot\" data-v-4593edda=\"\"><\/div>\n<\/div>\n<\/div>\n<\/div>\n","protected":false},"excerpt":{"rendered":"<p><strong><span>T\u00ednh n\u0103ng ch\u00ednh\u00a0<\/span><\/strong><\/p>\n<ul class=\" list-paddingleft-2\">\n<li><span>\u00c1p d\u1ee5ng n\u1ec1n t\u1ea3ng ph\u1ea7n c\u1ee9ng nh\u00fang \u0111\u1ec3 x\u1eed l\u00fd h\u00ecnh \u1ea3nh t\u1ed1c \u0111\u1ed9 cao.<\/span><\/li>\n<li><span>Th\u00f4ng qua c\u00e1c thu\u1eadt to\u00e1n \u0111\u1ecbnh v\u1ecb v\u00e0 \u0111o l\u01b0\u1eddng t\u00edch h\u1ee3p \u0111\u1ec3 ph\u00e1t hi\u1ec7n s\u1ef1 t\u1ed3n t\u1ea1i, v\u1ecb tr\u00ed, k\u00edch th\u01b0\u1edbc c\u1ee7a \u0111\u1ed1i t\u01b0\u1ee3ng, v.v.<\/span><\/li>\n<li><span>Nhi\u1ec1u giao di\u1ec7n IO cho t\u00edn hi\u1ec7u \u0111\u1ea7u v\u00e0o v\u00e0 \u0111\u1ea7u ra.<\/span><\/li>\n<li><span>Nhi\u1ec1u ch\u1ec9 b\u00e1o \u0111\u1ec3 hi\u1ec3n th\u1ecb tr\u1ea1ng th\u00e1i thi\u1ebft b\u1ecb.<\/span><\/li>\n<li><span>S\u1eed d\u1ee5ng ngu\u1ed3n s\u00e1ng \u0111\u1ec3 \u0111\u1ea3m b\u1ea3o \u0111\u1ed9 s\u00e1ng \u0111\u1ed3ng \u0111\u1ec1u trong khu v\u1ef1c \u0111\u01b0\u1ee3c chi\u1ebfu s\u00e1ng.<\/span><\/li>\n<li><span>H\u1ed7 tr\u1ee3 nhi\u1ec1u giao th\u1ee9c truy\u1ec1n th\u00f4ng, bao g\u1ed3m C\u1ed5ng tr\u00ean kh\u00f4ng, M\u00e1y kh\u00e1ch TCP, M\u00e1y ch\u1ee7 TCP, Profinet, Modbus, v.v.<\/span><\/li>\n<\/ul>\n<p><strong><span>M\u1eabu c\u00f3 s\u1eb5n<\/span><\/strong><\/p>\n<p><span>Ti\u00eau c\u1ef1 6 mm: MV-SC3004C-06M-WBN \u00a0 \u00a0<\/span><\/p>\n<p>&nbsp;<\/p>\n<p><strong><span>K\u00edch th\u01b0\u1edbc\u00a0<\/span><\/strong><\/p>\n<p><img decoding=\"async\" title=\"1625626386293006052.png\" src=\"https:\/\/www.hikrobotics.com\/en2\/source\/ueditor\/image\/20210707\/1625626386293006052.png\" alt=\"00 \u667a\u80fd \u76f8\u673a \u7ebf \u7a3f \u56fe .png\" \/><\/p>\n<p><span>* D\u1eef li\u1ec7u \u1edf \u0111\u00e2y c\u00f3 th\u1ec3 thay \u0111\u1ed5i t\u00f9y theo m\u00f4i tr\u01b0\u1eddng, \u0111\u1ed1i t\u01b0\u1ee3ng v\u00e0 c\u00e1c y\u1ebfu t\u1ed1 kh\u00e1c nhau, v\u00e0 HIKROBOT s\u1ebd kh\u00f4ng ch\u1ecbu c\u00e1c h\u1eadu qu\u1ea3 ph\u00e1t sinh t\u1eeb \u0111\u00f3.\u00a0<\/span><\/p>\n","protected":false},"featured_media":600,"comment_status":"open","ping_status":"closed","template":"","meta":[],"product_cat":[119,67,101],"product_tag":[27],"yoast_head":"<!-- This site is optimized with the Yoast SEO plugin v20.1 - https:\/\/yoast.com\/wordpress\/plugins\/seo\/ -->\n<title>MV-SC3004C-06M-WBN - hikrobotics<\/title>\n<meta name=\"robots\" content=\"index, follow, max-snippet:-1, max-image-preview:large, max-video-preview:-1\" \/>\n<link rel=\"canonical\" href=\"https:\/\/hikrobotics.vn\/?product=mv-sc3004c-06m-wbn\" \/>\n<meta property=\"og:locale\" content=\"vi_VN\" \/>\n<meta property=\"og:type\" content=\"article\" \/>\n<meta property=\"og:title\" content=\"MV-SC3004C-06M-WBN - hikrobotics\" \/>\n<meta property=\"og:description\" content=\"T\u00ednh n\u0103ng ch\u00ednh\u00a0  \u00c1p d\u1ee5ng n\u1ec1n t\u1ea3ng ph\u1ea7n c\u1ee9ng nh\u00fang \u0111\u1ec3 x\u1eed l\u00fd h\u00ecnh \u1ea3nh t\u1ed1c \u0111\u1ed9 cao.  Th\u00f4ng qua c\u00e1c thu\u1eadt to\u00e1n \u0111\u1ecbnh v\u1ecb v\u00e0 \u0111o l\u01b0\u1eddng t\u00edch h\u1ee3p \u0111\u1ec3 ph\u00e1t hi\u1ec7n s\u1ef1 t\u1ed3n t\u1ea1i, v\u1ecb tr\u00ed, k\u00edch th\u01b0\u1edbc c\u1ee7a \u0111\u1ed1i t\u01b0\u1ee3ng, v.v.  Nhi\u1ec1u giao di\u1ec7n IO cho t\u00edn hi\u1ec7u \u0111\u1ea7u v\u00e0o v\u00e0 \u0111\u1ea7u ra.  Nhi\u1ec1u ch\u1ec9 b\u00e1o \u0111\u1ec3 hi\u1ec3n th\u1ecb tr\u1ea1ng th\u00e1i thi\u1ebft b\u1ecb.  S\u1eed d\u1ee5ng ngu\u1ed3n s\u00e1ng \u0111\u1ec3 \u0111\u1ea3m b\u1ea3o \u0111\u1ed9 s\u00e1ng \u0111\u1ed3ng \u0111\u1ec1u trong khu v\u1ef1c \u0111\u01b0\u1ee3c chi\u1ebfu s\u00e1ng.  H\u1ed7 tr\u1ee3 nhi\u1ec1u giao th\u1ee9c truy\u1ec1n th\u00f4ng, bao g\u1ed3m C\u1ed5ng tr\u00ean kh\u00f4ng, M\u00e1y kh\u00e1ch TCP, M\u00e1y ch\u1ee7 TCP, Profinet, Modbus, v.v. M\u1eabu c\u00f3 s\u1eb5n Ti\u00eau c\u1ef1 6 mm: MV-SC3004C-06M-WBN \u00a0 \u00a0 &nbsp; K\u00edch th\u01b0\u1edbc\u00a0  * D\u1eef li\u1ec7u \u1edf \u0111\u00e2y c\u00f3 th\u1ec3 thay \u0111\u1ed5i t\u00f9y theo m\u00f4i tr\u01b0\u1eddng, \u0111\u1ed1i t\u01b0\u1ee3ng v\u00e0 c\u00e1c y\u1ebfu t\u1ed1 kh\u00e1c nhau, v\u00e0 HIKROBOT s\u1ebd kh\u00f4ng ch\u1ecbu c\u00e1c h\u1eadu qu\u1ea3 ph\u00e1t sinh t\u1eeb \u0111\u00f3.\u00a0\" \/>\n<meta property=\"og:url\" content=\"https:\/\/hikrobotics.vn\/?product=mv-sc3004c-06m-wbn\" \/>\n<meta property=\"og:site_name\" content=\"hikrobotics\" \/>\n<meta property=\"article:publisher\" content=\"https:\/\/www.facebook.com\/hikroboticsvn\" \/>\n<meta property=\"article:modified_time\" content=\"2025-05-24T13:39:42+00:00\" \/>\n<meta property=\"og:image\" content=\"https:\/\/hikrobotics.vn\/wp-content\/uploads\/2022\/01\/20210716083933422.png\" \/>\n\t<meta property=\"og:image:width\" content=\"360\" \/>\n\t<meta property=\"og:image:height\" content=\"360\" \/>\n\t<meta property=\"og:image:type\" content=\"image\/png\" \/>\n<meta name=\"twitter:card\" content=\"summary_large_image\" \/>\n<meta name=\"twitter:label1\" content=\"\u01af\u1edbc t\u00ednh th\u1eddi gian \u0111\u1ecdc\" \/>\n\t<meta name=\"twitter:data1\" content=\"3 ph\u00fat\" \/>\n<script type=\"application\/ld+json\" class=\"yoast-schema-graph\">{\"@context\":\"https:\/\/schema.org\",\"@graph\":[{\"@type\":\"WebPage\",\"@id\":\"https:\/\/hikrobotics.vn\/?product=mv-sc3004c-06m-wbn\",\"url\":\"https:\/\/hikrobotics.vn\/?product=mv-sc3004c-06m-wbn\",\"name\":\"MV-SC3004C-06M-WBN - hikrobotics\",\"isPartOf\":{\"@id\":\"https:\/\/hikrobotics.vn\/#website\"},\"datePublished\":\"2022-01-17T06:29:26+00:00\",\"dateModified\":\"2025-05-24T13:39:42+00:00\",\"breadcrumb\":{\"@id\":\"https:\/\/hikrobotics.vn\/?product=mv-sc3004c-06m-wbn#breadcrumb\"},\"inLanguage\":\"vi\",\"potentialAction\":[{\"@type\":\"ReadAction\",\"target\":[\"https:\/\/hikrobotics.vn\/?product=mv-sc3004c-06m-wbn\"]}]},{\"@type\":\"BreadcrumbList\",\"@id\":\"https:\/\/hikrobotics.vn\/?product=mv-sc3004c-06m-wbn#breadcrumb\",\"itemListElement\":[{\"@type\":\"ListItem\",\"position\":1,\"name\":\"Trang ch\u1ee7\",\"item\":\"https:\/\/hikrobotics.vn\/\"},{\"@type\":\"ListItem\",\"position\":2,\"name\":\"S\u1ea3n ph\u1ea9m\",\"item\":\"https:\/\/hikrobotics.vn\/?post_type=product\"},{\"@type\":\"ListItem\",\"position\":3,\"name\":\"MV-SC3004C-06M-WBN\"}]},{\"@type\":\"WebSite\",\"@id\":\"https:\/\/hikrobotics.vn\/#website\",\"url\":\"https:\/\/hikrobotics.vn\/\",\"name\":\"hikrobotics\",\"description\":\"S\u1ef1 h\u00e0i l\u00f2ng c\u1ee7a qu\u00fd kh\u00e1ch l\u00e0 th\u00e0nh c\u00f4ng c\u1ee7a ch\u00fang t\u00f4i\",\"publisher\":{\"@id\":\"https:\/\/hikrobotics.vn\/#organization\"},\"potentialAction\":[{\"@type\":\"SearchAction\",\"target\":{\"@type\":\"EntryPoint\",\"urlTemplate\":\"https:\/\/hikrobotics.vn\/?s={search_term_string}\"},\"query-input\":\"required name=search_term_string\"}],\"inLanguage\":\"vi\"},{\"@type\":\"Organization\",\"@id\":\"https:\/\/hikrobotics.vn\/#organization\",\"name\":\"hikrobotics\",\"url\":\"https:\/\/hikrobotics.vn\/\",\"logo\":{\"@type\":\"ImageObject\",\"inLanguage\":\"vi\",\"@id\":\"https:\/\/hikrobotics.vn\/#\/schema\/logo\/image\/\",\"url\":\"http:\/\/hikrobotics.vn\/wp-content\/uploads\/2023\/02\/logo.png\",\"contentUrl\":\"http:\/\/hikrobotics.vn\/wp-content\/uploads\/2023\/02\/logo.png\",\"width\":3366,\"height\":1063,\"caption\":\"hikrobotics\"},\"image\":{\"@id\":\"https:\/\/hikrobotics.vn\/#\/schema\/logo\/image\/\"},\"sameAs\":[\"https:\/\/www.facebook.com\/hikroboticsvn\"]}]}<\/script>\n<!-- \/ Yoast SEO plugin. -->","yoast_head_json":{"title":"MV-SC3004C-06M-WBN - hikrobotics","robots":{"index":"index","follow":"follow","max-snippet":"max-snippet:-1","max-image-preview":"max-image-preview:large","max-video-preview":"max-video-preview:-1"},"canonical":"https:\/\/hikrobotics.vn\/?product=mv-sc3004c-06m-wbn","og_locale":"vi_VN","og_type":"article","og_title":"MV-SC3004C-06M-WBN - hikrobotics","og_description":"T\u00ednh n\u0103ng ch\u00ednh\u00a0  \u00c1p d\u1ee5ng n\u1ec1n t\u1ea3ng ph\u1ea7n c\u1ee9ng nh\u00fang \u0111\u1ec3 x\u1eed l\u00fd h\u00ecnh \u1ea3nh t\u1ed1c \u0111\u1ed9 cao.  Th\u00f4ng qua c\u00e1c thu\u1eadt to\u00e1n \u0111\u1ecbnh v\u1ecb v\u00e0 \u0111o l\u01b0\u1eddng t\u00edch h\u1ee3p \u0111\u1ec3 ph\u00e1t hi\u1ec7n s\u1ef1 t\u1ed3n t\u1ea1i, v\u1ecb tr\u00ed, k\u00edch th\u01b0\u1edbc c\u1ee7a \u0111\u1ed1i t\u01b0\u1ee3ng, v.v.  Nhi\u1ec1u giao di\u1ec7n IO cho t\u00edn hi\u1ec7u \u0111\u1ea7u v\u00e0o v\u00e0 \u0111\u1ea7u ra.  Nhi\u1ec1u ch\u1ec9 b\u00e1o \u0111\u1ec3 hi\u1ec3n th\u1ecb tr\u1ea1ng th\u00e1i thi\u1ebft b\u1ecb.  S\u1eed d\u1ee5ng ngu\u1ed3n s\u00e1ng \u0111\u1ec3 \u0111\u1ea3m b\u1ea3o \u0111\u1ed9 s\u00e1ng \u0111\u1ed3ng \u0111\u1ec1u trong khu v\u1ef1c \u0111\u01b0\u1ee3c chi\u1ebfu s\u00e1ng.  H\u1ed7 tr\u1ee3 nhi\u1ec1u giao th\u1ee9c truy\u1ec1n th\u00f4ng, bao g\u1ed3m C\u1ed5ng tr\u00ean kh\u00f4ng, M\u00e1y kh\u00e1ch TCP, M\u00e1y ch\u1ee7 TCP, Profinet, Modbus, v.v. M\u1eabu c\u00f3 s\u1eb5n Ti\u00eau c\u1ef1 6 mm: MV-SC3004C-06M-WBN \u00a0 \u00a0 &nbsp; K\u00edch th\u01b0\u1edbc\u00a0  * D\u1eef li\u1ec7u \u1edf \u0111\u00e2y c\u00f3 th\u1ec3 thay \u0111\u1ed5i t\u00f9y theo m\u00f4i tr\u01b0\u1eddng, \u0111\u1ed1i t\u01b0\u1ee3ng v\u00e0 c\u00e1c y\u1ebfu t\u1ed1 kh\u00e1c nhau, v\u00e0 HIKROBOT s\u1ebd kh\u00f4ng ch\u1ecbu c\u00e1c h\u1eadu qu\u1ea3 ph\u00e1t sinh t\u1eeb \u0111\u00f3.\u00a0","og_url":"https:\/\/hikrobotics.vn\/?product=mv-sc3004c-06m-wbn","og_site_name":"hikrobotics","article_publisher":"https:\/\/www.facebook.com\/hikroboticsvn","article_modified_time":"2025-05-24T13:39:42+00:00","og_image":[{"width":360,"height":360,"url":"https:\/\/hikrobotics.vn\/wp-content\/uploads\/2022\/01\/20210716083933422.png","type":"image\/png"}],"twitter_card":"summary_large_image","twitter_misc":{"\u01af\u1edbc t\u00ednh th\u1eddi gian \u0111\u1ecdc":"3 ph\u00fat"},"schema":{"@context":"https:\/\/schema.org","@graph":[{"@type":"WebPage","@id":"https:\/\/hikrobotics.vn\/?product=mv-sc3004c-06m-wbn","url":"https:\/\/hikrobotics.vn\/?product=mv-sc3004c-06m-wbn","name":"MV-SC3004C-06M-WBN - hikrobotics","isPartOf":{"@id":"https:\/\/hikrobotics.vn\/#website"},"datePublished":"2022-01-17T06:29:26+00:00","dateModified":"2025-05-24T13:39:42+00:00","breadcrumb":{"@id":"https:\/\/hikrobotics.vn\/?product=mv-sc3004c-06m-wbn#breadcrumb"},"inLanguage":"vi","potentialAction":[{"@type":"ReadAction","target":["https:\/\/hikrobotics.vn\/?product=mv-sc3004c-06m-wbn"]}]},{"@type":"BreadcrumbList","@id":"https:\/\/hikrobotics.vn\/?product=mv-sc3004c-06m-wbn#breadcrumb","itemListElement":[{"@type":"ListItem","position":1,"name":"Trang ch\u1ee7","item":"https:\/\/hikrobotics.vn\/"},{"@type":"ListItem","position":2,"name":"S\u1ea3n ph\u1ea9m","item":"https:\/\/hikrobotics.vn\/?post_type=product"},{"@type":"ListItem","position":3,"name":"MV-SC3004C-06M-WBN"}]},{"@type":"WebSite","@id":"https:\/\/hikrobotics.vn\/#website","url":"https:\/\/hikrobotics.vn\/","name":"hikrobotics","description":"S\u1ef1 h\u00e0i l\u00f2ng c\u1ee7a qu\u00fd kh\u00e1ch l\u00e0 th\u00e0nh c\u00f4ng c\u1ee7a ch\u00fang t\u00f4i","publisher":{"@id":"https:\/\/hikrobotics.vn\/#organization"},"potentialAction":[{"@type":"SearchAction","target":{"@type":"EntryPoint","urlTemplate":"https:\/\/hikrobotics.vn\/?s={search_term_string}"},"query-input":"required name=search_term_string"}],"inLanguage":"vi"},{"@type":"Organization","@id":"https:\/\/hikrobotics.vn\/#organization","name":"hikrobotics","url":"https:\/\/hikrobotics.vn\/","logo":{"@type":"ImageObject","inLanguage":"vi","@id":"https:\/\/hikrobotics.vn\/#\/schema\/logo\/image\/","url":"http:\/\/hikrobotics.vn\/wp-content\/uploads\/2023\/02\/logo.png","contentUrl":"http:\/\/hikrobotics.vn\/wp-content\/uploads\/2023\/02\/logo.png","width":3366,"height":1063,"caption":"hikrobotics"},"image":{"@id":"https:\/\/hikrobotics.vn\/#\/schema\/logo\/image\/"},"sameAs":["https:\/\/www.facebook.com\/hikroboticsvn"]}]}},"_links":{"self":[{"href":"https:\/\/hikrobotics.vn\/index.php?rest_route=\/wp\/v2\/product\/601"}],"collection":[{"href":"https:\/\/hikrobotics.vn\/index.php?rest_route=\/wp\/v2\/product"}],"about":[{"href":"https:\/\/hikrobotics.vn\/index.php?rest_route=\/wp\/v2\/types\/product"}],"replies":[{"embeddable":true,"href":"https:\/\/hikrobotics.vn\/index.php?rest_route=%2Fwp%2Fv2%2Fcomments&post=601"}],"wp:featuredmedia":[{"embeddable":true,"href":"https:\/\/hikrobotics.vn\/index.php?rest_route=\/wp\/v2\/media\/600"}],"wp:attachment":[{"href":"https:\/\/hikrobotics.vn\/index.php?rest_route=%2Fwp%2Fv2%2Fmedia&parent=601"}],"wp:term":[{"taxonomy":"product_cat","embeddable":true,"href":"https:\/\/hikrobotics.vn\/index.php?rest_route=%2Fwp%2Fv2%2Fproduct_cat&post=601"},{"taxonomy":"product_tag","embeddable":true,"href":"https:\/\/hikrobotics.vn\/index.php?rest_route=%2Fwp%2Fv2%2Fproduct_tag&post=601"}],"curies":[{"name":"wp","href":"https:\/\/api.w.org\/{rel}","templated":true}]}}