{"id":574,"date":"2022-01-17T02:21:14","date_gmt":"2022-01-17T02:21:14","guid":{"rendered":"hikrobotics.vn?post_type=product&amp;p=574"},"modified":"2022-01-17T02:21:14","modified_gmt":"2022-01-17T02:21:14","slug":"mv-sc7016m-15s-wbn","status":"publish","type":"product","link":"https:\/\/hikrobotics.vn\/?product=mv-sc7016m-15s-wbn","title":{"rendered":"MV-SC7016M-15S-WBN"},"content":{"rendered":"<table class=\"table-style\" cellspacing=\"0\" cellpadding=\"0\" data-v-eb8300fa=\"\">\n<tbody>\n<tr data-v-eb8300fa=\"\">\n<td class=\"bod\" rowspan=\"2\" width=\"12%\" data-v-eb8300fa=\"\"><span>M\u00f4 h\u00ecnh<\/span><\/td>\n<td class=\"bod\" width=\"16%\" data-v-eb8300fa=\"\"><span>M\u00f4 h\u00ecnh<\/span><\/td>\n<td width=\"72%\" data-v-eb8300fa=\"\"><span>MV-SC7016M-15S-WBN<\/span><\/td>\n<\/tr>\n<tr data-v-eb8300fa=\"\">\n<td class=\"bod\" width=\"16%\" data-v-eb8300fa=\"\"><span>Lo\u1ea1i<\/span><\/td>\n<td width=\"72%\" data-v-eb8300fa=\"\"><span>M\u00e1y \u1ea3nh th\u00f4ng minh 1.6 MP<\/span><\/td>\n<\/tr>\n<tr data-v-eb8300fa=\"\">\n<td class=\"bod\" rowspan=\"3\" width=\"12%\" data-v-eb8300fa=\"\"><span>C\u00f4ng c\u1ee5<\/span><\/td>\n<td class=\"bod\" width=\"16%\" data-v-eb8300fa=\"\"><span>C\u00f4ng c\u1ee5 t\u1ea7m nh\u00ecn<\/span><\/td>\n<td width=\"72%\" data-v-eb8300fa=\"\"><span>\u0110\u1ed1i s\u00e1nh t\u00ednh n\u0103ng, c\u1ed1 \u0111\u1ecbnh, \u0111\u1ed1m m\u00e0u, chuy\u1ec3n \u0111\u1ed5i m\u00e0u s\u1eafc, nh\u1eadn d\u1ea1ng k\u00fd t\u1ef1 h\u1ecdc s\u00e2u, v\u1ecb tr\u00ed k\u00fd t\u1ef1 h\u1ecdc s\u00e2u, ph\u00e2n lo\u1ea1i h\u1ecdc s\u00e2u, ph\u00e1t hi\u1ec7n \u0111\u1ed1i t\u01b0\u1ee3ng h\u1ecdc s\u00e2u, v.v.<\/span><\/td>\n<\/tr>\n<tr data-v-eb8300fa=\"\">\n<td class=\"bod\" width=\"16%\" data-v-eb8300fa=\"\"><span>N\u0103ng l\u1ef1c gi\u1ea3i ph\u00e1p<\/span><\/td>\n<td width=\"72%\" data-v-eb8300fa=\"\"><span>H\u1ed7 tr\u1ee3 nh\u1eadp v\u00e0 xu\u1ea5t gi\u1ea3i ph\u00e1p, c\u00f3 th\u1ec3 l\u01b0u tr\u1eef t\u1ed1i \u0111a 32 gi\u1ea3i ph\u00e1p v\u00e0 40 m\u00f4-\u0111un.<\/span><\/td>\n<\/tr>\n<tr data-v-eb8300fa=\"\">\n<td class=\"bod\" width=\"16%\" data-v-eb8300fa=\"\"><span>Giao th\u1ee9c truy\u1ec1n th\u00f4ng<\/span><\/td>\n<td width=\"72%\" data-v-eb8300fa=\"\"><span>TCP, UDP, c\u1ed5ng n\u1ed1i ti\u1ebfp, IO, Modbus, PROFINET, Ethernet \/ IP v\u00e0 FTP.<\/span><\/td>\n<\/tr>\n<tr data-v-eb8300fa=\"\">\n<td class=\"bod\" rowspan=\"11\" width=\"12%\" data-v-eb8300fa=\"\"><span>M\u00e1y \u1ea3nh<\/span><\/td>\n<td class=\"bod\" width=\"16%\" data-v-eb8300fa=\"\"><span>Lo\u1ea1i c\u1ea3m bi\u1ebfn<\/span><\/td>\n<td width=\"72%\" data-v-eb8300fa=\"\"><span>CMOS, m\u00e0n tr\u1eadp to\u00e0n c\u1ea7u<\/span><\/td>\n<\/tr>\n<tr data-v-eb8300fa=\"\">\n<td class=\"bod\" width=\"16%\" data-v-eb8300fa=\"\"><span>K\u00edch th\u01b0\u1edbc pixel<\/span><\/td>\n<td width=\"72%\" data-v-eb8300fa=\"\"><span>3,45 \u00b5m \u00d7 3,45 \u00b5m<\/span><\/td>\n<\/tr>\n<tr data-v-eb8300fa=\"\">\n<td class=\"bod\" width=\"16%\" data-v-eb8300fa=\"\"><span>K\u00edch th\u01b0\u1edbc c\u1ea3m bi\u1ebfn<\/span><\/td>\n<td width=\"72%\" data-v-eb8300fa=\"\"><span>1 \/ 2,9 &#8220;<\/span><\/td>\n<\/tr>\n<tr data-v-eb8300fa=\"\">\n<td class=\"bod\" width=\"16%\" data-v-eb8300fa=\"\"><span>Ngh\u1ecb quy\u1ebft<\/span><\/td>\n<td width=\"72%\" data-v-eb8300fa=\"\"><span>1440 \u00d7 1080<\/span><\/td>\n<\/tr>\n<tr data-v-eb8300fa=\"\">\n<td class=\"bod\" width=\"16%\" data-v-eb8300fa=\"\"><span>T\u1ed1i \u0111a\u00a0T\u1ef7 l\u1ec7 khung h\u00ecnh<\/span><\/td>\n<td width=\"72%\" data-v-eb8300fa=\"\"><span>60 khung h\u00ecnh \/ gi\u00e2y<\/span><\/td>\n<\/tr>\n<tr data-v-eb8300fa=\"\">\n<td class=\"bod\" width=\"16%\" data-v-eb8300fa=\"\"><span>D\u1ea3i \u0111\u1ed9ng<\/span><\/td>\n<td width=\"72%\" data-v-eb8300fa=\"\"><span>71,4 dB<\/span><\/td>\n<\/tr>\n<tr data-v-eb8300fa=\"\">\n<td class=\"bod\" width=\"16%\" data-v-eb8300fa=\"\"><span>SNR<\/span><\/td>\n<td width=\"72%\" data-v-eb8300fa=\"\"><span>41 dB<\/span><\/td>\n<\/tr>\n<tr data-v-eb8300fa=\"\">\n<td class=\"bod\" width=\"16%\" data-v-eb8300fa=\"\"><span>L\u1ee3i<\/span><\/td>\n<td width=\"72%\" data-v-eb8300fa=\"\"><span>0 dB \u0111\u1ebfn 15 dB<\/span><\/td>\n<\/tr>\n<tr data-v-eb8300fa=\"\">\n<td class=\"bod\" width=\"16%\" data-v-eb8300fa=\"\"><span>Th\u1eddi gian ph\u01a1i s\u00e1ng<\/span><\/td>\n<td width=\"72%\" data-v-eb8300fa=\"\"><span>16 \u03bcs \u0111\u1ebfn 1 gi\u00e2y<\/span><\/td>\n<\/tr>\n<tr data-v-eb8300fa=\"\">\n<td class=\"bod\" width=\"16%\" data-v-eb8300fa=\"\"><span>\u0110\u1ecbnh d\u1ea1ng pixel<\/span><\/td>\n<td width=\"72%\" data-v-eb8300fa=\"\"><span>Mono 8<\/span><\/td>\n<\/tr>\n<tr data-v-eb8300fa=\"\">\n<td class=\"bod\" width=\"16%\" data-v-eb8300fa=\"\"><span>\u0110\u01a1n s\u1eafc \/ M\u00e0u<\/span><\/td>\n<td width=\"72%\" data-v-eb8300fa=\"\"><span>B\u1ec7nh t\u0103ng b\u1ea1ch c\u1ea7u \u0111\u01a1n nh\u00e2n<\/span><\/td>\n<\/tr>\n<tr data-v-eb8300fa=\"\">\n<td class=\"bod\" rowspan=\"2\" width=\"12%\" data-v-eb8300fa=\"\"><span>N\u1ec1n t\u1ea3ng<\/span><\/td>\n<td class=\"bod\" width=\"16%\" data-v-eb8300fa=\"\"><span>K\u1ec9 ni\u1ec7m<\/span><\/td>\n<td width=\"72%\" data-v-eb8300fa=\"\"><span>4 GB<\/span><\/td>\n<\/tr>\n<tr data-v-eb8300fa=\"\">\n<td class=\"bod\" width=\"16%\" data-v-eb8300fa=\"\"><span>Kho<\/span><\/td>\n<td width=\"72%\" data-v-eb8300fa=\"\"><span>32 GB<\/span><\/td>\n<\/tr>\n<tr data-v-eb8300fa=\"\">\n<td class=\"bod\" rowspan=\"4\" width=\"12%\" data-v-eb8300fa=\"\"><span>T\u00ednh n\u0103ng \u0111i\u1ec7n<\/span><\/td>\n<td class=\"bod\" width=\"16%\" data-v-eb8300fa=\"\"><span>Giao di\u1ec7n d\u1eef li\u1ec7u<\/span><\/td>\n<td width=\"72%\" data-v-eb8300fa=\"\"><span>GigE<\/span><\/td>\n<\/tr>\n<tr data-v-eb8300fa=\"\">\n<td class=\"bod\" width=\"16%\" data-v-eb8300fa=\"\"><span>I \/ O k\u1ef9 thu\u1eadt s\u1ed1<\/span><\/td>\n<td width=\"72%\" data-v-eb8300fa=\"\"><span>\u0110\u1ea7u n\u1ed1i M12 12 ch\u00e2n cung c\u1ea5p ngu\u1ed3n v\u00e0 I \/ O, bao g\u1ed3m \u0111\u1ea7u v\u00e0o c\u00e1ch ly quang (D\u00f2ng 0\/1\/2) \u00d7 3, \u0111\u1ea7u ra c\u00e1ch ly quang (D\u00f2ng 3\/4\/5) \u00d7 3 v\u00e0 RS-232 \u00d7 1<\/span><\/td>\n<\/tr>\n<tr data-v-eb8300fa=\"\">\n<td class=\"bod\" width=\"16%\" data-v-eb8300fa=\"\"><span>Ngu\u1ed3n c\u1ea5p<\/span><\/td>\n<td width=\"72%\" data-v-eb8300fa=\"\"><span>12 VDC \u0111\u1ebfn 24 VDC<\/span><\/td>\n<\/tr>\n<tr data-v-eb8300fa=\"\">\n<td class=\"bod\" width=\"16%\" data-v-eb8300fa=\"\"><span>S\u1ef1 ti\u00eau th\u1ee5 n\u0103ng l\u01b0\u1ee3ng<\/span><\/td>\n<td width=\"72%\" data-v-eb8300fa=\"\"><span>Kho\u1ea3ng<\/span><br \/>\n<span>Kho\u1ea3ng\u00a07,5 W @ 24 VDC (ngu\u1ed3n s\u00e1ng b\u1ecb t\u1eaft)\u00a018 W @ 24 VDC (ngu\u1ed3n s\u00e1ng \u0111\u01b0\u1ee3c b\u1eadt)<\/span><\/td>\n<\/tr>\n<tr data-v-eb8300fa=\"\">\n<td class=\"bod\" rowspan=\"10\" width=\"12%\" data-v-eb8300fa=\"\"><span>C\u01a1 kh\u00ed<\/span><\/td>\n<td class=\"bod\" width=\"16%\" data-v-eb8300fa=\"\"><span>G\u1eafn \u1ed1ng k\u00ednh<\/span><\/td>\n<td width=\"72%\" data-v-eb8300fa=\"\"><span>M12-mount, h\u1ed7 tr\u1ee3 l\u1ea5y n\u00e9t b\u00e1n t\u1ef1 \u0111\u1ed9ng<\/span><\/td>\n<\/tr>\n<tr data-v-eb8300fa=\"\">\n<td class=\"bod\" width=\"16%\" data-v-eb8300fa=\"\"><span>Ti\u00eau c\u1ef1<\/span><\/td>\n<td width=\"72%\" data-v-eb8300fa=\"\"><span>15 mm (0,6 &#8220;)<\/span><\/td>\n<\/tr>\n<tr data-v-eb8300fa=\"\">\n<td class=\"bod\" width=\"16%\" data-v-eb8300fa=\"\"><span>N\u1eafp \u1ed1ng k\u00ednh<\/span><\/td>\n<td width=\"72%\" data-v-eb8300fa=\"\"><span>N\u1eafp \u1ed1ng k\u00ednh trong su\u1ed1t.\u00a0N\u1eafp \u1ed1ng k\u00ednh ph\u00e2n c\u1ef1c l\u00e0 t\u00f9y ch\u1ecdn.<\/span><\/td>\n<\/tr>\n<tr data-v-eb8300fa=\"\">\n<td class=\"bod\" width=\"16%\" data-v-eb8300fa=\"\"><span>Ngu\u1ed3n s\u00e1ng<\/span><\/td>\n<td width=\"72%\" data-v-eb8300fa=\"\"><span>\u00c1nh s\u00e1ng tr\u1eafng.\u00a0\u00c1nh s\u00e1ng \u0111\u1ecf, xanh lam ho\u1eb7c NIR l\u00e0 t\u00f9y ch\u1ecdn.<\/span><\/td>\n<\/tr>\n<tr data-v-eb8300fa=\"\">\n<td class=\"bod\" width=\"16%\" data-v-eb8300fa=\"\"><span>Ch\u1ec9 b\u00e1o<\/span><\/td>\n<td width=\"72%\" data-v-eb8300fa=\"\"><span>Ch\u1ec9 b\u00e1o ngu\u1ed3n (PWR), ch\u1ec9 b\u00e1o m\u1ea1ng (LNK \/ ACT) v\u00e0 ch\u1ec9 b\u00e1o do ng\u01b0\u1eddi d\u00f9ng x\u00e1c \u0111\u1ecbnh (U1 \/ U2).<\/span><\/td>\n<\/tr>\n<tr data-v-eb8300fa=\"\">\n<td class=\"bod\" width=\"16%\" data-v-eb8300fa=\"\"><span>K\u00edch th\u01b0\u1edbc<\/span><\/td>\n<td width=\"72%\" data-v-eb8300fa=\"\"><span>118,7 mm \u00d7 78 mm \u00d7 73,2 mm (4,7 &#8220;\u00d7 3,1&#8221; \u00d7 2,9 &#8220;)<\/span><\/td>\n<\/tr>\n<tr data-v-eb8300fa=\"\">\n<td class=\"bod\" width=\"16%\" data-v-eb8300fa=\"\"><span>Tr\u1ecdng l\u01b0\u1ee3ng<\/span><\/td>\n<td width=\"72%\" data-v-eb8300fa=\"\"><span>Kho\u1ea3ng\u00a0520 g (1,1 lb.)<\/span><\/td>\n<\/tr>\n<tr data-v-eb8300fa=\"\">\n<td class=\"bod\" width=\"16%\" data-v-eb8300fa=\"\"><span>B\u1ea3o v\u1ec7 s\u1ef1 x\u00e2m nh\u1eadp<\/span><\/td>\n<td width=\"72%\" data-v-eb8300fa=\"\"><span>IP67 (trong \u0111i\u1ec1u ki\u1ec7n l\u1eafp \u0111\u1eb7t \u0111\u00fang n\u1eafp \u1ed1ng k\u00ednh ch\u1ed1ng th\u1ea5m n\u01b0\u1edbc)<\/span><\/td>\n<\/tr>\n<tr data-v-eb8300fa=\"\">\n<td class=\"bod\" width=\"16%\" data-v-eb8300fa=\"\"><span>Nhi\u1ec7t \u0111\u1ed9<\/span><\/td>\n<td width=\"72%\" data-v-eb8300fa=\"\"><span>Nhi\u1ec7t \u0111\u1ed9 l\u00e0m vi\u1ec7c: 0 \u00b0 C \u0111\u1ebfn 50 \u00b0 C (32 \u00b0 F \u0111\u1ebfn 122 \u00b0 F)<\/span><br \/>\n<span>Nhi\u1ec7t \u0111\u1ed9 b\u1ea3o qu\u1ea3n: -30 \u00b0 C \u0111\u1ebfn 70 \u00b0 C (-22 \u00b0 F \u0111\u1ebfn 158 \u00b0 F)<\/span><\/td>\n<\/tr>\n<tr data-v-eb8300fa=\"\">\n<td class=\"bod\" width=\"16%\" data-v-eb8300fa=\"\"><span>\u0110\u1ed9 \u1ea9m<\/span><\/td>\n<td width=\"72%\" data-v-eb8300fa=\"\"><span>20% \u0111\u1ebfn 95% RH, kh\u00f4ng ng\u01b0ng t\u1ee5<\/span><\/td>\n<\/tr>\n<tr data-v-eb8300fa=\"\">\n<td class=\"bod\" rowspan=\"2\" width=\"12%\" data-v-eb8300fa=\"\"><span>T\u1ed5ng quan<\/span><\/td>\n<td class=\"bod\" width=\"16%\" data-v-eb8300fa=\"\"><span>Ph\u1ea7n m\u1ec1m m\u00e1y kh\u00e1ch<\/span><\/td>\n<td width=\"72%\" data-v-eb8300fa=\"\"><span>Qua giao di\u1ec7n d\u1ef1a tr\u00ean web<\/span><\/td>\n<\/tr>\n<tr data-v-eb8300fa=\"\">\n<td class=\"bod\" width=\"16%\" data-v-eb8300fa=\"\"><span>Ch\u1ee9ng nh\u1eadn<\/span><\/td>\n<td width=\"72%\" data-v-eb8300fa=\"\"><span>CE, FCC, KC<\/span><\/td>\n<\/tr>\n<\/tbody>\n<\/table>\n","protected":false},"excerpt":{"rendered":"<p><strong><span>T\u00ednh n\u0103ng ch\u00ednh\u00a0<\/span><\/strong><\/p>\n<ul class=\" list-paddingleft-2\">\n<li><span>C\u00e1c c\u00f4ng c\u1ee5 t\u1ea7m nh\u00ecn t\u00edch h\u1ee3p c\u1ee7a h\u1ecdc s\u00e2u \u0111\u1ec3 \u0111\u1ea1t \u0111\u01b0\u1ee3c nh\u1eadn d\u1ea1ng k\u00fd t\u1ef1 v\u00e0 \u0111\u1ed1i t\u01b0\u1ee3ng, ph\u00e2n lo\u1ea1i \u0111\u1ed1i t\u01b0\u1ee3ng, v.v.<\/span><\/li>\n<li><span>H\u1ed7 tr\u1ee3 l\u1ea5y n\u00e9t b\u00e1n t\u1ef1 \u0111\u1ed9ng \u0111\u1ec3 c\u00f3 \u0111\u01b0\u1ee3c h\u00ecnh \u1ea3nh r\u00f5 r\u00e0ng h\u01a1n.<\/span><\/li>\n<li><span>S\u1eed d\u1ee5ng ph\u01b0\u01a1ng ti\u1ec7n b\u1ed9 nh\u1edb t\u1ed1c \u0111\u1ed9 cao v\u00e0 dung l\u01b0\u1ee3ng l\u1edbn \u0111\u1ec3 l\u01b0u h\u00ecnh \u1ea3nh.<\/span><\/li>\n<li><span>H\u1ed7 tr\u1ee3 nhi\u1ec1u giao th\u1ee9c truy\u1ec1n th\u00f4ng, bao g\u1ed3m TCP, UDP, Serial, FTP, Modbus, v.v.<\/span><\/li>\n<li><span>H\u1ed7 tr\u1ee3 c\u00e1c ch\u1ec9 b\u00e1o hi\u1ec3n th\u1ecb tr\u1ea1ng th\u00e1i thi\u1ebft b\u1ecb.<\/span><\/li>\n<\/ul>\n<p><strong><span>M\u1eabu c\u00f3 s\u1eb5n<\/span><\/strong><\/p>\n<p>&nbsp;<\/p>\n<p><span class=\"fontstyle0\"><span>Camera th\u00f4ng minh ti\u00eau c\u1ef1 15 mm: MV-SC7016M-15S-WBN<\/span><\/span><\/p>\n<p><strong><span>K\u00edch th\u01b0\u1edbc\u00a0<\/span><\/strong><\/p>\n<p><img decoding=\"async\" loading=\"lazy\" title=\"1628834863739071139.png\" src=\"https:\/\/www.hikrobotics.com\/en2\/source\/ueditor\/image\/20210813\/1628834863739071139.png\" alt=\"SC7000.png\" width=\"851\" height=\"295\" \/><\/p>\n<p><span>* D\u1eef li\u1ec7u \u1edf \u0111\u00e2y c\u00f3 th\u1ec3 thay \u0111\u1ed5i t\u00f9y theo m\u00f4i tr\u01b0\u1eddng, \u0111\u1ed1i t\u01b0\u1ee3ng v\u00e0 c\u00e1c y\u1ebfu t\u1ed1 kh\u00e1c nhau, v\u00e0 HIKROBOT s\u1ebd kh\u00f4ng ch\u1ecbu c\u00e1c h\u1eadu qu\u1ea3 ph\u00e1t sinh t\u1eeb \u0111\u00f3.\u00a0<\/span><\/p>\n","protected":false},"featured_media":573,"comment_status":"open","ping_status":"closed","template":"","meta":[],"product_cat":[120,67,101],"product_tag":[31],"yoast_head":"<!-- This site is optimized with the Yoast SEO plugin v20.1 - https:\/\/yoast.com\/wordpress\/plugins\/seo\/ -->\n<title>MV-SC7016M-15S-WBN - hikrobotics<\/title>\n<meta name=\"robots\" content=\"index, follow, max-snippet:-1, max-image-preview:large, max-video-preview:-1\" \/>\n<link rel=\"canonical\" href=\"https:\/\/hikrobotics.vn\/?product=mv-sc7016m-15s-wbn\" \/>\n<meta property=\"og:locale\" content=\"vi_VN\" \/>\n<meta property=\"og:type\" content=\"article\" \/>\n<meta property=\"og:title\" content=\"MV-SC7016M-15S-WBN - hikrobotics\" \/>\n<meta property=\"og:description\" content=\"T\u00ednh n\u0103ng ch\u00ednh\u00a0  C\u00e1c c\u00f4ng c\u1ee5 t\u1ea7m nh\u00ecn t\u00edch h\u1ee3p c\u1ee7a h\u1ecdc s\u00e2u \u0111\u1ec3 \u0111\u1ea1t \u0111\u01b0\u1ee3c nh\u1eadn d\u1ea1ng k\u00fd t\u1ef1 v\u00e0 \u0111\u1ed1i t\u01b0\u1ee3ng, ph\u00e2n lo\u1ea1i \u0111\u1ed1i t\u01b0\u1ee3ng, v.v.  H\u1ed7 tr\u1ee3 l\u1ea5y n\u00e9t b\u00e1n t\u1ef1 \u0111\u1ed9ng \u0111\u1ec3 c\u00f3 \u0111\u01b0\u1ee3c h\u00ecnh \u1ea3nh r\u00f5 r\u00e0ng h\u01a1n.  S\u1eed d\u1ee5ng ph\u01b0\u01a1ng ti\u1ec7n b\u1ed9 nh\u1edb t\u1ed1c \u0111\u1ed9 cao v\u00e0 dung l\u01b0\u1ee3ng l\u1edbn \u0111\u1ec3 l\u01b0u h\u00ecnh \u1ea3nh.  H\u1ed7 tr\u1ee3 nhi\u1ec1u giao th\u1ee9c truy\u1ec1n th\u00f4ng, bao g\u1ed3m TCP, UDP, Serial, FTP, Modbus, v.v.  H\u1ed7 tr\u1ee3 c\u00e1c ch\u1ec9 b\u00e1o hi\u1ec3n th\u1ecb tr\u1ea1ng th\u00e1i thi\u1ebft b\u1ecb. M\u1eabu c\u00f3 s\u1eb5n &nbsp; Camera th\u00f4ng minh ti\u00eau c\u1ef1 15 mm: MV-SC7016M-15S-WBN K\u00edch th\u01b0\u1edbc\u00a0  * D\u1eef li\u1ec7u \u1edf \u0111\u00e2y c\u00f3 th\u1ec3 thay \u0111\u1ed5i t\u00f9y theo m\u00f4i tr\u01b0\u1eddng, \u0111\u1ed1i t\u01b0\u1ee3ng v\u00e0 c\u00e1c y\u1ebfu t\u1ed1 kh\u00e1c nhau, v\u00e0 HIKROBOT s\u1ebd kh\u00f4ng ch\u1ecbu c\u00e1c h\u1eadu qu\u1ea3 ph\u00e1t sinh t\u1eeb \u0111\u00f3.\u00a0\" \/>\n<meta property=\"og:url\" content=\"https:\/\/hikrobotics.vn\/?product=mv-sc7016m-15s-wbn\" \/>\n<meta property=\"og:site_name\" content=\"hikrobotics\" \/>\n<meta property=\"article:publisher\" content=\"https:\/\/www.facebook.com\/hikroboticsvn\" \/>\n<meta property=\"og:image\" content=\"https:\/\/hikrobotics.vn\/wp-content\/uploads\/2022\/01\/20210813060356173.png\" \/>\n\t<meta property=\"og:image:width\" content=\"360\" \/>\n\t<meta property=\"og:image:height\" content=\"360\" \/>\n\t<meta property=\"og:image:type\" content=\"image\/png\" \/>\n<meta name=\"twitter:card\" content=\"summary_large_image\" \/>\n<meta name=\"twitter:label1\" content=\"\u01af\u1edbc t\u00ednh th\u1eddi gian \u0111\u1ecdc\" \/>\n\t<meta name=\"twitter:data1\" content=\"3 ph\u00fat\" \/>\n<script type=\"application\/ld+json\" class=\"yoast-schema-graph\">{\"@context\":\"https:\/\/schema.org\",\"@graph\":[{\"@type\":\"WebPage\",\"@id\":\"https:\/\/hikrobotics.vn\/?product=mv-sc7016m-15s-wbn\",\"url\":\"https:\/\/hikrobotics.vn\/?product=mv-sc7016m-15s-wbn\",\"name\":\"MV-SC7016M-15S-WBN - hikrobotics\",\"isPartOf\":{\"@id\":\"https:\/\/hikrobotics.vn\/#website\"},\"datePublished\":\"2022-01-17T02:21:14+00:00\",\"dateModified\":\"2022-01-17T02:21:14+00:00\",\"breadcrumb\":{\"@id\":\"https:\/\/hikrobotics.vn\/?product=mv-sc7016m-15s-wbn#breadcrumb\"},\"inLanguage\":\"vi\",\"potentialAction\":[{\"@type\":\"ReadAction\",\"target\":[\"https:\/\/hikrobotics.vn\/?product=mv-sc7016m-15s-wbn\"]}]},{\"@type\":\"BreadcrumbList\",\"@id\":\"https:\/\/hikrobotics.vn\/?product=mv-sc7016m-15s-wbn#breadcrumb\",\"itemListElement\":[{\"@type\":\"ListItem\",\"position\":1,\"name\":\"Trang ch\u1ee7\",\"item\":\"https:\/\/hikrobotics.vn\/\"},{\"@type\":\"ListItem\",\"position\":2,\"name\":\"S\u1ea3n ph\u1ea9m\",\"item\":\"https:\/\/hikrobotics.vn\/?post_type=product\"},{\"@type\":\"ListItem\",\"position\":3,\"name\":\"MV-SC7016M-15S-WBN\"}]},{\"@type\":\"WebSite\",\"@id\":\"https:\/\/hikrobotics.vn\/#website\",\"url\":\"https:\/\/hikrobotics.vn\/\",\"name\":\"hikrobotics\",\"description\":\"S\u1ef1 h\u00e0i l\u00f2ng c\u1ee7a qu\u00fd kh\u00e1ch l\u00e0 th\u00e0nh c\u00f4ng c\u1ee7a ch\u00fang t\u00f4i\",\"publisher\":{\"@id\":\"https:\/\/hikrobotics.vn\/#organization\"},\"potentialAction\":[{\"@type\":\"SearchAction\",\"target\":{\"@type\":\"EntryPoint\",\"urlTemplate\":\"https:\/\/hikrobotics.vn\/?s={search_term_string}\"},\"query-input\":\"required name=search_term_string\"}],\"inLanguage\":\"vi\"},{\"@type\":\"Organization\",\"@id\":\"https:\/\/hikrobotics.vn\/#organization\",\"name\":\"hikrobotics\",\"url\":\"https:\/\/hikrobotics.vn\/\",\"logo\":{\"@type\":\"ImageObject\",\"inLanguage\":\"vi\",\"@id\":\"https:\/\/hikrobotics.vn\/#\/schema\/logo\/image\/\",\"url\":\"http:\/\/hikrobotics.vn\/wp-content\/uploads\/2023\/02\/logo.png\",\"contentUrl\":\"http:\/\/hikrobotics.vn\/wp-content\/uploads\/2023\/02\/logo.png\",\"width\":3366,\"height\":1063,\"caption\":\"hikrobotics\"},\"image\":{\"@id\":\"https:\/\/hikrobotics.vn\/#\/schema\/logo\/image\/\"},\"sameAs\":[\"https:\/\/www.facebook.com\/hikroboticsvn\"]}]}<\/script>\n<!-- \/ Yoast SEO plugin. -->","yoast_head_json":{"title":"MV-SC7016M-15S-WBN - hikrobotics","robots":{"index":"index","follow":"follow","max-snippet":"max-snippet:-1","max-image-preview":"max-image-preview:large","max-video-preview":"max-video-preview:-1"},"canonical":"https:\/\/hikrobotics.vn\/?product=mv-sc7016m-15s-wbn","og_locale":"vi_VN","og_type":"article","og_title":"MV-SC7016M-15S-WBN - hikrobotics","og_description":"T\u00ednh n\u0103ng ch\u00ednh\u00a0  C\u00e1c c\u00f4ng c\u1ee5 t\u1ea7m nh\u00ecn t\u00edch h\u1ee3p c\u1ee7a h\u1ecdc s\u00e2u \u0111\u1ec3 \u0111\u1ea1t \u0111\u01b0\u1ee3c nh\u1eadn d\u1ea1ng k\u00fd t\u1ef1 v\u00e0 \u0111\u1ed1i t\u01b0\u1ee3ng, ph\u00e2n lo\u1ea1i \u0111\u1ed1i t\u01b0\u1ee3ng, v.v.  H\u1ed7 tr\u1ee3 l\u1ea5y n\u00e9t b\u00e1n t\u1ef1 \u0111\u1ed9ng \u0111\u1ec3 c\u00f3 \u0111\u01b0\u1ee3c h\u00ecnh \u1ea3nh r\u00f5 r\u00e0ng h\u01a1n.  S\u1eed d\u1ee5ng ph\u01b0\u01a1ng ti\u1ec7n b\u1ed9 nh\u1edb t\u1ed1c \u0111\u1ed9 cao v\u00e0 dung l\u01b0\u1ee3ng l\u1edbn \u0111\u1ec3 l\u01b0u h\u00ecnh \u1ea3nh.  H\u1ed7 tr\u1ee3 nhi\u1ec1u giao th\u1ee9c truy\u1ec1n th\u00f4ng, bao g\u1ed3m TCP, UDP, Serial, FTP, Modbus, v.v.  H\u1ed7 tr\u1ee3 c\u00e1c ch\u1ec9 b\u00e1o hi\u1ec3n th\u1ecb tr\u1ea1ng th\u00e1i thi\u1ebft b\u1ecb. M\u1eabu c\u00f3 s\u1eb5n &nbsp; Camera th\u00f4ng minh ti\u00eau c\u1ef1 15 mm: MV-SC7016M-15S-WBN K\u00edch th\u01b0\u1edbc\u00a0  * D\u1eef li\u1ec7u \u1edf \u0111\u00e2y c\u00f3 th\u1ec3 thay \u0111\u1ed5i t\u00f9y theo m\u00f4i tr\u01b0\u1eddng, \u0111\u1ed1i t\u01b0\u1ee3ng v\u00e0 c\u00e1c y\u1ebfu t\u1ed1 kh\u00e1c nhau, v\u00e0 HIKROBOT s\u1ebd kh\u00f4ng ch\u1ecbu c\u00e1c h\u1eadu qu\u1ea3 ph\u00e1t sinh t\u1eeb \u0111\u00f3.\u00a0","og_url":"https:\/\/hikrobotics.vn\/?product=mv-sc7016m-15s-wbn","og_site_name":"hikrobotics","article_publisher":"https:\/\/www.facebook.com\/hikroboticsvn","og_image":[{"width":360,"height":360,"url":"https:\/\/hikrobotics.vn\/wp-content\/uploads\/2022\/01\/20210813060356173.png","type":"image\/png"}],"twitter_card":"summary_large_image","twitter_misc":{"\u01af\u1edbc t\u00ednh th\u1eddi gian \u0111\u1ecdc":"3 ph\u00fat"},"schema":{"@context":"https:\/\/schema.org","@graph":[{"@type":"WebPage","@id":"https:\/\/hikrobotics.vn\/?product=mv-sc7016m-15s-wbn","url":"https:\/\/hikrobotics.vn\/?product=mv-sc7016m-15s-wbn","name":"MV-SC7016M-15S-WBN - hikrobotics","isPartOf":{"@id":"https:\/\/hikrobotics.vn\/#website"},"datePublished":"2022-01-17T02:21:14+00:00","dateModified":"2022-01-17T02:21:14+00:00","breadcrumb":{"@id":"https:\/\/hikrobotics.vn\/?product=mv-sc7016m-15s-wbn#breadcrumb"},"inLanguage":"vi","potentialAction":[{"@type":"ReadAction","target":["https:\/\/hikrobotics.vn\/?product=mv-sc7016m-15s-wbn"]}]},{"@type":"BreadcrumbList","@id":"https:\/\/hikrobotics.vn\/?product=mv-sc7016m-15s-wbn#breadcrumb","itemListElement":[{"@type":"ListItem","position":1,"name":"Trang ch\u1ee7","item":"https:\/\/hikrobotics.vn\/"},{"@type":"ListItem","position":2,"name":"S\u1ea3n ph\u1ea9m","item":"https:\/\/hikrobotics.vn\/?post_type=product"},{"@type":"ListItem","position":3,"name":"MV-SC7016M-15S-WBN"}]},{"@type":"WebSite","@id":"https:\/\/hikrobotics.vn\/#website","url":"https:\/\/hikrobotics.vn\/","name":"hikrobotics","description":"S\u1ef1 h\u00e0i l\u00f2ng c\u1ee7a qu\u00fd kh\u00e1ch l\u00e0 th\u00e0nh c\u00f4ng c\u1ee7a ch\u00fang t\u00f4i","publisher":{"@id":"https:\/\/hikrobotics.vn\/#organization"},"potentialAction":[{"@type":"SearchAction","target":{"@type":"EntryPoint","urlTemplate":"https:\/\/hikrobotics.vn\/?s={search_term_string}"},"query-input":"required name=search_term_string"}],"inLanguage":"vi"},{"@type":"Organization","@id":"https:\/\/hikrobotics.vn\/#organization","name":"hikrobotics","url":"https:\/\/hikrobotics.vn\/","logo":{"@type":"ImageObject","inLanguage":"vi","@id":"https:\/\/hikrobotics.vn\/#\/schema\/logo\/image\/","url":"http:\/\/hikrobotics.vn\/wp-content\/uploads\/2023\/02\/logo.png","contentUrl":"http:\/\/hikrobotics.vn\/wp-content\/uploads\/2023\/02\/logo.png","width":3366,"height":1063,"caption":"hikrobotics"},"image":{"@id":"https:\/\/hikrobotics.vn\/#\/schema\/logo\/image\/"},"sameAs":["https:\/\/www.facebook.com\/hikroboticsvn"]}]}},"_links":{"self":[{"href":"https:\/\/hikrobotics.vn\/index.php?rest_route=\/wp\/v2\/product\/574"}],"collection":[{"href":"https:\/\/hikrobotics.vn\/index.php?rest_route=\/wp\/v2\/product"}],"about":[{"href":"https:\/\/hikrobotics.vn\/index.php?rest_route=\/wp\/v2\/types\/product"}],"replies":[{"embeddable":true,"href":"https:\/\/hikrobotics.vn\/index.php?rest_route=%2Fwp%2Fv2%2Fcomments&post=574"}],"wp:featuredmedia":[{"embeddable":true,"href":"https:\/\/hikrobotics.vn\/index.php?rest_route=\/wp\/v2\/media\/573"}],"wp:attachment":[{"href":"https:\/\/hikrobotics.vn\/index.php?rest_route=%2Fwp%2Fv2%2Fmedia&parent=574"}],"wp:term":[{"taxonomy":"product_cat","embeddable":true,"href":"https:\/\/hikrobotics.vn\/index.php?rest_route=%2Fwp%2Fv2%2Fproduct_cat&post=574"},{"taxonomy":"product_tag","embeddable":true,"href":"https:\/\/hikrobotics.vn\/index.php?rest_route=%2Fwp%2Fv2%2Fproduct_tag&post=574"}],"curies":[{"name":"wp","href":"https:\/\/api.w.org\/{rel}","templated":true}]}}