{"id":567,"date":"2022-01-17T02:14:05","date_gmt":"2022-01-17T02:14:05","guid":{"rendered":"hikrobotics.vn?post_type=product&amp;p=567"},"modified":"2022-01-17T02:14:05","modified_gmt":"2022-01-17T02:14:05","slug":"mv-sc2004em-06s-wbn-mini","status":"publish","type":"product","link":"https:\/\/hikrobotics.vn\/?product=mv-sc2004em-06s-wbn-mini","title":{"rendered":"MV-SC2004EM-06S-WBN-Mini"},"content":{"rendered":"<div class=\"main-container\" data-v-c57e67b0=\"\">\n<div class=\"content-wrap\" data-v-6fc09a35=\"\" data-v-c57e67b0=\"\">\n<div class=\"display-wrap\" data-v-6fc09a35=\"\">\n<article data-v-6fc09a35=\"\">\n<div class=\"detail-mian-wrap\" data-v-eb8300fa=\"\" data-v-6fc09a35=\"\">\n<div class=\"table-wrap\" data-v-eb8300fa=\"\">\n<table class=\"table-style\" cellspacing=\"0\" cellpadding=\"0\" data-v-eb8300fa=\"\">\n<tbody>\n<tr data-v-eb8300fa=\"\">\n<td class=\"bod\" rowspan=\"2\" width=\"12%\" data-v-eb8300fa=\"\">M\u00f4 h\u00ecnh<\/td>\n<td class=\"bod\" width=\"16%\" data-v-eb8300fa=\"\">M\u00f4 h\u00ecnh<\/td>\n<td width=\"72%\" data-v-eb8300fa=\"\">MV-SC2004EM-06S-WBN-Mini<\/td>\n<\/tr>\n<tr data-v-eb8300fa=\"\">\n<td class=\"bod\" width=\"16%\" data-v-eb8300fa=\"\">Lo\u1ea1i<\/td>\n<td width=\"72%\" data-v-eb8300fa=\"\">C\u1ea3m bi\u1ebfn t\u1ea7m nh\u00ecn 0,4 MP 1 \/ 2,9 &#8220;<\/td>\n<\/tr>\n<tr data-v-eb8300fa=\"\">\n<td class=\"bod\" rowspan=\"3\" width=\"12%\" data-v-eb8300fa=\"\">C\u00f4ng c\u1ee5<\/td>\n<td class=\"bod\" width=\"16%\" data-v-eb8300fa=\"\">C\u00f4ng c\u1ee5 t\u1ea7m nh\u00ecn<\/td>\n<td width=\"72%\" data-v-eb8300fa=\"\">S\u1ef1 t\u1ed3n t\u1ea1i: S\u1ef1 t\u1ed3n t\u1ea1i c\u1ee7a m\u1eabu, s\u1ef1 t\u1ed3n t\u1ea1i c\u1ee7a \u0111i\u1ec3m<br \/>\nS\u1ed1 l\u01b0\u1ee3ng: S\u1ed1 m\u1eabu, s\u1ed1 \u0111i\u1ec3m<br \/>\n\u0110o l\u01b0\u1eddng: Ph\u00e2n t\u00edch \u0111\u1ed9 s\u00e1ng, \u0111o \u0111\u1ed9 t\u01b0\u01a1ng ph\u1ea3n<\/td>\n<\/tr>\n<tr data-v-eb8300fa=\"\">\n<td class=\"bod\" width=\"16%\" data-v-eb8300fa=\"\">N\u0103ng l\u1ef1c gi\u1ea3i ph\u00e1p<\/td>\n<td width=\"72%\" data-v-eb8300fa=\"\">H\u1ed7 tr\u1ee3 nh\u1eadp v\u00e0 xu\u1ea5t gi\u1ea3i ph\u00e1p, c\u00f3 th\u1ec3 l\u01b0u tr\u1eef t\u1ed1i \u0111a 8 gi\u1ea3i ph\u00e1p v\u00e0 40 m\u00f4-\u0111un.<\/td>\n<\/tr>\n<tr data-v-eb8300fa=\"\">\n<td class=\"bod\" width=\"16%\" data-v-eb8300fa=\"\">Giao th\u1ee9c truy\u1ec1n th\u00f4ng<\/td>\n<td width=\"72%\" data-v-eb8300fa=\"\">C\u1ed5ng n\u1ed1i ti\u1ebfp, TCP, UDP, FTP, Profinet, Modbus, Ethernet \/ IP<\/td>\n<\/tr>\n<tr data-v-eb8300fa=\"\">\n<td class=\"bod\" rowspan=\"11\" width=\"12%\" data-v-eb8300fa=\"\">M\u00e1y \u1ea3nh<\/td>\n<td class=\"bod\" width=\"16%\" data-v-eb8300fa=\"\">Lo\u1ea1i c\u1ea3m bi\u1ebfn<\/td>\n<td width=\"72%\" data-v-eb8300fa=\"\">CMOS, m\u00e0n tr\u1eadp to\u00e0n c\u1ea7u<\/td>\n<\/tr>\n<tr data-v-eb8300fa=\"\">\n<td class=\"bod\" width=\"16%\" data-v-eb8300fa=\"\">K\u00edch th\u01b0\u1edbc pixel<\/td>\n<td width=\"72%\" data-v-eb8300fa=\"\">6,9 \u03bcm \u00d7 6,9 \u03bcm<\/td>\n<\/tr>\n<tr data-v-eb8300fa=\"\">\n<td class=\"bod\" width=\"16%\" data-v-eb8300fa=\"\">K\u00edch th\u01b0\u1edbc c\u1ea3m bi\u1ebfn<\/td>\n<td width=\"72%\" data-v-eb8300fa=\"\">1 \/ 2,9 &#8220;<\/td>\n<\/tr>\n<tr data-v-eb8300fa=\"\">\n<td class=\"bod\" width=\"16%\" data-v-eb8300fa=\"\">Ngh\u1ecb quy\u1ebft<\/td>\n<td width=\"72%\" data-v-eb8300fa=\"\">704 \u00d7 540<\/td>\n<\/tr>\n<tr data-v-eb8300fa=\"\">\n<td class=\"bod\" width=\"16%\" data-v-eb8300fa=\"\">T\u1ed1i \u0111a\u00a0T\u1ef7 l\u1ec7 khung h\u00ecnh<\/td>\n<td width=\"72%\" data-v-eb8300fa=\"\">60 khung h\u00ecnh \/ gi\u00e2y<\/td>\n<\/tr>\n<tr data-v-eb8300fa=\"\">\n<td class=\"bod\" width=\"16%\" data-v-eb8300fa=\"\">D\u1ea3i \u0111\u1ed9ng<\/td>\n<td width=\"72%\" data-v-eb8300fa=\"\">74 dB<\/td>\n<\/tr>\n<tr data-v-eb8300fa=\"\">\n<td class=\"bod\" width=\"16%\" data-v-eb8300fa=\"\">SNR<\/td>\n<td width=\"72%\" data-v-eb8300fa=\"\">41 dB<\/td>\n<\/tr>\n<tr data-v-eb8300fa=\"\">\n<td class=\"bod\" width=\"16%\" data-v-eb8300fa=\"\">L\u1ee3i<\/td>\n<td width=\"72%\" data-v-eb8300fa=\"\">0 dB \u0111\u1ebfn 15 dB<\/td>\n<\/tr>\n<tr data-v-eb8300fa=\"\">\n<td class=\"bod\" width=\"16%\" data-v-eb8300fa=\"\">Th\u1eddi gian ph\u01a1i s\u00e1ng<\/td>\n<td width=\"72%\" data-v-eb8300fa=\"\">16 \u03bcs \u0111\u1ebfn 1 s<\/td>\n<\/tr>\n<tr data-v-eb8300fa=\"\">\n<td class=\"bod\" width=\"16%\" data-v-eb8300fa=\"\">\u0110\u1ecbnh d\u1ea1ng pixel<\/td>\n<td width=\"72%\" data-v-eb8300fa=\"\">Mono 8<\/td>\n<\/tr>\n<tr data-v-eb8300fa=\"\">\n<td class=\"bod\" width=\"16%\" data-v-eb8300fa=\"\">\u0110\u01a1n s\u1eafc \/ M\u00e0u<\/td>\n<td width=\"72%\" data-v-eb8300fa=\"\">B\u1ec7nh t\u0103ng b\u1ea1ch c\u1ea7u \u0111\u01a1n nh\u00e2n<\/td>\n<\/tr>\n<tr data-v-eb8300fa=\"\">\n<td class=\"bod\" rowspan=\"4\" width=\"12%\" data-v-eb8300fa=\"\">T\u00ednh n\u0103ng \u0111i\u1ec7n<\/td>\n<td class=\"bod\" width=\"16%\" data-v-eb8300fa=\"\">Giao di\u1ec7n d\u1eef li\u1ec7u<\/td>\n<td width=\"72%\" data-v-eb8300fa=\"\">Ethernet nhanh<\/td>\n<\/tr>\n<tr data-v-eb8300fa=\"\">\n<td class=\"bod\" width=\"16%\" data-v-eb8300fa=\"\">I \/ O k\u1ef9 thu\u1eadt s\u1ed1<\/td>\n<td width=\"72%\" data-v-eb8300fa=\"\">\u0110\u1ea7u n\u1ed1i M12 17 ch\u00e2n cung c\u1ea5p ngu\u1ed3n, Ethernet, c\u1ed5ng n\u1ed1i ti\u1ebfp v\u00e0 I \/ O k\u1ef9 thu\u1eadt s\u1ed1, bao g\u1ed3m c\u1ea3 I \/ O \u00d7 4 c\u00f3 th\u1ec3 \u0111\u1ecbnh c\u1ea5u h\u00ecnh (D\u00f2ng 0\/1\/2\/3).\u00a0H\u1ed7 tr\u1ee3 k\u00edch ho\u1ea1t thi\u1ebft b\u1ecb th\u00f4ng qua n\u00fat nh\u1ea5n.<br \/>\nT\u00edn hi\u1ec7u \u0111\u1ea7u ra ch\u1ec9 h\u1ed7 tr\u1ee3 NPN.<\/td>\n<\/tr>\n<tr data-v-eb8300fa=\"\">\n<td class=\"bod\" width=\"16%\" data-v-eb8300fa=\"\">Ngu\u1ed3n c\u1ea5p<\/td>\n<td width=\"72%\" data-v-eb8300fa=\"\">12 VDC \u0111\u1ebfn 24 VDC<\/td>\n<\/tr>\n<tr data-v-eb8300fa=\"\">\n<td class=\"bod\" width=\"16%\" data-v-eb8300fa=\"\">T\u1ed1i \u0111a\u00a0s\u1ef1 ti\u00eau th\u1ee5 n\u0103ng l\u01b0\u1ee3ng<\/td>\n<td width=\"72%\" data-v-eb8300fa=\"\">Kho\u1ea3ng\u00a07,5 W @ 12 VDC<\/td>\n<\/tr>\n<tr data-v-eb8300fa=\"\">\n<td class=\"bod\" rowspan=\"10\" width=\"12%\" data-v-eb8300fa=\"\">C\u01a1 kh\u00ed<\/td>\n<td class=\"bod\" width=\"16%\" data-v-eb8300fa=\"\">G\u1eafn \u1ed1ng k\u00ednh<\/td>\n<td width=\"72%\" data-v-eb8300fa=\"\">M10-mount, h\u1ed7 tr\u1ee3 \u0111i\u1ec1u ch\u1ec9nh ti\u00eau c\u1ef1 theo c\u00e1ch th\u1ee7 c\u00f4ng<\/td>\n<\/tr>\n<tr data-v-eb8300fa=\"\">\n<td class=\"bod\" width=\"16%\" data-v-eb8300fa=\"\">Ti\u00eau c\u1ef1 \u1ed1ng k\u00ednh<\/td>\n<td width=\"72%\" data-v-eb8300fa=\"\">6 mm (0,2 &#8220;)<\/td>\n<\/tr>\n<tr data-v-eb8300fa=\"\">\n<td class=\"bod\" width=\"16%\" data-v-eb8300fa=\"\">N\u1eafp \u1ed1ng k\u00ednh<\/td>\n<td width=\"72%\" data-v-eb8300fa=\"\">N\u1eafp \u1ed1ng k\u00ednh trong su\u1ed1t.<\/td>\n<\/tr>\n<tr data-v-eb8300fa=\"\">\n<td class=\"bod\" width=\"16%\" data-v-eb8300fa=\"\">Ngu\u1ed3n s\u00e1ng<\/td>\n<td width=\"72%\" data-v-eb8300fa=\"\">\u0110\u00e8n LED tr\u1eafng \u00d7 4<\/td>\n<\/tr>\n<tr data-v-eb8300fa=\"\">\n<td class=\"bod\" width=\"16%\" data-v-eb8300fa=\"\">Ch\u1ec9 b\u00e1o<\/td>\n<td width=\"72%\" data-v-eb8300fa=\"\">Ch\u1ec9 b\u00e1o ngu\u1ed3n (PWR), ch\u1ec9 b\u00e1o m\u1ea1ng (LNK) v\u00e0 ch\u1ec9 b\u00e1o tr\u1ea1ng th\u00e1i (STS).<\/td>\n<\/tr>\n<tr data-v-eb8300fa=\"\">\n<td class=\"bod\" width=\"16%\" data-v-eb8300fa=\"\">K\u00edch th\u01b0\u1edbc<\/td>\n<td width=\"72%\" data-v-eb8300fa=\"\">46 mm \u00d7 38 mm \u00d7 25 mm (1,8 &#8220;\u00d7 1,5&#8221; \u00d7 1,0 &#8220;)<\/td>\n<\/tr>\n<tr data-v-eb8300fa=\"\">\n<td class=\"bod\" width=\"16%\" data-v-eb8300fa=\"\">Tr\u1ecdng l\u01b0\u1ee3ng<\/td>\n<td width=\"72%\" data-v-eb8300fa=\"\">Kho\u1ea3ng\u00a0160 g (0,35 lb.)<\/td>\n<\/tr>\n<tr data-v-eb8300fa=\"\">\n<td class=\"bod\" width=\"16%\" data-v-eb8300fa=\"\">B\u1ea3o v\u1ec7 s\u1ef1 x\u00e2m nh\u1eadp<\/td>\n<td width=\"72%\" data-v-eb8300fa=\"\">IP65 (trong \u0111i\u1ec1u ki\u1ec7n l\u1eafp \u0111\u1eb7t \u1ed1ng k\u00ednh v\u00e0 h\u1ec7 th\u1ed1ng d\u00e2y \u0111i\u1ec7n th\u00edch h\u1ee3p)<\/td>\n<\/tr>\n<tr data-v-eb8300fa=\"\">\n<td class=\"bod\" width=\"16%\" data-v-eb8300fa=\"\">Nhi\u1ec7t \u0111\u1ed9<\/td>\n<td width=\"72%\" data-v-eb8300fa=\"\">Nhi\u1ec7t \u0111\u1ed9 l\u00e0m vi\u1ec7c: 0 \u00b0 C \u0111\u1ebfn 50 \u00b0 C (32 \u00b0 F \u0111\u1ebfn 122 \u00b0 F)<br \/>\nNhi\u1ec7t \u0111\u1ed9 b\u1ea3o qu\u1ea3n: -30 \u00b0 C \u0111\u1ebfn 70 \u00b0 C (-22 \u00b0 F \u0111\u1ebfn 158 \u00b0 F)<\/td>\n<\/tr>\n<tr data-v-eb8300fa=\"\">\n<td class=\"bod\" width=\"16%\" data-v-eb8300fa=\"\">\u0110\u1ed9 \u1ea9m<\/td>\n<td width=\"72%\" data-v-eb8300fa=\"\">20% \u0111\u1ebfn 95% RH, kh\u00f4ng ng\u01b0ng t\u1ee5<\/td>\n<\/tr>\n<tr data-v-eb8300fa=\"\">\n<td class=\"bod\" rowspan=\"2\" width=\"12%\" data-v-eb8300fa=\"\">T\u1ed5ng quan<\/td>\n<td class=\"bod\" width=\"16%\" data-v-eb8300fa=\"\">Ph\u1ea7n m\u1ec1m m\u00e1y kh\u00e1ch<\/td>\n<td width=\"72%\" data-v-eb8300fa=\"\">SCMVS<\/td>\n<\/tr>\n<tr data-v-eb8300fa=\"\">\n<td class=\"bod\" width=\"16%\" data-v-eb8300fa=\"\">Ch\u1ee9ng ch\u1ec9<\/td>\n<td width=\"72%\" data-v-eb8300fa=\"\">CE, FCC, KC<\/td>\n<\/tr>\n<\/tbody>\n<\/table>\n<\/div>\n<\/div>\n<\/article>\n<\/div>\n<div class=\"pop-inner-open\" data-v-4593edda=\"\" data-v-6fc09a35=\"\">\n<div class=\"bot\" data-v-4593edda=\"\"><\/div>\n<\/div>\n<\/div>\n<\/div>\n","protected":false},"excerpt":{"rendered":"<p><strong>T\u00ednh n\u0103ng ch\u00ednh\u00a0<\/strong><\/p>\n<p>\u2022 \u00c1p d\u1ee5ng n\u1ec1n t\u1ea3ng ph\u1ea7n c\u1ee9ng nh\u00fang \u0111\u1ec3 x\u1eed l\u00fd h\u00ecnh \u1ea3nh t\u1ed1c \u0111\u1ed9 cao.<\/p>\n<p>\u2022 \u00c1p d\u1ee5ng c\u00e1c thu\u1eadt to\u00e1n \u0111\u1ecbnh v\u1ecb v\u00e0 \u0111o l\u01b0\u1eddng t\u00edch h\u1ee3p \u0111\u1ec3 ph\u00e1t hi\u1ec7n s\u1ef1 t\u1ed3n t\u1ea1i c\u1ee7a \u0111\u1ed1i t\u01b0\u1ee3ng, \u0111\u1ebfm c\u00e1c m\u1eabu v\u00e0 \u0111i\u1ec3m, v.v.<\/p>\n<p>\u2022 Nhi\u1ec1u giao di\u1ec7n IO cho t\u00edn hi\u1ec7u \u0111\u1ea7u v\u00e0o v\u00e0 \u0111\u1ea7u ra.<\/p>\n<p>\u2022 Nhi\u1ec1u ch\u1ec9 b\u00e1o \u0111\u1ec3 hi\u1ec3n th\u1ecb tr\u1ea1ng th\u00e1i thi\u1ebft b\u1ecb.<\/p>\n<p>\u2022 S\u1eed d\u1ee5ng ngu\u1ed3n s\u00e1ng \u0111\u1ec3 \u0111\u1ea3m b\u1ea3o \u0111\u1ed9 s\u00e1ng \u0111\u1ed3ng \u0111\u1ec1u trong khu v\u1ef1c \u0111\u01b0\u1ee3c chi\u1ebfu s\u00e1ng.<\/p>\n<p>\u2022 H\u1ed7 tr\u1ee3 nhi\u1ec1u giao th\u1ee9c truy\u1ec1n th\u00f4ng, bao g\u1ed3m C\u1ed5ng n\u1ed1i ti\u1ebfp, TCP, UDP, FTP, Profinet, Modbus, Ethernet \/ IP, v.v.<\/p>\n<p><strong>M\u1eabu c\u00f3 s\u1eb5n<\/strong><\/p>\n<p>MV-SC2004EM-06S-WBN-Mini<\/p>\n<p><strong>K\u00edch th\u01b0\u1edbc\u00a0<\/strong><\/p>\n<p><img decoding=\"async\" title=\"1634798630681030398.png\" src=\"https:\/\/www.hikrobotics.com\/en2\/source\/ueditor\/image\/20211021\/1634798630681030398.png\" alt=\"image.png\" \/><\/p>\n<p>* D\u1eef li\u1ec7u \u1edf \u0111\u00e2y c\u00f3 th\u1ec3 thay \u0111\u1ed5i t\u00f9y theo m\u00f4i tr\u01b0\u1eddng, \u0111\u1ed1i t\u01b0\u1ee3ng v\u00e0 c\u00e1c y\u1ebfu t\u1ed1 kh\u00e1c nhau, v\u00e0 HIKROBOT s\u1ebd kh\u00f4ng ch\u1ecbu c\u00e1c h\u1eadu qu\u1ea3 ph\u00e1t sinh t\u1eeb \u0111\u00f3.<\/p>\n","protected":false},"featured_media":568,"comment_status":"open","ping_status":"closed","template":"","meta":[],"product_cat":[117,67,101],"product_tag":[],"yoast_head":"<!-- This site is optimized with the Yoast SEO plugin v20.1 - https:\/\/yoast.com\/wordpress\/plugins\/seo\/ -->\n<title>MV-SC2004EM-06S-WBN-Mini - hikrobotics<\/title>\n<meta name=\"robots\" content=\"index, follow, max-snippet:-1, max-image-preview:large, max-video-preview:-1\" \/>\n<link rel=\"canonical\" href=\"https:\/\/hikrobotics.vn\/?product=mv-sc2004em-06s-wbn-mini\" \/>\n<meta property=\"og:locale\" content=\"vi_VN\" \/>\n<meta property=\"og:type\" content=\"article\" \/>\n<meta property=\"og:title\" content=\"MV-SC2004EM-06S-WBN-Mini - hikrobotics\" \/>\n<meta property=\"og:description\" content=\"T\u00ednh n\u0103ng ch\u00ednh\u00a0 \u2022 \u00c1p d\u1ee5ng n\u1ec1n t\u1ea3ng ph\u1ea7n c\u1ee9ng nh\u00fang \u0111\u1ec3 x\u1eed l\u00fd h\u00ecnh \u1ea3nh t\u1ed1c \u0111\u1ed9 cao. \u2022 \u00c1p d\u1ee5ng c\u00e1c thu\u1eadt to\u00e1n \u0111\u1ecbnh v\u1ecb v\u00e0 \u0111o l\u01b0\u1eddng t\u00edch h\u1ee3p \u0111\u1ec3 ph\u00e1t hi\u1ec7n s\u1ef1 t\u1ed3n t\u1ea1i c\u1ee7a \u0111\u1ed1i t\u01b0\u1ee3ng, \u0111\u1ebfm c\u00e1c m\u1eabu v\u00e0 \u0111i\u1ec3m, v.v. \u2022 Nhi\u1ec1u giao di\u1ec7n IO cho t\u00edn hi\u1ec7u \u0111\u1ea7u v\u00e0o v\u00e0 \u0111\u1ea7u ra. \u2022 Nhi\u1ec1u ch\u1ec9 b\u00e1o \u0111\u1ec3 hi\u1ec3n th\u1ecb tr\u1ea1ng th\u00e1i thi\u1ebft b\u1ecb. \u2022 S\u1eed d\u1ee5ng ngu\u1ed3n s\u00e1ng \u0111\u1ec3 \u0111\u1ea3m b\u1ea3o \u0111\u1ed9 s\u00e1ng \u0111\u1ed3ng \u0111\u1ec1u trong khu v\u1ef1c \u0111\u01b0\u1ee3c chi\u1ebfu s\u00e1ng. \u2022 H\u1ed7 tr\u1ee3 nhi\u1ec1u giao th\u1ee9c truy\u1ec1n th\u00f4ng, bao g\u1ed3m C\u1ed5ng n\u1ed1i ti\u1ebfp, TCP, UDP, FTP, Profinet, Modbus, Ethernet \/ IP, v.v. M\u1eabu c\u00f3 s\u1eb5n MV-SC2004EM-06S-WBN-Mini K\u00edch th\u01b0\u1edbc\u00a0  * D\u1eef li\u1ec7u \u1edf \u0111\u00e2y c\u00f3 th\u1ec3 thay \u0111\u1ed5i t\u00f9y theo m\u00f4i tr\u01b0\u1eddng, \u0111\u1ed1i t\u01b0\u1ee3ng v\u00e0 c\u00e1c y\u1ebfu t\u1ed1 kh\u00e1c nhau, v\u00e0 HIKROBOT s\u1ebd kh\u00f4ng ch\u1ecbu c\u00e1c h\u1eadu qu\u1ea3 ph\u00e1t sinh t\u1eeb \u0111\u00f3.\" \/>\n<meta property=\"og:url\" content=\"https:\/\/hikrobotics.vn\/?product=mv-sc2004em-06s-wbn-mini\" \/>\n<meta property=\"og:site_name\" content=\"hikrobotics\" \/>\n<meta property=\"article:publisher\" content=\"https:\/\/www.facebook.com\/hikroboticsvn\" \/>\n<meta property=\"og:image\" content=\"https:\/\/hikrobotics.vn\/wp-content\/uploads\/2022\/01\/20211021063005502.png\" \/>\n\t<meta property=\"og:image:width\" content=\"360\" \/>\n\t<meta property=\"og:image:height\" content=\"360\" \/>\n\t<meta property=\"og:image:type\" content=\"image\/png\" \/>\n<meta name=\"twitter:card\" content=\"summary_large_image\" \/>\n<meta name=\"twitter:label1\" content=\"\u01af\u1edbc t\u00ednh th\u1eddi gian \u0111\u1ecdc\" \/>\n\t<meta name=\"twitter:data1\" content=\"3 ph\u00fat\" \/>\n<script type=\"application\/ld+json\" class=\"yoast-schema-graph\">{\"@context\":\"https:\/\/schema.org\",\"@graph\":[{\"@type\":\"WebPage\",\"@id\":\"https:\/\/hikrobotics.vn\/?product=mv-sc2004em-06s-wbn-mini\",\"url\":\"https:\/\/hikrobotics.vn\/?product=mv-sc2004em-06s-wbn-mini\",\"name\":\"MV-SC2004EM-06S-WBN-Mini - hikrobotics\",\"isPartOf\":{\"@id\":\"https:\/\/hikrobotics.vn\/#website\"},\"datePublished\":\"2022-01-17T02:14:05+00:00\",\"dateModified\":\"2022-01-17T02:14:05+00:00\",\"breadcrumb\":{\"@id\":\"https:\/\/hikrobotics.vn\/?product=mv-sc2004em-06s-wbn-mini#breadcrumb\"},\"inLanguage\":\"vi\",\"potentialAction\":[{\"@type\":\"ReadAction\",\"target\":[\"https:\/\/hikrobotics.vn\/?product=mv-sc2004em-06s-wbn-mini\"]}]},{\"@type\":\"BreadcrumbList\",\"@id\":\"https:\/\/hikrobotics.vn\/?product=mv-sc2004em-06s-wbn-mini#breadcrumb\",\"itemListElement\":[{\"@type\":\"ListItem\",\"position\":1,\"name\":\"Trang ch\u1ee7\",\"item\":\"https:\/\/hikrobotics.vn\/\"},{\"@type\":\"ListItem\",\"position\":2,\"name\":\"S\u1ea3n ph\u1ea9m\",\"item\":\"https:\/\/hikrobotics.vn\/?post_type=product\"},{\"@type\":\"ListItem\",\"position\":3,\"name\":\"MV-SC2004EM-06S-WBN-Mini\"}]},{\"@type\":\"WebSite\",\"@id\":\"https:\/\/hikrobotics.vn\/#website\",\"url\":\"https:\/\/hikrobotics.vn\/\",\"name\":\"hikrobotics\",\"description\":\"S\u1ef1 h\u00e0i l\u00f2ng c\u1ee7a qu\u00fd kh\u00e1ch l\u00e0 th\u00e0nh c\u00f4ng c\u1ee7a ch\u00fang t\u00f4i\",\"publisher\":{\"@id\":\"https:\/\/hikrobotics.vn\/#organization\"},\"potentialAction\":[{\"@type\":\"SearchAction\",\"target\":{\"@type\":\"EntryPoint\",\"urlTemplate\":\"https:\/\/hikrobotics.vn\/?s={search_term_string}\"},\"query-input\":\"required name=search_term_string\"}],\"inLanguage\":\"vi\"},{\"@type\":\"Organization\",\"@id\":\"https:\/\/hikrobotics.vn\/#organization\",\"name\":\"hikrobotics\",\"url\":\"https:\/\/hikrobotics.vn\/\",\"logo\":{\"@type\":\"ImageObject\",\"inLanguage\":\"vi\",\"@id\":\"https:\/\/hikrobotics.vn\/#\/schema\/logo\/image\/\",\"url\":\"http:\/\/hikrobotics.vn\/wp-content\/uploads\/2023\/02\/logo.png\",\"contentUrl\":\"http:\/\/hikrobotics.vn\/wp-content\/uploads\/2023\/02\/logo.png\",\"width\":3366,\"height\":1063,\"caption\":\"hikrobotics\"},\"image\":{\"@id\":\"https:\/\/hikrobotics.vn\/#\/schema\/logo\/image\/\"},\"sameAs\":[\"https:\/\/www.facebook.com\/hikroboticsvn\"]}]}<\/script>\n<!-- \/ Yoast SEO plugin. -->","yoast_head_json":{"title":"MV-SC2004EM-06S-WBN-Mini - hikrobotics","robots":{"index":"index","follow":"follow","max-snippet":"max-snippet:-1","max-image-preview":"max-image-preview:large","max-video-preview":"max-video-preview:-1"},"canonical":"https:\/\/hikrobotics.vn\/?product=mv-sc2004em-06s-wbn-mini","og_locale":"vi_VN","og_type":"article","og_title":"MV-SC2004EM-06S-WBN-Mini - hikrobotics","og_description":"T\u00ednh n\u0103ng ch\u00ednh\u00a0 \u2022 \u00c1p d\u1ee5ng n\u1ec1n t\u1ea3ng ph\u1ea7n c\u1ee9ng nh\u00fang \u0111\u1ec3 x\u1eed l\u00fd h\u00ecnh \u1ea3nh t\u1ed1c \u0111\u1ed9 cao. \u2022 \u00c1p d\u1ee5ng c\u00e1c thu\u1eadt to\u00e1n \u0111\u1ecbnh v\u1ecb v\u00e0 \u0111o l\u01b0\u1eddng t\u00edch h\u1ee3p \u0111\u1ec3 ph\u00e1t hi\u1ec7n s\u1ef1 t\u1ed3n t\u1ea1i c\u1ee7a \u0111\u1ed1i t\u01b0\u1ee3ng, \u0111\u1ebfm c\u00e1c m\u1eabu v\u00e0 \u0111i\u1ec3m, v.v. \u2022 Nhi\u1ec1u giao di\u1ec7n IO cho t\u00edn hi\u1ec7u \u0111\u1ea7u v\u00e0o v\u00e0 \u0111\u1ea7u ra. \u2022 Nhi\u1ec1u ch\u1ec9 b\u00e1o \u0111\u1ec3 hi\u1ec3n th\u1ecb tr\u1ea1ng th\u00e1i thi\u1ebft b\u1ecb. \u2022 S\u1eed d\u1ee5ng ngu\u1ed3n s\u00e1ng \u0111\u1ec3 \u0111\u1ea3m b\u1ea3o \u0111\u1ed9 s\u00e1ng \u0111\u1ed3ng \u0111\u1ec1u trong khu v\u1ef1c \u0111\u01b0\u1ee3c chi\u1ebfu s\u00e1ng. \u2022 H\u1ed7 tr\u1ee3 nhi\u1ec1u giao th\u1ee9c truy\u1ec1n th\u00f4ng, bao g\u1ed3m C\u1ed5ng n\u1ed1i ti\u1ebfp, TCP, UDP, FTP, Profinet, Modbus, Ethernet \/ IP, v.v. M\u1eabu c\u00f3 s\u1eb5n MV-SC2004EM-06S-WBN-Mini K\u00edch th\u01b0\u1edbc\u00a0  * D\u1eef li\u1ec7u \u1edf \u0111\u00e2y c\u00f3 th\u1ec3 thay \u0111\u1ed5i t\u00f9y theo m\u00f4i tr\u01b0\u1eddng, \u0111\u1ed1i t\u01b0\u1ee3ng v\u00e0 c\u00e1c y\u1ebfu t\u1ed1 kh\u00e1c nhau, v\u00e0 HIKROBOT s\u1ebd kh\u00f4ng ch\u1ecbu c\u00e1c h\u1eadu qu\u1ea3 ph\u00e1t sinh t\u1eeb \u0111\u00f3.","og_url":"https:\/\/hikrobotics.vn\/?product=mv-sc2004em-06s-wbn-mini","og_site_name":"hikrobotics","article_publisher":"https:\/\/www.facebook.com\/hikroboticsvn","og_image":[{"width":360,"height":360,"url":"https:\/\/hikrobotics.vn\/wp-content\/uploads\/2022\/01\/20211021063005502.png","type":"image\/png"}],"twitter_card":"summary_large_image","twitter_misc":{"\u01af\u1edbc t\u00ednh th\u1eddi gian \u0111\u1ecdc":"3 ph\u00fat"},"schema":{"@context":"https:\/\/schema.org","@graph":[{"@type":"WebPage","@id":"https:\/\/hikrobotics.vn\/?product=mv-sc2004em-06s-wbn-mini","url":"https:\/\/hikrobotics.vn\/?product=mv-sc2004em-06s-wbn-mini","name":"MV-SC2004EM-06S-WBN-Mini - hikrobotics","isPartOf":{"@id":"https:\/\/hikrobotics.vn\/#website"},"datePublished":"2022-01-17T02:14:05+00:00","dateModified":"2022-01-17T02:14:05+00:00","breadcrumb":{"@id":"https:\/\/hikrobotics.vn\/?product=mv-sc2004em-06s-wbn-mini#breadcrumb"},"inLanguage":"vi","potentialAction":[{"@type":"ReadAction","target":["https:\/\/hikrobotics.vn\/?product=mv-sc2004em-06s-wbn-mini"]}]},{"@type":"BreadcrumbList","@id":"https:\/\/hikrobotics.vn\/?product=mv-sc2004em-06s-wbn-mini#breadcrumb","itemListElement":[{"@type":"ListItem","position":1,"name":"Trang ch\u1ee7","item":"https:\/\/hikrobotics.vn\/"},{"@type":"ListItem","position":2,"name":"S\u1ea3n ph\u1ea9m","item":"https:\/\/hikrobotics.vn\/?post_type=product"},{"@type":"ListItem","position":3,"name":"MV-SC2004EM-06S-WBN-Mini"}]},{"@type":"WebSite","@id":"https:\/\/hikrobotics.vn\/#website","url":"https:\/\/hikrobotics.vn\/","name":"hikrobotics","description":"S\u1ef1 h\u00e0i l\u00f2ng c\u1ee7a qu\u00fd kh\u00e1ch l\u00e0 th\u00e0nh c\u00f4ng c\u1ee7a ch\u00fang t\u00f4i","publisher":{"@id":"https:\/\/hikrobotics.vn\/#organization"},"potentialAction":[{"@type":"SearchAction","target":{"@type":"EntryPoint","urlTemplate":"https:\/\/hikrobotics.vn\/?s={search_term_string}"},"query-input":"required name=search_term_string"}],"inLanguage":"vi"},{"@type":"Organization","@id":"https:\/\/hikrobotics.vn\/#organization","name":"hikrobotics","url":"https:\/\/hikrobotics.vn\/","logo":{"@type":"ImageObject","inLanguage":"vi","@id":"https:\/\/hikrobotics.vn\/#\/schema\/logo\/image\/","url":"http:\/\/hikrobotics.vn\/wp-content\/uploads\/2023\/02\/logo.png","contentUrl":"http:\/\/hikrobotics.vn\/wp-content\/uploads\/2023\/02\/logo.png","width":3366,"height":1063,"caption":"hikrobotics"},"image":{"@id":"https:\/\/hikrobotics.vn\/#\/schema\/logo\/image\/"},"sameAs":["https:\/\/www.facebook.com\/hikroboticsvn"]}]}},"_links":{"self":[{"href":"https:\/\/hikrobotics.vn\/index.php?rest_route=\/wp\/v2\/product\/567"}],"collection":[{"href":"https:\/\/hikrobotics.vn\/index.php?rest_route=\/wp\/v2\/product"}],"about":[{"href":"https:\/\/hikrobotics.vn\/index.php?rest_route=\/wp\/v2\/types\/product"}],"replies":[{"embeddable":true,"href":"https:\/\/hikrobotics.vn\/index.php?rest_route=%2Fwp%2Fv2%2Fcomments&post=567"}],"wp:featuredmedia":[{"embeddable":true,"href":"https:\/\/hikrobotics.vn\/index.php?rest_route=\/wp\/v2\/media\/568"}],"wp:attachment":[{"href":"https:\/\/hikrobotics.vn\/index.php?rest_route=%2Fwp%2Fv2%2Fmedia&parent=567"}],"wp:term":[{"taxonomy":"product_cat","embeddable":true,"href":"https:\/\/hikrobotics.vn\/index.php?rest_route=%2Fwp%2Fv2%2Fproduct_cat&post=567"},{"taxonomy":"product_tag","embeddable":true,"href":"https:\/\/hikrobotics.vn\/index.php?rest_route=%2Fwp%2Fv2%2Fproduct_tag&post=567"}],"curies":[{"name":"wp","href":"https:\/\/api.w.org\/{rel}","templated":true}]}}