{"id":554,"date":"2022-01-17T01:34:28","date_gmt":"2022-01-17T01:34:28","guid":{"rendered":"hikrobotics.vn?post_type=product&amp;p=554"},"modified":"2022-01-17T01:34:28","modified_gmt":"2022-01-17T01:34:28","slug":"mv-cl022-91gm","status":"publish","type":"product","link":"https:\/\/hikrobotics.vn\/?product=mv-cl022-91gm","title":{"rendered":"MV-CL022-91GM"},"content":{"rendered":"<table class=\"table-style\" cellspacing=\"0\" cellpadding=\"0\" data-v-eb8300fa=\"\">\n<tbody>\n<tr data-v-eb8300fa=\"\">\n<td class=\"bod\" rowspan=\"2\" width=\"12%\" data-v-eb8300fa=\"\"><span>M\u00f4 h\u00ecnh<\/span><\/td>\n<td class=\"bod\" width=\"16%\" data-v-eb8300fa=\"\"><span>M\u00f4 h\u00ecnh<\/span><\/td>\n<td width=\"72%\" data-v-eb8300fa=\"\"><span>MV-CL022-91GM<\/span><\/td>\n<\/tr>\n<tr data-v-eb8300fa=\"\">\n<td class=\"bod\" width=\"16%\" data-v-eb8300fa=\"\"><span>Lo\u1ea1i<\/span><\/td>\n<td width=\"72%\" data-v-eb8300fa=\"\"><span>M\u00e1y \u1ea3nh qu\u00e9t d\u00f2ng 2048 P CMOS GigE<\/span><\/td>\n<\/tr>\n<tr data-v-eb8300fa=\"\">\n<td class=\"bod\" rowspan=\"15\" width=\"12%\" data-v-eb8300fa=\"\"><span>M\u00e1y \u1ea3nh<\/span><\/td>\n<td class=\"bod\" width=\"16%\" data-v-eb8300fa=\"\"><span>Lo\u1ea1i c\u1ea3m bi\u1ebfn<\/span><\/td>\n<td width=\"72%\" data-v-eb8300fa=\"\"><span>CMOS<\/span><\/td>\n<\/tr>\n<tr data-v-eb8300fa=\"\">\n<td class=\"bod\" width=\"16%\" data-v-eb8300fa=\"\"><span>K\u00edch th\u01b0\u1edbc pixel<\/span><\/td>\n<td width=\"72%\" data-v-eb8300fa=\"\"><span>14 \u03bcm<\/span><\/td>\n<\/tr>\n<tr data-v-eb8300fa=\"\">\n<td class=\"bod\" width=\"16%\" data-v-eb8300fa=\"\"><span>Ngh\u1ecb quy\u1ebft<\/span><\/td>\n<td width=\"72%\" data-v-eb8300fa=\"\"><span>2048 \u00d7 1<\/span><\/td>\n<\/tr>\n<tr data-v-eb8300fa=\"\">\n<td class=\"bod\" width=\"16%\" data-v-eb8300fa=\"\"><span>T\u1ed1i \u0111a\u00a0T\u1ed1c \u0111\u1ed9 d\u00f2ng<\/span><\/td>\n<td width=\"72%\" data-v-eb8300fa=\"\"><span>100 kHz @Mono 8\/10\/12 (HB)<\/span><br \/>\n<span>56 kHz @Mono 8 (Non-HB)<\/span><br \/>\n<span>28 kHz @Mono 10\/12 (Non-HB)<\/span><\/td>\n<\/tr>\n<tr data-v-eb8300fa=\"\">\n<td class=\"bod\" width=\"16%\" data-v-eb8300fa=\"\"><span>D\u1ea3i \u0111\u1ed9ng<\/span><\/td>\n<td width=\"72%\" data-v-eb8300fa=\"\"><span>63,4 dB<\/span><\/td>\n<\/tr>\n<tr data-v-eb8300fa=\"\">\n<td class=\"bod\" width=\"16%\" data-v-eb8300fa=\"\"><span>SNR<\/span><\/td>\n<td width=\"72%\" data-v-eb8300fa=\"\"><span>39,4 dB<\/span><\/td>\n<\/tr>\n<tr data-v-eb8300fa=\"\">\n<td class=\"bod\" width=\"16%\" data-v-eb8300fa=\"\"><span>L\u1ee3i<\/span><\/td>\n<td width=\"72%\" data-v-eb8300fa=\"\"><span>H\u1ed7 tr\u1ee3 1,0 \u00d7, 1,4 \u00d7, 1,6 \u00d7, 2,4 \u00d7, 3,2 \u00d7<\/span><\/td>\n<\/tr>\n<tr data-v-eb8300fa=\"\">\n<td class=\"bod\" width=\"16%\" data-v-eb8300fa=\"\"><span>Th\u1eddi gian ph\u01a1i s\u00e1ng<\/span><\/td>\n<td width=\"72%\" data-v-eb8300fa=\"\"><span>5 \u03bcs \u0111\u1ebfn 10 ms<\/span><\/td>\n<\/tr>\n<tr data-v-eb8300fa=\"\">\n<td class=\"bod\" width=\"16%\" data-v-eb8300fa=\"\"><span>Ch\u1ebf \u0111\u1ed9 ph\u01a1i s\u00e1ng<\/span><\/td>\n<td width=\"72%\" data-v-eb8300fa=\"\"><span>Ch\u1ebf \u0111\u1ed9 ph\u01a1i s\u00e1ng T\u1eaft \/ M\u1ed9t l\u1ea7n \/ Li\u00ean t\u1ee5c v\u00e0 h\u1ed7 tr\u1ee3 ph\u01a1i s\u00e1ng theo chi\u1ec1u r\u1ed9ng k\u00edch ho\u1ea1t<\/span><\/td>\n<\/tr>\n<tr data-v-eb8300fa=\"\">\n<td class=\"bod\" width=\"16%\" data-v-eb8300fa=\"\"><span>\u0110\u1ecbnh d\u1ea1ng pixel<\/span><\/td>\n<td width=\"72%\" data-v-eb8300fa=\"\"><span>Mono 8\/10\/12<\/span><\/td>\n<\/tr>\n<tr data-v-eb8300fa=\"\">\n<td class=\"bod\" width=\"16%\" data-v-eb8300fa=\"\"><span>\u0110\u01a1n s\u1eafc \/ M\u00e0u<\/span><\/td>\n<td width=\"72%\" data-v-eb8300fa=\"\"><span>B\u1ec7nh t\u0103ng b\u1ea1ch c\u1ea7u \u0111\u01a1n nh\u00e2n<\/span><\/td>\n<\/tr>\n<tr data-v-eb8300fa=\"\">\n<td class=\"bod\" width=\"16%\" data-v-eb8300fa=\"\"><span>Th\u00f9ng r\u00e1c<\/span><\/td>\n<td width=\"72%\" data-v-eb8300fa=\"\"><span>H\u1ed7 tr\u1ee3 1 \u00d7 1, 1 \u00d7 2, 2 \u00d7 1, 2 \u00d7 2<\/span><\/td>\n<\/tr>\n<tr data-v-eb8300fa=\"\">\n<td class=\"bod\" width=\"16%\" data-v-eb8300fa=\"\"><span>H\u00ecnh \u1ea3nh \u0111\u1ea3o ng\u01b0\u1ee3c<\/span><\/td>\n<td width=\"72%\" data-v-eb8300fa=\"\"><span>H\u1ed7 tr\u1ee3 \u0111\u1ea7u ra h\u00ecnh \u1ea3nh \u0111\u1ea3o ng\u01b0\u1ee3c ngang<\/span><\/td>\n<\/tr>\n<tr data-v-eb8300fa=\"\">\n<td class=\"bod\" width=\"16%\" data-v-eb8300fa=\"\"><span>Ch\u1ebf \u0111\u1ed9 k\u00edch ho\u1ea1t<\/span><\/td>\n<td width=\"72%\" data-v-eb8300fa=\"\"><span>Tr\u00ecnh k\u00edch ho\u1ea1t b\u00ean ngo\u00e0i, tr\u00ecnh k\u00edch ho\u1ea1t b\u00ean trong<\/span><\/td>\n<\/tr>\n<tr data-v-eb8300fa=\"\">\n<td class=\"bod\" width=\"16%\" data-v-eb8300fa=\"\"><span>Ch\u1ebf \u0111\u1ed9 k\u00edch ho\u1ea1t b\u00ean ngo\u00e0i<\/span><\/td>\n<td width=\"72%\" data-v-eb8300fa=\"\"><span>Tr\u00ecnh k\u00edch ho\u1ea1t d\u00f2ng, tr\u00ecnh k\u00edch ho\u1ea1t khung, tr\u00ecnh k\u00edch ho\u1ea1t d\u00f2ng + khung<\/span><\/td>\n<\/tr>\n<tr data-v-eb8300fa=\"\">\n<td class=\"bod\" rowspan=\"4\" width=\"12%\" data-v-eb8300fa=\"\"><span>T\u00ednh n\u0103ng \u0111i\u1ec7n<\/span><\/td>\n<td class=\"bod\" width=\"16%\" data-v-eb8300fa=\"\"><span>Giao di\u1ec7n d\u1eef li\u1ec7u<\/span><\/td>\n<td width=\"72%\" data-v-eb8300fa=\"\"><span>GigE<\/span><\/td>\n<\/tr>\n<tr data-v-eb8300fa=\"\">\n<td class=\"bod\" width=\"16%\" data-v-eb8300fa=\"\"><span>I \/ O k\u1ef9 thu\u1eadt s\u1ed1<\/span><\/td>\n<td width=\"72%\" data-v-eb8300fa=\"\"><span>\u0110\u1ea7u n\u1ed1i Hirose 12 ch\u00e2n cung c\u1ea5p ngu\u1ed3n v\u00e0 I \/ O: \u0111\u1ea7u ra v\u00e0 \u0111\u1ea7u v\u00e0o c\u00f3 th\u1ec3 \u0111\u1ecbnh c\u1ea5u h\u00ecnh \u00d7 4 (Line0 \/ 1\/3 \/ 4), h\u1ed7 tr\u1ee3 \u0111\u1ea7u cu\u1ed1i \u0111\u01a1n \/ ph\u00e2n bi\u1ec7t<\/span><\/td>\n<\/tr>\n<tr data-v-eb8300fa=\"\">\n<td class=\"bod\" width=\"16%\" data-v-eb8300fa=\"\"><span>Ngu\u1ed3n c\u1ea5p<\/span><\/td>\n<td width=\"72%\" data-v-eb8300fa=\"\"><span>12 VDC \u0111\u1ebfn 24 VDC, h\u1ed7 tr\u1ee3 PoE<\/span><\/td>\n<\/tr>\n<tr data-v-eb8300fa=\"\">\n<td class=\"bod\" width=\"16%\" data-v-eb8300fa=\"\"><span>S\u1ef1 ti\u00eau th\u1ee5 n\u0103ng l\u01b0\u1ee3ng<\/span><\/td>\n<td width=\"72%\" data-v-eb8300fa=\"\"><span>Ki\u1ec3u ch\u1eef.\u00a05 W @ 12 VDC<\/span><\/td>\n<\/tr>\n<tr data-v-eb8300fa=\"\">\n<td class=\"bod\" rowspan=\"5\" width=\"12%\" data-v-eb8300fa=\"\"><span>C\u01a1 kh\u00ed<\/span><\/td>\n<td class=\"bod\" width=\"16%\" data-v-eb8300fa=\"\"><span>K\u00edch th\u01b0\u1edbc<\/span><\/td>\n<td width=\"72%\" data-v-eb8300fa=\"\"><span>62 mm \u00d7 62 mm \u00d7 41 mm (2,4 &#8220;\u00d7 2,4&#8221; \u00d7 1,6 &#8220;)<\/span><\/td>\n<\/tr>\n<tr data-v-eb8300fa=\"\">\n<td class=\"bod\" width=\"16%\" data-v-eb8300fa=\"\"><span>Tr\u1ecdng l\u01b0\u1ee3ng<\/span><\/td>\n<td width=\"72%\" data-v-eb8300fa=\"\"><span>Kho\u1ea3ng\u00a0280 g (9,9 lb.)<\/span><\/td>\n<\/tr>\n<tr data-v-eb8300fa=\"\">\n<td class=\"bod\" width=\"16%\" data-v-eb8300fa=\"\"><span>B\u1ea3o v\u1ec7 s\u1ef1 x\u00e2m nh\u1eadp<\/span><\/td>\n<td width=\"72%\" data-v-eb8300fa=\"\"><span>IP40 (trong \u0111i\u1ec1u ki\u1ec7n l\u1eafp \u0111\u1eb7t \u1ed1ng k\u00ednh v\u00e0 \u0111i d\u00e2y th\u00edch h\u1ee3p)<\/span><\/td>\n<\/tr>\n<tr data-v-eb8300fa=\"\">\n<td class=\"bod\" width=\"16%\" data-v-eb8300fa=\"\"><span>Nhi\u1ec7t \u0111\u1ed9<\/span><\/td>\n<td width=\"72%\" data-v-eb8300fa=\"\"><span>Nhi\u1ec7t \u0111\u1ed9 l\u00e0m vi\u1ec7c: -20 \u00b0 C \u0111\u1ebfn 55 \u00b0 C (32 \u00b0 F \u0111\u1ebfn 131 \u00b0 F)<\/span><br \/>\n<span>Nhi\u1ec7t \u0111\u1ed9 b\u1ea3o qu\u1ea3n: -30 \u00b0 C \u0111\u1ebfn 80 \u00b0 C (-22 \u00b0 F \u0111\u1ebfn 176 \u00b0 F)<\/span><\/td>\n<\/tr>\n<tr data-v-eb8300fa=\"\">\n<td class=\"bod\" width=\"16%\" data-v-eb8300fa=\"\"><span>\u0110\u1ed9 \u1ea9m<\/span><\/td>\n<td width=\"72%\" data-v-eb8300fa=\"\"><span>5% \u0111\u1ebfn 90% RH, kh\u00f4ng ng\u01b0ng t\u1ee5<\/span><\/td>\n<\/tr>\n<tr data-v-eb8300fa=\"\">\n<td class=\"bod\" rowspan=\"4\" width=\"12%\" data-v-eb8300fa=\"\"><span>T\u1ed5ng quan<\/span><\/td>\n<td class=\"bod\" width=\"16%\" data-v-eb8300fa=\"\"><span>Ph\u1ea7n m\u1ec1m<\/span><\/td>\n<td width=\"72%\" data-v-eb8300fa=\"\"><span>MVS ho\u1eb7c cu\u1ed9c h\u1ecdp ph\u1ea7n m\u1ec1m c\u1ee7a b\u00ean th\u1ee9 ba v\u1edbi giao th\u1ee9c GigE Vision<\/span><\/td>\n<\/tr>\n<tr data-v-eb8300fa=\"\">\n<td class=\"bod\" width=\"16%\" data-v-eb8300fa=\"\"><span>H\u1ec7 \u0111i\u1ec1u h\u00e0nh<\/span><\/td>\n<td width=\"72%\" data-v-eb8300fa=\"\"><span>Windows XP \/ 7\/10 32\/64-bit, Linux 32\/64-bit v\u00e0 MacOS 64-bit<\/span><\/td>\n<\/tr>\n<tr data-v-eb8300fa=\"\">\n<td class=\"bod\" width=\"16%\" data-v-eb8300fa=\"\"><span>Kh\u1ea3 n\u0103ng t\u01b0\u01a1ng th\u00edch<\/span><\/td>\n<td width=\"72%\" data-v-eb8300fa=\"\"><span>GigE Vision V2.0, GenICam<\/span><\/td>\n<\/tr>\n<tr data-v-eb8300fa=\"\">\n<td class=\"bod\" width=\"16%\" data-v-eb8300fa=\"\"><span>Ch\u1ee9ng nh\u1eadn<\/span><\/td>\n<td width=\"72%\" data-v-eb8300fa=\"\"><span>CE, FCC, RoHS, KC<\/span><\/td>\n<\/tr>\n<\/tbody>\n<\/table>\n","protected":false},"excerpt":{"rendered":"<p><strong><span>T\u00ednh n\u0103ng ch\u00ednh<\/span><\/strong><\/p>\n<ul class=\" list-paddingleft-2\">\n<li><span>H\u1ed7 tr\u1ee3 h\u00ecnh \u1ea3nh b\u0103ng th\u00f4ng cao, k\u00edch ho\u1ea1t-\u0111\u1ed9 r\u1ed9ng.<\/span><\/li>\n<li><span>H\u1ed7 tr\u1ee3 \u0111i\u1ec1u ch\u1ec9nh th\u1ee7 c\u00f4ng \u0111\u1ec3 hi\u1ec7u ch\u1ec9nh Gamma, hi\u1ec7u ch\u1ec9nh PRNU, LUT, b\u00f9 m\u1ee9c \u0111\u1ed9 \u0111en, v.v.<\/span><\/li>\n<li><span>Th\u00f4ng qua k\u1ebft n\u1ed1i I \/ O hai chi\u1ec1u, c\u1ea5u h\u00ecnh linh ho\u1ea1t cho \u0110\u1ea7u v\u00e0o \/ \u0110\u1ea7u ra.<\/span><\/li>\n<li><span>Thi\u1ebft k\u1ebf nh\u1ecf g\u1ecdn v\u00e0 l\u1eafp \u0111\u1eb7t linh ho\u1ea1t.<\/span><\/li>\n<li><span>T\u01b0\u01a1ng th\u00edch v\u1edbi chu\u1ea9n GigE Vision V2.0 v\u00e0 GenlCam.<\/span><\/li>\n<\/ul>\n<p><strong><span>M\u1eabu c\u00f3 s\u1eb5n<\/span><\/strong><\/p>\n<p><span>M\u00e1y \u1ea3nh m\u00e0u: MV-CL022-91GC<\/span><\/p>\n<p><strong><span>K\u00edch th\u01b0\u1edbc<\/span><\/strong><\/p>\n<p><img decoding=\"async\" loading=\"lazy\" title=\"1627524532115005031.png\" src=\"http:\/\/52.196.169.58:7081\/en2\/source\/ueditor\/image\/20210729\/1627524532115005031.png\" alt=\"46e8223a6085eaf03791545ffaf8cb00.png\" width=\"1053\" height=\"370\" \/><\/p>\n<p><span>* D\u1eef li\u1ec7u \u1edf \u0111\u00e2y c\u00f3 th\u1ec3 thay \u0111\u1ed5i t\u00f9y theo m\u00f4i tr\u01b0\u1eddng, \u0111\u1ed1i t\u01b0\u1ee3ng v\u00e0 c\u00e1c y\u1ebfu t\u1ed1 kh\u00e1c nhau, v\u00e0 HIKROBOT s\u1ebd kh\u00f4ng ch\u1ecbu c\u00e1c h\u1eadu qu\u1ea3 ph\u00e1t sinh t\u1eeb \u0111\u00f3.\u00a0<\/span><\/p>\n","protected":false},"featured_media":551,"comment_status":"open","ping_status":"closed","template":"","meta":[],"product_cat":[66,101],"product_tag":[55],"yoast_head":"<!-- This site is optimized with the Yoast SEO plugin v20.1 - https:\/\/yoast.com\/wordpress\/plugins\/seo\/ -->\n<title>MV-CL022-91GM<\/title>\n<meta name=\"robots\" content=\"index, follow, max-snippet:-1, max-image-preview:large, max-video-preview:-1\" \/>\n<link rel=\"canonical\" href=\"https:\/\/hikrobotics.vn\/?product=mv-cl022-91gm\" \/>\n<meta property=\"og:locale\" content=\"vi_VN\" \/>\n<meta property=\"og:type\" content=\"article\" \/>\n<meta property=\"og:title\" content=\"MV-CL022-91GM\" \/>\n<meta property=\"og:description\" content=\"T\u00ednh n\u0103ng ch\u00ednh  H\u1ed7 tr\u1ee3 h\u00ecnh \u1ea3nh b\u0103ng th\u00f4ng cao, k\u00edch ho\u1ea1t-\u0111\u1ed9 r\u1ed9ng.  H\u1ed7 tr\u1ee3 \u0111i\u1ec1u ch\u1ec9nh th\u1ee7 c\u00f4ng \u0111\u1ec3 hi\u1ec7u ch\u1ec9nh Gamma, hi\u1ec7u ch\u1ec9nh PRNU, LUT, b\u00f9 m\u1ee9c \u0111\u1ed9 \u0111en, v.v.  Th\u00f4ng qua k\u1ebft n\u1ed1i I \/ O hai chi\u1ec1u, c\u1ea5u h\u00ecnh linh ho\u1ea1t cho \u0110\u1ea7u v\u00e0o \/ \u0110\u1ea7u ra.  Thi\u1ebft k\u1ebf nh\u1ecf g\u1ecdn v\u00e0 l\u1eafp \u0111\u1eb7t linh ho\u1ea1t.  T\u01b0\u01a1ng th\u00edch v\u1edbi chu\u1ea9n GigE Vision V2.0 v\u00e0 GenlCam. M\u1eabu c\u00f3 s\u1eb5n M\u00e1y \u1ea3nh m\u00e0u: MV-CL022-91GC K\u00edch th\u01b0\u1edbc  * D\u1eef li\u1ec7u \u1edf \u0111\u00e2y c\u00f3 th\u1ec3 thay \u0111\u1ed5i t\u00f9y theo m\u00f4i tr\u01b0\u1eddng, \u0111\u1ed1i t\u01b0\u1ee3ng v\u00e0 c\u00e1c y\u1ebfu t\u1ed1 kh\u00e1c nhau, v\u00e0 HIKROBOT s\u1ebd kh\u00f4ng ch\u1ecbu c\u00e1c h\u1eadu qu\u1ea3 ph\u00e1t sinh t\u1eeb \u0111\u00f3.\u00a0\" \/>\n<meta property=\"og:url\" content=\"https:\/\/hikrobotics.vn\/?product=mv-cl022-91gm\" \/>\n<meta property=\"og:site_name\" content=\"hikrobotics\" \/>\n<meta property=\"article:publisher\" content=\"https:\/\/www.facebook.com\/hikroboticsvn\" \/>\n<meta property=\"og:image\" content=\"https:\/\/hikrobotics.vn\/wp-content\/uploads\/2022\/01\/20210119021659922.png\" \/>\n\t<meta property=\"og:image:width\" content=\"360\" \/>\n\t<meta property=\"og:image:height\" content=\"360\" \/>\n\t<meta property=\"og:image:type\" content=\"image\/png\" \/>\n<meta name=\"twitter:card\" content=\"summary_large_image\" \/>\n<meta name=\"twitter:label1\" content=\"\u01af\u1edbc t\u00ednh th\u1eddi gian \u0111\u1ecdc\" \/>\n\t<meta name=\"twitter:data1\" content=\"2 ph\u00fat\" \/>\n<script type=\"application\/ld+json\" class=\"yoast-schema-graph\">{\"@context\":\"https:\/\/schema.org\",\"@graph\":[{\"@type\":\"WebPage\",\"@id\":\"https:\/\/hikrobotics.vn\/?product=mv-cl022-91gm\",\"url\":\"https:\/\/hikrobotics.vn\/?product=mv-cl022-91gm\",\"name\":\"MV-CL022-91GM\",\"isPartOf\":{\"@id\":\"https:\/\/hikrobotics.vn\/#website\"},\"datePublished\":\"2022-01-17T01:34:28+00:00\",\"dateModified\":\"2022-01-17T01:34:28+00:00\",\"breadcrumb\":{\"@id\":\"https:\/\/hikrobotics.vn\/?product=mv-cl022-91gm#breadcrumb\"},\"inLanguage\":\"vi\",\"potentialAction\":[{\"@type\":\"ReadAction\",\"target\":[\"https:\/\/hikrobotics.vn\/?product=mv-cl022-91gm\"]}]},{\"@type\":\"BreadcrumbList\",\"@id\":\"https:\/\/hikrobotics.vn\/?product=mv-cl022-91gm#breadcrumb\",\"itemListElement\":[{\"@type\":\"ListItem\",\"position\":1,\"name\":\"Trang ch\u1ee7\",\"item\":\"https:\/\/hikrobotics.vn\/\"},{\"@type\":\"ListItem\",\"position\":2,\"name\":\"S\u1ea3n ph\u1ea9m\",\"item\":\"https:\/\/hikrobotics.vn\/?post_type=product\"},{\"@type\":\"ListItem\",\"position\":3,\"name\":\"MV-CL022-91GM\"}]},{\"@type\":\"WebSite\",\"@id\":\"https:\/\/hikrobotics.vn\/#website\",\"url\":\"https:\/\/hikrobotics.vn\/\",\"name\":\"hikrobotics\",\"description\":\"S\u1ef1 h\u00e0i l\u00f2ng c\u1ee7a qu\u00fd kh\u00e1ch l\u00e0 th\u00e0nh c\u00f4ng c\u1ee7a ch\u00fang t\u00f4i\",\"publisher\":{\"@id\":\"https:\/\/hikrobotics.vn\/#organization\"},\"potentialAction\":[{\"@type\":\"SearchAction\",\"target\":{\"@type\":\"EntryPoint\",\"urlTemplate\":\"https:\/\/hikrobotics.vn\/?s={search_term_string}\"},\"query-input\":\"required name=search_term_string\"}],\"inLanguage\":\"vi\"},{\"@type\":\"Organization\",\"@id\":\"https:\/\/hikrobotics.vn\/#organization\",\"name\":\"hikrobotics\",\"url\":\"https:\/\/hikrobotics.vn\/\",\"logo\":{\"@type\":\"ImageObject\",\"inLanguage\":\"vi\",\"@id\":\"https:\/\/hikrobotics.vn\/#\/schema\/logo\/image\/\",\"url\":\"http:\/\/hikrobotics.vn\/wp-content\/uploads\/2023\/02\/logo.png\",\"contentUrl\":\"http:\/\/hikrobotics.vn\/wp-content\/uploads\/2023\/02\/logo.png\",\"width\":3366,\"height\":1063,\"caption\":\"hikrobotics\"},\"image\":{\"@id\":\"https:\/\/hikrobotics.vn\/#\/schema\/logo\/image\/\"},\"sameAs\":[\"https:\/\/www.facebook.com\/hikroboticsvn\"]}]}<\/script>\n<!-- \/ Yoast SEO plugin. -->","yoast_head_json":{"title":"MV-CL022-91GM","robots":{"index":"index","follow":"follow","max-snippet":"max-snippet:-1","max-image-preview":"max-image-preview:large","max-video-preview":"max-video-preview:-1"},"canonical":"https:\/\/hikrobotics.vn\/?product=mv-cl022-91gm","og_locale":"vi_VN","og_type":"article","og_title":"MV-CL022-91GM","og_description":"T\u00ednh n\u0103ng ch\u00ednh  H\u1ed7 tr\u1ee3 h\u00ecnh \u1ea3nh b\u0103ng th\u00f4ng cao, k\u00edch ho\u1ea1t-\u0111\u1ed9 r\u1ed9ng.  H\u1ed7 tr\u1ee3 \u0111i\u1ec1u ch\u1ec9nh th\u1ee7 c\u00f4ng \u0111\u1ec3 hi\u1ec7u ch\u1ec9nh Gamma, hi\u1ec7u ch\u1ec9nh PRNU, LUT, b\u00f9 m\u1ee9c \u0111\u1ed9 \u0111en, v.v.  Th\u00f4ng qua k\u1ebft n\u1ed1i I \/ O hai chi\u1ec1u, c\u1ea5u h\u00ecnh linh ho\u1ea1t cho \u0110\u1ea7u v\u00e0o \/ \u0110\u1ea7u ra.  Thi\u1ebft k\u1ebf nh\u1ecf g\u1ecdn v\u00e0 l\u1eafp \u0111\u1eb7t linh ho\u1ea1t.  T\u01b0\u01a1ng th\u00edch v\u1edbi chu\u1ea9n GigE Vision V2.0 v\u00e0 GenlCam. M\u1eabu c\u00f3 s\u1eb5n M\u00e1y \u1ea3nh m\u00e0u: MV-CL022-91GC K\u00edch th\u01b0\u1edbc  * D\u1eef li\u1ec7u \u1edf \u0111\u00e2y c\u00f3 th\u1ec3 thay \u0111\u1ed5i t\u00f9y theo m\u00f4i tr\u01b0\u1eddng, \u0111\u1ed1i t\u01b0\u1ee3ng v\u00e0 c\u00e1c y\u1ebfu t\u1ed1 kh\u00e1c nhau, v\u00e0 HIKROBOT s\u1ebd kh\u00f4ng ch\u1ecbu c\u00e1c h\u1eadu qu\u1ea3 ph\u00e1t sinh t\u1eeb \u0111\u00f3.\u00a0","og_url":"https:\/\/hikrobotics.vn\/?product=mv-cl022-91gm","og_site_name":"hikrobotics","article_publisher":"https:\/\/www.facebook.com\/hikroboticsvn","og_image":[{"width":360,"height":360,"url":"https:\/\/hikrobotics.vn\/wp-content\/uploads\/2022\/01\/20210119021659922.png","type":"image\/png"}],"twitter_card":"summary_large_image","twitter_misc":{"\u01af\u1edbc t\u00ednh th\u1eddi gian \u0111\u1ecdc":"2 ph\u00fat"},"schema":{"@context":"https:\/\/schema.org","@graph":[{"@type":"WebPage","@id":"https:\/\/hikrobotics.vn\/?product=mv-cl022-91gm","url":"https:\/\/hikrobotics.vn\/?product=mv-cl022-91gm","name":"MV-CL022-91GM","isPartOf":{"@id":"https:\/\/hikrobotics.vn\/#website"},"datePublished":"2022-01-17T01:34:28+00:00","dateModified":"2022-01-17T01:34:28+00:00","breadcrumb":{"@id":"https:\/\/hikrobotics.vn\/?product=mv-cl022-91gm#breadcrumb"},"inLanguage":"vi","potentialAction":[{"@type":"ReadAction","target":["https:\/\/hikrobotics.vn\/?product=mv-cl022-91gm"]}]},{"@type":"BreadcrumbList","@id":"https:\/\/hikrobotics.vn\/?product=mv-cl022-91gm#breadcrumb","itemListElement":[{"@type":"ListItem","position":1,"name":"Trang ch\u1ee7","item":"https:\/\/hikrobotics.vn\/"},{"@type":"ListItem","position":2,"name":"S\u1ea3n ph\u1ea9m","item":"https:\/\/hikrobotics.vn\/?post_type=product"},{"@type":"ListItem","position":3,"name":"MV-CL022-91GM"}]},{"@type":"WebSite","@id":"https:\/\/hikrobotics.vn\/#website","url":"https:\/\/hikrobotics.vn\/","name":"hikrobotics","description":"S\u1ef1 h\u00e0i l\u00f2ng c\u1ee7a qu\u00fd kh\u00e1ch l\u00e0 th\u00e0nh c\u00f4ng c\u1ee7a ch\u00fang t\u00f4i","publisher":{"@id":"https:\/\/hikrobotics.vn\/#organization"},"potentialAction":[{"@type":"SearchAction","target":{"@type":"EntryPoint","urlTemplate":"https:\/\/hikrobotics.vn\/?s={search_term_string}"},"query-input":"required name=search_term_string"}],"inLanguage":"vi"},{"@type":"Organization","@id":"https:\/\/hikrobotics.vn\/#organization","name":"hikrobotics","url":"https:\/\/hikrobotics.vn\/","logo":{"@type":"ImageObject","inLanguage":"vi","@id":"https:\/\/hikrobotics.vn\/#\/schema\/logo\/image\/","url":"http:\/\/hikrobotics.vn\/wp-content\/uploads\/2023\/02\/logo.png","contentUrl":"http:\/\/hikrobotics.vn\/wp-content\/uploads\/2023\/02\/logo.png","width":3366,"height":1063,"caption":"hikrobotics"},"image":{"@id":"https:\/\/hikrobotics.vn\/#\/schema\/logo\/image\/"},"sameAs":["https:\/\/www.facebook.com\/hikroboticsvn"]}]}},"_links":{"self":[{"href":"https:\/\/hikrobotics.vn\/index.php?rest_route=\/wp\/v2\/product\/554"}],"collection":[{"href":"https:\/\/hikrobotics.vn\/index.php?rest_route=\/wp\/v2\/product"}],"about":[{"href":"https:\/\/hikrobotics.vn\/index.php?rest_route=\/wp\/v2\/types\/product"}],"replies":[{"embeddable":true,"href":"https:\/\/hikrobotics.vn\/index.php?rest_route=%2Fwp%2Fv2%2Fcomments&post=554"}],"wp:featuredmedia":[{"embeddable":true,"href":"https:\/\/hikrobotics.vn\/index.php?rest_route=\/wp\/v2\/media\/551"}],"wp:attachment":[{"href":"https:\/\/hikrobotics.vn\/index.php?rest_route=%2Fwp%2Fv2%2Fmedia&parent=554"}],"wp:term":[{"taxonomy":"product_cat","embeddable":true,"href":"https:\/\/hikrobotics.vn\/index.php?rest_route=%2Fwp%2Fv2%2Fproduct_cat&post=554"},{"taxonomy":"product_tag","embeddable":true,"href":"https:\/\/hikrobotics.vn\/index.php?rest_route=%2Fwp%2Fv2%2Fproduct_tag&post=554"}],"curies":[{"name":"wp","href":"https:\/\/api.w.org\/{rel}","templated":true}]}}