{"id":531,"date":"2022-01-15T03:13:19","date_gmt":"2022-01-15T03:13:19","guid":{"rendered":"hikrobotics.vn?post_type=product&amp;p=531"},"modified":"2022-01-15T03:13:19","modified_gmt":"2022-01-15T03:13:19","slug":"mv-cb004-10gm-s","status":"publish","type":"product","link":"https:\/\/hikrobotics.vn\/?product=mv-cb004-10gm-s","title":{"rendered":"MV-CB004-10GC-S"},"content":{"rendered":"<div class=\"main-container\" data-v-c57e67b0=\"\">\n<div class=\"content-wrap\" data-v-6fc09a35=\"\" data-v-c57e67b0=\"\">\n<div class=\"display-wrap\" data-v-6fc09a35=\"\">\n<article data-v-6fc09a35=\"\">\n<div class=\"detail-mian-wrap\" data-v-eb8300fa=\"\" data-v-6fc09a35=\"\">\n<div class=\"table-wrap\" data-v-eb8300fa=\"\">\n<table class=\"table-style\" cellspacing=\"0\" cellpadding=\"0\" data-v-eb8300fa=\"\">\n<tbody>\n<tr data-v-eb8300fa=\"\">\n<td class=\"bod\" rowspan=\"2\" width=\"12%\" data-v-eb8300fa=\"\">M\u00f4 h\u00ecnh<\/td>\n<td class=\"bod\" width=\"16%\" data-v-eb8300fa=\"\">M\u00f4 h\u00ecnh<\/td>\n<td width=\"72%\" data-v-eb8300fa=\"\">MV-CB004-10GC-S<\/td>\n<\/tr>\n<tr data-v-eb8300fa=\"\">\n<td class=\"bod\" width=\"16%\" data-v-eb8300fa=\"\">Lo\u1ea1i<\/td>\n<td width=\"72%\" data-v-eb8300fa=\"\">M\u00e1y \u1ea3nh c\u1ea5p bo m\u1ea1ch CMOS GigE 0,4 MP 1 \/ 2,9 &#8220;<\/td>\n<\/tr>\n<tr data-v-eb8300fa=\"\">\n<td class=\"bod\" rowspan=\"16\" width=\"12%\" data-v-eb8300fa=\"\">M\u00e1y \u1ea3nh<\/td>\n<td class=\"bod\" width=\"16%\" data-v-eb8300fa=\"\">Lo\u1ea1i c\u1ea3m bi\u1ebfn<\/td>\n<td width=\"72%\" data-v-eb8300fa=\"\">CMOS, m\u00e0n tr\u1eadp to\u00e0n c\u1ea7u<\/td>\n<\/tr>\n<tr data-v-eb8300fa=\"\">\n<td class=\"bod\" width=\"16%\" data-v-eb8300fa=\"\">c\u1ea3m bi\u1ebfn<\/td>\n<td width=\"72%\" data-v-eb8300fa=\"\">IMX297<\/td>\n<\/tr>\n<tr data-v-eb8300fa=\"\">\n<td class=\"bod\" width=\"16%\" data-v-eb8300fa=\"\">K\u00edch th\u01b0\u1edbc pixel<\/td>\n<td width=\"72%\" data-v-eb8300fa=\"\">6,9 \u03bcm \u00d7 6,9 \u03bcm<\/td>\n<\/tr>\n<tr data-v-eb8300fa=\"\">\n<td class=\"bod\" width=\"16%\" data-v-eb8300fa=\"\">K\u00edch th\u01b0\u1edbc c\u1ea3m bi\u1ebfn<\/td>\n<td width=\"72%\" data-v-eb8300fa=\"\">1 \/ 2,9 &#8220;<\/td>\n<\/tr>\n<tr data-v-eb8300fa=\"\">\n<td class=\"bod\" width=\"16%\" data-v-eb8300fa=\"\">Ngh\u1ecb quy\u1ebft<\/td>\n<td width=\"72%\" data-v-eb8300fa=\"\">720 \u00d7 540<\/td>\n<\/tr>\n<tr data-v-eb8300fa=\"\">\n<td class=\"bod\" width=\"16%\" data-v-eb8300fa=\"\">T\u1ed1i \u0111a\u00a0T\u1ef7 l\u1ec7 khung h\u00ecnh<\/td>\n<td width=\"72%\" data-v-eb8300fa=\"\">125,2 khung h\u00ecnh \/ gi\u00e2y<\/td>\n<\/tr>\n<tr data-v-eb8300fa=\"\">\n<td class=\"bod\" width=\"16%\" data-v-eb8300fa=\"\">D\u1ea3i \u0111\u1ed9ng<\/td>\n<td width=\"72%\" data-v-eb8300fa=\"\">74 dB<\/td>\n<\/tr>\n<tr data-v-eb8300fa=\"\">\n<td class=\"bod\" width=\"16%\" data-v-eb8300fa=\"\">SNR<\/td>\n<td width=\"72%\" data-v-eb8300fa=\"\">41 dB<\/td>\n<\/tr>\n<tr data-v-eb8300fa=\"\">\n<td class=\"bod\" width=\"16%\" data-v-eb8300fa=\"\">L\u1ee3i<\/td>\n<td width=\"72%\" data-v-eb8300fa=\"\">0 dB \u0111\u1ebfn 24 dB<\/td>\n<\/tr>\n<tr data-v-eb8300fa=\"\">\n<td class=\"bod\" width=\"16%\" data-v-eb8300fa=\"\">Th\u1eddi gian ph\u01a1i s\u00e1ng<\/td>\n<td width=\"72%\" data-v-eb8300fa=\"\">Ch\u1ebf \u0111\u1ed9 ph\u01a1i s\u00e1ng UltraShort: 1 \u03bcs \u0111\u1ebfn 14 \u03bcs<br \/>\nCh\u1ebf \u0111\u1ed9 ph\u01a1i s\u00e1ng ti\u00eau chu\u1ea9n: 15 \u03bcs \u0111\u1ebfn 10 gi\u00e2y<\/td>\n<\/tr>\n<tr data-v-eb8300fa=\"\">\n<td class=\"bod\" width=\"16%\" data-v-eb8300fa=\"\">Ch\u1ebf \u0111\u1ed9 ph\u01a1i s\u00e1ng<\/td>\n<td width=\"72%\" data-v-eb8300fa=\"\">Ch\u1ebf \u0111\u1ed9 ph\u01a1i s\u00e1ng t\u1eaft \/ m\u1ed9t l\u1ea7n \/ li\u00ean t\u1ee5c<\/td>\n<\/tr>\n<tr data-v-eb8300fa=\"\">\n<td class=\"bod\" width=\"16%\" data-v-eb8300fa=\"\">\u0110\u01a1n s\u1eafc \/ M\u00e0u<\/td>\n<td width=\"72%\" data-v-eb8300fa=\"\">M\u00e0u s\u1eafc<\/td>\n<\/tr>\n<tr data-v-eb8300fa=\"\">\n<td class=\"bod\" width=\"16%\" data-v-eb8300fa=\"\">\u0110\u1ecbnh d\u1ea1ng pixel<\/td>\n<td width=\"72%\" data-v-eb8300fa=\"\">\u0110\u01a1n s\u1eafc 8\/10\/12, Bayer RG 8\/10 \/ 10p \/ 12 \/<br \/>\n12p, YUV422Packed, YUV422_YUYV_Packed, RGB 8,<br \/>\nBGR 8<\/td>\n<\/tr>\n<tr data-v-eb8300fa=\"\">\n<td class=\"bod\" width=\"16%\" data-v-eb8300fa=\"\">Th\u00f9ng r\u00e1c<\/td>\n<td width=\"72%\" data-v-eb8300fa=\"\">H\u1ed7 tr\u1ee3 1 \u00d7 1, 1 \u00d7 2, 1 \u00d7 4, 2 \u00d7 1, 2 \u00d7 2, 2 \u00d7 4, 4 \u00d7 1, 4 \u00d7 2, 4 \u00d7 4<\/td>\n<\/tr>\n<tr data-v-eb8300fa=\"\">\n<td class=\"bod\" width=\"16%\" data-v-eb8300fa=\"\">S\u1ef1 suy t\u00e0n<\/td>\n<td width=\"72%\" data-v-eb8300fa=\"\">H\u1ed7 tr\u1ee3 1 \u00d7 1, 1 \u00d7 2, 1 \u00d7 4, 2 \u00d7 1, 2 \u00d7 2, 2 \u00d7 4, 4 \u00d7 1, 4 \u00d7 2, 4 \u00d7 4<\/td>\n<\/tr>\n<tr data-v-eb8300fa=\"\">\n<td class=\"bod\" width=\"16%\" data-v-eb8300fa=\"\">H\u00ecnh \u1ea3nh \u0111\u1ea3o ng\u01b0\u1ee3c<\/td>\n<td width=\"72%\" data-v-eb8300fa=\"\">H\u1ed7 tr\u1ee3 \u0111\u1ea7u ra h\u00ecnh \u1ea3nh \u0111\u1ea3o ng\u01b0\u1ee3c ngang v\u00e0 d\u1ecdc<\/td>\n<\/tr>\n<tr data-v-eb8300fa=\"\">\n<td class=\"bod\" rowspan=\"4\" width=\"12%\" data-v-eb8300fa=\"\">T\u00ednh n\u0103ng \u0111i\u1ec7n<\/td>\n<td class=\"bod\" width=\"16%\" data-v-eb8300fa=\"\">Giao di\u1ec7n d\u1eef li\u1ec7u<\/td>\n<td width=\"72%\" data-v-eb8300fa=\"\">GigE<\/td>\n<\/tr>\n<tr data-v-eb8300fa=\"\">\n<td class=\"bod\" width=\"16%\" data-v-eb8300fa=\"\">I \/ O k\u1ef9 thu\u1eadt s\u1ed1<\/td>\n<td width=\"72%\" data-v-eb8300fa=\"\">\u0110\u1ea7u n\u1ed1i 6 ch\u00e2n cung c\u1ea5p ngu\u1ed3n v\u00e0 I \/ O, bao g\u1ed3m \u0111\u1ea7u v\u00e0o kh\u00f4ng c\u00e1ch ly \u00d7 1 (D\u00f2ng 0), \u0111\u1ea7u ra kh\u00f4ng c\u00e1ch ly \u00d7 1 (D\u00f2ng 1) v\u00e0 I \/ O kh\u00f4ng c\u00e1ch ly hai chi\u1ec1u \u00d7 1 (D\u00f2ng 2) .<\/td>\n<\/tr>\n<tr data-v-eb8300fa=\"\">\n<td class=\"bod\" width=\"16%\" data-v-eb8300fa=\"\">Ngu\u1ed3n c\u1ea5p<\/td>\n<td width=\"72%\" data-v-eb8300fa=\"\">9 VDC \u0111\u1ebfn 24 VDC, h\u1ed7 tr\u1ee3 PoE<\/td>\n<\/tr>\n<tr data-v-eb8300fa=\"\">\n<td class=\"bod\" width=\"16%\" data-v-eb8300fa=\"\">S\u1ef1 ti\u00eau th\u1ee5 n\u0103ng l\u01b0\u1ee3ng<\/td>\n<td width=\"72%\" data-v-eb8300fa=\"\">Ki\u1ec3u ch\u1eef.\u00a02,6 W @ 12 VDC<\/td>\n<\/tr>\n<tr data-v-eb8300fa=\"\">\n<td class=\"bod\" rowspan=\"5\" width=\"12%\" data-v-eb8300fa=\"\">C\u01a1 kh\u00ed<\/td>\n<td class=\"bod\" width=\"16%\" data-v-eb8300fa=\"\">G\u1eafn \u1ed1ng k\u00ednh<\/td>\n<td width=\"72%\" data-v-eb8300fa=\"\">M12-mount<\/td>\n<\/tr>\n<tr data-v-eb8300fa=\"\">\n<td class=\"bod\" width=\"16%\" data-v-eb8300fa=\"\">K\u00edch th\u01b0\u1edbc<\/td>\n<td width=\"72%\" data-v-eb8300fa=\"\">29 mm \u00d7 29 mm \u00d7 30,2 mm (1,1 &#8220;\u00d7 1,1&#8221; \u00d7 1,2 &#8220;)<\/td>\n<\/tr>\n<tr data-v-eb8300fa=\"\">\n<td class=\"bod\" width=\"16%\" data-v-eb8300fa=\"\">Tr\u1ecdng l\u01b0\u1ee3ng<\/td>\n<td width=\"72%\" data-v-eb8300fa=\"\">Kho\u1ea3ng\u00a045 g (0,1 lb.)<\/td>\n<\/tr>\n<tr data-v-eb8300fa=\"\">\n<td class=\"bod\" width=\"16%\" data-v-eb8300fa=\"\">Nhi\u1ec7t \u0111\u1ed9<\/td>\n<td width=\"72%\" data-v-eb8300fa=\"\">Nhi\u1ec7t \u0111\u1ed9 l\u00e0m vi\u1ec7c: 0 \u00b0 C \u0111\u1ebfn 50 \u00b0 C (32 \u00b0 F \u0111\u1ebfn 122 \u00b0 F)<br \/>\nNhi\u1ec7t \u0111\u1ed9 b\u1ea3o qu\u1ea3n: -30 \u00b0 C \u0111\u1ebfn 70 \u00b0 C (-22 \u00b0 F \u0111\u1ebfn 158 \u00b0 F)<\/td>\n<\/tr>\n<tr data-v-eb8300fa=\"\">\n<td class=\"bod\" width=\"16%\" data-v-eb8300fa=\"\">\u0110\u1ed9 \u1ea9m<\/td>\n<td width=\"72%\" data-v-eb8300fa=\"\">20% \u0111\u1ebfn 80% RH, kh\u00f4ng ng\u01b0ng t\u1ee5<\/td>\n<\/tr>\n<tr data-v-eb8300fa=\"\">\n<td class=\"bod\" rowspan=\"4\" width=\"12%\" data-v-eb8300fa=\"\">T\u1ed5ng quan<\/td>\n<td class=\"bod\" width=\"16%\" data-v-eb8300fa=\"\">Ph\u1ea7n m\u1ec1m<\/td>\n<td width=\"72%\" data-v-eb8300fa=\"\">MVS ho\u1eb7c cu\u1ed9c h\u1ecdp ph\u1ea7n m\u1ec1m c\u1ee7a b\u00ean th\u1ee9 ba v\u1edbi Giao th\u1ee9c GigE Vision<\/td>\n<\/tr>\n<tr data-v-eb8300fa=\"\">\n<td class=\"bod\" width=\"16%\" data-v-eb8300fa=\"\">H\u1ec7 \u0111i\u1ec1u h\u00e0nh<\/td>\n<td width=\"72%\" data-v-eb8300fa=\"\">32\/64-bit Windows XP \/ 7\/10, 32\/64-bit Linux v\u00e0 64-bit MacOS<\/td>\n<\/tr>\n<tr data-v-eb8300fa=\"\">\n<td class=\"bod\" width=\"16%\" data-v-eb8300fa=\"\">Tu\u00e2n th\u1ee7<\/td>\n<td width=\"72%\" data-v-eb8300fa=\"\">GigE Vision V2.0, GenICam<\/td>\n<\/tr>\n<tr data-v-eb8300fa=\"\">\n<td class=\"bod\" width=\"16%\" data-v-eb8300fa=\"\">Ch\u1ee9ng nh\u1eadn<\/td>\n<td width=\"72%\" data-v-eb8300fa=\"\">CE, FCC, RoHS, KC<\/td>\n<\/tr>\n<\/tbody>\n<\/table>\n<\/div>\n<\/div>\n<\/article>\n<\/div>\n<\/div>\n<\/div>\n","protected":false},"excerpt":{"rendered":"<p><strong>T\u00ednh n\u0103ng ch\u00ednh<\/strong><\/p>\n<ul class=\" list-paddingleft-2\">\n<li>H\u1ed7 tr\u1ee3 \u0111i\u1ec1u ch\u1ec9nh t\u1ef1 \u0111\u1ed9ng ho\u1eb7c th\u1ee7 c\u00f4ng v\u1ec1 \u0111\u1ed9 l\u1ee3i, th\u1eddi gian ph\u01a1i s\u00e1ng, c\u00e2n b\u1eb1ng tr\u1eafng, \u0111i\u1ec1u ch\u1ec9nh th\u1ee7 c\u00f4ng hi\u1ec7u ch\u1ec9nh Gamma, LUT, Binning, v.v.<\/li>\n<li>\u00c1p d\u1ee5ng ch\u1ee9c n\u0103ng gi\u1ea3m nhi\u1ec5u \u0111\u1ec3 cung c\u1ea5p h\u00ecnh \u1ea3nh ch\u1ea5t l\u01b0\u1ee3ng cao.<\/li>\n<li>Th\u00f4ng qua giao di\u1ec7n GigE v\u00e0 t\u1ed1i \u0111a.\u00a0kho\u1ea3ng c\u00e1ch truy\u1ec1n 100 m\u00e9t kh\u00f4ng c\u00f3 r\u01a1 le.<\/li>\n<li>T\u01b0\u01a1ng th\u00edch v\u1edbi Giao th\u1ee9c GigE Vision V2.0, Ti\u00eau chu\u1ea9n GenlCam v\u00e0 ph\u1ea7n m\u1ec1m c\u1ee7a b\u00ean th\u1ee9 ba d\u1ef1a tr\u00ean giao th\u1ee9c v\u00e0 ti\u00eau chu\u1ea9n.<\/li>\n<\/ul>\n<p><strong>M\u1eabu c\u00f3 s\u1eb5n<\/strong><\/p>\n<p>M\u00e1y \u1ea3nh m\u00e0u c\u00f3 ng\u00e0m M12: MV-CB004-10GC-S<\/p>\n<p><strong>K\u00edch th\u01b0\u1edbc<\/strong><\/p>\n<p><img decoding=\"async\" title=\"1641871917092098484.png\" src=\"https:\/\/www.hikrobotics.com\/en2\/source\/ueditor\/image\/20220111\/1641871917092098484.png\" alt=\"image.png\" \/><\/p>\n<p>* D\u1eef li\u1ec7u \u1edf \u0111\u00e2y c\u00f3 th\u1ec3 thay \u0111\u1ed5i t\u00f9y theo m\u00f4i tr\u01b0\u1eddng, \u0111\u1ed1i t\u01b0\u1ee3ng v\u00e0 c\u00e1c y\u1ebfu t\u1ed1 kh\u00e1c nhau, v\u00e0 HIKROBOT s\u1ebd kh\u00f4ng ch\u1ecbu c\u00e1c h\u1eadu qu\u1ea3 ph\u00e1t sinh t\u1eeb \u0111\u00f3.<\/p>\n","protected":false},"featured_media":535,"comment_status":"open","ping_status":"closed","template":"","meta":[],"product_cat":[110,68],"product_tag":[27,107],"yoast_head":"<!-- This site is optimized with the Yoast SEO plugin v20.1 - https:\/\/yoast.com\/wordpress\/plugins\/seo\/ -->\n<title>MV-CB004-10GC-S<\/title>\n<meta name=\"robots\" content=\"index, follow, max-snippet:-1, max-image-preview:large, max-video-preview:-1\" \/>\n<link rel=\"canonical\" href=\"https:\/\/hikrobotics.vn\/?product=mv-cb004-10gm-s\" \/>\n<meta property=\"og:locale\" content=\"vi_VN\" \/>\n<meta property=\"og:type\" content=\"article\" \/>\n<meta property=\"og:title\" content=\"MV-CB004-10GC-S\" \/>\n<meta property=\"og:description\" content=\"T\u00ednh n\u0103ng ch\u00ednh  H\u1ed7 tr\u1ee3 \u0111i\u1ec1u ch\u1ec9nh t\u1ef1 \u0111\u1ed9ng ho\u1eb7c th\u1ee7 c\u00f4ng v\u1ec1 \u0111\u1ed9 l\u1ee3i, th\u1eddi gian ph\u01a1i s\u00e1ng, c\u00e2n b\u1eb1ng tr\u1eafng, \u0111i\u1ec1u ch\u1ec9nh th\u1ee7 c\u00f4ng hi\u1ec7u ch\u1ec9nh Gamma, LUT, Binning, v.v.  \u00c1p d\u1ee5ng ch\u1ee9c n\u0103ng gi\u1ea3m nhi\u1ec5u \u0111\u1ec3 cung c\u1ea5p h\u00ecnh \u1ea3nh ch\u1ea5t l\u01b0\u1ee3ng cao.  Th\u00f4ng qua giao di\u1ec7n GigE v\u00e0 t\u1ed1i \u0111a.\u00a0kho\u1ea3ng c\u00e1ch truy\u1ec1n 100 m\u00e9t kh\u00f4ng c\u00f3 r\u01a1 le.  T\u01b0\u01a1ng th\u00edch v\u1edbi Giao th\u1ee9c GigE Vision V2.0, Ti\u00eau chu\u1ea9n GenlCam v\u00e0 ph\u1ea7n m\u1ec1m c\u1ee7a b\u00ean th\u1ee9 ba d\u1ef1a tr\u00ean giao th\u1ee9c v\u00e0 ti\u00eau chu\u1ea9n. M\u1eabu c\u00f3 s\u1eb5n M\u00e1y \u1ea3nh m\u00e0u c\u00f3 ng\u00e0m M12: MV-CB004-10GC-S K\u00edch th\u01b0\u1edbc  * D\u1eef li\u1ec7u \u1edf \u0111\u00e2y c\u00f3 th\u1ec3 thay \u0111\u1ed5i t\u00f9y theo m\u00f4i tr\u01b0\u1eddng, \u0111\u1ed1i t\u01b0\u1ee3ng v\u00e0 c\u00e1c y\u1ebfu t\u1ed1 kh\u00e1c nhau, v\u00e0 HIKROBOT s\u1ebd kh\u00f4ng ch\u1ecbu c\u00e1c h\u1eadu qu\u1ea3 ph\u00e1t sinh t\u1eeb \u0111\u00f3.\" \/>\n<meta property=\"og:url\" content=\"https:\/\/hikrobotics.vn\/?product=mv-cb004-10gm-s\" \/>\n<meta property=\"og:site_name\" content=\"hikrobotics\" \/>\n<meta property=\"article:publisher\" content=\"https:\/\/www.facebook.com\/hikroboticsvn\" \/>\n<meta property=\"og:image\" content=\"https:\/\/hikrobotics.vn\/wp-content\/uploads\/2022\/01\/20220111090305661.png\" \/>\n\t<meta property=\"og:image:width\" content=\"360\" \/>\n\t<meta property=\"og:image:height\" content=\"360\" \/>\n\t<meta property=\"og:image:type\" content=\"image\/png\" \/>\n<meta name=\"twitter:card\" content=\"summary_large_image\" \/>\n<meta name=\"twitter:label1\" content=\"\u01af\u1edbc t\u00ednh th\u1eddi gian \u0111\u1ecdc\" \/>\n\t<meta name=\"twitter:data1\" content=\"2 ph\u00fat\" \/>\n<script type=\"application\/ld+json\" class=\"yoast-schema-graph\">{\"@context\":\"https:\/\/schema.org\",\"@graph\":[{\"@type\":\"WebPage\",\"@id\":\"https:\/\/hikrobotics.vn\/?product=mv-cb004-10gm-s\",\"url\":\"https:\/\/hikrobotics.vn\/?product=mv-cb004-10gm-s\",\"name\":\"MV-CB004-10GC-S\",\"isPartOf\":{\"@id\":\"https:\/\/hikrobotics.vn\/#website\"},\"datePublished\":\"2022-01-15T03:13:19+00:00\",\"dateModified\":\"2022-01-15T03:13:19+00:00\",\"breadcrumb\":{\"@id\":\"https:\/\/hikrobotics.vn\/?product=mv-cb004-10gm-s#breadcrumb\"},\"inLanguage\":\"vi\",\"potentialAction\":[{\"@type\":\"ReadAction\",\"target\":[\"https:\/\/hikrobotics.vn\/?product=mv-cb004-10gm-s\"]}]},{\"@type\":\"BreadcrumbList\",\"@id\":\"https:\/\/hikrobotics.vn\/?product=mv-cb004-10gm-s#breadcrumb\",\"itemListElement\":[{\"@type\":\"ListItem\",\"position\":1,\"name\":\"Trang ch\u1ee7\",\"item\":\"https:\/\/hikrobotics.vn\/\"},{\"@type\":\"ListItem\",\"position\":2,\"name\":\"S\u1ea3n ph\u1ea9m\",\"item\":\"https:\/\/hikrobotics.vn\/?post_type=product\"},{\"@type\":\"ListItem\",\"position\":3,\"name\":\"MV-CB004-10GC-S\"}]},{\"@type\":\"WebSite\",\"@id\":\"https:\/\/hikrobotics.vn\/#website\",\"url\":\"https:\/\/hikrobotics.vn\/\",\"name\":\"hikrobotics\",\"description\":\"S\u1ef1 h\u00e0i l\u00f2ng c\u1ee7a qu\u00fd kh\u00e1ch l\u00e0 th\u00e0nh c\u00f4ng c\u1ee7a ch\u00fang t\u00f4i\",\"publisher\":{\"@id\":\"https:\/\/hikrobotics.vn\/#organization\"},\"potentialAction\":[{\"@type\":\"SearchAction\",\"target\":{\"@type\":\"EntryPoint\",\"urlTemplate\":\"https:\/\/hikrobotics.vn\/?s={search_term_string}\"},\"query-input\":\"required name=search_term_string\"}],\"inLanguage\":\"vi\"},{\"@type\":\"Organization\",\"@id\":\"https:\/\/hikrobotics.vn\/#organization\",\"name\":\"hikrobotics\",\"url\":\"https:\/\/hikrobotics.vn\/\",\"logo\":{\"@type\":\"ImageObject\",\"inLanguage\":\"vi\",\"@id\":\"https:\/\/hikrobotics.vn\/#\/schema\/logo\/image\/\",\"url\":\"http:\/\/hikrobotics.vn\/wp-content\/uploads\/2023\/02\/logo.png\",\"contentUrl\":\"http:\/\/hikrobotics.vn\/wp-content\/uploads\/2023\/02\/logo.png\",\"width\":3366,\"height\":1063,\"caption\":\"hikrobotics\"},\"image\":{\"@id\":\"https:\/\/hikrobotics.vn\/#\/schema\/logo\/image\/\"},\"sameAs\":[\"https:\/\/www.facebook.com\/hikroboticsvn\"]}]}<\/script>\n<!-- \/ Yoast SEO plugin. -->","yoast_head_json":{"title":"MV-CB004-10GC-S","robots":{"index":"index","follow":"follow","max-snippet":"max-snippet:-1","max-image-preview":"max-image-preview:large","max-video-preview":"max-video-preview:-1"},"canonical":"https:\/\/hikrobotics.vn\/?product=mv-cb004-10gm-s","og_locale":"vi_VN","og_type":"article","og_title":"MV-CB004-10GC-S","og_description":"T\u00ednh n\u0103ng ch\u00ednh  H\u1ed7 tr\u1ee3 \u0111i\u1ec1u ch\u1ec9nh t\u1ef1 \u0111\u1ed9ng ho\u1eb7c th\u1ee7 c\u00f4ng v\u1ec1 \u0111\u1ed9 l\u1ee3i, th\u1eddi gian ph\u01a1i s\u00e1ng, c\u00e2n b\u1eb1ng tr\u1eafng, \u0111i\u1ec1u ch\u1ec9nh th\u1ee7 c\u00f4ng hi\u1ec7u ch\u1ec9nh Gamma, LUT, Binning, v.v.  \u00c1p d\u1ee5ng ch\u1ee9c n\u0103ng gi\u1ea3m nhi\u1ec5u \u0111\u1ec3 cung c\u1ea5p h\u00ecnh \u1ea3nh ch\u1ea5t l\u01b0\u1ee3ng cao.  Th\u00f4ng qua giao di\u1ec7n GigE v\u00e0 t\u1ed1i \u0111a.\u00a0kho\u1ea3ng c\u00e1ch truy\u1ec1n 100 m\u00e9t kh\u00f4ng c\u00f3 r\u01a1 le.  T\u01b0\u01a1ng th\u00edch v\u1edbi Giao th\u1ee9c GigE Vision V2.0, Ti\u00eau chu\u1ea9n GenlCam v\u00e0 ph\u1ea7n m\u1ec1m c\u1ee7a b\u00ean th\u1ee9 ba d\u1ef1a tr\u00ean giao th\u1ee9c v\u00e0 ti\u00eau chu\u1ea9n. M\u1eabu c\u00f3 s\u1eb5n M\u00e1y \u1ea3nh m\u00e0u c\u00f3 ng\u00e0m M12: MV-CB004-10GC-S K\u00edch th\u01b0\u1edbc  * D\u1eef li\u1ec7u \u1edf \u0111\u00e2y c\u00f3 th\u1ec3 thay \u0111\u1ed5i t\u00f9y theo m\u00f4i tr\u01b0\u1eddng, \u0111\u1ed1i t\u01b0\u1ee3ng v\u00e0 c\u00e1c y\u1ebfu t\u1ed1 kh\u00e1c nhau, v\u00e0 HIKROBOT s\u1ebd kh\u00f4ng ch\u1ecbu c\u00e1c h\u1eadu qu\u1ea3 ph\u00e1t sinh t\u1eeb \u0111\u00f3.","og_url":"https:\/\/hikrobotics.vn\/?product=mv-cb004-10gm-s","og_site_name":"hikrobotics","article_publisher":"https:\/\/www.facebook.com\/hikroboticsvn","og_image":[{"width":360,"height":360,"url":"https:\/\/hikrobotics.vn\/wp-content\/uploads\/2022\/01\/20220111090305661.png","type":"image\/png"}],"twitter_card":"summary_large_image","twitter_misc":{"\u01af\u1edbc t\u00ednh th\u1eddi gian \u0111\u1ecdc":"2 ph\u00fat"},"schema":{"@context":"https:\/\/schema.org","@graph":[{"@type":"WebPage","@id":"https:\/\/hikrobotics.vn\/?product=mv-cb004-10gm-s","url":"https:\/\/hikrobotics.vn\/?product=mv-cb004-10gm-s","name":"MV-CB004-10GC-S","isPartOf":{"@id":"https:\/\/hikrobotics.vn\/#website"},"datePublished":"2022-01-15T03:13:19+00:00","dateModified":"2022-01-15T03:13:19+00:00","breadcrumb":{"@id":"https:\/\/hikrobotics.vn\/?product=mv-cb004-10gm-s#breadcrumb"},"inLanguage":"vi","potentialAction":[{"@type":"ReadAction","target":["https:\/\/hikrobotics.vn\/?product=mv-cb004-10gm-s"]}]},{"@type":"BreadcrumbList","@id":"https:\/\/hikrobotics.vn\/?product=mv-cb004-10gm-s#breadcrumb","itemListElement":[{"@type":"ListItem","position":1,"name":"Trang ch\u1ee7","item":"https:\/\/hikrobotics.vn\/"},{"@type":"ListItem","position":2,"name":"S\u1ea3n ph\u1ea9m","item":"https:\/\/hikrobotics.vn\/?post_type=product"},{"@type":"ListItem","position":3,"name":"MV-CB004-10GC-S"}]},{"@type":"WebSite","@id":"https:\/\/hikrobotics.vn\/#website","url":"https:\/\/hikrobotics.vn\/","name":"hikrobotics","description":"S\u1ef1 h\u00e0i l\u00f2ng c\u1ee7a qu\u00fd kh\u00e1ch l\u00e0 th\u00e0nh c\u00f4ng c\u1ee7a ch\u00fang t\u00f4i","publisher":{"@id":"https:\/\/hikrobotics.vn\/#organization"},"potentialAction":[{"@type":"SearchAction","target":{"@type":"EntryPoint","urlTemplate":"https:\/\/hikrobotics.vn\/?s={search_term_string}"},"query-input":"required name=search_term_string"}],"inLanguage":"vi"},{"@type":"Organization","@id":"https:\/\/hikrobotics.vn\/#organization","name":"hikrobotics","url":"https:\/\/hikrobotics.vn\/","logo":{"@type":"ImageObject","inLanguage":"vi","@id":"https:\/\/hikrobotics.vn\/#\/schema\/logo\/image\/","url":"http:\/\/hikrobotics.vn\/wp-content\/uploads\/2023\/02\/logo.png","contentUrl":"http:\/\/hikrobotics.vn\/wp-content\/uploads\/2023\/02\/logo.png","width":3366,"height":1063,"caption":"hikrobotics"},"image":{"@id":"https:\/\/hikrobotics.vn\/#\/schema\/logo\/image\/"},"sameAs":["https:\/\/www.facebook.com\/hikroboticsvn"]}]}},"_links":{"self":[{"href":"https:\/\/hikrobotics.vn\/index.php?rest_route=\/wp\/v2\/product\/531"}],"collection":[{"href":"https:\/\/hikrobotics.vn\/index.php?rest_route=\/wp\/v2\/product"}],"about":[{"href":"https:\/\/hikrobotics.vn\/index.php?rest_route=\/wp\/v2\/types\/product"}],"replies":[{"embeddable":true,"href":"https:\/\/hikrobotics.vn\/index.php?rest_route=%2Fwp%2Fv2%2Fcomments&post=531"}],"wp:featuredmedia":[{"embeddable":true,"href":"https:\/\/hikrobotics.vn\/index.php?rest_route=\/wp\/v2\/media\/535"}],"wp:attachment":[{"href":"https:\/\/hikrobotics.vn\/index.php?rest_route=%2Fwp%2Fv2%2Fmedia&parent=531"}],"wp:term":[{"taxonomy":"product_cat","embeddable":true,"href":"https:\/\/hikrobotics.vn\/index.php?rest_route=%2Fwp%2Fv2%2Fproduct_cat&post=531"},{"taxonomy":"product_tag","embeddable":true,"href":"https:\/\/hikrobotics.vn\/index.php?rest_route=%2Fwp%2Fv2%2Fproduct_tag&post=531"}],"curies":[{"name":"wp","href":"https:\/\/api.w.org\/{rel}","templated":true}]}}