{"id":506,"date":"2022-01-15T01:41:17","date_gmt":"2022-01-15T01:41:17","guid":{"rendered":"hikrobotics.vn?post_type=product&amp;p=506"},"modified":"2022-01-15T01:41:17","modified_gmt":"2022-01-15T01:41:17","slug":"mvgl-ac072-313ggm","status":"publish","type":"product","link":"https:\/\/hikrobotics.vn\/?product=mvgl-ac072-313ggm","title":{"rendered":"MVGL-AC072-313GGM"},"content":{"rendered":"<table class=\"table-style\" cellspacing=\"0\" cellpadding=\"0\" data-v-eb8300fa=\"\">\n<tbody>\n<tr data-v-eb8300fa=\"\">\n<td class=\"bod\" rowspan=\"2\" width=\"12%\" data-v-eb8300fa=\"\"><span>M\u00f4 h\u00ecnh<\/span><\/td>\n<td class=\"bod\" width=\"16%\" data-v-eb8300fa=\"\"><span>d\u00f2ng s\u1ea3n ph\u1ea9m<\/span><\/td>\n<td width=\"72%\" data-v-eb8300fa=\"\"><span>MVGL-AC072-313GGM<\/span><\/td>\n<\/tr>\n<tr data-v-eb8300fa=\"\">\n<td class=\"bod\" width=\"16%\" data-v-eb8300fa=\"\"><span>Lo\u1ea1i<\/span><\/td>\n<td width=\"72%\" data-v-eb8300fa=\"\"><span>M\u00e1y \u1ea3nh qu\u00e9t v\u00f9ng GigE 0,4 MP 1 \/ 2,9 &#8220;CMOS<\/span><\/td>\n<\/tr>\n<tr data-v-eb8300fa=\"\">\n<td class=\"bod\" rowspan=\"17\" width=\"12%\" data-v-eb8300fa=\"\"><span>M\u00e1y \u1ea3nh<\/span><\/td>\n<td class=\"bod\" width=\"16%\" data-v-eb8300fa=\"\"><span>Lo\u1ea1i c\u1ea3m bi\u1ebfn<\/span><\/td>\n<td width=\"72%\" data-v-eb8300fa=\"\"><span>CMOS m\u00e0n tr\u1eadp to\u00e0n c\u1ea7u<\/span><\/td>\n<\/tr>\n<tr data-v-eb8300fa=\"\">\n<td class=\"bod\" width=\"16%\" data-v-eb8300fa=\"\"><span>c\u1ea3m bi\u1ebfn<\/span><\/td>\n<td width=\"72%\" data-v-eb8300fa=\"\"><span>IMX287<\/span><\/td>\n<\/tr>\n<tr data-v-eb8300fa=\"\">\n<td class=\"bod\" width=\"16%\" data-v-eb8300fa=\"\"><span>K\u00edch th\u01b0\u1edbc pixel<\/span><\/td>\n<td width=\"72%\" data-v-eb8300fa=\"\"><span>6,9 \u03bcm \u00d7 6,9 \u03bcm<\/span><\/td>\n<\/tr>\n<tr data-v-eb8300fa=\"\">\n<td class=\"bod\" width=\"16%\" data-v-eb8300fa=\"\"><span>K\u00edch th\u01b0\u1edbc c\u1ea3m bi\u1ebfn<\/span><\/td>\n<td width=\"72%\" data-v-eb8300fa=\"\"><span>1 \/ 2,9 &#8220;<\/span><\/td>\n<\/tr>\n<tr data-v-eb8300fa=\"\">\n<td class=\"bod\" width=\"16%\" data-v-eb8300fa=\"\"><span>Ngh\u1ecb quy\u1ebft<\/span><\/td>\n<td width=\"72%\" data-v-eb8300fa=\"\"><span>720 \u00d7 540<\/span><\/td>\n<\/tr>\n<tr data-v-eb8300fa=\"\">\n<td class=\"bod\" width=\"16%\" data-v-eb8300fa=\"\"><span>\u0110\u01a1n s\u1eafc \/ M\u00e0u<\/span><\/td>\n<td width=\"72%\" data-v-eb8300fa=\"\"><span>B\u1ec7nh t\u0103ng b\u1ea1ch c\u1ea7u \u0111\u01a1n nh\u00e2n<\/span><\/td>\n<\/tr>\n<tr data-v-eb8300fa=\"\">\n<td class=\"bod\" width=\"16%\" data-v-eb8300fa=\"\"><span>T\u1ed1i \u0111a\u00a0T\u1ef7 l\u1ec7 khung h\u00ecnh<\/span><\/td>\n<td width=\"72%\" data-v-eb8300fa=\"\"><span>312,9 khung h\u00ecnh \/ gi\u00e2y<\/span><\/td>\n<\/tr>\n<tr data-v-eb8300fa=\"\">\n<td class=\"bod\" width=\"16%\" data-v-eb8300fa=\"\"><span>D\u1ea3i \u0111\u1ed9ng<\/span><\/td>\n<td width=\"72%\" data-v-eb8300fa=\"\"><span>74 dB<\/span><\/td>\n<\/tr>\n<tr data-v-eb8300fa=\"\">\n<td class=\"bod\" width=\"16%\" data-v-eb8300fa=\"\"><span>SNR<\/span><\/td>\n<td width=\"72%\" data-v-eb8300fa=\"\"><span>41 dB<\/span><\/td>\n<\/tr>\n<tr data-v-eb8300fa=\"\">\n<td class=\"bod\" width=\"16%\" data-v-eb8300fa=\"\"><span>L\u1ee3i<\/span><\/td>\n<td width=\"72%\" data-v-eb8300fa=\"\"><span>0 dB \u0111\u1ebfn 20 dB<\/span><\/td>\n<\/tr>\n<tr data-v-eb8300fa=\"\">\n<td class=\"bod\" width=\"16%\" data-v-eb8300fa=\"\"><span>Th\u1eddi gian ph\u01a1i s\u00e1ng<\/span><\/td>\n<td width=\"72%\" data-v-eb8300fa=\"\"><span>1 \u03bcs \u0111\u1ebfn 10 s<\/span><\/td>\n<\/tr>\n<tr data-v-eb8300fa=\"\">\n<td class=\"bod\" width=\"16%\" data-v-eb8300fa=\"\"><span>Ch\u1ebf \u0111\u1ed9 m\u00e0n tr\u1eadp<\/span><\/td>\n<td width=\"72%\" data-v-eb8300fa=\"\"><span>Ch\u1ebf \u0111\u1ed9 ph\u01a1i s\u00e1ng t\u1eaft \/ m\u1ed9t l\u1ea7n \/ li\u00ean t\u1ee5c<\/span><\/td>\n<\/tr>\n<tr data-v-eb8300fa=\"\">\n<td class=\"bod\" width=\"16%\" data-v-eb8300fa=\"\"><span>Th\u00f9ng r\u00e1c<\/span><\/td>\n<td width=\"72%\" data-v-eb8300fa=\"\"><span>Kh\u00f4ng h\u1ed7 tr\u1ee3<\/span><\/td>\n<\/tr>\n<tr data-v-eb8300fa=\"\">\n<td class=\"bod\" width=\"16%\" data-v-eb8300fa=\"\"><span>S\u1ef1 suy t\u00e0n<\/span><\/td>\n<td width=\"72%\" data-v-eb8300fa=\"\"><span>Kh\u00f4ng h\u1ed7 tr\u1ee3<\/span><\/td>\n<\/tr>\n<tr data-v-eb8300fa=\"\">\n<td class=\"bod\" width=\"16%\" data-v-eb8300fa=\"\"><span>H\u00ecnh \u1ea3nh \u0111\u1ea3o ng\u01b0\u1ee3c<\/span><\/td>\n<td width=\"72%\" data-v-eb8300fa=\"\"><span>H\u1ed7 tr\u1ee3 h\u00ecnh \u1ea3nh \u0111\u1ea3o ng\u01b0\u1ee3c ngang v\u00e0 d\u1ecdc<\/span><\/td>\n<\/tr>\n<tr data-v-eb8300fa=\"\">\n<td class=\"bod\" width=\"16%\" data-v-eb8300fa=\"\"><span>B\u1ed9 \u0111\u1ec7m h\u00ecnh \u1ea3nh<\/span><\/td>\n<td width=\"72%\" data-v-eb8300fa=\"\"><span>128 MB<\/span><\/td>\n<\/tr>\n<tr data-v-eb8300fa=\"\">\n<td class=\"bod\" width=\"16%\" data-v-eb8300fa=\"\"><span>\u0110\u1ecbnh d\u1ea1ng pixel<\/span><\/td>\n<td width=\"72%\" data-v-eb8300fa=\"\"><span>\u0110\u01a1n s\u1eafc 8\/10 \/ 10p \/ 12 \/ 12p<\/span><\/td>\n<\/tr>\n<tr data-v-eb8300fa=\"\">\n<td class=\"bod\" rowspan=\"4\" width=\"12%\" data-v-eb8300fa=\"\"><span>T\u00ednh n\u0103ng \u0111i\u1ec7n<\/span><\/td>\n<td class=\"bod\" width=\"16%\" data-v-eb8300fa=\"\"><span>Giao di\u1ec7n d\u1eef li\u1ec7u<\/span><\/td>\n<td width=\"72%\" data-v-eb8300fa=\"\"><span>GigE<\/span><\/td>\n<\/tr>\n<tr data-v-eb8300fa=\"\">\n<td class=\"bod\" width=\"16%\" data-v-eb8300fa=\"\"><span>I \/ O k\u1ef9 thu\u1eadt s\u1ed1<\/span><\/td>\n<td width=\"72%\" data-v-eb8300fa=\"\"><span>\u0110\u1ea7u n\u1ed1i Hirose 6 ch\u00e2n cung c\u1ea5p ngu\u1ed3n \u0111i\u1ec7n v\u00e0 I \/ O, bao g\u1ed3m \u0110\u1ea7u v\u00e0o c\u00e1ch ly quang x 1 (\u0110\u01b0\u1eddng 0), \u0110\u1ea7u ra c\u00e1ch ly quang x 1 (\u0110\u01b0\u1eddng 1) v\u00e0 I \/ O kh\u00f4ng c\u00e1ch ly hai chi\u1ec1u x 1 (\u0110\u01b0\u1eddng 2)<\/span><\/td>\n<\/tr>\n<tr data-v-eb8300fa=\"\">\n<td class=\"bod\" width=\"16%\" data-v-eb8300fa=\"\"><span>Ngu\u1ed3n c\u1ea5p<\/span><\/td>\n<td width=\"72%\" data-v-eb8300fa=\"\"><span>9 VDC \u0111\u1ebfn 24 VDC, h\u1ed7 tr\u1ee3 PoE<\/span><\/td>\n<\/tr>\n<tr data-v-eb8300fa=\"\">\n<td class=\"bod\" width=\"16%\" data-v-eb8300fa=\"\"><span>S\u1ee9c m\u1ea1nh<\/span><\/td>\n<td width=\"72%\" data-v-eb8300fa=\"\"><span>Kho\u1ea3ng\u00a03,1 W @ 12 VDC<\/span><\/td>\n<\/tr>\n<tr data-v-eb8300fa=\"\">\n<td class=\"bod\" rowspan=\"6\" width=\"12%\" data-v-eb8300fa=\"\"><span>C\u01a1 kh\u00ed<\/span><\/td>\n<td class=\"bod\" width=\"16%\" data-v-eb8300fa=\"\"><span>G\u1eafn \u1ed1ng k\u00ednh<\/span><\/td>\n<td width=\"72%\" data-v-eb8300fa=\"\"><span>C-Mount<\/span><\/td>\n<\/tr>\n<tr data-v-eb8300fa=\"\">\n<td class=\"bod\" width=\"16%\" data-v-eb8300fa=\"\"><span>K\u00edch th\u01b0\u1edbc<\/span><\/td>\n<td width=\"72%\" data-v-eb8300fa=\"\"><span>29 mm \u00d7 29 mm \u00d7 42 mm (1,1 &#8220;\u00d7 1,1&#8221; \u00d7 1,7 &#8220;)<\/span><\/td>\n<\/tr>\n<tr data-v-eb8300fa=\"\">\n<td class=\"bod\" width=\"16%\" data-v-eb8300fa=\"\"><span>Tr\u1ecdng l\u01b0\u1ee3ng<\/span><\/td>\n<td width=\"72%\" data-v-eb8300fa=\"\"><span>Kho\u1ea3ng\u00a068 g (0,15 lb.)<\/span><\/td>\n<\/tr>\n<tr data-v-eb8300fa=\"\">\n<td class=\"bod\" width=\"16%\" data-v-eb8300fa=\"\"><span>B\u1ea3o v\u1ec7 s\u1ef1 x\u00e2m nh\u1eadp<\/span><\/td>\n<td width=\"72%\" data-v-eb8300fa=\"\"><span>IP30 (trong \u0111i\u1ec1u ki\u1ec7n l\u1eafp \u0111\u1eb7t \u1ed1ng k\u00ednh v\u00e0 \u0111i d\u00e2y th\u00edch h\u1ee3p)<\/span><\/td>\n<\/tr>\n<tr data-v-eb8300fa=\"\">\n<td class=\"bod\" width=\"16%\" data-v-eb8300fa=\"\"><span>Nhi\u1ec7t \u0111\u1ed9<\/span><\/td>\n<td width=\"72%\" data-v-eb8300fa=\"\"><span>Nhi\u1ec7t \u0111\u1ed9 l\u00e0m vi\u1ec7c: 0 \u00b0 C \u0111\u1ebfn 50 \u00b0 C (32 \u00b0 F \u0111\u1ebfn 122 \u00b0 F) Nhi\u1ec7t \u0111\u1ed9 b\u1ea3o qu\u1ea3n: -30 \u00b0 C \u0111\u1ebfn 70 \u00b0 C (-22 \u00b0 F \u0111\u1ebfn 158 \u00b0 F)<\/span><\/td>\n<\/tr>\n<tr data-v-eb8300fa=\"\">\n<td class=\"bod\" width=\"16%\" data-v-eb8300fa=\"\"><span>\u0110\u1ed9 \u1ea9m<\/span><\/td>\n<td width=\"72%\" data-v-eb8300fa=\"\"><span>20% \u0111\u1ebfn 80% kh\u00f4ng ng\u01b0ng t\u1ee5<\/span><\/td>\n<\/tr>\n<tr data-v-eb8300fa=\"\">\n<td class=\"bod\" rowspan=\"4\" width=\"12%\" data-v-eb8300fa=\"\"><span>T\u1ed5ng quan<\/span><\/td>\n<td class=\"bod\" width=\"16%\" data-v-eb8300fa=\"\"><span>Ph\u1ea7n m\u1ec1m m\u00e1y kh\u00e1ch<\/span><\/td>\n<td width=\"72%\" data-v-eb8300fa=\"\"><span>MVS ho\u1eb7c cu\u1ed9c h\u1ecdp ph\u1ea7n m\u1ec1m c\u1ee7a b\u00ean th\u1ee9 ba v\u1edbi Giao th\u1ee9c GigE Vision<\/span><\/td>\n<\/tr>\n<tr data-v-eb8300fa=\"\">\n<td class=\"bod\" width=\"16%\" data-v-eb8300fa=\"\"><span>H\u1ec7 \u0111i\u1ec1u h\u00e0nh<\/span><\/td>\n<td width=\"72%\" data-v-eb8300fa=\"\"><span>32\/64-bit Windows XP \/ 7\/10, 32\/64-bit Linux v\u00e0 64-bit MacOS<\/span><\/td>\n<\/tr>\n<tr data-v-eb8300fa=\"\">\n<td class=\"bod\" width=\"16%\" data-v-eb8300fa=\"\"><span>Kh\u1ea3 n\u0103ng t\u01b0\u01a1ng th\u00edch<\/span><\/td>\n<td width=\"72%\" data-v-eb8300fa=\"\"><span>GigE Vision V2.0, GenlCam<\/span><\/td>\n<\/tr>\n<tr data-v-eb8300fa=\"\">\n<td class=\"bod\" width=\"16%\" data-v-eb8300fa=\"\"><span>Ch\u1ee9ng nh\u1eadn<\/span><\/td>\n<td width=\"72%\" data-v-eb8300fa=\"\"><span>CE, FCC, RoHS, KC<\/span><\/td>\n<\/tr>\n<\/tbody>\n<\/table>\n","protected":false},"excerpt":{"rendered":"<p><strong><span>T\u00ednh n\u0103ng ch\u00ednh<\/span><\/strong><\/p>\n<ul class=\" list-paddingleft-2\">\n<li><span class=\"fontstyle0\"><span>Th\u00f4ng qua giao di\u1ec7n GigE v\u00e0 t\u1ed1i \u0111a.\u00a0kho\u1ea3ng c\u00e1ch truy\u1ec1n 100 m\u00e9t kh\u00f4ng c\u00f3 r\u01a1 le.<\/span><\/span><\/li>\n<li><span class=\"fontstyle0\"><span>H\u1ed7 tr\u1ee3 \u0111i\u1ec1u ch\u1ec9nh t\u1ef1 \u0111\u1ed9ng v\u00e0 th\u1ee7 c\u00f4ng \u0111\u1ec3 ki\u1ec3m so\u00e1t \u0111\u1ed9 ph\u01a1i s\u00e1ng, \u0111i\u1ec1u ch\u1ec9nh LUT, Gamma, v.v.<\/span><\/span><\/li>\n<li><span class=\"fontstyle0\"><span>B\u1ed9 nh\u1edb c\u1ee5c b\u1ed9 l\u00ean \u0111\u1ebfn 128 MB \u0111\u1ec3 truy\u1ec1n li\u00ean t\u1ee5c.<\/span><\/span><\/li>\n<li><span class=\"fontstyle0\"><span>H\u1ed7 tr\u1ee3 k\u00edch ho\u1ea1t ph\u1ea7n c\u1ee9ng, k\u00edch ho\u1ea1t ph\u1ea7n m\u1ec1m, v.v.<\/span><\/span><\/li>\n<li><span class=\"fontstyle0\"><span>T\u01b0\u01a1ng th\u00edch v\u1edbi Giao th\u1ee9c GigE Vision V2.0, Ti\u00eau chu\u1ea9n GenlCam v\u00e0 ph\u1ea7n m\u1ec1m c\u1ee7a b\u00ean th\u1ee9 ba d\u1ef1a tr\u00ean giao th\u1ee9c v\u00e0 ti\u00eau chu\u1ea9n.<\/span><\/span><\/li>\n<\/ul>\n<p><strong><span>M\u1eabu c\u00f3 s\u1eb5n<\/span><\/strong><\/p>\n<p><span class=\"fontstyle0\"><span>MVGL-AC072-313GGM<\/span><\/span><\/p>\n<p><strong><span>K\u00edch th\u01b0\u1edbc\u00a0<\/span><\/strong><\/p>\n<p><strong><img decoding=\"async\" title=\"1573643804972072952.png\" src=\"https:\/\/www.hikrobotics.com\/en2\/ueditor\/image\/20191113\/1573643804972072952.png\" alt=\"image.png\" \/><\/strong><\/p>\n<p><span>* D\u1eef li\u1ec7u \u1edf \u0111\u00e2y c\u00f3 th\u1ec3 thay \u0111\u1ed5i t\u00f9y theo m\u00f4i tr\u01b0\u1eddng, \u0111\u1ed1i t\u01b0\u1ee3ng v\u00e0 c\u00e1c y\u1ebfu t\u1ed1 kh\u00e1c nhau, v\u00e0 HIKROBOT s\u1ebd kh\u00f4ng ch\u1ecbu c\u00e1c h\u1eadu qu\u1ea3 ph\u00e1t sinh t\u1eeb \u0111\u00f3.<\/span><\/p>\n","protected":false},"featured_media":508,"comment_status":"open","ping_status":"closed","template":"","meta":[],"product_cat":[123,68],"product_tag":[27,55],"yoast_head":"<!-- This site is optimized with the Yoast SEO plugin v20.1 - https:\/\/yoast.com\/wordpress\/plugins\/seo\/ -->\n<title>MVGL-AC072-313GGM - hikrobotics<\/title>\n<meta name=\"robots\" content=\"index, follow, max-snippet:-1, max-image-preview:large, max-video-preview:-1\" \/>\n<link rel=\"canonical\" href=\"https:\/\/hikrobotics.vn\/?product=mvgl-ac072-313ggm\" \/>\n<meta property=\"og:locale\" content=\"vi_VN\" \/>\n<meta property=\"og:type\" content=\"article\" \/>\n<meta property=\"og:title\" content=\"MVGL-AC072-313GGM - hikrobotics\" \/>\n<meta property=\"og:description\" content=\"T\u00ednh n\u0103ng ch\u00ednh  Th\u00f4ng qua giao di\u1ec7n GigE v\u00e0 t\u1ed1i \u0111a.\u00a0kho\u1ea3ng c\u00e1ch truy\u1ec1n 100 m\u00e9t kh\u00f4ng c\u00f3 r\u01a1 le.  H\u1ed7 tr\u1ee3 \u0111i\u1ec1u ch\u1ec9nh t\u1ef1 \u0111\u1ed9ng v\u00e0 th\u1ee7 c\u00f4ng \u0111\u1ec3 ki\u1ec3m so\u00e1t \u0111\u1ed9 ph\u01a1i s\u00e1ng, \u0111i\u1ec1u ch\u1ec9nh LUT, Gamma, v.v.  B\u1ed9 nh\u1edb c\u1ee5c b\u1ed9 l\u00ean \u0111\u1ebfn 128 MB \u0111\u1ec3 truy\u1ec1n li\u00ean t\u1ee5c.  H\u1ed7 tr\u1ee3 k\u00edch ho\u1ea1t ph\u1ea7n c\u1ee9ng, k\u00edch ho\u1ea1t ph\u1ea7n m\u1ec1m, v.v.  T\u01b0\u01a1ng th\u00edch v\u1edbi Giao th\u1ee9c GigE Vision V2.0, Ti\u00eau chu\u1ea9n GenlCam v\u00e0 ph\u1ea7n m\u1ec1m c\u1ee7a b\u00ean th\u1ee9 ba d\u1ef1a tr\u00ean giao th\u1ee9c v\u00e0 ti\u00eau chu\u1ea9n. M\u1eabu c\u00f3 s\u1eb5n MVGL-AC072-313GGM K\u00edch th\u01b0\u1edbc\u00a0  * D\u1eef li\u1ec7u \u1edf \u0111\u00e2y c\u00f3 th\u1ec3 thay \u0111\u1ed5i t\u00f9y theo m\u00f4i tr\u01b0\u1eddng, \u0111\u1ed1i t\u01b0\u1ee3ng v\u00e0 c\u00e1c y\u1ebfu t\u1ed1 kh\u00e1c nhau, v\u00e0 HIKROBOT s\u1ebd kh\u00f4ng ch\u1ecbu c\u00e1c h\u1eadu qu\u1ea3 ph\u00e1t sinh t\u1eeb \u0111\u00f3.\" \/>\n<meta property=\"og:url\" content=\"https:\/\/hikrobotics.vn\/?product=mvgl-ac072-313ggm\" \/>\n<meta property=\"og:site_name\" content=\"hikrobotics\" \/>\n<meta property=\"article:publisher\" content=\"https:\/\/www.facebook.com\/hikroboticsvn\" \/>\n<meta property=\"og:image\" content=\"https:\/\/hikrobotics.vn\/wp-content\/uploads\/2022\/01\/20210113033201511.png\" \/>\n\t<meta property=\"og:image:width\" content=\"360\" \/>\n\t<meta property=\"og:image:height\" content=\"360\" \/>\n\t<meta property=\"og:image:type\" content=\"image\/png\" \/>\n<meta name=\"twitter:card\" content=\"summary_large_image\" \/>\n<meta name=\"twitter:label1\" content=\"\u01af\u1edbc t\u00ednh th\u1eddi gian \u0111\u1ecdc\" \/>\n\t<meta name=\"twitter:data1\" content=\"2 ph\u00fat\" \/>\n<script type=\"application\/ld+json\" class=\"yoast-schema-graph\">{\"@context\":\"https:\/\/schema.org\",\"@graph\":[{\"@type\":\"WebPage\",\"@id\":\"https:\/\/hikrobotics.vn\/?product=mvgl-ac072-313ggm\",\"url\":\"https:\/\/hikrobotics.vn\/?product=mvgl-ac072-313ggm\",\"name\":\"MVGL-AC072-313GGM - hikrobotics\",\"isPartOf\":{\"@id\":\"https:\/\/hikrobotics.vn\/#website\"},\"datePublished\":\"2022-01-15T01:41:17+00:00\",\"dateModified\":\"2022-01-15T01:41:17+00:00\",\"breadcrumb\":{\"@id\":\"https:\/\/hikrobotics.vn\/?product=mvgl-ac072-313ggm#breadcrumb\"},\"inLanguage\":\"vi\",\"potentialAction\":[{\"@type\":\"ReadAction\",\"target\":[\"https:\/\/hikrobotics.vn\/?product=mvgl-ac072-313ggm\"]}]},{\"@type\":\"BreadcrumbList\",\"@id\":\"https:\/\/hikrobotics.vn\/?product=mvgl-ac072-313ggm#breadcrumb\",\"itemListElement\":[{\"@type\":\"ListItem\",\"position\":1,\"name\":\"Trang ch\u1ee7\",\"item\":\"https:\/\/hikrobotics.vn\/\"},{\"@type\":\"ListItem\",\"position\":2,\"name\":\"S\u1ea3n ph\u1ea9m\",\"item\":\"https:\/\/hikrobotics.vn\/?post_type=product\"},{\"@type\":\"ListItem\",\"position\":3,\"name\":\"MVGL-AC072-313GGM\"}]},{\"@type\":\"WebSite\",\"@id\":\"https:\/\/hikrobotics.vn\/#website\",\"url\":\"https:\/\/hikrobotics.vn\/\",\"name\":\"hikrobotics\",\"description\":\"S\u1ef1 h\u00e0i l\u00f2ng c\u1ee7a qu\u00fd kh\u00e1ch l\u00e0 th\u00e0nh c\u00f4ng c\u1ee7a ch\u00fang t\u00f4i\",\"publisher\":{\"@id\":\"https:\/\/hikrobotics.vn\/#organization\"},\"potentialAction\":[{\"@type\":\"SearchAction\",\"target\":{\"@type\":\"EntryPoint\",\"urlTemplate\":\"https:\/\/hikrobotics.vn\/?s={search_term_string}\"},\"query-input\":\"required name=search_term_string\"}],\"inLanguage\":\"vi\"},{\"@type\":\"Organization\",\"@id\":\"https:\/\/hikrobotics.vn\/#organization\",\"name\":\"hikrobotics\",\"url\":\"https:\/\/hikrobotics.vn\/\",\"logo\":{\"@type\":\"ImageObject\",\"inLanguage\":\"vi\",\"@id\":\"https:\/\/hikrobotics.vn\/#\/schema\/logo\/image\/\",\"url\":\"http:\/\/hikrobotics.vn\/wp-content\/uploads\/2023\/02\/logo.png\",\"contentUrl\":\"http:\/\/hikrobotics.vn\/wp-content\/uploads\/2023\/02\/logo.png\",\"width\":3366,\"height\":1063,\"caption\":\"hikrobotics\"},\"image\":{\"@id\":\"https:\/\/hikrobotics.vn\/#\/schema\/logo\/image\/\"},\"sameAs\":[\"https:\/\/www.facebook.com\/hikroboticsvn\"]}]}<\/script>\n<!-- \/ Yoast SEO plugin. -->","yoast_head_json":{"title":"MVGL-AC072-313GGM - hikrobotics","robots":{"index":"index","follow":"follow","max-snippet":"max-snippet:-1","max-image-preview":"max-image-preview:large","max-video-preview":"max-video-preview:-1"},"canonical":"https:\/\/hikrobotics.vn\/?product=mvgl-ac072-313ggm","og_locale":"vi_VN","og_type":"article","og_title":"MVGL-AC072-313GGM - hikrobotics","og_description":"T\u00ednh n\u0103ng ch\u00ednh  Th\u00f4ng qua giao di\u1ec7n GigE v\u00e0 t\u1ed1i \u0111a.\u00a0kho\u1ea3ng c\u00e1ch truy\u1ec1n 100 m\u00e9t kh\u00f4ng c\u00f3 r\u01a1 le.  H\u1ed7 tr\u1ee3 \u0111i\u1ec1u ch\u1ec9nh t\u1ef1 \u0111\u1ed9ng v\u00e0 th\u1ee7 c\u00f4ng \u0111\u1ec3 ki\u1ec3m so\u00e1t \u0111\u1ed9 ph\u01a1i s\u00e1ng, \u0111i\u1ec1u ch\u1ec9nh LUT, Gamma, v.v.  B\u1ed9 nh\u1edb c\u1ee5c b\u1ed9 l\u00ean \u0111\u1ebfn 128 MB \u0111\u1ec3 truy\u1ec1n li\u00ean t\u1ee5c.  H\u1ed7 tr\u1ee3 k\u00edch ho\u1ea1t ph\u1ea7n c\u1ee9ng, k\u00edch ho\u1ea1t ph\u1ea7n m\u1ec1m, v.v.  T\u01b0\u01a1ng th\u00edch v\u1edbi Giao th\u1ee9c GigE Vision V2.0, Ti\u00eau chu\u1ea9n GenlCam v\u00e0 ph\u1ea7n m\u1ec1m c\u1ee7a b\u00ean th\u1ee9 ba d\u1ef1a tr\u00ean giao th\u1ee9c v\u00e0 ti\u00eau chu\u1ea9n. M\u1eabu c\u00f3 s\u1eb5n MVGL-AC072-313GGM K\u00edch th\u01b0\u1edbc\u00a0  * D\u1eef li\u1ec7u \u1edf \u0111\u00e2y c\u00f3 th\u1ec3 thay \u0111\u1ed5i t\u00f9y theo m\u00f4i tr\u01b0\u1eddng, \u0111\u1ed1i t\u01b0\u1ee3ng v\u00e0 c\u00e1c y\u1ebfu t\u1ed1 kh\u00e1c nhau, v\u00e0 HIKROBOT s\u1ebd kh\u00f4ng ch\u1ecbu c\u00e1c h\u1eadu qu\u1ea3 ph\u00e1t sinh t\u1eeb \u0111\u00f3.","og_url":"https:\/\/hikrobotics.vn\/?product=mvgl-ac072-313ggm","og_site_name":"hikrobotics","article_publisher":"https:\/\/www.facebook.com\/hikroboticsvn","og_image":[{"width":360,"height":360,"url":"https:\/\/hikrobotics.vn\/wp-content\/uploads\/2022\/01\/20210113033201511.png","type":"image\/png"}],"twitter_card":"summary_large_image","twitter_misc":{"\u01af\u1edbc t\u00ednh th\u1eddi gian \u0111\u1ecdc":"2 ph\u00fat"},"schema":{"@context":"https:\/\/schema.org","@graph":[{"@type":"WebPage","@id":"https:\/\/hikrobotics.vn\/?product=mvgl-ac072-313ggm","url":"https:\/\/hikrobotics.vn\/?product=mvgl-ac072-313ggm","name":"MVGL-AC072-313GGM - hikrobotics","isPartOf":{"@id":"https:\/\/hikrobotics.vn\/#website"},"datePublished":"2022-01-15T01:41:17+00:00","dateModified":"2022-01-15T01:41:17+00:00","breadcrumb":{"@id":"https:\/\/hikrobotics.vn\/?product=mvgl-ac072-313ggm#breadcrumb"},"inLanguage":"vi","potentialAction":[{"@type":"ReadAction","target":["https:\/\/hikrobotics.vn\/?product=mvgl-ac072-313ggm"]}]},{"@type":"BreadcrumbList","@id":"https:\/\/hikrobotics.vn\/?product=mvgl-ac072-313ggm#breadcrumb","itemListElement":[{"@type":"ListItem","position":1,"name":"Trang ch\u1ee7","item":"https:\/\/hikrobotics.vn\/"},{"@type":"ListItem","position":2,"name":"S\u1ea3n ph\u1ea9m","item":"https:\/\/hikrobotics.vn\/?post_type=product"},{"@type":"ListItem","position":3,"name":"MVGL-AC072-313GGM"}]},{"@type":"WebSite","@id":"https:\/\/hikrobotics.vn\/#website","url":"https:\/\/hikrobotics.vn\/","name":"hikrobotics","description":"S\u1ef1 h\u00e0i l\u00f2ng c\u1ee7a qu\u00fd kh\u00e1ch l\u00e0 th\u00e0nh c\u00f4ng c\u1ee7a ch\u00fang t\u00f4i","publisher":{"@id":"https:\/\/hikrobotics.vn\/#organization"},"potentialAction":[{"@type":"SearchAction","target":{"@type":"EntryPoint","urlTemplate":"https:\/\/hikrobotics.vn\/?s={search_term_string}"},"query-input":"required name=search_term_string"}],"inLanguage":"vi"},{"@type":"Organization","@id":"https:\/\/hikrobotics.vn\/#organization","name":"hikrobotics","url":"https:\/\/hikrobotics.vn\/","logo":{"@type":"ImageObject","inLanguage":"vi","@id":"https:\/\/hikrobotics.vn\/#\/schema\/logo\/image\/","url":"http:\/\/hikrobotics.vn\/wp-content\/uploads\/2023\/02\/logo.png","contentUrl":"http:\/\/hikrobotics.vn\/wp-content\/uploads\/2023\/02\/logo.png","width":3366,"height":1063,"caption":"hikrobotics"},"image":{"@id":"https:\/\/hikrobotics.vn\/#\/schema\/logo\/image\/"},"sameAs":["https:\/\/www.facebook.com\/hikroboticsvn"]}]}},"_links":{"self":[{"href":"https:\/\/hikrobotics.vn\/index.php?rest_route=\/wp\/v2\/product\/506"}],"collection":[{"href":"https:\/\/hikrobotics.vn\/index.php?rest_route=\/wp\/v2\/product"}],"about":[{"href":"https:\/\/hikrobotics.vn\/index.php?rest_route=\/wp\/v2\/types\/product"}],"replies":[{"embeddable":true,"href":"https:\/\/hikrobotics.vn\/index.php?rest_route=%2Fwp%2Fv2%2Fcomments&post=506"}],"wp:featuredmedia":[{"embeddable":true,"href":"https:\/\/hikrobotics.vn\/index.php?rest_route=\/wp\/v2\/media\/508"}],"wp:attachment":[{"href":"https:\/\/hikrobotics.vn\/index.php?rest_route=%2Fwp%2Fv2%2Fmedia&parent=506"}],"wp:term":[{"taxonomy":"product_cat","embeddable":true,"href":"https:\/\/hikrobotics.vn\/index.php?rest_route=%2Fwp%2Fv2%2Fproduct_cat&post=506"},{"taxonomy":"product_tag","embeddable":true,"href":"https:\/\/hikrobotics.vn\/index.php?rest_route=%2Fwp%2Fv2%2Fproduct_tag&post=506"}],"curies":[{"name":"wp","href":"https:\/\/api.w.org\/{rel}","templated":true}]}}