{"id":503,"date":"2022-01-14T09:57:24","date_gmt":"2022-01-14T09:57:24","guid":{"rendered":"hikrobotics.vn?post_type=product&amp;p=503"},"modified":"2022-01-14T09:57:24","modified_gmt":"2022-01-14T09:57:24","slug":"mv-ch050-10cm","status":"publish","type":"product","link":"https:\/\/hikrobotics.vn\/?product=mv-ch050-10cm","title":{"rendered":"MV-CH050-10CM"},"content":{"rendered":"<div class=\"main-container\" data-v-c57e67b0=\"\">\n<div class=\"content-wrap\" data-v-6fc09a35=\"\" data-v-c57e67b0=\"\">\n<div class=\"display-wrap\" data-v-6fc09a35=\"\">\n<article data-v-6fc09a35=\"\">\n<div class=\"detail-mian-wrap\" data-v-eb8300fa=\"\" data-v-6fc09a35=\"\">\n<div class=\"table-wrap\" data-v-eb8300fa=\"\">\n<table class=\"table-style\" cellspacing=\"0\" cellpadding=\"0\" data-v-eb8300fa=\"\">\n<tbody>\n<tr data-v-eb8300fa=\"\">\n<td class=\"bod\" rowspan=\"2\" width=\"12%\" data-v-eb8300fa=\"\">M\u00f4 h\u00ecnh<\/td>\n<td class=\"bod\" width=\"16%\" data-v-eb8300fa=\"\">M\u00f4 h\u00ecnh<\/td>\n<td width=\"72%\" data-v-eb8300fa=\"\">MV-CH050-10CM<\/td>\n<\/tr>\n<tr data-v-eb8300fa=\"\">\n<td class=\"bod\" width=\"16%\" data-v-eb8300fa=\"\">Lo\u1ea1i<\/td>\n<td width=\"72%\" data-v-eb8300fa=\"\">M\u00e1y \u1ea3nh qu\u00e9t v\u00f9ng li\u00ean k\u1ebft m\u00e1y \u1ea3nh 5 MP 2\/3 &#8220;CMOS<\/td>\n<\/tr>\n<tr data-v-eb8300fa=\"\">\n<td class=\"bod\" rowspan=\"20\" width=\"12%\" data-v-eb8300fa=\"\">M\u00e1y \u1ea3nh<\/td>\n<td class=\"bod\" width=\"16%\" data-v-eb8300fa=\"\">Lo\u1ea1i c\u1ea3m bi\u1ebfn<\/td>\n<td width=\"72%\" data-v-eb8300fa=\"\">CMOS, m\u00e0n tr\u1eadp to\u00e0n c\u1ea7u<\/td>\n<\/tr>\n<tr data-v-eb8300fa=\"\">\n<td class=\"bod\" width=\"16%\" data-v-eb8300fa=\"\">c\u1ea3m bi\u1ebfn<\/td>\n<td width=\"72%\" data-v-eb8300fa=\"\">IMX250<\/td>\n<\/tr>\n<tr data-v-eb8300fa=\"\">\n<td class=\"bod\" width=\"16%\" data-v-eb8300fa=\"\">K\u00edch th\u01b0\u1edbc pixel<\/td>\n<td width=\"72%\" data-v-eb8300fa=\"\">3,45 \u03bcm \u00d7 3,45 \u03bcm<\/td>\n<\/tr>\n<tr data-v-eb8300fa=\"\">\n<td class=\"bod\" width=\"16%\" data-v-eb8300fa=\"\">K\u00edch th\u01b0\u1edbc c\u1ea3m bi\u1ebfn<\/td>\n<td width=\"72%\" data-v-eb8300fa=\"\">2\/3 &#8220;<\/td>\n<\/tr>\n<tr data-v-eb8300fa=\"\">\n<td class=\"bod\" width=\"16%\" data-v-eb8300fa=\"\">Ngh\u1ecb quy\u1ebft<\/td>\n<td width=\"72%\" data-v-eb8300fa=\"\">2432 \u00d7 2048<\/td>\n<\/tr>\n<tr data-v-eb8300fa=\"\">\n<td class=\"bod\" width=\"16%\" data-v-eb8300fa=\"\">T\u1ed1i \u0111a\u00a0T\u1ef7 l\u1ec7 khung h\u00ecnh<\/td>\n<td width=\"72%\" data-v-eb8300fa=\"\">140 khung h\u00ecnh \/ gi\u00e2y<\/td>\n<\/tr>\n<tr data-v-eb8300fa=\"\">\n<td class=\"bod\" width=\"16%\" data-v-eb8300fa=\"\">Ch\u1ebf \u0111\u1ed9 c\u1ea5u h\u00ecnh<\/td>\n<td width=\"72%\" data-v-eb8300fa=\"\">C\u01a1 s\u1edf, Trung b\u00ecnh, \u0110\u1ea7y \u0111\u1ee7, 80-bit<\/td>\n<\/tr>\n<tr data-v-eb8300fa=\"\">\n<td class=\"bod\" width=\"16%\" data-v-eb8300fa=\"\">Nh\u1ea5n v\u00e0o h\u00ecnh h\u1ecdc<\/td>\n<td width=\"72%\" data-v-eb8300fa=\"\">1X2_1Y, 1X4_1Y, 1X8_1Y, 1X10_1Y<\/td>\n<\/tr>\n<tr data-v-eb8300fa=\"\">\n<td class=\"bod\" width=\"16%\" data-v-eb8300fa=\"\">Nh\u1ea5n v\u00e0o s\u1ed1<\/td>\n<td width=\"72%\" data-v-eb8300fa=\"\">2 v\u00f2i, 4 v\u00f2i, 8 v\u00f2i, 10 v\u00f2i<\/td>\n<\/tr>\n<tr data-v-eb8300fa=\"\">\n<td class=\"bod\" width=\"16%\" data-v-eb8300fa=\"\">\u0110\u1ed3ng h\u1ed3 pixel<\/td>\n<td width=\"72%\" data-v-eb8300fa=\"\">60 MHz, 70 MHz, 85 MHz<\/td>\n<\/tr>\n<tr data-v-eb8300fa=\"\">\n<td class=\"bod\" width=\"16%\" data-v-eb8300fa=\"\">D\u1ea3i \u0111\u1ed9ng<\/td>\n<td width=\"72%\" data-v-eb8300fa=\"\">75,4 dB<\/td>\n<\/tr>\n<tr data-v-eb8300fa=\"\">\n<td class=\"bod\" width=\"16%\" data-v-eb8300fa=\"\">SNR<\/td>\n<td width=\"72%\" data-v-eb8300fa=\"\">40 dB<\/td>\n<\/tr>\n<tr data-v-eb8300fa=\"\">\n<td class=\"bod\" width=\"16%\" data-v-eb8300fa=\"\">L\u1ee3i<\/td>\n<td width=\"72%\" data-v-eb8300fa=\"\">0 dB \u0111\u1ebfn 20 dB<\/td>\n<\/tr>\n<tr data-v-eb8300fa=\"\">\n<td class=\"bod\" width=\"16%\" data-v-eb8300fa=\"\">Th\u1eddi gian ph\u01a1i s\u00e1ng<\/td>\n<td width=\"72%\" data-v-eb8300fa=\"\">15 \u03bcs \u0111\u1ebfn 10 gi\u00e2y<\/td>\n<\/tr>\n<tr data-v-eb8300fa=\"\">\n<td class=\"bod\" width=\"16%\" data-v-eb8300fa=\"\">Ch\u1ebf \u0111\u1ed9 ph\u01a1i s\u00e1ng<\/td>\n<td width=\"72%\" data-v-eb8300fa=\"\">Ch\u1ebf \u0111\u1ed9 ph\u01a1i s\u00e1ng t\u1eaft \/ m\u1ed9t l\u1ea7n \/ li\u00ean t\u1ee5c<\/td>\n<\/tr>\n<tr data-v-eb8300fa=\"\">\n<td class=\"bod\" width=\"16%\" data-v-eb8300fa=\"\">\u0110\u01a1n s\u1eafc \/ M\u00e0u<\/td>\n<td width=\"72%\" data-v-eb8300fa=\"\">B\u1ec7nh t\u0103ng b\u1ea1ch c\u1ea7u \u0111\u01a1n nh\u00e2n<\/td>\n<\/tr>\n<tr data-v-eb8300fa=\"\">\n<td class=\"bod\" width=\"16%\" data-v-eb8300fa=\"\">\u0110\u1ecbnh d\u1ea1ng pixel<\/td>\n<td width=\"72%\" data-v-eb8300fa=\"\">Mono 8\/10\/12<\/td>\n<\/tr>\n<tr data-v-eb8300fa=\"\">\n<td class=\"bod\" width=\"16%\" data-v-eb8300fa=\"\">Th\u00f9ng r\u00e1c<\/td>\n<td width=\"72%\" data-v-eb8300fa=\"\">H\u1ed7 tr\u1ee3 1 \u00d7 1, 1 \u00d7 2, 1 \u00d7 4, 2 \u00d7 1, 2 \u00d7 2,<br \/>\n2 \u00d7 4, 4 \u00d7 1, 4 \u00d7 2, 4 \u00d7 4<\/td>\n<\/tr>\n<tr data-v-eb8300fa=\"\">\n<td class=\"bod\" width=\"16%\" data-v-eb8300fa=\"\">S\u1ef1 suy t\u00e0n<\/td>\n<td width=\"72%\" data-v-eb8300fa=\"\">Kh\u00f4ng h\u1ed7 tr\u1ee3<\/td>\n<\/tr>\n<tr data-v-eb8300fa=\"\">\n<td class=\"bod\" width=\"16%\" data-v-eb8300fa=\"\">H\u00ecnh \u1ea3nh \u0111\u1ea3o ng\u01b0\u1ee3c<\/td>\n<td width=\"72%\" data-v-eb8300fa=\"\">H\u1ed7 tr\u1ee3 \u0111\u1ea7u ra h\u00ecnh \u1ea3nh \u0111\u1ea3o ng\u01b0\u1ee3c ngang v\u00e0 d\u1ecdc<\/td>\n<\/tr>\n<tr data-v-eb8300fa=\"\">\n<td class=\"bod\" rowspan=\"4\" width=\"12%\" data-v-eb8300fa=\"\">T\u00ednh n\u0103ng \u0111i\u1ec7n<\/td>\n<td class=\"bod\" width=\"16%\" data-v-eb8300fa=\"\">Giao di\u1ec7n d\u1eef li\u1ec7u<\/td>\n<td width=\"72%\" data-v-eb8300fa=\"\">Li\u00ean k\u1ebft m\u00e1y \u1ea3nh<\/td>\n<\/tr>\n<tr data-v-eb8300fa=\"\">\n<td class=\"bod\" width=\"16%\" data-v-eb8300fa=\"\">I \/ O k\u1ef9 thu\u1eadt s\u1ed1<\/td>\n<td width=\"72%\" data-v-eb8300fa=\"\">\u0110\u1ea7u n\u1ed1i Hirose 6 ch\u00e2n cung c\u1ea5p ngu\u1ed3n v\u00e0 I \/ O, bao g\u1ed3m \u0111\u1ea7u v\u00e0o c\u00e1ch ly quang \u00d7 1 (D\u00f2ng<br \/>\n0), \u0111\u1ea7u ra c\u00e1ch ly quang \u00d7 1 (D\u00f2ng 1), I \/ O kh\u00f4ng c\u00e1ch ly hai chi\u1ec1u \u00d7 1 (D\u00f2ng 2) .<\/td>\n<\/tr>\n<tr data-v-eb8300fa=\"\">\n<td class=\"bod\" width=\"16%\" data-v-eb8300fa=\"\">Ngu\u1ed3n c\u1ea5p<\/td>\n<td width=\"72%\" data-v-eb8300fa=\"\">9 VDC \u0111\u1ebfn 24 VDC<\/td>\n<\/tr>\n<tr data-v-eb8300fa=\"\">\n<td class=\"bod\" width=\"16%\" data-v-eb8300fa=\"\">S\u1ef1 ti\u00eau th\u1ee5 n\u0103ng l\u01b0\u1ee3ng<\/td>\n<td width=\"72%\" data-v-eb8300fa=\"\">Ki\u1ec3u ch\u1eef.\u00a03,25 W @ 12 VDC<\/td>\n<\/tr>\n<tr data-v-eb8300fa=\"\">\n<td class=\"bod\" rowspan=\"6\" width=\"12%\" data-v-eb8300fa=\"\">C\u01a1 kh\u00ed<\/td>\n<td class=\"bod\" width=\"16%\" data-v-eb8300fa=\"\">G\u1eafn \u1ed1ng k\u00ednh<\/td>\n<td width=\"72%\" data-v-eb8300fa=\"\">C-Mount<\/td>\n<\/tr>\n<tr data-v-eb8300fa=\"\">\n<td class=\"bod\" width=\"16%\" data-v-eb8300fa=\"\">K\u00edch th\u01b0\u1edbc<\/td>\n<td width=\"72%\" data-v-eb8300fa=\"\">44 mm \u00d7 29 mm \u00d7 59 mm (1,7 &#8220;\u00d7 1,1&#8221; \u00d7 2,3 &#8220;)<\/td>\n<\/tr>\n<tr data-v-eb8300fa=\"\">\n<td class=\"bod\" width=\"16%\" data-v-eb8300fa=\"\">Tr\u1ecdng l\u01b0\u1ee3ng<\/td>\n<td width=\"72%\" data-v-eb8300fa=\"\">Kho\u1ea3ng\u00a0100 g (0,2 lb.)<\/td>\n<\/tr>\n<tr data-v-eb8300fa=\"\">\n<td class=\"bod\" width=\"16%\" data-v-eb8300fa=\"\">B\u1ea3o v\u1ec7 s\u1ef1 x\u00e2m nh\u1eadp<\/td>\n<td width=\"72%\" data-v-eb8300fa=\"\">IP30 (trong \u0111i\u1ec1u ki\u1ec7n l\u1eafp \u0111\u1eb7t \u1ed1ng k\u00ednh v\u00e0 \u0111i d\u00e2y ch\u00ednh x\u00e1c)<\/td>\n<\/tr>\n<tr data-v-eb8300fa=\"\">\n<td class=\"bod\" width=\"16%\" data-v-eb8300fa=\"\">Nhi\u1ec7t \u0111\u1ed9<\/td>\n<td width=\"72%\" data-v-eb8300fa=\"\">Nhi\u1ec7t \u0111\u1ed9 l\u00e0m vi\u1ec7c: 0 \u00b0 C \u0111\u1ebfn 50 \u00b0 C (32 \u00b0 F \u0111\u1ebfn 122 \u00b0 F)<br \/>\nNhi\u1ec7t \u0111\u1ed9 b\u1ea3o qu\u1ea3n: -30 \u00b0 C \u0111\u1ebfn 70 \u00b0 C (-22 \u00b0 F \u0111\u1ebfn 158 \u00b0 F)<\/td>\n<\/tr>\n<tr data-v-eb8300fa=\"\">\n<td class=\"bod\" width=\"16%\" data-v-eb8300fa=\"\">\u0110\u1ed9 \u1ea9m<\/td>\n<td width=\"72%\" data-v-eb8300fa=\"\">20% \u0111\u1ebfn 80% RH, kh\u00f4ng ng\u01b0ng t\u1ee5<\/td>\n<\/tr>\n<tr data-v-eb8300fa=\"\">\n<td class=\"bod\" rowspan=\"4\" width=\"12%\" data-v-eb8300fa=\"\">T\u1ed5ng quan<\/td>\n<td class=\"bod\" width=\"16%\" data-v-eb8300fa=\"\">Ph\u1ea7n m\u1ec1m m\u00e1y kh\u00e1ch<\/td>\n<td width=\"72%\" data-v-eb8300fa=\"\">MVS ho\u1eb7c cu\u1ed9c h\u1ecdp ph\u1ea7n m\u1ec1m l\u1ea5y khung v\u1edbi Giao th\u1ee9c GenlCam<\/td>\n<\/tr>\n<tr data-v-eb8300fa=\"\">\n<td class=\"bod\" width=\"16%\" data-v-eb8300fa=\"\">H\u1ec7 \u0111i\u1ec1u h\u00e0nh<\/td>\n<td width=\"72%\" data-v-eb8300fa=\"\">Windows XP \/ 7\/10 32\/64-bit<\/td>\n<\/tr>\n<tr data-v-eb8300fa=\"\">\n<td class=\"bod\" width=\"16%\" data-v-eb8300fa=\"\">Kh\u1ea3 n\u0103ng t\u01b0\u01a1ng th\u00edch<\/td>\n<td width=\"72%\" data-v-eb8300fa=\"\">Li\u00ean k\u1ebft m\u00e1y \u1ea3nh V2.0, GenlCam<\/td>\n<\/tr>\n<tr data-v-eb8300fa=\"\">\n<td class=\"bod\" width=\"16%\" data-v-eb8300fa=\"\">Ch\u1ee9ng nh\u1eadn<\/td>\n<td width=\"72%\" data-v-eb8300fa=\"\">CE, FCC, RoHS, KC<\/td>\n<\/tr>\n<\/tbody>\n<\/table>\n<\/div>\n<\/div>\n<\/article>\n<\/div>\n<\/div>\n<\/div>\n","protected":false},"excerpt":{"rendered":"<p><strong>T\u00ednh n\u0103ng ch\u00ednh<\/strong><\/p>\n<ul class=\" list-paddingleft-2\">\n<li>S\u1eed d\u1ee5ng c\u1ea3m bi\u1ebfn CMOS m\u00e0n tr\u1eadp to\u00e0n c\u1ea7u cung c\u1ea5p t\u1ef7 l\u1ec7 t\u00edn hi\u1ec7u tr\u00ean nhi\u1ec5u cao, d\u1ea3i \u0111\u1ed9ng r\u1ed9ng v\u00e0 h\u00ecnh \u1ea3nh ch\u1ea5t l\u01b0\u1ee3ng cao.<\/li>\n<li>\u0110\u1ed9 ph\u00e2n gi\u1ea3i 2432 \u00d7 2048 v\u00e0 k\u00edch th\u01b0\u1edbc \u0111i\u1ec3m \u1ea3nh 3,45 \u03bcm \u00d7 3,45 \u03bcm.<\/li>\n<li>H\u1ed7 tr\u1ee3 c\u00e1c ch\u1ebf \u0111\u1ed9 c\u1ea5u h\u00ecnh C\u01a1 b\u1ea3n, Trung b\u00ecnh, \u0110\u1ea7y \u0111\u1ee7 v\u00e0 80-bit th\u00f4ng qua giao di\u1ec7n Camera Link.<\/li>\n<li>\u00c1p d\u1ee5ng thi\u1ebft k\u1ebf nh\u1ecf g\u1ecdn v\u1edbi c\u00e1c l\u1ed7 l\u1eafp \u0111\u1ec3 l\u1eafp linh ho\u1ea1t.<\/li>\n<\/ul>\n<p><strong>M\u1eabu c\u00f3 s\u1eb5n<\/strong><\/p>\n<p>M\u00e1y \u1ea3nh \u0111\u01a1n s\u1eafc: MV-CH050-10CM<\/p>\n<p><strong>K\u00edch th\u01b0\u1edbc<\/strong><\/p>\n<p><img decoding=\"async\" loading=\"lazy\" title=\"1584440993085099519.png\" src=\"https:\/\/www.hikrobotics.com\/en2\/ueditor\/image\/20200317\/1584440993085099519.png\" alt=\"image.png\" width=\"515\" height=\"202\" \/><\/p>\n<p>* D\u1eef li\u1ec7u \u1edf \u0111\u00e2y c\u00f3 th\u1ec3 thay \u0111\u1ed5i t\u00f9y theo m\u00f4i tr\u01b0\u1eddng, \u0111\u1ed1i t\u01b0\u1ee3ng v\u00e0 c\u00e1c y\u1ebfu t\u1ed1 kh\u00e1c nhau, v\u00e0 HIKROBOT s\u1ebd kh\u00f4ng ch\u1ecbu c\u00e1c h\u1eadu qu\u1ea3 ph\u00e1t sinh t\u1eeb \u0111\u00f3.<\/p>\n","protected":false},"featured_media":505,"comment_status":"open","ping_status":"closed","template":"","meta":[],"product_cat":[112,68],"product_tag":[41,48],"yoast_head":"<!-- This site is optimized with the Yoast SEO plugin v20.1 - https:\/\/yoast.com\/wordpress\/plugins\/seo\/ -->\n<title>MV-CH050-10CM<\/title>\n<meta name=\"robots\" content=\"index, follow, max-snippet:-1, max-image-preview:large, max-video-preview:-1\" \/>\n<link rel=\"canonical\" href=\"https:\/\/hikrobotics.vn\/?product=mv-ch050-10cm\" \/>\n<meta property=\"og:locale\" content=\"vi_VN\" \/>\n<meta property=\"og:type\" content=\"article\" \/>\n<meta property=\"og:title\" content=\"MV-CH050-10CM\" \/>\n<meta property=\"og:description\" content=\"T\u00ednh n\u0103ng ch\u00ednh  S\u1eed d\u1ee5ng c\u1ea3m bi\u1ebfn CMOS m\u00e0n tr\u1eadp to\u00e0n c\u1ea7u cung c\u1ea5p t\u1ef7 l\u1ec7 t\u00edn hi\u1ec7u tr\u00ean nhi\u1ec5u cao, d\u1ea3i \u0111\u1ed9ng r\u1ed9ng v\u00e0 h\u00ecnh \u1ea3nh ch\u1ea5t l\u01b0\u1ee3ng cao.  \u0110\u1ed9 ph\u00e2n gi\u1ea3i 2432 \u00d7 2048 v\u00e0 k\u00edch th\u01b0\u1edbc \u0111i\u1ec3m \u1ea3nh 3,45 \u03bcm \u00d7 3,45 \u03bcm.  H\u1ed7 tr\u1ee3 c\u00e1c ch\u1ebf \u0111\u1ed9 c\u1ea5u h\u00ecnh C\u01a1 b\u1ea3n, Trung b\u00ecnh, \u0110\u1ea7y \u0111\u1ee7 v\u00e0 80-bit th\u00f4ng qua giao di\u1ec7n Camera Link.  \u00c1p d\u1ee5ng thi\u1ebft k\u1ebf nh\u1ecf g\u1ecdn v\u1edbi c\u00e1c l\u1ed7 l\u1eafp \u0111\u1ec3 l\u1eafp linh ho\u1ea1t. M\u1eabu c\u00f3 s\u1eb5n M\u00e1y \u1ea3nh \u0111\u01a1n s\u1eafc: MV-CH050-10CM K\u00edch th\u01b0\u1edbc  * D\u1eef li\u1ec7u \u1edf \u0111\u00e2y c\u00f3 th\u1ec3 thay \u0111\u1ed5i t\u00f9y theo m\u00f4i tr\u01b0\u1eddng, \u0111\u1ed1i t\u01b0\u1ee3ng v\u00e0 c\u00e1c y\u1ebfu t\u1ed1 kh\u00e1c nhau, v\u00e0 HIKROBOT s\u1ebd kh\u00f4ng ch\u1ecbu c\u00e1c h\u1eadu qu\u1ea3 ph\u00e1t sinh t\u1eeb \u0111\u00f3.\" \/>\n<meta property=\"og:url\" content=\"https:\/\/hikrobotics.vn\/?product=mv-ch050-10cm\" \/>\n<meta property=\"og:site_name\" content=\"hikrobotics\" \/>\n<meta property=\"article:publisher\" content=\"https:\/\/www.facebook.com\/hikroboticsvn\" \/>\n<meta property=\"og:image\" content=\"https:\/\/hikrobotics.vn\/wp-content\/uploads\/2022\/01\/20210113055843188.png\" \/>\n\t<meta property=\"og:image:width\" content=\"360\" \/>\n\t<meta property=\"og:image:height\" content=\"360\" \/>\n\t<meta property=\"og:image:type\" content=\"image\/png\" \/>\n<meta name=\"twitter:card\" content=\"summary_large_image\" \/>\n<meta name=\"twitter:label1\" content=\"\u01af\u1edbc t\u00ednh th\u1eddi gian \u0111\u1ecdc\" \/>\n\t<meta name=\"twitter:data1\" content=\"2 ph\u00fat\" \/>\n<script type=\"application\/ld+json\" class=\"yoast-schema-graph\">{\"@context\":\"https:\/\/schema.org\",\"@graph\":[{\"@type\":\"WebPage\",\"@id\":\"https:\/\/hikrobotics.vn\/?product=mv-ch050-10cm\",\"url\":\"https:\/\/hikrobotics.vn\/?product=mv-ch050-10cm\",\"name\":\"MV-CH050-10CM\",\"isPartOf\":{\"@id\":\"https:\/\/hikrobotics.vn\/#website\"},\"datePublished\":\"2022-01-14T09:57:24+00:00\",\"dateModified\":\"2022-01-14T09:57:24+00:00\",\"breadcrumb\":{\"@id\":\"https:\/\/hikrobotics.vn\/?product=mv-ch050-10cm#breadcrumb\"},\"inLanguage\":\"vi\",\"potentialAction\":[{\"@type\":\"ReadAction\",\"target\":[\"https:\/\/hikrobotics.vn\/?product=mv-ch050-10cm\"]}]},{\"@type\":\"BreadcrumbList\",\"@id\":\"https:\/\/hikrobotics.vn\/?product=mv-ch050-10cm#breadcrumb\",\"itemListElement\":[{\"@type\":\"ListItem\",\"position\":1,\"name\":\"Trang ch\u1ee7\",\"item\":\"https:\/\/hikrobotics.vn\/\"},{\"@type\":\"ListItem\",\"position\":2,\"name\":\"S\u1ea3n ph\u1ea9m\",\"item\":\"https:\/\/hikrobotics.vn\/?post_type=product\"},{\"@type\":\"ListItem\",\"position\":3,\"name\":\"MV-CH050-10CM\"}]},{\"@type\":\"WebSite\",\"@id\":\"https:\/\/hikrobotics.vn\/#website\",\"url\":\"https:\/\/hikrobotics.vn\/\",\"name\":\"hikrobotics\",\"description\":\"S\u1ef1 h\u00e0i l\u00f2ng c\u1ee7a qu\u00fd kh\u00e1ch l\u00e0 th\u00e0nh c\u00f4ng c\u1ee7a ch\u00fang t\u00f4i\",\"publisher\":{\"@id\":\"https:\/\/hikrobotics.vn\/#organization\"},\"potentialAction\":[{\"@type\":\"SearchAction\",\"target\":{\"@type\":\"EntryPoint\",\"urlTemplate\":\"https:\/\/hikrobotics.vn\/?s={search_term_string}\"},\"query-input\":\"required name=search_term_string\"}],\"inLanguage\":\"vi\"},{\"@type\":\"Organization\",\"@id\":\"https:\/\/hikrobotics.vn\/#organization\",\"name\":\"hikrobotics\",\"url\":\"https:\/\/hikrobotics.vn\/\",\"logo\":{\"@type\":\"ImageObject\",\"inLanguage\":\"vi\",\"@id\":\"https:\/\/hikrobotics.vn\/#\/schema\/logo\/image\/\",\"url\":\"http:\/\/hikrobotics.vn\/wp-content\/uploads\/2023\/02\/logo.png\",\"contentUrl\":\"http:\/\/hikrobotics.vn\/wp-content\/uploads\/2023\/02\/logo.png\",\"width\":3366,\"height\":1063,\"caption\":\"hikrobotics\"},\"image\":{\"@id\":\"https:\/\/hikrobotics.vn\/#\/schema\/logo\/image\/\"},\"sameAs\":[\"https:\/\/www.facebook.com\/hikroboticsvn\"]}]}<\/script>\n<!-- \/ Yoast SEO plugin. -->","yoast_head_json":{"title":"MV-CH050-10CM","robots":{"index":"index","follow":"follow","max-snippet":"max-snippet:-1","max-image-preview":"max-image-preview:large","max-video-preview":"max-video-preview:-1"},"canonical":"https:\/\/hikrobotics.vn\/?product=mv-ch050-10cm","og_locale":"vi_VN","og_type":"article","og_title":"MV-CH050-10CM","og_description":"T\u00ednh n\u0103ng ch\u00ednh  S\u1eed d\u1ee5ng c\u1ea3m bi\u1ebfn CMOS m\u00e0n tr\u1eadp to\u00e0n c\u1ea7u cung c\u1ea5p t\u1ef7 l\u1ec7 t\u00edn hi\u1ec7u tr\u00ean nhi\u1ec5u cao, d\u1ea3i \u0111\u1ed9ng r\u1ed9ng v\u00e0 h\u00ecnh \u1ea3nh ch\u1ea5t l\u01b0\u1ee3ng cao.  \u0110\u1ed9 ph\u00e2n gi\u1ea3i 2432 \u00d7 2048 v\u00e0 k\u00edch th\u01b0\u1edbc \u0111i\u1ec3m \u1ea3nh 3,45 \u03bcm \u00d7 3,45 \u03bcm.  H\u1ed7 tr\u1ee3 c\u00e1c ch\u1ebf \u0111\u1ed9 c\u1ea5u h\u00ecnh C\u01a1 b\u1ea3n, Trung b\u00ecnh, \u0110\u1ea7y \u0111\u1ee7 v\u00e0 80-bit th\u00f4ng qua giao di\u1ec7n Camera Link.  \u00c1p d\u1ee5ng thi\u1ebft k\u1ebf nh\u1ecf g\u1ecdn v\u1edbi c\u00e1c l\u1ed7 l\u1eafp \u0111\u1ec3 l\u1eafp linh ho\u1ea1t. M\u1eabu c\u00f3 s\u1eb5n M\u00e1y \u1ea3nh \u0111\u01a1n s\u1eafc: MV-CH050-10CM K\u00edch th\u01b0\u1edbc  * D\u1eef li\u1ec7u \u1edf \u0111\u00e2y c\u00f3 th\u1ec3 thay \u0111\u1ed5i t\u00f9y theo m\u00f4i tr\u01b0\u1eddng, \u0111\u1ed1i t\u01b0\u1ee3ng v\u00e0 c\u00e1c y\u1ebfu t\u1ed1 kh\u00e1c nhau, v\u00e0 HIKROBOT s\u1ebd kh\u00f4ng ch\u1ecbu c\u00e1c h\u1eadu qu\u1ea3 ph\u00e1t sinh t\u1eeb \u0111\u00f3.","og_url":"https:\/\/hikrobotics.vn\/?product=mv-ch050-10cm","og_site_name":"hikrobotics","article_publisher":"https:\/\/www.facebook.com\/hikroboticsvn","og_image":[{"width":360,"height":360,"url":"https:\/\/hikrobotics.vn\/wp-content\/uploads\/2022\/01\/20210113055843188.png","type":"image\/png"}],"twitter_card":"summary_large_image","twitter_misc":{"\u01af\u1edbc t\u00ednh th\u1eddi gian \u0111\u1ecdc":"2 ph\u00fat"},"schema":{"@context":"https:\/\/schema.org","@graph":[{"@type":"WebPage","@id":"https:\/\/hikrobotics.vn\/?product=mv-ch050-10cm","url":"https:\/\/hikrobotics.vn\/?product=mv-ch050-10cm","name":"MV-CH050-10CM","isPartOf":{"@id":"https:\/\/hikrobotics.vn\/#website"},"datePublished":"2022-01-14T09:57:24+00:00","dateModified":"2022-01-14T09:57:24+00:00","breadcrumb":{"@id":"https:\/\/hikrobotics.vn\/?product=mv-ch050-10cm#breadcrumb"},"inLanguage":"vi","potentialAction":[{"@type":"ReadAction","target":["https:\/\/hikrobotics.vn\/?product=mv-ch050-10cm"]}]},{"@type":"BreadcrumbList","@id":"https:\/\/hikrobotics.vn\/?product=mv-ch050-10cm#breadcrumb","itemListElement":[{"@type":"ListItem","position":1,"name":"Trang ch\u1ee7","item":"https:\/\/hikrobotics.vn\/"},{"@type":"ListItem","position":2,"name":"S\u1ea3n ph\u1ea9m","item":"https:\/\/hikrobotics.vn\/?post_type=product"},{"@type":"ListItem","position":3,"name":"MV-CH050-10CM"}]},{"@type":"WebSite","@id":"https:\/\/hikrobotics.vn\/#website","url":"https:\/\/hikrobotics.vn\/","name":"hikrobotics","description":"S\u1ef1 h\u00e0i l\u00f2ng c\u1ee7a qu\u00fd kh\u00e1ch l\u00e0 th\u00e0nh c\u00f4ng c\u1ee7a ch\u00fang t\u00f4i","publisher":{"@id":"https:\/\/hikrobotics.vn\/#organization"},"potentialAction":[{"@type":"SearchAction","target":{"@type":"EntryPoint","urlTemplate":"https:\/\/hikrobotics.vn\/?s={search_term_string}"},"query-input":"required name=search_term_string"}],"inLanguage":"vi"},{"@type":"Organization","@id":"https:\/\/hikrobotics.vn\/#organization","name":"hikrobotics","url":"https:\/\/hikrobotics.vn\/","logo":{"@type":"ImageObject","inLanguage":"vi","@id":"https:\/\/hikrobotics.vn\/#\/schema\/logo\/image\/","url":"http:\/\/hikrobotics.vn\/wp-content\/uploads\/2023\/02\/logo.png","contentUrl":"http:\/\/hikrobotics.vn\/wp-content\/uploads\/2023\/02\/logo.png","width":3366,"height":1063,"caption":"hikrobotics"},"image":{"@id":"https:\/\/hikrobotics.vn\/#\/schema\/logo\/image\/"},"sameAs":["https:\/\/www.facebook.com\/hikroboticsvn"]}]}},"_links":{"self":[{"href":"https:\/\/hikrobotics.vn\/index.php?rest_route=\/wp\/v2\/product\/503"}],"collection":[{"href":"https:\/\/hikrobotics.vn\/index.php?rest_route=\/wp\/v2\/product"}],"about":[{"href":"https:\/\/hikrobotics.vn\/index.php?rest_route=\/wp\/v2\/types\/product"}],"replies":[{"embeddable":true,"href":"https:\/\/hikrobotics.vn\/index.php?rest_route=%2Fwp%2Fv2%2Fcomments&post=503"}],"wp:featuredmedia":[{"embeddable":true,"href":"https:\/\/hikrobotics.vn\/index.php?rest_route=\/wp\/v2\/media\/505"}],"wp:attachment":[{"href":"https:\/\/hikrobotics.vn\/index.php?rest_route=%2Fwp%2Fv2%2Fmedia&parent=503"}],"wp:term":[{"taxonomy":"product_cat","embeddable":true,"href":"https:\/\/hikrobotics.vn\/index.php?rest_route=%2Fwp%2Fv2%2Fproduct_cat&post=503"},{"taxonomy":"product_tag","embeddable":true,"href":"https:\/\/hikrobotics.vn\/index.php?rest_route=%2Fwp%2Fv2%2Fproduct_tag&post=503"}],"curies":[{"name":"wp","href":"https:\/\/api.w.org\/{rel}","templated":true}]}}