{"id":457,"date":"2022-01-14T01:11:29","date_gmt":"2022-01-14T01:11:29","guid":{"rendered":"hikrobotics.vn?post_type=product&amp;p=457"},"modified":"2022-01-14T01:11:29","modified_gmt":"2022-01-14T01:11:29","slug":"mv-ca003-20gm","status":"publish","type":"product","link":"https:\/\/hikrobotics.vn\/?product=mv-ca003-20gm","title":{"rendered":"MV-CA003-20GM"},"content":{"rendered":"<div class=\"main-container\" data-v-c57e67b0=\"\">\n<div class=\"content-wrap\" data-v-6fc09a35=\"\" data-v-c57e67b0=\"\">\n<div class=\"display-wrap\" data-v-6fc09a35=\"\">\n<article data-v-6fc09a35=\"\">\n<div class=\"detail-mian-wrap\" data-v-eb8300fa=\"\" data-v-6fc09a35=\"\">\n<div class=\"table-wrap\" data-v-eb8300fa=\"\">\n<table class=\"table-style\" cellspacing=\"0\" cellpadding=\"0\" data-v-eb8300fa=\"\">\n<tbody>\n<tr data-v-eb8300fa=\"\">\n<td class=\"bod\" rowspan=\"2\" width=\"12%\" data-v-eb8300fa=\"\">M\u00f4 h\u00ecnh<\/td>\n<td class=\"bod\" width=\"16%\" data-v-eb8300fa=\"\">M\u00f4 h\u00ecnh<\/td>\n<td width=\"72%\" data-v-eb8300fa=\"\">MV-CA003-20GM<\/td>\n<\/tr>\n<tr data-v-eb8300fa=\"\">\n<td class=\"bod\" width=\"16%\" data-v-eb8300fa=\"\">Lo\u1ea1i<\/td>\n<td width=\"72%\" data-v-eb8300fa=\"\">M\u00e1y \u1ea3nh qu\u00e9t v\u00f9ng GigE 0,3 MP 1\/4 &#8220;CMOS<\/td>\n<\/tr>\n<tr data-v-eb8300fa=\"\">\n<td class=\"bod\" rowspan=\"17\" width=\"12%\" data-v-eb8300fa=\"\">M\u00e1y \u1ea3nh<\/td>\n<td class=\"bod\" width=\"16%\" data-v-eb8300fa=\"\">Lo\u1ea1i c\u1ea3m bi\u1ebfn<\/td>\n<td width=\"72%\" data-v-eb8300fa=\"\">CMOS, m\u00e0n tr\u1eadp to\u00e0n c\u1ea7u<\/td>\n<\/tr>\n<tr data-v-eb8300fa=\"\">\n<td class=\"bod\" width=\"16%\" data-v-eb8300fa=\"\">c\u1ea3m bi\u1ebfn<\/td>\n<td width=\"72%\" data-v-eb8300fa=\"\">PYTHON300<\/td>\n<\/tr>\n<tr data-v-eb8300fa=\"\">\n<td class=\"bod\" width=\"16%\" data-v-eb8300fa=\"\">K\u00edch th\u01b0\u1edbc pixel<\/td>\n<td width=\"72%\" data-v-eb8300fa=\"\">4,8 \u03bcm \u00d7 4,8 \u03bcm<\/td>\n<\/tr>\n<tr data-v-eb8300fa=\"\">\n<td class=\"bod\" width=\"16%\" data-v-eb8300fa=\"\">K\u00edch th\u01b0\u1edbc c\u1ea3m bi\u1ebfn<\/td>\n<td width=\"72%\" data-v-eb8300fa=\"\">1\/4 &#8220;<\/td>\n<\/tr>\n<tr data-v-eb8300fa=\"\">\n<td class=\"bod\" width=\"16%\" data-v-eb8300fa=\"\">Ngh\u1ecb quy\u1ebft<\/td>\n<td width=\"72%\" data-v-eb8300fa=\"\">672 \u00d7 512<\/td>\n<\/tr>\n<tr data-v-eb8300fa=\"\">\n<td class=\"bod\" width=\"16%\" data-v-eb8300fa=\"\">T\u1ed1i \u0111a\u00a0T\u1ef7 l\u1ec7 khung h\u00ecnh<\/td>\n<td width=\"72%\" data-v-eb8300fa=\"\">344 khung h\u00ecnh \/ gi\u00e2y<\/td>\n<\/tr>\n<tr data-v-eb8300fa=\"\">\n<td class=\"bod\" width=\"16%\" data-v-eb8300fa=\"\">D\u1ea3i \u0111\u1ed9ng<\/td>\n<td width=\"72%\" data-v-eb8300fa=\"\">59 dB<\/td>\n<\/tr>\n<tr data-v-eb8300fa=\"\">\n<td class=\"bod\" width=\"16%\" data-v-eb8300fa=\"\">SNR<\/td>\n<td width=\"72%\" data-v-eb8300fa=\"\">39,9 dB<\/td>\n<\/tr>\n<tr data-v-eb8300fa=\"\">\n<td class=\"bod\" width=\"16%\" data-v-eb8300fa=\"\">L\u1ee3i<\/td>\n<td width=\"72%\" data-v-eb8300fa=\"\">0 dB \u0111\u1ebfn 15 dB<\/td>\n<\/tr>\n<tr data-v-eb8300fa=\"\">\n<td class=\"bod\" width=\"16%\" data-v-eb8300fa=\"\">Th\u1eddi gian ph\u01a1i s\u00e1ng<\/td>\n<td width=\"72%\" data-v-eb8300fa=\"\">49 \u03bcs \u0111\u1ebfn 10 s<\/td>\n<\/tr>\n<tr data-v-eb8300fa=\"\">\n<td class=\"bod\" width=\"16%\" data-v-eb8300fa=\"\">Ch\u1ebf \u0111\u1ed9 m\u00e0n tr\u1eadp<\/td>\n<td width=\"72%\" data-v-eb8300fa=\"\">Ch\u1ebf \u0111\u1ed9 ph\u01a1i s\u00e1ng t\u1eaft \/ m\u1ed9t l\u1ea7n \/ li\u00ean t\u1ee5c<\/td>\n<\/tr>\n<tr data-v-eb8300fa=\"\">\n<td class=\"bod\" width=\"16%\" data-v-eb8300fa=\"\">\u0110\u01a1n s\u1eafc \/ M\u00e0u<\/td>\n<td width=\"72%\" data-v-eb8300fa=\"\">B\u1ec7nh t\u0103ng b\u1ea1ch c\u1ea7u \u0111\u01a1n nh\u00e2n<\/td>\n<\/tr>\n<tr data-v-eb8300fa=\"\">\n<td class=\"bod\" width=\"16%\" data-v-eb8300fa=\"\">\u0110\u1ecbnh d\u1ea1ng pixel<\/td>\n<td width=\"72%\" data-v-eb8300fa=\"\">\u0110\u01a1n s\u1eafc 8\/10 \/ 10p \/ 12 \/ 12p<\/td>\n<\/tr>\n<tr data-v-eb8300fa=\"\">\n<td class=\"bod\" width=\"16%\" data-v-eb8300fa=\"\">Th\u00f9ng r\u00e1c<\/td>\n<td width=\"72%\" data-v-eb8300fa=\"\">H\u1ed7 tr\u1ee3 1 \u00d7 1, 1 \u00d7 2, 2 \u00d7 1, 1 \u00d7 4, 4 \u00d7 1, 2 \u00d7 2, 2 \u00d7 4, 4 \u00d7 2, 4 \u00d7 4<\/td>\n<\/tr>\n<tr data-v-eb8300fa=\"\">\n<td class=\"bod\" width=\"16%\" data-v-eb8300fa=\"\">S\u1ef1 suy t\u00e0n<\/td>\n<td width=\"72%\" data-v-eb8300fa=\"\">H\u1ed7 tr\u1ee3 1 \u00d7 1, 2 \u00d7 2<\/td>\n<\/tr>\n<tr data-v-eb8300fa=\"\">\n<td class=\"bod\" width=\"16%\" data-v-eb8300fa=\"\">H\u00ecnh \u1ea3nh \u0111\u1ea3o ng\u01b0\u1ee3c<\/td>\n<td width=\"72%\" data-v-eb8300fa=\"\">H\u1ed7 tr\u1ee3 \u0111\u1ea7u ra h\u00ecnh \u1ea3nh \u0111\u1ea3o ng\u01b0\u1ee3c ngang v\u00e0 d\u1ecdc<\/td>\n<\/tr>\n<tr data-v-eb8300fa=\"\">\n<td class=\"bod\" width=\"16%\" data-v-eb8300fa=\"\">B\u1ed9 \u0111\u1ec7m h\u00ecnh \u1ea3nh<\/td>\n<td width=\"72%\" data-v-eb8300fa=\"\">128 MB<\/td>\n<\/tr>\n<tr data-v-eb8300fa=\"\">\n<td class=\"bod\" rowspan=\"4\" width=\"12%\" data-v-eb8300fa=\"\">T\u00ednh n\u0103ng \u0111i\u1ec7n<\/td>\n<td class=\"bod\" width=\"16%\" data-v-eb8300fa=\"\">Giao di\u1ec7n d\u1eef li\u1ec7u<\/td>\n<td width=\"72%\" data-v-eb8300fa=\"\">GigE<\/td>\n<\/tr>\n<tr data-v-eb8300fa=\"\">\n<td class=\"bod\" width=\"16%\" data-v-eb8300fa=\"\">I \/ O k\u1ef9 thu\u1eadt s\u1ed1<\/td>\n<td width=\"72%\" data-v-eb8300fa=\"\">\u0110\u1ea7u n\u1ed1i Hirose 6 ch\u00e2n cung c\u1ea5p ngu\u1ed3n v\u00e0 I \/ O, bao g\u1ed3m \u0111\u1ea7u v\u00e0o c\u00e1ch ly quang \u00d7 1 (D\u00f2ng 0), \u0111\u1ea7u ra c\u00e1ch ly quang \u00d7 1 (D\u00f2ng 1), I \/ O kh\u00f4ng c\u00e1ch ly hai chi\u1ec1u \u00d7 1 (D\u00f2ng 2).<\/td>\n<\/tr>\n<tr data-v-eb8300fa=\"\">\n<td class=\"bod\" width=\"16%\" data-v-eb8300fa=\"\">Ngu\u1ed3n c\u1ea5p<\/td>\n<td width=\"72%\" data-v-eb8300fa=\"\">12 VDC, h\u1ed7 tr\u1ee3 PoE<\/td>\n<\/tr>\n<tr data-v-eb8300fa=\"\">\n<td class=\"bod\" width=\"16%\" data-v-eb8300fa=\"\">S\u1ef1 ti\u00eau th\u1ee5 n\u0103ng l\u01b0\u1ee3ng<\/td>\n<td width=\"72%\" data-v-eb8300fa=\"\">Kho\u1ea3ng\u00a02,6 W @ 12 VDC<\/td>\n<\/tr>\n<tr data-v-eb8300fa=\"\">\n<td class=\"bod\" rowspan=\"6\" width=\"12%\" data-v-eb8300fa=\"\">C\u01a1 kh\u00ed<\/td>\n<td class=\"bod\" width=\"16%\" data-v-eb8300fa=\"\">G\u1eafn \u1ed1ng k\u00ednh<\/td>\n<td width=\"72%\" data-v-eb8300fa=\"\">C-Mount<\/td>\n<\/tr>\n<tr data-v-eb8300fa=\"\">\n<td class=\"bod\" width=\"16%\" data-v-eb8300fa=\"\">K\u00edch th\u01b0\u1edbc<\/td>\n<td width=\"72%\" data-v-eb8300fa=\"\">29 mm \u00d7 29 mm \u00d7 42 mm (1,1 &#8220;\u00d7 1,1&#8221; \u00d7 1,7 &#8220;)<\/td>\n<\/tr>\n<tr data-v-eb8300fa=\"\">\n<td class=\"bod\" width=\"16%\" data-v-eb8300fa=\"\">Tr\u1ecdng l\u01b0\u1ee3ng<\/td>\n<td width=\"72%\" data-v-eb8300fa=\"\">Kho\u1ea3ng\u00a068 g (0,15 lb.)<\/td>\n<\/tr>\n<tr data-v-eb8300fa=\"\">\n<td class=\"bod\" width=\"16%\" data-v-eb8300fa=\"\">B\u1ea3o v\u1ec7 s\u1ef1 x\u00e2m nh\u1eadp<\/td>\n<td width=\"72%\" data-v-eb8300fa=\"\">IP30 (trong \u0111i\u1ec1u ki\u1ec7n l\u1eafp \u0111\u1eb7t \u1ed1ng k\u00ednh v\u00e0 \u0111i d\u00e2y th\u00edch h\u1ee3p)<\/td>\n<\/tr>\n<tr data-v-eb8300fa=\"\">\n<td class=\"bod\" width=\"16%\" data-v-eb8300fa=\"\">Nhi\u1ec7t \u0111\u1ed9<\/td>\n<td width=\"72%\" data-v-eb8300fa=\"\">Nhi\u1ec7t \u0111\u1ed9 l\u00e0m vi\u1ec7c: 0 \u00b0 C \u0111\u1ebfn 50 \u00b0 C (32 \u00b0 F \u0111\u1ebfn 122 \u00b0 F) Nhi\u1ec7t \u0111\u1ed9 b\u1ea3o qu\u1ea3n: -30 \u00b0 C \u0111\u1ebfn 70 \u00b0 C (-22 \u00b0 F \u0111\u1ebfn 158 \u00b0 F)<\/td>\n<\/tr>\n<tr data-v-eb8300fa=\"\">\n<td class=\"bod\" width=\"16%\" data-v-eb8300fa=\"\">\u0110\u1ed9 \u1ea9m<\/td>\n<td width=\"72%\" data-v-eb8300fa=\"\">20% \u0111\u1ebfn 80% kh\u00f4ng ng\u01b0ng t\u1ee5<\/td>\n<\/tr>\n<tr data-v-eb8300fa=\"\">\n<td class=\"bod\" rowspan=\"4\" width=\"12%\" data-v-eb8300fa=\"\">T\u1ed5ng quan<\/td>\n<td class=\"bod\" width=\"16%\" data-v-eb8300fa=\"\">Ph\u1ea7n m\u1ec1m m\u00e1y kh\u00e1ch<\/td>\n<td width=\"72%\" data-v-eb8300fa=\"\">MVS ho\u1eb7c cu\u1ed9c h\u1ecdp ph\u1ea7n m\u1ec1m c\u1ee7a b\u00ean th\u1ee9 ba v\u1edbi Giao th\u1ee9c GigE Vision<\/td>\n<\/tr>\n<tr data-v-eb8300fa=\"\">\n<td class=\"bod\" width=\"16%\" data-v-eb8300fa=\"\">H\u1ec7 \u0111i\u1ec1u h\u00e0nh<\/td>\n<td width=\"72%\" data-v-eb8300fa=\"\">32\/64-bit Windows XP \/ 7\/10, 32\/64-bit Linux v\u00e0 64-bit MacOS<\/td>\n<\/tr>\n<tr data-v-eb8300fa=\"\">\n<td class=\"bod\" width=\"16%\" data-v-eb8300fa=\"\">Kh\u1ea3 n\u0103ng t\u01b0\u01a1ng th\u00edch<\/td>\n<td width=\"72%\" data-v-eb8300fa=\"\">GigE Vision V1.2, GenICam<\/td>\n<\/tr>\n<tr data-v-eb8300fa=\"\">\n<td class=\"bod\" width=\"16%\" data-v-eb8300fa=\"\">Ch\u1ee9ng nh\u1eadn<\/td>\n<td width=\"72%\" data-v-eb8300fa=\"\">CE, FCC, RoHS, KC<\/td>\n<\/tr>\n<\/tbody>\n<\/table>\n<\/div>\n<\/div>\n<\/article>\n<\/div>\n<div class=\"pop-inner-open\" data-v-4593edda=\"\" data-v-6fc09a35=\"\">\n<div class=\"bot\" data-v-4593edda=\"\"><\/div>\n<\/div>\n<\/div>\n<\/div>\n","protected":false},"excerpt":{"rendered":"<p><strong><span>T\u00ednh n\u0103ng ch\u00ednh<\/span><\/strong><\/p>\n<ul class=\" list-paddingleft-2\">\n<li><span>Giao di\u1ec7n Gigabit Ethernet cung c\u1ea5p b\u0103ng th\u00f4ng 1Gbps;\u00a0Kho\u1ea3ng c\u00e1ch truy\u1ec1n c\u00f3 th\u1ec3 l\u00e0 100m m\u00e0 kh\u00f4ng c\u1ea7n ti\u1ebfp s\u00f3ng<\/span><\/li>\n<li><span>B\u1ed9 \u0111\u1ec7m tr\u00ean bo m\u1ea1ch 128MB, \u0111\u1ec3 truy\u1ec1n v\u00e0 truy\u1ec1n l\u1ea1i ch\u00f9m \u1ea3nh<\/span><\/li>\n<li><span>H\u1ed7 tr\u1ee3 \u0111i\u1ec1u khi\u1ec3n ph\u01a1i s\u00e1ng t\u1ef1 \u0111\u1ed9ng, hi\u1ec7u ch\u1ec9nh LUT v\u00e0 Gamma<\/span><\/li>\n<li><span>M\u00e1y \u1ea3nh c\u00f3 th\u1ec3 \u0111\u01b0\u1ee3c \u0111\u1ed3ng b\u1ed9 h\u00f3a v\u1edbi tr\u00ecnh k\u00edch ho\u1ea1t c\u1ee9ng v\u00e0 k\u00edch ho\u1ea1t m\u1ec1m<\/span><\/li>\n<li><span>C\u00e1c ch\u1ebf \u0111\u1ed9 ph\u01a1i s\u00e1ng kh\u00e1c nhau c\u00f3 th\u1ec3 \u0111\u01b0\u1ee3c s\u1eed d\u1ee5ng \u0111\u1ec3 ch\u1ee5p \u1ea3nh<\/span><\/li>\n<li><span>Nh\u00fang thu\u1eadt to\u00e1n n\u1ed9i suy m\u00e0u \u0111\u1eb7c bi\u1ec7t gi\u00fap t\u00e1i t\u1ea1o hi\u1ec7u su\u1ea5t m\u00e0u t\u1ed1t h\u01a1n v\u00e0 h\u1ed7 tr\u1ee3 ch\u1ee9c n\u0103ng c\u00e2n b\u1eb1ng tr\u1eafng t\u1ef1 \u0111\u1ed9ng<\/span><\/li>\n<li><span>T\u01b0\u01a1ng th\u00edch v\u1edbi cu\u1ed9c h\u1ecdp ph\u1ea7n m\u1ec1m c\u1ee7a b\u00ean th\u1ee9 ba v\u1edbi Giao th\u1ee9c GigE Vision<\/span><\/li>\n<\/ul>\n<p><strong><span>M\u1eabu c\u00f3 s\u1eb5n<\/span><\/strong><\/p>\n<p><span>Mono: MV-CA003-20GM<\/span><\/p>\n<p><strong><span>K\u00edch th\u01b0\u1edbc<\/span><\/strong><\/p>\n<p><img decoding=\"async\" loading=\"lazy\" title=\"1571818855580047157.png\" src=\"https:\/\/www.hikrobotics.com\/en2\/ueditor\/image\/20191023\/1571818855580047157.png\" alt=\"image.png\" width=\"667\" height=\"221\" \/><\/p>\n<p><span>* D\u1eef li\u1ec7u \u1edf \u0111\u00e2y c\u00f3 th\u1ec3 thay \u0111\u1ed5i t\u00f9y theo m\u00f4i tr\u01b0\u1eddng, \u0111\u1ed1i t\u01b0\u1ee3ng v\u00e0 c\u00e1c y\u1ebfu t\u1ed1 kh\u00e1c nhau, v\u00e0 HIKROBOT s\u1ebd kh\u00f4ng ch\u1ecbu c\u00e1c h\u1eadu qu\u1ea3 ph\u00e1t sinh t\u1eeb \u0111\u00f3.\u00a0<\/span><\/p>\n","protected":false},"featured_media":454,"comment_status":"open","ping_status":"closed","template":"","meta":[],"product_cat":[108,68],"product_tag":[26,55],"yoast_head":"<!-- This site is optimized with the Yoast SEO plugin v20.1 - https:\/\/yoast.com\/wordpress\/plugins\/seo\/ -->\n<title>MV-CA003-20GM<\/title>\n<meta name=\"robots\" content=\"index, follow, max-snippet:-1, max-image-preview:large, max-video-preview:-1\" \/>\n<link rel=\"canonical\" href=\"https:\/\/hikrobotics.vn\/?product=mv-ca003-20gm\" \/>\n<meta property=\"og:locale\" content=\"vi_VN\" \/>\n<meta property=\"og:type\" content=\"article\" \/>\n<meta property=\"og:title\" content=\"MV-CA003-20GM\" \/>\n<meta property=\"og:description\" content=\"T\u00ednh n\u0103ng ch\u00ednh  Giao di\u1ec7n Gigabit Ethernet cung c\u1ea5p b\u0103ng th\u00f4ng 1Gbps;\u00a0Kho\u1ea3ng c\u00e1ch truy\u1ec1n c\u00f3 th\u1ec3 l\u00e0 100m m\u00e0 kh\u00f4ng c\u1ea7n ti\u1ebfp s\u00f3ng  B\u1ed9 \u0111\u1ec7m tr\u00ean bo m\u1ea1ch 128MB, \u0111\u1ec3 truy\u1ec1n v\u00e0 truy\u1ec1n l\u1ea1i ch\u00f9m \u1ea3nh  H\u1ed7 tr\u1ee3 \u0111i\u1ec1u khi\u1ec3n ph\u01a1i s\u00e1ng t\u1ef1 \u0111\u1ed9ng, hi\u1ec7u ch\u1ec9nh LUT v\u00e0 Gamma  M\u00e1y \u1ea3nh c\u00f3 th\u1ec3 \u0111\u01b0\u1ee3c \u0111\u1ed3ng b\u1ed9 h\u00f3a v\u1edbi tr\u00ecnh k\u00edch ho\u1ea1t c\u1ee9ng v\u00e0 k\u00edch ho\u1ea1t m\u1ec1m  C\u00e1c ch\u1ebf \u0111\u1ed9 ph\u01a1i s\u00e1ng kh\u00e1c nhau c\u00f3 th\u1ec3 \u0111\u01b0\u1ee3c s\u1eed d\u1ee5ng \u0111\u1ec3 ch\u1ee5p \u1ea3nh  Nh\u00fang thu\u1eadt to\u00e1n n\u1ed9i suy m\u00e0u \u0111\u1eb7c bi\u1ec7t gi\u00fap t\u00e1i t\u1ea1o hi\u1ec7u su\u1ea5t m\u00e0u t\u1ed1t h\u01a1n v\u00e0 h\u1ed7 tr\u1ee3 ch\u1ee9c n\u0103ng c\u00e2n b\u1eb1ng tr\u1eafng t\u1ef1 \u0111\u1ed9ng  T\u01b0\u01a1ng th\u00edch v\u1edbi cu\u1ed9c h\u1ecdp ph\u1ea7n m\u1ec1m c\u1ee7a b\u00ean th\u1ee9 ba v\u1edbi Giao th\u1ee9c GigE Vision M\u1eabu c\u00f3 s\u1eb5n Mono: MV-CA003-20GM K\u00edch th\u01b0\u1edbc  * D\u1eef li\u1ec7u \u1edf \u0111\u00e2y c\u00f3 th\u1ec3 thay \u0111\u1ed5i t\u00f9y theo m\u00f4i tr\u01b0\u1eddng, \u0111\u1ed1i t\u01b0\u1ee3ng v\u00e0 c\u00e1c y\u1ebfu t\u1ed1 kh\u00e1c nhau, v\u00e0 HIKROBOT s\u1ebd kh\u00f4ng ch\u1ecbu c\u00e1c h\u1eadu qu\u1ea3 ph\u00e1t sinh t\u1eeb \u0111\u00f3.\u00a0\" \/>\n<meta property=\"og:url\" content=\"https:\/\/hikrobotics.vn\/?product=mv-ca003-20gm\" \/>\n<meta property=\"og:site_name\" content=\"hikrobotics\" \/>\n<meta property=\"article:publisher\" content=\"https:\/\/www.facebook.com\/hikroboticsvn\" \/>\n<meta property=\"og:image\" content=\"https:\/\/hikrobotics.vn\/wp-content\/uploads\/2021\/01\/machine-vision.png\" \/>\n\t<meta property=\"og:image:width\" content=\"360\" \/>\n\t<meta property=\"og:image:height\" content=\"360\" \/>\n\t<meta property=\"og:image:type\" content=\"image\/png\" \/>\n<meta name=\"twitter:card\" content=\"summary_large_image\" \/>\n<meta name=\"twitter:label1\" content=\"\u01af\u1edbc t\u00ednh th\u1eddi gian \u0111\u1ecdc\" \/>\n\t<meta name=\"twitter:data1\" content=\"2 ph\u00fat\" \/>\n<script type=\"application\/ld+json\" class=\"yoast-schema-graph\">{\"@context\":\"https:\/\/schema.org\",\"@graph\":[{\"@type\":\"WebPage\",\"@id\":\"https:\/\/hikrobotics.vn\/?product=mv-ca003-20gm\",\"url\":\"https:\/\/hikrobotics.vn\/?product=mv-ca003-20gm\",\"name\":\"MV-CA003-20GM\",\"isPartOf\":{\"@id\":\"https:\/\/hikrobotics.vn\/#website\"},\"datePublished\":\"2022-01-14T01:11:29+00:00\",\"dateModified\":\"2022-01-14T01:11:29+00:00\",\"breadcrumb\":{\"@id\":\"https:\/\/hikrobotics.vn\/?product=mv-ca003-20gm#breadcrumb\"},\"inLanguage\":\"vi\",\"potentialAction\":[{\"@type\":\"ReadAction\",\"target\":[\"https:\/\/hikrobotics.vn\/?product=mv-ca003-20gm\"]}]},{\"@type\":\"BreadcrumbList\",\"@id\":\"https:\/\/hikrobotics.vn\/?product=mv-ca003-20gm#breadcrumb\",\"itemListElement\":[{\"@type\":\"ListItem\",\"position\":1,\"name\":\"Trang ch\u1ee7\",\"item\":\"https:\/\/hikrobotics.vn\/\"},{\"@type\":\"ListItem\",\"position\":2,\"name\":\"S\u1ea3n ph\u1ea9m\",\"item\":\"https:\/\/hikrobotics.vn\/?post_type=product\"},{\"@type\":\"ListItem\",\"position\":3,\"name\":\"MV-CA003-20GM\"}]},{\"@type\":\"WebSite\",\"@id\":\"https:\/\/hikrobotics.vn\/#website\",\"url\":\"https:\/\/hikrobotics.vn\/\",\"name\":\"hikrobotics\",\"description\":\"S\u1ef1 h\u00e0i l\u00f2ng c\u1ee7a qu\u00fd kh\u00e1ch l\u00e0 th\u00e0nh c\u00f4ng c\u1ee7a ch\u00fang t\u00f4i\",\"publisher\":{\"@id\":\"https:\/\/hikrobotics.vn\/#organization\"},\"potentialAction\":[{\"@type\":\"SearchAction\",\"target\":{\"@type\":\"EntryPoint\",\"urlTemplate\":\"https:\/\/hikrobotics.vn\/?s={search_term_string}\"},\"query-input\":\"required name=search_term_string\"}],\"inLanguage\":\"vi\"},{\"@type\":\"Organization\",\"@id\":\"https:\/\/hikrobotics.vn\/#organization\",\"name\":\"hikrobotics\",\"url\":\"https:\/\/hikrobotics.vn\/\",\"logo\":{\"@type\":\"ImageObject\",\"inLanguage\":\"vi\",\"@id\":\"https:\/\/hikrobotics.vn\/#\/schema\/logo\/image\/\",\"url\":\"http:\/\/hikrobotics.vn\/wp-content\/uploads\/2023\/02\/logo.png\",\"contentUrl\":\"http:\/\/hikrobotics.vn\/wp-content\/uploads\/2023\/02\/logo.png\",\"width\":3366,\"height\":1063,\"caption\":\"hikrobotics\"},\"image\":{\"@id\":\"https:\/\/hikrobotics.vn\/#\/schema\/logo\/image\/\"},\"sameAs\":[\"https:\/\/www.facebook.com\/hikroboticsvn\"]}]}<\/script>\n<!-- \/ Yoast SEO plugin. -->","yoast_head_json":{"title":"MV-CA003-20GM","robots":{"index":"index","follow":"follow","max-snippet":"max-snippet:-1","max-image-preview":"max-image-preview:large","max-video-preview":"max-video-preview:-1"},"canonical":"https:\/\/hikrobotics.vn\/?product=mv-ca003-20gm","og_locale":"vi_VN","og_type":"article","og_title":"MV-CA003-20GM","og_description":"T\u00ednh n\u0103ng ch\u00ednh  Giao di\u1ec7n Gigabit Ethernet cung c\u1ea5p b\u0103ng th\u00f4ng 1Gbps;\u00a0Kho\u1ea3ng c\u00e1ch truy\u1ec1n c\u00f3 th\u1ec3 l\u00e0 100m m\u00e0 kh\u00f4ng c\u1ea7n ti\u1ebfp s\u00f3ng  B\u1ed9 \u0111\u1ec7m tr\u00ean bo m\u1ea1ch 128MB, \u0111\u1ec3 truy\u1ec1n v\u00e0 truy\u1ec1n l\u1ea1i ch\u00f9m \u1ea3nh  H\u1ed7 tr\u1ee3 \u0111i\u1ec1u khi\u1ec3n ph\u01a1i s\u00e1ng t\u1ef1 \u0111\u1ed9ng, hi\u1ec7u ch\u1ec9nh LUT v\u00e0 Gamma  M\u00e1y \u1ea3nh c\u00f3 th\u1ec3 \u0111\u01b0\u1ee3c \u0111\u1ed3ng b\u1ed9 h\u00f3a v\u1edbi tr\u00ecnh k\u00edch ho\u1ea1t c\u1ee9ng v\u00e0 k\u00edch ho\u1ea1t m\u1ec1m  C\u00e1c ch\u1ebf \u0111\u1ed9 ph\u01a1i s\u00e1ng kh\u00e1c nhau c\u00f3 th\u1ec3 \u0111\u01b0\u1ee3c s\u1eed d\u1ee5ng \u0111\u1ec3 ch\u1ee5p \u1ea3nh  Nh\u00fang thu\u1eadt to\u00e1n n\u1ed9i suy m\u00e0u \u0111\u1eb7c bi\u1ec7t gi\u00fap t\u00e1i t\u1ea1o hi\u1ec7u su\u1ea5t m\u00e0u t\u1ed1t h\u01a1n v\u00e0 h\u1ed7 tr\u1ee3 ch\u1ee9c n\u0103ng c\u00e2n b\u1eb1ng tr\u1eafng t\u1ef1 \u0111\u1ed9ng  T\u01b0\u01a1ng th\u00edch v\u1edbi cu\u1ed9c h\u1ecdp ph\u1ea7n m\u1ec1m c\u1ee7a b\u00ean th\u1ee9 ba v\u1edbi Giao th\u1ee9c GigE Vision M\u1eabu c\u00f3 s\u1eb5n Mono: MV-CA003-20GM K\u00edch th\u01b0\u1edbc  * D\u1eef li\u1ec7u \u1edf \u0111\u00e2y c\u00f3 th\u1ec3 thay \u0111\u1ed5i t\u00f9y theo m\u00f4i tr\u01b0\u1eddng, \u0111\u1ed1i t\u01b0\u1ee3ng v\u00e0 c\u00e1c y\u1ebfu t\u1ed1 kh\u00e1c nhau, v\u00e0 HIKROBOT s\u1ebd kh\u00f4ng ch\u1ecbu c\u00e1c h\u1eadu qu\u1ea3 ph\u00e1t sinh t\u1eeb \u0111\u00f3.\u00a0","og_url":"https:\/\/hikrobotics.vn\/?product=mv-ca003-20gm","og_site_name":"hikrobotics","article_publisher":"https:\/\/www.facebook.com\/hikroboticsvn","og_image":[{"width":360,"height":360,"url":"https:\/\/hikrobotics.vn\/wp-content\/uploads\/2021\/01\/machine-vision.png","type":"image\/png"}],"twitter_card":"summary_large_image","twitter_misc":{"\u01af\u1edbc t\u00ednh th\u1eddi gian \u0111\u1ecdc":"2 ph\u00fat"},"schema":{"@context":"https:\/\/schema.org","@graph":[{"@type":"WebPage","@id":"https:\/\/hikrobotics.vn\/?product=mv-ca003-20gm","url":"https:\/\/hikrobotics.vn\/?product=mv-ca003-20gm","name":"MV-CA003-20GM","isPartOf":{"@id":"https:\/\/hikrobotics.vn\/#website"},"datePublished":"2022-01-14T01:11:29+00:00","dateModified":"2022-01-14T01:11:29+00:00","breadcrumb":{"@id":"https:\/\/hikrobotics.vn\/?product=mv-ca003-20gm#breadcrumb"},"inLanguage":"vi","potentialAction":[{"@type":"ReadAction","target":["https:\/\/hikrobotics.vn\/?product=mv-ca003-20gm"]}]},{"@type":"BreadcrumbList","@id":"https:\/\/hikrobotics.vn\/?product=mv-ca003-20gm#breadcrumb","itemListElement":[{"@type":"ListItem","position":1,"name":"Trang ch\u1ee7","item":"https:\/\/hikrobotics.vn\/"},{"@type":"ListItem","position":2,"name":"S\u1ea3n ph\u1ea9m","item":"https:\/\/hikrobotics.vn\/?post_type=product"},{"@type":"ListItem","position":3,"name":"MV-CA003-20GM"}]},{"@type":"WebSite","@id":"https:\/\/hikrobotics.vn\/#website","url":"https:\/\/hikrobotics.vn\/","name":"hikrobotics","description":"S\u1ef1 h\u00e0i l\u00f2ng c\u1ee7a qu\u00fd kh\u00e1ch l\u00e0 th\u00e0nh c\u00f4ng c\u1ee7a ch\u00fang t\u00f4i","publisher":{"@id":"https:\/\/hikrobotics.vn\/#organization"},"potentialAction":[{"@type":"SearchAction","target":{"@type":"EntryPoint","urlTemplate":"https:\/\/hikrobotics.vn\/?s={search_term_string}"},"query-input":"required name=search_term_string"}],"inLanguage":"vi"},{"@type":"Organization","@id":"https:\/\/hikrobotics.vn\/#organization","name":"hikrobotics","url":"https:\/\/hikrobotics.vn\/","logo":{"@type":"ImageObject","inLanguage":"vi","@id":"https:\/\/hikrobotics.vn\/#\/schema\/logo\/image\/","url":"http:\/\/hikrobotics.vn\/wp-content\/uploads\/2023\/02\/logo.png","contentUrl":"http:\/\/hikrobotics.vn\/wp-content\/uploads\/2023\/02\/logo.png","width":3366,"height":1063,"caption":"hikrobotics"},"image":{"@id":"https:\/\/hikrobotics.vn\/#\/schema\/logo\/image\/"},"sameAs":["https:\/\/www.facebook.com\/hikroboticsvn"]}]}},"_links":{"self":[{"href":"https:\/\/hikrobotics.vn\/index.php?rest_route=\/wp\/v2\/product\/457"}],"collection":[{"href":"https:\/\/hikrobotics.vn\/index.php?rest_route=\/wp\/v2\/product"}],"about":[{"href":"https:\/\/hikrobotics.vn\/index.php?rest_route=\/wp\/v2\/types\/product"}],"replies":[{"embeddable":true,"href":"https:\/\/hikrobotics.vn\/index.php?rest_route=%2Fwp%2Fv2%2Fcomments&post=457"}],"wp:featuredmedia":[{"embeddable":true,"href":"https:\/\/hikrobotics.vn\/index.php?rest_route=\/wp\/v2\/media\/454"}],"wp:attachment":[{"href":"https:\/\/hikrobotics.vn\/index.php?rest_route=%2Fwp%2Fv2%2Fmedia&parent=457"}],"wp:term":[{"taxonomy":"product_cat","embeddable":true,"href":"https:\/\/hikrobotics.vn\/index.php?rest_route=%2Fwp%2Fv2%2Fproduct_cat&post=457"},{"taxonomy":"product_tag","embeddable":true,"href":"https:\/\/hikrobotics.vn\/index.php?rest_route=%2Fwp%2Fv2%2Fproduct_tag&post=457"}],"curies":[{"name":"wp","href":"https:\/\/api.w.org\/{rel}","templated":true}]}}