{"id":63,"date":"2015-11-20T13:46:21","date_gmt":"2015-11-20T13:46:21","guid":{"rendered":"http:\/\/flatsome.dev\/?page_id=3288"},"modified":"2023-03-09T01:58:43","modified_gmt":"2023-03-09T01:58:43","slug":"trang-chu","status":"publish","type":"page","link":"https:\/\/hikrobotics.vn\/","title":{"rendered":"Trang ch\u1ee7"},"content":{"rendered":"\n\t<section class=\"section dark\" id=\"section_227834441\">\n\t\t<div class=\"bg section-bg fill bg-fill  \" >\n\n\t\t\t\n\t\t\t\n\t\t\t\n\n\t\t<\/div>\n\n\t\t\n\n\t\t<div class=\"section-content relative\">\n\t\t\t\n\n<div class=\"row row-collapse align-equal align-right\"  id=\"row-449078735\">\n\n\n\t<div id=\"col-523983504\" class=\"col medium-6 small-10 large-5\"  >\n\t\t\t\t<div class=\"col-inner text-center\" style=\"background-color:#446084;\" >\n\t\t\t\n\t\t\t\n\n<h1 class=\"alt-font\" style=\"text-align: center;\">Wellcome<\/h1>\n<h2 class=\"uppercase\" style=\"text-align: center;\"><strong>HIkrobot vn<\/strong><\/h2>\n<h4>&nbsp;Nh\u00e0 ph\u00e2n ph\u1ed1i c\u00e1c s\u1ea3n ph\u1ea9m Robot mobile v\u00e0 Machine Vision.<\/h4>\n<a href=\"https:\/\/hikrobotics.vn\/?page_id=311\" target=\"_self\" class=\"button alert\"  >\n  <i class=\"icon-shopping-cart\" aria-hidden=\"true\" ><\/i>  <span>Xem ngay<\/span>\n  <\/a>\n\n\n\n\t\t<\/div>\n\t\t\t\t\t<\/div>\n\n\t\n\n\n<style>\n#row-449078735 > .col > .col-inner {\n  padding: 100px 40px 100px 40px;\n  border-radius: 53px;\n}\n@media (min-width:550px) {\n  #row-449078735 > .col > .col-inner {\n    padding: 120px 40px 120px 40px;\n  }\n}\n@media (min-width:850px) {\n  #row-449078735 > .col > .col-inner {\n    padding: 140px 40px 140px 40px;\n  }\n}\n<\/style>\n<\/div>\n\n\t\t<\/div>\n\n\t\t\n<style>\n#section_227834441 {\n  padding-top: 0px;\n  padding-bottom: 0px;\n}\n#section_227834441 .section-bg.bg-loaded {\n  background-image: url(https:\/\/hikrobotics.vn\/wp-content\/uploads\/2022\/01\/hikrobot-1.jpg);\n}\n#section_227834441 .section-bg {\n  background-position: 50% 43%;\n}\n#section_227834441 .ux-shape-divider--top svg {\n  height: 150px;\n  --divider-top-width: 100%;\n}\n#section_227834441 .ux-shape-divider--bottom svg {\n  height: 150px;\n  --divider-width: 100%;\n}\n<\/style>\n\t<\/section>\n\t\n\t<section class=\"section\" id=\"section_781809451\">\n\t\t<div class=\"bg section-bg fill bg-fill  bg-loaded\" >\n\n\t\t\t\n\t\t\t\n\t\t\t\n\n\t\t<\/div>\n\n\t\t\n\n\t\t<div class=\"section-content relative\">\n\t\t\t\n\n\t<div id=\"gap-1210435826\" class=\"gap-element clearfix\" style=\"display:block; height:auto;\">\n\t\t\n<style>\n#gap-1210435826 {\n  padding-top: 30px;\n}\n<\/style>\n\t<\/div>\n\t\n\n\n\t\t<\/div>\n\n\t\t\n<style>\n#section_781809451 {\n  padding-top: 0px;\n  padding-bottom: 0px;\n  margin-bottom: 0px;\n  background-color: #273647;\n}\n#section_781809451 .ux-shape-divider--top svg {\n  height: 150px;\n  --divider-top-width: 100%;\n}\n#section_781809451 .ux-shape-divider--bottom svg {\n  height: 150px;\n  --divider-width: 100%;\n}\n@media (min-width:550px) {\n  #section_781809451 {\n    padding-top: 0px;\n    padding-bottom: 0px;\n  }\n}\n<\/style>\n\t<\/section>\n\t\n\t<section class=\"section\" id=\"section_2101274118\">\n\t\t<div class=\"bg section-bg fill bg-fill  bg-loaded\" >\n\n\t\t\t\n\t\t\t\n\t\t\t\n\n\t\t<\/div>\n\n\t\t\n\n\t\t<div class=\"section-content relative\">\n\t\t\t\n\n<div class=\"row align-middle\"  id=\"row-1153364438\">\n\n\n\t<div id=\"col-1291387280\" class=\"col medium-12 small-12 large-6\"  >\n\t\t\t\t<div class=\"col-inner\"  >\n\t\t\t\n\t\t\t\n\n\t<div id=\"gap-342807889\" class=\"gap-element clearfix hide-for-small\" style=\"display:block; height:auto;\">\n\t\t\n<style>\n#gap-342807889 {\n  padding-top: 10px;\n}\n@media (min-width:850px) {\n  #gap-342807889 {\n    padding-top: 30px;\n  }\n}\n<\/style>\n\t<\/div>\n\t\n\n\t<div class=\"img has-hover circle hide-for-small x md-x lg-x y md-y lg-y\" id=\"image_1749276059\">\n\t\t<a class=\"image-lightbox lightbox-gallery\" title=\"\" href=\"https:\/\/hikrobotics.vn\/wp-content\/uploads\/2022\/01\/hikrobot-4.png\">\t\t\t\t\t\t<div class=\"img-inner dark\" style=\"margin:0px 0px 0px 0px;\">\n\t\t\t<img width=\"1552\" height=\"537\" src=\"https:\/\/hikrobotics.vn\/wp-content\/uploads\/2022\/01\/hikrobot-4.png\" class=\"attachment-2048x2048 size-2048x2048\" alt=\"\" decoding=\"async\" loading=\"lazy\" \/>\t\t\t\t\t\t\n\t\t\t\t\t<\/div>\n\t\t\t\t\t\t<\/a>\t\t\n<style>\n#image_1749276059 {\n  width: 100%;\n}\n@media (min-width:550px) {\n  #image_1749276059 {\n    width: 78%;\n  }\n}\n@media (min-width:850px) {\n  #image_1749276059 {\n    width: 100%;\n  }\n}\n<\/style>\n\t<\/div>\n\t\n\n\n\t\t<\/div>\n\t\t\t\t\t<\/div>\n\n\t\n\n\t<div id=\"col-240062768\" class=\"col medium-12 small-12 large-6 medium-col-first\"  >\n\t\t\t\t<div class=\"col-inner\"  >\n\t\t\t\n\t\t\t\n\n\t<div id=\"text-975411514\" class=\"text\">\n\t\t\n\n<h2 class=\"title\" style=\"text-align: center;\">MACHINE VISION<\/h2>\n\t\t\n<style>\n#text-975411514 {\n  font-size: 1.75rem;\n  line-height: 1.5;\n}\n@media (min-width:550px) {\n  #text-975411514 {\n    font-size: 2rem;\n  }\n}\n<\/style>\n\t<\/div>\n\t\n\t<div id=\"text-769776161\" class=\"text\">\n\t\t\n\n<div class=\"product-list-wrap vision\" data-v-23ae56b7=\"\">\n<div class=\"product-list-wrap robot\" data-v-23ae56b7=\"\">\n<div class=\"info\" data-v-23ae56b7=\"\">\n<div class=\"product-list-wrap vision\" data-v-23ae56b7=\"\">\n<div class=\"info\" data-v-23ae56b7=\"\">V\u1edbi nh\u1eefng n\u1ed7 l\u1ef1c trong \u1ee9ng d\u1ee5ng c\u1ea3m bi\u1ebfn th\u1ecb gi\u00e1c c\u00f4ng nghi\u1ec7p v\u00e0 c\u00f4ng ngh\u1ec7 ph\u1ea7n c\u1ee9ng, Hikrobot cung c\u1ea5p cho kh\u00e1ch h\u00e0ng c\u00e1c s\u1ea3n ph\u1ea9m Machine Vision h\u00e0ng \u0111\u1ea7u bao g\u1ed3m: <strong> Area Scan Camera, Line Scan Camera, Smart Camera, Smart Code Reader, 3D Camera, Vision Box, Vision Components, Lens<\/strong> v\u00e0 c\u00e1c ph\u1ee5 ki\u1ec7n li\u00ean quan.<\/div>\n<\/div>\n<div data-v-23ae56b7=\"\">&nbsp;<\/div>\n<\/div>\n<\/div>\n<\/div>\n\t\t\n<style>\n#text-769776161 {\n  font-size: 1rem;\n  line-height: 2;\n  text-align: left;\n}\n<\/style>\n\t<\/div>\n\t\n\t<div id=\"stack-1928006918\" class=\"stack stack-row justify-start items-stretch\">\n\t\t\n\n<div class=\"row row-collapse row-full-width\"  id=\"row-899000046\">\n\n\n\t<div id=\"col-178772038\" class=\"col medium-4 large-4\"  >\n\t\t\t\t<div class=\"col-inner\"  >\n\t\t\t\n\t\t\t\n\n\n\t\t<\/div>\n\t\t\t\t\t<\/div>\n\n\t\n\n\t<div id=\"col-2138958347\" class=\"col medium-4 large-4\"  >\n\t\t\t\t<div class=\"col-inner\"  >\n\t\t\t\n\t\t\t\n\n<a href=\"https:\/\/hikrobotics.vn\/?page_id=311\" target=\"_self\" class=\"button secondary is-outline box-shadow-5 expand\"  style=\"border-radius:13px;padding:17px 30px 17px 30px;\">\n    <span>Xem th\u00eam<\/span>\n  <\/a>\n\n\n\n\t\t<\/div>\n\t\t\t\t\t<\/div>\n\n\t\n\n\t<div id=\"col-2107629290\" class=\"col medium-4 large-4\"  >\n\t\t\t\t<div class=\"col-inner\"  >\n\t\t\t\n\t\t\t\n\n\n\t\t<\/div>\n\t\t\t\t\t<\/div>\n\n\t\n\n<\/div>\n\n\t\t\n<style>\n#stack-1928006918 > * {\n  --stack-gap: 0rem;\n}\n<\/style>\n\t<\/div>\n\t\n\n\t\t<\/div>\n\t\t\t\t\t<\/div>\n\n\t\n\n<\/div>\n\n\t\t<\/div>\n\n\t\t\n<style>\n#section_2101274118 {\n  padding-top: 20px;\n  padding-bottom: 20px;\n  background-color: rgb(212, 236, 242);\n}\n#section_2101274118 .ux-shape-divider--top svg {\n  height: 150px;\n  --divider-top-width: 100%;\n}\n#section_2101274118 .ux-shape-divider--bottom svg {\n  height: 150px;\n  --divider-width: 100%;\n}\n@media (min-width:550px) {\n  #section_2101274118 {\n    padding-top: 50px;\n    padding-bottom: 50px;\n  }\n}\n@media (min-width:850px) {\n  #section_2101274118 {\n    padding-top: 70px;\n    padding-bottom: 70px;\n  }\n}\n<\/style>\n\t<\/section>\n\t\n<div class=\"text-center\"><div class=\"is-divider divider clearfix\" ><\/div><\/div>\n\n\t<section class=\"section\" id=\"section_1945805848\">\n\t\t<div class=\"bg section-bg fill bg-fill  bg-loaded\" >\n\n\t\t\t\n\t\t\t\n\t\t\t\n\n\t\t<\/div>\n\n\t\t\n\n\t\t<div class=\"section-content relative\">\n\t\t\t\n\n<div class=\"row align-middle\"  id=\"row-2125420827\">\n\n\n\t<div id=\"col-161313633\" class=\"col medium-12 small-12 large-6\"  >\n\t\t\t\t<div class=\"col-inner\"  >\n\t\t\t\n\t\t\t\n\n\t<div id=\"gap-510121688\" class=\"gap-element clearfix hide-for-small\" style=\"display:block; height:auto;\">\n\t\t\n<style>\n#gap-510121688 {\n  padding-top: 10px;\n}\n@media (min-width:850px) {\n  #gap-510121688 {\n    padding-top: 30px;\n  }\n}\n<\/style>\n\t<\/div>\n\t\n\n\t<div id=\"text-278100931\" class=\"text\">\n\t\t\n\n<h2 class=\"title\" style=\"text-align: center;\">ROBOT MOBILE<\/h2>\n\t\t\n<style>\n#text-278100931 {\n  font-size: 1.75rem;\n  line-height: 1.5;\n}\n@media (min-width:550px) {\n  #text-278100931 {\n    font-size: 2rem;\n  }\n}\n<\/style>\n\t<\/div>\n\t\n\t<div id=\"text-321821410\" class=\"text\">\n\t\t\n\n<div class=\"product-list-wrap vision\" data-v-23ae56b7=\"\">\n<div class=\"product-list-wrap robot\" data-v-23ae56b7=\"\">\n<div class=\"info\" data-v-23ae56b7=\"\">T\u1eadp trung v\u00e0o robot mobile, Hikrobot \u0111\u00e3 tung ra m\u1ed9t lo\u1ea1t s\u1ea3n ph\u1ea9m Robot di \u0111\u1ed9ng, \u0111\u01b0\u1ee3c \u1ee9ng d\u1ee5ng r\u1ed9ng r\u00e3i trong 3C, s\u1ea3n xu\u1ea5t, h\u1eadu c\u1ea7n th\u01b0\u01a1ng m\u1ea1i \u0111i\u1ec7n t\u1eed v\u00e0 c\u00e1c ng\u00e0nh c\u00f4ng nghi\u1ec7p kh\u00e1c. C\u00e1c gi\u1ea3i ph\u00e1p robot th\u00f4ng minh c\u1ee7a Hikrobot gi\u00fap b\u1ea1n \u0111\u01a1n gi\u1ea3n h\u00f3a lu\u1ed3ng n\u1ed9i b\u1ed9, gi\u1ea3m chi ph\u00ed v\u00e0 c\u1ea3i c\u00e1ch nh\u00e0 m\u00e1y.<\/div>\n<\/div>\n<div class=\"family\" data-v-23ae56b7=\"\">&nbsp;<\/div>\n<\/div>\n<div class=\"product-list-wrap robot\" data-v-23ae56b7=\"\">\n<div class=\"link\" data-v-23ae56b7=\"\">&nbsp;<\/div>\n<\/div>\n\t\t\n<style>\n#text-321821410 {\n  font-size: 1rem;\n  line-height: 2;\n  text-align: left;\n}\n<\/style>\n\t<\/div>\n\t\n\t<div id=\"gap-1882201324\" class=\"gap-element clearfix\" style=\"display:block; height:auto;\">\n\t\t\n<style>\n#gap-1882201324 {\n  padding-top: 10px;\n}\n<\/style>\n\t<\/div>\n\t\n\n\t<div id=\"stack-2161960555\" class=\"stack stack-row justify-start items-stretch\">\n\t\t\n\n<div class=\"row row-collapse row-full-width\"  id=\"row-1214312310\">\n\n\n\t<div id=\"col-1303714570\" class=\"col medium-4 large-4\"  >\n\t\t\t\t<div class=\"col-inner\"  >\n\t\t\t\n\t\t\t\n\n\n\t\t<\/div>\n\t\t\t\t\t<\/div>\n\n\t\n\n\t<div id=\"col-1255713648\" class=\"col medium-4 large-4\"  >\n\t\t\t\t<div class=\"col-inner\"  >\n\t\t\t\n\t\t\t\n\n<a href=\"https:\/\/hikrobotics.vn\/?page_id=369\" target=\"_self\" class=\"button secondary is-outline box-shadow-5 expand\"  style=\"border-radius:13px;padding:17px 30px 17px 30px;\">\n    <span>Xem th\u00eam<\/span>\n  <\/a>\n\n\n\n\t\t<\/div>\n\t\t\t\t\t<\/div>\n\n\t\n\n\t<div id=\"col-1188932729\" class=\"col medium-4 large-4\"  >\n\t\t\t\t<div class=\"col-inner\"  >\n\t\t\t\n\t\t\t\n\n\n\t\t<\/div>\n\t\t\t\t\t<\/div>\n\n\t\n\n<\/div>\n\n\t\t\n<style>\n#stack-2161960555 > * {\n  --stack-gap: 0rem;\n}\n<\/style>\n\t<\/div>\n\t\n\n\t\t<\/div>\n\t\t\t\t\t<\/div>\n\n\t\n\n\t<div id=\"col-232169068\" class=\"col medium-12 small-12 large-6 medium-col-first\"  >\n\t\t\t\t<div class=\"col-inner\"  >\n\t\t\t\n\t\t\t\n\n\t<div class=\"img has-hover circle hide-for-small x md-x lg-x y md-y lg-y\" id=\"image_163037515\">\n\t\t<a class=\"image-lightbox lightbox-gallery\" title=\"\" href=\"https:\/\/hikrobotics.vn\/wp-content\/uploads\/2022\/01\/hikrobot-2.png\">\t\t\t\t\t\t<div class=\"img-inner dark\" style=\"margin:0px 0px 0px 0px;\">\n\t\t\t<img width=\"1544\" height=\"722\" src=\"https:\/\/hikrobotics.vn\/wp-content\/uploads\/2022\/01\/hikrobot-2.png\" class=\"attachment-2048x2048 size-2048x2048\" alt=\"\" decoding=\"async\" loading=\"lazy\" \/>\t\t\t\t\t\t\n\t\t\t\t\t<\/div>\n\t\t\t\t\t\t<\/a>\t\t\n<style>\n#image_163037515 {\n  width: 100%;\n}\n@media (min-width:550px) {\n  #image_163037515 {\n    width: 80%;\n  }\n}\n@media (min-width:850px) {\n  #image_163037515 {\n    width: 100%;\n  }\n}\n<\/style>\n\t<\/div>\n\t\n\n\n\t\t<\/div>\n\t\t\t\t\t<\/div>\n\n\t\n\n<\/div>\n\n\t\t<\/div>\n\n\t\t\n<style>\n#section_1945805848 {\n  padding-top: 20px;\n  padding-bottom: 20px;\n  background-color: rgb(212, 236, 242);\n}\n#section_1945805848 .ux-shape-divider--top svg {\n  height: 150px;\n  --divider-top-width: 100%;\n}\n#section_1945805848 .ux-shape-divider--bottom svg {\n  height: 150px;\n  --divider-width: 100%;\n}\n@media (min-width:550px) {\n  #section_1945805848 {\n    padding-top: 50px;\n    padding-bottom: 50px;\n  }\n}\n@media (min-width:850px) {\n  #section_1945805848 {\n    padding-top: 70px;\n    padding-bottom: 70px;\n  }\n}\n<\/style>\n\t<\/section>\n\t\n","protected":false},"excerpt":{"rendered":"<p>Machine Vision h\u00e0ng \u0111\u1ea7u bao g\u1ed3m: Area Scan Camera, Line Scan Camera, Smart Camera, Smart Code Reader, 3D Camera, Vision Box, Vision Components, Lens v\u00e0 c\u00e1c ph\u1ee5 ki\u1ec7n li\u00ean quan.<\/p>\n","protected":false},"author":2,"featured_media":473,"parent":0,"menu_order":3,"comment_status":"closed","ping_status":"closed","template":"page-blank.php","meta":[],"yoast_head":"<!-- This site is optimized with the Yoast SEO plugin v20.1 - https:\/\/yoast.com\/wordpress\/plugins\/seo\/ -->\n<title>S\u1ef1 h\u00e0i l\u00f2ng c\u1ee7a qu\u00fd kh\u00e1ch l\u00e0 th\u00e0nh c\u00f4ng c\u1ee7a ch\u00fang t\u00f4i - hikrobotics<\/title>\n<meta name=\"description\" content=\"V\u1edbi nh\u1eefng n\u1ed7 l\u1ef1c trong \u1ee9ng d\u1ee5ng c\u1ea3m bi\u1ebfn c\u00f4ng nghi\u1ec7p v\u00e0 c\u00f4ng ngh\u1ec7 ph\u1ea7n c\u1ee9ng, Hikrobot cung c\u1ea5p cho kh\u00e1ch h\u00e0ng c\u00e1c s\u1ea3n ph\u1ea9m Machine Vision h\u00e0ng \u0111\u1ea7u bao g\u1ed3m: Area Scan Camera, Line Scan Camera, Smart Camera, Smart Code Reader, 3D Camera, Vision Box, Vision Components, Lens v\u00e0 c\u00e1c ph\u1ee5 ki\u1ec7n li\u00ean quan.\" \/>\n<meta name=\"robots\" content=\"index, follow, max-snippet:-1, max-image-preview:large, max-video-preview:-1\" \/>\n<link rel=\"canonical\" href=\"https:\/\/hikrobotics.vn\/\" \/>\n<meta property=\"og:locale\" content=\"vi_VN\" \/>\n<meta property=\"og:type\" content=\"article\" \/>\n<meta property=\"og:title\" content=\"S\u1ef1 h\u00e0i l\u00f2ng c\u1ee7a qu\u00fd kh\u00e1ch l\u00e0 th\u00e0nh c\u00f4ng c\u1ee7a ch\u00fang t\u00f4i - hikrobotics\" \/>\n<meta property=\"og:description\" content=\"V\u1edbi nh\u1eefng n\u1ed7 l\u1ef1c trong \u1ee9ng d\u1ee5ng c\u1ea3m bi\u1ebfn c\u00f4ng nghi\u1ec7p v\u00e0 c\u00f4ng ngh\u1ec7 ph\u1ea7n c\u1ee9ng, Hikrobot cung c\u1ea5p cho kh\u00e1ch h\u00e0ng c\u00e1c s\u1ea3n ph\u1ea9m Machine Vision h\u00e0ng \u0111\u1ea7u bao g\u1ed3m: Area Scan Camera, Line Scan Camera, Smart Camera, Smart Code Reader, 3D Camera, Vision Box, Vision Components, Lens v\u00e0 c\u00e1c ph\u1ee5 ki\u1ec7n li\u00ean quan.\" \/>\n<meta property=\"og:url\" content=\"https:\/\/hikrobotics.vn\/\" \/>\n<meta property=\"og:site_name\" content=\"hikrobotics\" \/>\n<meta property=\"article:publisher\" content=\"https:\/\/www.facebook.com\/hikroboticsvn\" \/>\n<meta property=\"article:modified_time\" content=\"2023-03-09T01:58:43+00:00\" \/>\n<meta property=\"og:image\" content=\"https:\/\/hikrobotics.vn\/wp-content\/uploads\/2022\/01\/20210702054359365.png\" \/>\n\t<meta property=\"og:image:width\" content=\"360\" \/>\n\t<meta property=\"og:image:height\" content=\"360\" \/>\n\t<meta property=\"og:image:type\" content=\"image\/png\" \/>\n<meta name=\"twitter:card\" content=\"summary_large_image\" \/>\n<meta name=\"twitter:label1\" content=\"\u01af\u1edbc t\u00ednh th\u1eddi gian \u0111\u1ecdc\" \/>\n\t<meta name=\"twitter:data1\" content=\"2 ph\u00fat\" \/>\n<script type=\"application\/ld+json\" class=\"yoast-schema-graph\">{\"@context\":\"https:\/\/schema.org\",\"@graph\":[{\"@type\":\"WebPage\",\"@id\":\"https:\/\/hikrobotics.vn\/\",\"url\":\"https:\/\/hikrobotics.vn\/\",\"name\":\"S\u1ef1 h\u00e0i l\u00f2ng c\u1ee7a qu\u00fd kh\u00e1ch l\u00e0 th\u00e0nh c\u00f4ng c\u1ee7a ch\u00fang t\u00f4i - hikrobotics\",\"isPartOf\":{\"@id\":\"https:\/\/hikrobotics.vn\/#website\"},\"datePublished\":\"2015-11-20T13:46:21+00:00\",\"dateModified\":\"2023-03-09T01:58:43+00:00\",\"description\":\"V\u1edbi nh\u1eefng n\u1ed7 l\u1ef1c trong \u1ee9ng d\u1ee5ng c\u1ea3m bi\u1ebfn c\u00f4ng nghi\u1ec7p v\u00e0 c\u00f4ng ngh\u1ec7 ph\u1ea7n c\u1ee9ng, Hikrobot cung c\u1ea5p cho kh\u00e1ch h\u00e0ng c\u00e1c s\u1ea3n ph\u1ea9m Machine Vision h\u00e0ng \u0111\u1ea7u bao g\u1ed3m: Area Scan Camera, Line Scan Camera, Smart Camera, Smart Code Reader, 3D Camera, Vision Box, Vision Components, Lens v\u00e0 c\u00e1c ph\u1ee5 ki\u1ec7n li\u00ean quan.\",\"breadcrumb\":{\"@id\":\"https:\/\/hikrobotics.vn\/#breadcrumb\"},\"inLanguage\":\"vi\",\"potentialAction\":[{\"@type\":\"ReadAction\",\"target\":[\"https:\/\/hikrobotics.vn\/\"]}]},{\"@type\":\"BreadcrumbList\",\"@id\":\"https:\/\/hikrobotics.vn\/#breadcrumb\",\"itemListElement\":[{\"@type\":\"ListItem\",\"position\":1,\"name\":\"Trang ch\u1ee7\",\"item\":\"https:\/\/hikrobotics.vn\/\"},{\"@type\":\"ListItem\",\"position\":2,\"name\":\"Trang ch\u1ee7\"}]},{\"@type\":\"WebSite\",\"@id\":\"https:\/\/hikrobotics.vn\/#website\",\"url\":\"https:\/\/hikrobotics.vn\/\",\"name\":\"hikrobotics\",\"description\":\"S\u1ef1 h\u00e0i l\u00f2ng c\u1ee7a qu\u00fd kh\u00e1ch l\u00e0 th\u00e0nh c\u00f4ng c\u1ee7a ch\u00fang t\u00f4i\",\"publisher\":{\"@id\":\"https:\/\/hikrobotics.vn\/#organization\"},\"potentialAction\":[{\"@type\":\"SearchAction\",\"target\":{\"@type\":\"EntryPoint\",\"urlTemplate\":\"https:\/\/hikrobotics.vn\/?s={search_term_string}\"},\"query-input\":\"required name=search_term_string\"}],\"inLanguage\":\"vi\"},{\"@type\":\"Organization\",\"@id\":\"https:\/\/hikrobotics.vn\/#organization\",\"name\":\"hikrobotics\",\"url\":\"https:\/\/hikrobotics.vn\/\",\"logo\":{\"@type\":\"ImageObject\",\"inLanguage\":\"vi\",\"@id\":\"https:\/\/hikrobotics.vn\/#\/schema\/logo\/image\/\",\"url\":\"http:\/\/hikrobotics.vn\/wp-content\/uploads\/2023\/02\/logo.png\",\"contentUrl\":\"http:\/\/hikrobotics.vn\/wp-content\/uploads\/2023\/02\/logo.png\",\"width\":3366,\"height\":1063,\"caption\":\"hikrobotics\"},\"image\":{\"@id\":\"https:\/\/hikrobotics.vn\/#\/schema\/logo\/image\/\"},\"sameAs\":[\"https:\/\/www.facebook.com\/hikroboticsvn\"]}]}<\/script>\n<!-- \/ Yoast SEO plugin. -->","yoast_head_json":{"title":"S\u1ef1 h\u00e0i l\u00f2ng c\u1ee7a qu\u00fd kh\u00e1ch l\u00e0 th\u00e0nh c\u00f4ng c\u1ee7a ch\u00fang t\u00f4i - hikrobotics","description":"V\u1edbi nh\u1eefng n\u1ed7 l\u1ef1c trong \u1ee9ng d\u1ee5ng c\u1ea3m bi\u1ebfn c\u00f4ng nghi\u1ec7p v\u00e0 c\u00f4ng ngh\u1ec7 ph\u1ea7n c\u1ee9ng, Hikrobot cung c\u1ea5p cho kh\u00e1ch h\u00e0ng c\u00e1c s\u1ea3n ph\u1ea9m Machine Vision h\u00e0ng \u0111\u1ea7u bao g\u1ed3m: Area Scan Camera, Line Scan Camera, Smart Camera, Smart Code Reader, 3D Camera, Vision Box, Vision Components, Lens v\u00e0 c\u00e1c ph\u1ee5 ki\u1ec7n li\u00ean quan.","robots":{"index":"index","follow":"follow","max-snippet":"max-snippet:-1","max-image-preview":"max-image-preview:large","max-video-preview":"max-video-preview:-1"},"canonical":"https:\/\/hikrobotics.vn\/","og_locale":"vi_VN","og_type":"article","og_title":"S\u1ef1 h\u00e0i l\u00f2ng c\u1ee7a qu\u00fd kh\u00e1ch l\u00e0 th\u00e0nh c\u00f4ng c\u1ee7a ch\u00fang t\u00f4i - hikrobotics","og_description":"V\u1edbi nh\u1eefng n\u1ed7 l\u1ef1c trong \u1ee9ng d\u1ee5ng c\u1ea3m bi\u1ebfn c\u00f4ng nghi\u1ec7p v\u00e0 c\u00f4ng ngh\u1ec7 ph\u1ea7n c\u1ee9ng, Hikrobot cung c\u1ea5p cho kh\u00e1ch h\u00e0ng c\u00e1c s\u1ea3n ph\u1ea9m Machine Vision h\u00e0ng \u0111\u1ea7u bao g\u1ed3m: Area Scan Camera, Line Scan Camera, Smart Camera, Smart Code Reader, 3D Camera, Vision Box, Vision Components, Lens v\u00e0 c\u00e1c ph\u1ee5 ki\u1ec7n li\u00ean quan.","og_url":"https:\/\/hikrobotics.vn\/","og_site_name":"hikrobotics","article_publisher":"https:\/\/www.facebook.com\/hikroboticsvn","article_modified_time":"2023-03-09T01:58:43+00:00","og_image":[{"width":360,"height":360,"url":"https:\/\/hikrobotics.vn\/wp-content\/uploads\/2022\/01\/20210702054359365.png","type":"image\/png"}],"twitter_card":"summary_large_image","twitter_misc":{"\u01af\u1edbc t\u00ednh th\u1eddi gian \u0111\u1ecdc":"2 ph\u00fat"},"schema":{"@context":"https:\/\/schema.org","@graph":[{"@type":"WebPage","@id":"https:\/\/hikrobotics.vn\/","url":"https:\/\/hikrobotics.vn\/","name":"S\u1ef1 h\u00e0i l\u00f2ng c\u1ee7a qu\u00fd kh\u00e1ch l\u00e0 th\u00e0nh c\u00f4ng c\u1ee7a ch\u00fang t\u00f4i - hikrobotics","isPartOf":{"@id":"https:\/\/hikrobotics.vn\/#website"},"datePublished":"2015-11-20T13:46:21+00:00","dateModified":"2023-03-09T01:58:43+00:00","description":"V\u1edbi nh\u1eefng n\u1ed7 l\u1ef1c trong \u1ee9ng d\u1ee5ng c\u1ea3m bi\u1ebfn c\u00f4ng nghi\u1ec7p v\u00e0 c\u00f4ng ngh\u1ec7 ph\u1ea7n c\u1ee9ng, Hikrobot cung c\u1ea5p cho kh\u00e1ch h\u00e0ng c\u00e1c s\u1ea3n ph\u1ea9m Machine Vision h\u00e0ng \u0111\u1ea7u bao g\u1ed3m: Area Scan Camera, Line Scan Camera, Smart Camera, Smart Code Reader, 3D Camera, Vision Box, Vision Components, Lens v\u00e0 c\u00e1c ph\u1ee5 ki\u1ec7n li\u00ean quan.","breadcrumb":{"@id":"https:\/\/hikrobotics.vn\/#breadcrumb"},"inLanguage":"vi","potentialAction":[{"@type":"ReadAction","target":["https:\/\/hikrobotics.vn\/"]}]},{"@type":"BreadcrumbList","@id":"https:\/\/hikrobotics.vn\/#breadcrumb","itemListElement":[{"@type":"ListItem","position":1,"name":"Trang ch\u1ee7","item":"https:\/\/hikrobotics.vn\/"},{"@type":"ListItem","position":2,"name":"Trang ch\u1ee7"}]},{"@type":"WebSite","@id":"https:\/\/hikrobotics.vn\/#website","url":"https:\/\/hikrobotics.vn\/","name":"hikrobotics","description":"S\u1ef1 h\u00e0i l\u00f2ng c\u1ee7a qu\u00fd kh\u00e1ch l\u00e0 th\u00e0nh c\u00f4ng c\u1ee7a ch\u00fang t\u00f4i","publisher":{"@id":"https:\/\/hikrobotics.vn\/#organization"},"potentialAction":[{"@type":"SearchAction","target":{"@type":"EntryPoint","urlTemplate":"https:\/\/hikrobotics.vn\/?s={search_term_string}"},"query-input":"required name=search_term_string"}],"inLanguage":"vi"},{"@type":"Organization","@id":"https:\/\/hikrobotics.vn\/#organization","name":"hikrobotics","url":"https:\/\/hikrobotics.vn\/","logo":{"@type":"ImageObject","inLanguage":"vi","@id":"https:\/\/hikrobotics.vn\/#\/schema\/logo\/image\/","url":"http:\/\/hikrobotics.vn\/wp-content\/uploads\/2023\/02\/logo.png","contentUrl":"http:\/\/hikrobotics.vn\/wp-content\/uploads\/2023\/02\/logo.png","width":3366,"height":1063,"caption":"hikrobotics"},"image":{"@id":"https:\/\/hikrobotics.vn\/#\/schema\/logo\/image\/"},"sameAs":["https:\/\/www.facebook.com\/hikroboticsvn"]}]}},"_links":{"self":[{"href":"https:\/\/hikrobotics.vn\/index.php?rest_route=\/wp\/v2\/pages\/63"}],"collection":[{"href":"https:\/\/hikrobotics.vn\/index.php?rest_route=\/wp\/v2\/pages"}],"about":[{"href":"https:\/\/hikrobotics.vn\/index.php?rest_route=\/wp\/v2\/types\/page"}],"author":[{"embeddable":true,"href":"https:\/\/hikrobotics.vn\/index.php?rest_route=\/wp\/v2\/users\/2"}],"replies":[{"embeddable":true,"href":"https:\/\/hikrobotics.vn\/index.php?rest_route=%2Fwp%2Fv2%2Fcomments&post=63"}],"version-history":[{"count":7,"href":"https:\/\/hikrobotics.vn\/index.php?rest_route=\/wp\/v2\/pages\/63\/revisions"}],"predecessor-version":[{"id":954,"href":"https:\/\/hikrobotics.vn\/index.php?rest_route=\/wp\/v2\/pages\/63\/revisions\/954"}],"wp:featuredmedia":[{"embeddable":true,"href":"https:\/\/hikrobotics.vn\/index.php?rest_route=\/wp\/v2\/media\/473"}],"wp:attachment":[{"href":"https:\/\/hikrobotics.vn\/index.php?rest_route=%2Fwp%2Fv2%2Fmedia&parent=63"}],"curies":[{"name":"wp","href":"https:\/\/api.w.org\/{rel}","templated":true}]}}