{"id":626,"date":"2022-01-17T08:56:59","date_gmt":"2022-01-17T08:56:59","guid":{"rendered":"hikrobotics.vn?page_id=626"},"modified":"2023-02-21T08:06:32","modified_gmt":"2023-02-21T08:06:32","slug":"vision-box","status":"publish","type":"page","link":"https:\/\/hikrobotics.vn\/?page_id=626","title":{"rendered":"Vision Box"},"content":{"rendered":"\n\t<section class=\"section\" id=\"section_562771475\">\n\t\t<div class=\"bg section-bg fill bg-fill  bg-loaded\" >\n\n\t\t\t\n\t\t\t\n\t\t\t\n\n\t\t<\/div>\n\n\t\t\n\n\t\t<div class=\"section-content relative\">\n\t\t\t\n\n\t<div id=\"gap-1942373343\" class=\"gap-element clearfix\" style=\"display:block; height:auto;\">\n\t\t\n<style>\n#gap-1942373343 {\n  padding-top: 30px;\n}\n<\/style>\n\t<\/div>\n\t\n\n<div class=\"row\"  id=\"row-27460649\">\n\n\n\t<div id=\"col-979777471\" class=\"col small-12 large-12\"  >\n\t\t\t\t<div class=\"col-inner text-left\" style=\"background-color:rgb(255, 255, 255);\" >\n\t\t\t\n\t<div class=\"is-border\"\n\t\tstyle=\"border-color:rgb(255, 255, 255);border-radius:16px;border-width:2px 2px 2px 2px;margin:-11px -11px -11px -11px;\">\n\t<\/div>\n\t\t\t\n\n<div class=\"row align-middle\"  id=\"row-1457753165\">\n\n\n\t<div id=\"col-1430324753\" class=\"col medium-12 small-12 large-9\"  >\n\t\t\t\t<div class=\"col-inner\"  >\n\t\t\t\n\t\t\t\n\n\t<div id=\"text-4243650894\" class=\"text\">\n\t\t\n\n<h3 class=\"uppercase\"> Vision Box<\/h3>\n\n\t\t\n<style>\n#text-4243650894 {\n  font-size: 1.75rem;\n  text-align: center;\n}\n@media (min-width:850px) {\n  #text-4243650894 {\n    text-align: left;\n  }\n}\n<\/style>\n\t<\/div>\n\t\n\n\t\t<\/div>\n\t\t\t\t\n<style>\n#col-1430324753 > .col-inner {\n  margin: 0px 0px -20px 0px;\n}\n@media (min-width:850px) {\n  #col-1430324753 > .col-inner {\n    margin: 0px 0px 0 0px;\n  }\n}\n<\/style>\n\t<\/div>\n\n\t\n\n<\/div>\n\n\t\t<\/div>\n\t\t\t\t\n<style>\n#col-979777471 > .col-inner {\n  padding: 10% 10% 0 10%;\n  border-radius: 10px;\n}\n@media (min-width:550px) {\n  #col-979777471 > .col-inner {\n    padding: 5% 5% 0 5%;\n  }\n}\n@media (min-width:850px) {\n  #col-979777471 > .col-inner {\n    padding: 5% 5% 1% 5%;\n  }\n}\n<\/style>\n\t<\/div>\n\n\t\n\n<\/div>\n\n\t\t<\/div>\n\n\t\t\n<style>\n#section_562771475 {\n  padding-top: 30px;\n  padding-bottom: 30px;\n  background-color: #273647;\n}\n#section_562771475 .ux-shape-divider--top svg {\n  height: 150px;\n  --divider-top-width: 100%;\n}\n#section_562771475 .ux-shape-divider--bottom svg {\n  height: 150px;\n  --divider-width: 100%;\n}\n<\/style>\n\t<\/section>\n\t\n\t<section class=\"section info-card-1\" id=\"section_62801114\">\n\t\t<div class=\"bg section-bg fill bg-fill  bg-loaded\" >\n\n\t\t\t\n\t\t\t\n\t\t\t\n\n\t\t<\/div>\n\n\t\t\n\n\t\t<div class=\"section-content relative\">\n\t\t\t\n\n<div class=\"row row-small align-equal\"  id=\"row-1800421627\">\n\n\n\t<div id=\"col-1258923153\" class=\"col medium-4 small-12 large-4\"  >\n\t\t\t\t<div class=\"col-inner\"  >\n\t\t\t\n\t\t\t\n\n\t<div class=\"box has-hover   has-hover box-push box-text-bottom\" >\n\n\t\t<div class=\"box-image\" >\n\t\t\t<a href=\"hikrobotics.vnproduct-category\/hop-tam-nhin\/dong-vb2200\/\"  >\t\t\t<div class=\"image-zoom image-cover\" style=\"padding-top:65%;\">\n\t\t\t\t<img width=\"378\" height=\"224\" src=\"https:\/\/hikrobotics.vn\/wp-content\/uploads\/2022\/01\/20210112092722573.png\" class=\"attachment- size-\" alt=\"\" decoding=\"async\" loading=\"lazy\" \/>\t\t\t\t\t\t\t\t\t\t\t<\/div>\n\t\t\t<\/a>\t\t<\/div>\n\n\t\t<div class=\"box-text text-center\" style=\"background-color:rgb(255, 255, 255);padding:20px 5% 20px 5%;\">\n\t\t\t<div class=\"box-text-inner\">\n\t\t\t\t\n\n<h4>D\u00f2ng VB2200<\/h4>\n<p>B\u1ed9 \u0111i\u1ec1u khi\u1ec3n t\u1ea7m nh\u00ecn VB2200 Series l\u00e0 m\u1ed9t thi\u1ebft b\u1ecb x\u1eed l\u00fd trung t\u00e2m \u0111\u1ec3 ki\u1ec3m so\u00e1t v\u00e0 x\u1eed l\u00fd t\u1ea7m nh\u00ecn. M\u1eb7c d\u00f9 c\u00f3 c\u1ea5u tr\u00fac nh\u1ecf g\u1ecdn nh\u01b0ng VB2200 cung c\u1ea5p \u0111\u1ea7y \u0111\u1ee7 c\u00e1c giao di\u1ec7n \u0111\u1ec3 \u0111i\u1ec1u khi\u1ec3n h\u1ec7 th\u1ed1ng th\u1ecb gi\u00e1c m\u00e1y v\u00e0 truy\u1ec1n d\u1eef li\u1ec7u. <\/p>\n<a href=\"http:\/\/hikrobotics.vnproduct-category\/hop-tam-nhin\/dong-vb2200\/\" target=\"_self\" class=\"button primary is-underline\"  >\n    <span>Xem s\u1ea3n ph\u1ea9m<\/span>\n  <\/a>\n\n\n\n\t\t\t<\/div>\n\t\t<\/div>\n\t<\/div>\n\t\n\n\t\t<\/div>\n\t\t\t\t\t<\/div>\n\n\t\n\n\t<div id=\"col-1475683005\" class=\"col medium-4 small-12 large-4\"  >\n\t\t\t\t<div class=\"col-inner\"  >\n\t\t\t\n\t\t\t\n\n\t<div class=\"box has-hover   has-hover box-push box-text-bottom\" >\n\n\t\t<div class=\"box-image\" >\n\t\t\t<a href=\"hikrobotics.vnproduct-category\/hop-tam-nhin\/dong-vb2200-hop-tam-nhin\/\"  >\t\t\t<div class=\"image-zoom image-cover\" style=\"padding-top:65%;\">\n\t\t\t\t<img width=\"378\" height=\"224\" src=\"https:\/\/hikrobotics.vn\/wp-content\/uploads\/2022\/01\/20210113060431018.png\" class=\"attachment- size-\" alt=\"\" decoding=\"async\" loading=\"lazy\" \/>\t\t\t\t\t\t\t\t\t\t\t<\/div>\n\t\t\t<\/a>\t\t<\/div>\n\n\t\t<div class=\"box-text text-center\" style=\"background-color:rgb(255, 255, 255);padding:20px 5% 20px 5%;\">\n\t\t\t<div class=\"box-text-inner\">\n\t\t\t\t\n\n<h4>D\u00f2ng VC4000<\/h4>\n<p>VC4000 Series Vision Controller l\u00e0 b\u1ed9 \u0111i\u1ec1u khi\u1ec3n th\u1ecb l\u1ef1c hi\u1ec7u su\u1ea5t cao, \u0111\u01b0\u1ee3c s\u1eed d\u1ee5ng l\u00e0m thi\u1ebft b\u1ecb \u0111i\u1ec1u khi\u1ec3n trung t\u00e2m v\u00e0 x\u1eed l\u00fd d\u1eef li\u1ec7u c\u1ee7a h\u1ec7 th\u1ed1ng th\u1ecb gi\u00e1c. N\u00f3 \u0111\u01b0\u1ee3c s\u1eed d\u1ee5ng trong ph\u00e1t hi\u1ec7n nhi\u1ec1u camera t\u1ed1c \u0111\u1ed9 cao, \u1ee9ng d\u1ee5ng AI v\u00e0 c\u00e1c c\u1ea3nh x\u1eed l\u00fd kh\u00e1c, cung c\u1ea5p kh\u1ea3 n\u0103ng ph\u00e1t hi\u1ec7n h\u00ecnh \u1ea3nh hi\u1ec7u qu\u1ea3 v\u00e0 t\u00edch h\u1ee3p cao.<\/p>\n<a href=\"http:\/\/hikrobotics.vnproduct-category\/hop-tam-nhin\/dong-vb2200-hop-tam-nhin\/\" target=\"_self\" class=\"button primary is-underline\"  >\n    <span>Xem s\u1ea3n ph\u1ea9m<\/span>\n  <\/a>\n\n\n\n\t\t\t<\/div>\n\t\t<\/div>\n\t<\/div>\n\t\n\n\t\t<\/div>\n\t\t\t\t\t<\/div>\n\n\t\n\n\t<div id=\"col-1973588229\" class=\"col medium-4 small-12 large-4\"  >\n\t\t\t\t<div class=\"col-inner\"  >\n\t\t\t\n\t\t\t\n\n\n\t\t<\/div>\n\t\t\t\t\t<\/div>\n\n\t\n\n\n<style>\n#row-1800421627 > .col > .col-inner {\n  background-color: rgb(255,255,255);\n}\n<\/style>\n<\/div>\n\n\t\t<\/div>\n\n\t\t\n<style>\n#section_62801114 {\n  padding-top: 50px;\n  padding-bottom: 50px;\n  background-color: rgb(244, 244, 244);\n}\n#section_62801114 .ux-shape-divider--top svg {\n  height: 150px;\n  --divider-top-width: 100%;\n}\n#section_62801114 .ux-shape-divider--bottom svg {\n  height: 150px;\n  --divider-width: 100%;\n}\n<\/style>\n\t<\/section>\n\t\n","protected":false},"excerpt":{"rendered":"","protected":false},"author":2,"featured_media":0,"parent":311,"menu_order":0,"comment_status":"closed","ping_status":"closed","template":"","meta":[],"yoast_head":"<!-- This site is optimized with the Yoast SEO plugin v20.1 - https:\/\/yoast.com\/wordpress\/plugins\/seo\/ -->\n<title>Vision Box - hikrobotics<\/title>\n<meta name=\"robots\" content=\"index, follow, max-snippet:-1, max-image-preview:large, max-video-preview:-1\" \/>\n<link rel=\"canonical\" href=\"https:\/\/hikrobotics.vn\/?page_id=626\" \/>\n<meta property=\"og:locale\" content=\"vi_VN\" \/>\n<meta property=\"og:type\" content=\"article\" \/>\n<meta property=\"og:title\" content=\"Vision Box - hikrobotics\" \/>\n<meta property=\"og:url\" content=\"https:\/\/hikrobotics.vn\/?page_id=626\" \/>\n<meta property=\"og:site_name\" content=\"hikrobotics\" \/>\n<meta property=\"article:publisher\" content=\"https:\/\/www.facebook.com\/hikroboticsvn\" \/>\n<meta property=\"article:modified_time\" content=\"2023-02-21T08:06:32+00:00\" \/>\n<meta name=\"twitter:card\" content=\"summary_large_image\" \/>\n<meta name=\"twitter:label1\" content=\"\u01af\u1edbc t\u00ednh th\u1eddi gian \u0111\u1ecdc\" \/>\n\t<meta name=\"twitter:data1\" content=\"2 ph\u00fat\" \/>\n<script type=\"application\/ld+json\" class=\"yoast-schema-graph\">{\"@context\":\"https:\/\/schema.org\",\"@graph\":[{\"@type\":\"WebPage\",\"@id\":\"https:\/\/hikrobotics.vn\/?page_id=626\",\"url\":\"https:\/\/hikrobotics.vn\/?page_id=626\",\"name\":\"Vision Box - hikrobotics\",\"isPartOf\":{\"@id\":\"https:\/\/hikrobotics.vn\/#website\"},\"datePublished\":\"2022-01-17T08:56:59+00:00\",\"dateModified\":\"2023-02-21T08:06:32+00:00\",\"breadcrumb\":{\"@id\":\"https:\/\/hikrobotics.vn\/?page_id=626#breadcrumb\"},\"inLanguage\":\"vi\",\"potentialAction\":[{\"@type\":\"ReadAction\",\"target\":[\"https:\/\/hikrobotics.vn\/?page_id=626\"]}]},{\"@type\":\"BreadcrumbList\",\"@id\":\"https:\/\/hikrobotics.vn\/?page_id=626#breadcrumb\",\"itemListElement\":[{\"@type\":\"ListItem\",\"position\":1,\"name\":\"Trang ch\u1ee7\",\"item\":\"https:\/\/hikrobotics.vn\/\"},{\"@type\":\"ListItem\",\"position\":2,\"name\":\"MACHINE VISION\",\"item\":\"https:\/\/hikrobotics.vn\/?page_id=311\"},{\"@type\":\"ListItem\",\"position\":3,\"name\":\"Vision Box\"}]},{\"@type\":\"WebSite\",\"@id\":\"https:\/\/hikrobotics.vn\/#website\",\"url\":\"https:\/\/hikrobotics.vn\/\",\"name\":\"hikrobotics\",\"description\":\"S\u1ef1 h\u00e0i l\u00f2ng c\u1ee7a qu\u00fd kh\u00e1ch l\u00e0 th\u00e0nh c\u00f4ng c\u1ee7a ch\u00fang t\u00f4i\",\"publisher\":{\"@id\":\"https:\/\/hikrobotics.vn\/#organization\"},\"potentialAction\":[{\"@type\":\"SearchAction\",\"target\":{\"@type\":\"EntryPoint\",\"urlTemplate\":\"https:\/\/hikrobotics.vn\/?s={search_term_string}\"},\"query-input\":\"required name=search_term_string\"}],\"inLanguage\":\"vi\"},{\"@type\":\"Organization\",\"@id\":\"https:\/\/hikrobotics.vn\/#organization\",\"name\":\"hikrobotics\",\"url\":\"https:\/\/hikrobotics.vn\/\",\"logo\":{\"@type\":\"ImageObject\",\"inLanguage\":\"vi\",\"@id\":\"https:\/\/hikrobotics.vn\/#\/schema\/logo\/image\/\",\"url\":\"http:\/\/hikrobotics.vn\/wp-content\/uploads\/2023\/02\/logo.png\",\"contentUrl\":\"http:\/\/hikrobotics.vn\/wp-content\/uploads\/2023\/02\/logo.png\",\"width\":3366,\"height\":1063,\"caption\":\"hikrobotics\"},\"image\":{\"@id\":\"https:\/\/hikrobotics.vn\/#\/schema\/logo\/image\/\"},\"sameAs\":[\"https:\/\/www.facebook.com\/hikroboticsvn\"]}]}<\/script>\n<!-- \/ Yoast SEO plugin. -->","yoast_head_json":{"title":"Vision Box - hikrobotics","robots":{"index":"index","follow":"follow","max-snippet":"max-snippet:-1","max-image-preview":"max-image-preview:large","max-video-preview":"max-video-preview:-1"},"canonical":"https:\/\/hikrobotics.vn\/?page_id=626","og_locale":"vi_VN","og_type":"article","og_title":"Vision Box - hikrobotics","og_url":"https:\/\/hikrobotics.vn\/?page_id=626","og_site_name":"hikrobotics","article_publisher":"https:\/\/www.facebook.com\/hikroboticsvn","article_modified_time":"2023-02-21T08:06:32+00:00","twitter_card":"summary_large_image","twitter_misc":{"\u01af\u1edbc t\u00ednh th\u1eddi gian \u0111\u1ecdc":"2 ph\u00fat"},"schema":{"@context":"https:\/\/schema.org","@graph":[{"@type":"WebPage","@id":"https:\/\/hikrobotics.vn\/?page_id=626","url":"https:\/\/hikrobotics.vn\/?page_id=626","name":"Vision Box - hikrobotics","isPartOf":{"@id":"https:\/\/hikrobotics.vn\/#website"},"datePublished":"2022-01-17T08:56:59+00:00","dateModified":"2023-02-21T08:06:32+00:00","breadcrumb":{"@id":"https:\/\/hikrobotics.vn\/?page_id=626#breadcrumb"},"inLanguage":"vi","potentialAction":[{"@type":"ReadAction","target":["https:\/\/hikrobotics.vn\/?page_id=626"]}]},{"@type":"BreadcrumbList","@id":"https:\/\/hikrobotics.vn\/?page_id=626#breadcrumb","itemListElement":[{"@type":"ListItem","position":1,"name":"Trang ch\u1ee7","item":"https:\/\/hikrobotics.vn\/"},{"@type":"ListItem","position":2,"name":"MACHINE VISION","item":"https:\/\/hikrobotics.vn\/?page_id=311"},{"@type":"ListItem","position":3,"name":"Vision Box"}]},{"@type":"WebSite","@id":"https:\/\/hikrobotics.vn\/#website","url":"https:\/\/hikrobotics.vn\/","name":"hikrobotics","description":"S\u1ef1 h\u00e0i l\u00f2ng c\u1ee7a qu\u00fd kh\u00e1ch l\u00e0 th\u00e0nh c\u00f4ng c\u1ee7a ch\u00fang t\u00f4i","publisher":{"@id":"https:\/\/hikrobotics.vn\/#organization"},"potentialAction":[{"@type":"SearchAction","target":{"@type":"EntryPoint","urlTemplate":"https:\/\/hikrobotics.vn\/?s={search_term_string}"},"query-input":"required name=search_term_string"}],"inLanguage":"vi"},{"@type":"Organization","@id":"https:\/\/hikrobotics.vn\/#organization","name":"hikrobotics","url":"https:\/\/hikrobotics.vn\/","logo":{"@type":"ImageObject","inLanguage":"vi","@id":"https:\/\/hikrobotics.vn\/#\/schema\/logo\/image\/","url":"http:\/\/hikrobotics.vn\/wp-content\/uploads\/2023\/02\/logo.png","contentUrl":"http:\/\/hikrobotics.vn\/wp-content\/uploads\/2023\/02\/logo.png","width":3366,"height":1063,"caption":"hikrobotics"},"image":{"@id":"https:\/\/hikrobotics.vn\/#\/schema\/logo\/image\/"},"sameAs":["https:\/\/www.facebook.com\/hikroboticsvn"]}]}},"_links":{"self":[{"href":"https:\/\/hikrobotics.vn\/index.php?rest_route=\/wp\/v2\/pages\/626"}],"collection":[{"href":"https:\/\/hikrobotics.vn\/index.php?rest_route=\/wp\/v2\/pages"}],"about":[{"href":"https:\/\/hikrobotics.vn\/index.php?rest_route=\/wp\/v2\/types\/page"}],"author":[{"embeddable":true,"href":"https:\/\/hikrobotics.vn\/index.php?rest_route=\/wp\/v2\/users\/2"}],"replies":[{"embeddable":true,"href":"https:\/\/hikrobotics.vn\/index.php?rest_route=%2Fwp%2Fv2%2Fcomments&post=626"}],"version-history":[{"count":1,"href":"https:\/\/hikrobotics.vn\/index.php?rest_route=\/wp\/v2\/pages\/626\/revisions"}],"predecessor-version":[{"id":935,"href":"https:\/\/hikrobotics.vn\/index.php?rest_route=\/wp\/v2\/pages\/626\/revisions\/935"}],"up":[{"embeddable":true,"href":"https:\/\/hikrobotics.vn\/index.php?rest_route=\/wp\/v2\/pages\/311"}],"wp:attachment":[{"href":"https:\/\/hikrobotics.vn\/index.php?rest_route=%2Fwp%2Fv2%2Fmedia&parent=626"}],"curies":[{"name":"wp","href":"https:\/\/api.w.org\/{rel}","templated":true}]}}