{"id":369,"date":"2022-01-12T08:39:51","date_gmt":"2022-01-12T08:39:51","guid":{"rendered":"hikrobotics.vn?page_id=369"},"modified":"2023-02-21T08:06:41","modified_gmt":"2023-02-21T08:06:41","slug":"robot-mobile","status":"publish","type":"page","link":"https:\/\/hikrobotics.vn\/?page_id=369","title":{"rendered":"ROBOT MOBILE"},"content":{"rendered":"\n<div class=\"video video-fit mb\" style=\"padding-top:56.25%;\"><iframe loading=\"lazy\" title=\"Get Ready for the Peak Season | Q7-1000E\" width=\"1020\" height=\"574\" src=\"https:\/\/www.youtube.com\/embed\/vWMD2b9d6pw?feature=oembed\" frameborder=\"0\" allow=\"accelerometer; autoplay; clipboard-write; encrypted-media; gyroscope; picture-in-picture; web-share\" allowfullscreen><\/iframe><\/div>\n\n  <style>\n    #product-grid-750403209 .grid-col-1{height: 650px}\n    #product-grid-750403209 .grid-col-1-2{height: 325px}\n    #product-grid-750403209 .grid-col-1-3{height:216.66666666667px}\n    #product-grid-750403209 .grid-col-2-3{height: 433.33333333333px}\n    #product-grid-750403209 .grid-col-1-4{height: 162.5px}\n    #product-grid-750403209 .grid-col-3-4{height: 487.5px}\n\n\n        \/* Tablet *\/\n    @media (max-width: 850px){\n      #product-grid-750403209 .grid-col-1{height: 433.33333333333px}\n      #product-grid-750403209 .grid-col-1-2{height: 216.66666666667px}\n      #product-grid-750403209 .grid-col-1-3{height:144.44444444444px}\n      #product-grid-750403209 .grid-col-2-3{height: 288.88888888889px}\n      #product-grid-750403209 .grid-col-1-4{height: 108.33333333333px}\n      #product-grid-750403209 .grid-col-3-4{height: 325px}\n    }\n    \n        \/* Mobile *\/\n    @media (max-width: 550px){\n      #product-grid-750403209 .grid-col-1{height: 433.33333333333px}\n      #product-grid-750403209 .grid-col-1-2{height: 216.66666666667px}\n      #product-grid-750403209 .grid-col-1-3{height:144.44444444444px}\n      #product-grid-750403209 .grid-col-2-3{height: 288.88888888889px}\n      #product-grid-750403209 .grid-col-1-4{height: 108.33333333333px}\n      #product-grid-750403209 .grid-col-3-4{height: 325px}\n    }\n    \n\n  <\/style>\n  \n  \n    <div id=\"product-grid-750403209\" class=\"row row-small row-grid\" data-packery-options='{\"itemSelector\": \".col\", \"gutter\": 0, \"presentageWidth\" : true}'>\n\n  \t<\/div>\n\n\t<section class=\"section\" id=\"section_990151179\">\n\t\t<div class=\"bg section-bg fill bg-fill  bg-loaded\" >\n\n\t\t\t\n\t\t\t\n\t\t\t\n\n\t\t<\/div>\n\n\t\t\n\n\t\t<div class=\"section-content relative\">\n\t\t\t\n\n<div class=\"row row-large align-equal align-center\"  id=\"row-1213237892\">\n\n\n\t<div id=\"col-137011295\" class=\"col medium-9 small-11 large-4\"  >\n\t\t\t\t<div class=\"col-inner\"  >\n\t\t\t\n\t<div class=\"is-border\"\n\t\tstyle=\"border-color:rgb(39, 54, 71);border-width:0px 20px 20px 0px;margin:20px -20px -20px 20px;\">\n\t<\/div>\n\t\t\t\n\n\t<div class=\"img has-hover x md-x lg-x y md-y lg-y\" id=\"image_245000697\">\n\t\t\t\t\t\t\t\t<div class=\"img-inner dark\" >\n\t\t\t<img width=\"400\" height=\"710\" src=\"https:\/\/hikrobotics.vn\/wp-content\/uploads\/2022\/01\/20210125104343712.png\" class=\"attachment-large size-large\" alt=\"\" decoding=\"async\" loading=\"lazy\" \/>\t\t\t\t\t\t\n\t\t\t\t\t<\/div>\n\t\t\t\t\t\t\t\t\n<style>\n#image_245000697 {\n  width: 49%;\n}\n<\/style>\n\t<\/div>\n\t\n\n\t<div id=\"text-1574211828\" class=\"text\">\n\t\t\n\n<h3>FMR<\/h3>\n\t\t\n<style>\n#text-1574211828 {\n  font-size: 1.25rem;\n  line-height: 2;\n}\n<\/style>\n\t<\/div>\n\t\n<ul>\n<p>\u0110\u1ed9 \u1ed5n \u0111\u1ecbnh cao\n<\/ul>\n\n<a class=\"button secondary is-outline expand\"  style=\"padding:7px 0px 7px 0px;\">\n    <span>Choose this plan<\/span>\n  <\/a>\n\n\n\n\t\t<\/div>\n\t\t\t\t\t<\/div>\n\n\t\n\n\t<div id=\"col-1204067688\" class=\"col medium-9 small-11 large-4\"  >\n\t\t\t\t<div class=\"col-inner\"  >\n\t\t\t\n\t<div class=\"is-border\"\n\t\tstyle=\"border-color:rgb(39, 54, 71);border-width:0px 20px 20px 0px;margin:20px -20px -20px 20px;\">\n\t<\/div>\n\t\t\t\n\n\t<div class=\"img has-hover x md-x lg-x y md-y lg-y\" id=\"image_1219758867\">\n\t\t\t\t\t\t\t\t<div class=\"img-inner dark\" >\n\t\t\t<img width=\"400\" height=\"346\" src=\"https:\/\/hikrobotics.vn\/wp-content\/uploads\/2022\/01\/20210125104418328.png\" class=\"attachment-large size-large\" alt=\"\" decoding=\"async\" loading=\"lazy\" \/>\t\t\t\t\t\t\n\t\t\t\t\t<\/div>\n\t\t\t\t\t\t\t\t\n<style>\n#image_1219758867 {\n  width: 100%;\n}\n<\/style>\n\t<\/div>\n\t\n\n\t<div id=\"text-1528990955\" class=\"text\">\n\t\t\n\n<h3>LMR<\/h3>\n\t\t\n<style>\n#text-1528990955 {\n  font-size: 1.25rem;\n  line-height: 2;\n}\n<\/style>\n\t<\/div>\n\t\n<ul>\nHi\u1ec7u su\u1ea5t cao, An to\u00e0n\n<\/ul>\n\n<a class=\"button secondary is-outline expand\"  style=\"padding:7px 0px 7px 0px;\">\n    <span>Choose this plan<\/span>\n  <\/a>\n\n\n\n\t\t<\/div>\n\t\t\t\t\t<\/div>\n\n\t\n\n\t<div id=\"col-1938176008\" class=\"col medium-9 small-11 large-4\"  >\n\t\t\t\t<div class=\"col-inner\"  >\n\t\t\t\n\t<div class=\"is-border\"\n\t\tstyle=\"border-color:rgb(39, 54, 71);border-width:0px 20px 20px 0px;margin:20px -20px -20px 20px;\">\n\t<\/div>\n\t\t\t\n\n\t<div class=\"img has-hover x md-x lg-x y md-y lg-y\" id=\"image_342118586\">\n\t\t\t\t\t\t\t\t<div class=\"img-inner dark\" >\n\t\t\t<img width=\"400\" height=\"346\" src=\"https:\/\/hikrobotics.vn\/wp-content\/uploads\/2022\/01\/20210125104450134.png\" class=\"attachment-large size-large\" alt=\"\" decoding=\"async\" loading=\"lazy\" \/>\t\t\t\t\t\t\n\t\t\t\t\t<\/div>\n\t\t\t\t\t\t\t\t\n<style>\n#image_342118586 {\n  width: 100%;\n}\n<\/style>\n\t<\/div>\n\t\n\n\t<div id=\"text-294043274\" class=\"text\">\n\t\t\n\n<h3>CMR<\/h3>\n\t\t\n<style>\n#text-294043274 {\n  font-size: 1.25rem;\n  line-height: 2;\n}\n<\/style>\n\t<\/div>\n\t\n<ul>\nT\u1ea3i n\u1eb7ng<\/li>\n<\/ul>\n\n<a class=\"button secondary is-outline expand\"  style=\"padding:7px 0px 7px 0px;\">\n    <span>Choose this plan<\/span>\n  <\/a>\n\n\n\n\t\t<\/div>\n\t\t\t\t\t<\/div>\n\n\t\n\n\t<div id=\"col-1453654315\" class=\"col medium-9 small-11 large-4\"  >\n\t\t\t\t<div class=\"col-inner\"  >\n\t\t\t\n\t<div class=\"is-border\"\n\t\tstyle=\"border-color:rgb(39, 54, 71);border-width:0px 20px 20px 0px;margin:20px -20px -20px 20px;\">\n\t<\/div>\n\t\t\t\n\n\t<div class=\"img has-hover x md-x lg-x y md-y lg-y\" id=\"image_340243260\">\n\t\t\t\t\t\t\t\t<div class=\"img-inner dark\" >\n\t\t\t<img width=\"400\" height=\"346\" src=\"https:\/\/hikrobotics.vn\/wp-content\/uploads\/2022\/01\/20210125091746988.png\" class=\"attachment-large size-large\" alt=\"\" decoding=\"async\" loading=\"lazy\" \/>\t\t\t\t\t\t\n\t\t\t\t\t<\/div>\n\t\t\t\t\t\t\t\t\n<style>\n#image_340243260 {\n  width: 98%;\n}\n<\/style>\n\t<\/div>\n\t\n\n\t<div id=\"text-3838964323\" class=\"text\">\n\t\t\n\n<h3>Ph\u1ee5 ki\u00ean<\/h3>\n\t\t\n<style>\n#text-3838964323 {\n  font-size: 1.25rem;\n  line-height: 2;\n}\n<\/style>\n\t<\/div>\n\t\n\t<div id=\"text-1932355122\" class=\"text\">\n\t\t\n\n<h3Ph\u1ee5 ki\u1ec7n<\/h3>\n\t\t\n<style>\n#text-1932355122 {\n  font-size: 1.25rem;\n  line-height: 2;\n}\n<\/style>\n\t<\/div>\n\t\n<ul>\nS\u1ea1c nhanh\n<\/ul>\n<a class=\"button secondary is-outline expand\"  style=\"padding:7px 0px 7px 0px;\">\n    <span>Choose this plan<\/span>\n  <\/a>\n\n\n\n\t\t<\/div>\n\t\t\t\t\t<\/div>\n\n\t\n\n\t<div id=\"col-268541279\" class=\"col medium-9 small-11 large-4\"  >\n\t\t\t\t<div class=\"col-inner\"  >\n\t\t\t\n\t<div class=\"is-border\"\n\t\tstyle=\"border-color:rgb(39, 54, 71);border-width:0px 20px 20px 0px;margin:20px -20px -20px 20px;\">\n\t<\/div>\n\t\t\t\n\n\t<div class=\"img has-hover x md-x lg-x y md-y lg-y\" id=\"image_124651749\">\n\t\t\t\t\t\t\t\t<div class=\"img-inner dark\" >\n\t\t\t<img width=\"400\" height=\"346\" src=\"https:\/\/hikrobotics.vn\/wp-content\/uploads\/2022\/01\/20210123061922591.png\" class=\"attachment-large size-large\" alt=\"\" decoding=\"async\" loading=\"lazy\" \/>\t\t\t\t\t\t\n\t\t\t\t\t<\/div>\n\t\t\t\t\t\t\t\t\n<style>\n#image_124651749 {\n  width: 100%;\n}\n<\/style>\n\t<\/div>\n\t\n\n\t<div id=\"text-4172402514\" class=\"text\">\n\t\t\n\n<h3>N\u1ec1n t\u1ea3ng<\/h3>\n\t\t\n<style>\n#text-4172402514 {\n  font-size: 1.25rem;\n  line-height: 2;\n}\n<\/style>\n\t<\/div>\n\t\n<ul>\nThu\u1eadt to\u00e1n AI, Hi\u1ec3n th\u1ecb th\u1ed1ng k\u00ea\n<\/ul>\n<a class=\"button secondary is-outline expand\"  style=\"padding:7px 0px 7px 0px;\">\n    <span>Choose this plan<\/span>\n  <\/a>\n\n\n\n\t\t<\/div>\n\t\t\t\t\t<\/div>\n\n\t\n\n\n<style>\n#row-1213237892 > .col > .col-inner {\n  padding: 10% 10% 10% 10%;\n  background-color: rgb(255, 255, 255);\n}\n@media (min-width:550px) {\n  #row-1213237892 > .col > .col-inner {\n    padding: 8% 8% 8% 8%;\n  }\n}\n@media (min-width:850px) {\n  #row-1213237892 > .col > .col-inner {\n    padding: 14% 14% 14% 14%;\n  }\n}\n<\/style>\n<\/div>\n\n\t\t<\/div>\n\n\t\t\n<style>\n#section_990151179 {\n  padding-top: 75px;\n  padding-bottom: 75px;\n  background-color: rgb(112, 165, 212);\n}\n#section_990151179 .ux-shape-divider--top svg {\n  height: 150px;\n  --divider-top-width: 100%;\n}\n#section_990151179 .ux-shape-divider--bottom svg {\n  height: 150px;\n  --divider-width: 100%;\n}\n@media (min-width:550px) {\n  #section_990151179 {\n    padding-top: 80px;\n    padding-bottom: 80px;\n  }\n}\n@media (min-width:850px) {\n  #section_990151179 {\n    padding-top: 130px;\n    padding-bottom: 130px;\n  }\n}\n<\/style>\n\t<\/section>\n\t\n<div class=\"row\" style=\"max-width:1400px\" id=\"row-1444918846\">\n\n\n\t<div id=\"col-1754552396\" class=\"col small-12 large-12\"  >\n\t\t\t\t<div class=\"col-inner text-center\"  >\n\t\t\t\n\t\t\t\n\n\t<section class=\"section\" id=\"section_1796571373\">\n\t\t<div class=\"bg section-bg fill bg-fill  \" >\n\n\t\t\t\n\t\t\t\n\t\t\t\n\n\t\t<\/div>\n\n\t\t\n\n\t\t<div class=\"section-content relative\">\n\t\t\t\n\n<div class=\"row row-collapse\"  id=\"row-1854167651\">\n\n\n\t<div id=\"col-1840996866\" class=\"col small-12 large-12\"  >\n\t\t\t\t<div class=\"col-inner\"  >\n\t\t\t\n\t\t\t\n\n\t<div id=\"text-3568978858\" class=\"text\">\n\t\t\n\n<h1 class=\"title more-title\" data-v-1aed6c1d=\"\"><span>C\u00c1C GI\u1ea2I PH\u00c1P<\/span><\/h1>\n<div class=\"text\" data-v-1aed6c1d=\"\"><span>Th\u00f4ng qua vi\u1ec7c tri\u1ec3n khai c\u00e1c gi\u1ea3i ph\u00e1p t\u1eadp trung v\u00e0 d\u1ef1a tr\u00ean AMR, iWMS-1000 v\u00e0 RCS-2000, c\u0169ng nh\u01b0 c\u00e1c thi\u1ebft b\u1ecb v\u00e0 h\u1ec7 th\u1ed1ng th\u00f4ng minh kh\u00e1c, ch\u00fang t\u00f4i s\u1ebd ti\u1ebfp t\u1ee5c th\u00fac \u0111\u1ea9y s\u1ef1 chuy\u1ec3n \u0111\u1ed5i th\u00f4ng minh c\u1ee7a h\u1eadu c\u1ea7n n\u1ed9i b\u1ed9.\u00a0\u0110\u01b0\u1ee3c th\u00fac \u0111\u1ea9y b\u1edfi nhi\u1ec1u thu\u1eadt to\u00e1n th\u00f4ng minh, li\u00ean k\u1ebft thi\u1ebft b\u1ecb th\u00f4ng minh, \u1ee9ng d\u1ee5ng h\u1ec7 th\u1ed1ng th\u00f4ng minh, hi\u1ec7n th\u1ef1c h\u00f3a ho\u1ea1t \u0111\u1ed9ng h\u1eadu c\u1ea7n n\u1ed9i b\u1ed9 chuy\u00ean s\u00e2u, tr\u1ef1c quan, th\u00f4ng minh v\u00e0 ti\u1ebfp t\u1ee5c t\u1ea1o ra gi\u00e1 tr\u1ecb cho kh\u00e1ch h\u00e0ng.<\/span><\/div>\n<h2>\u00a0<\/h2>\n\t\t\n<style>\n#text-3568978858 {\n  color: rgb(255, 255, 255);\n}\n#text-3568978858 > * {\n  color: rgb(255, 255, 255);\n}\n<\/style>\n\t<\/div>\n\t\n<a class=\"button secondary is-large\"  style=\"border-radius:10px;\">\n  <i class=\"icon-angle-right\" aria-hidden=\"true\" ><\/i>  <span>T\u00ecm hi\u1ec3u th\u00eam<\/span>\n  <\/a>\n\n\n\n\t\t<\/div>\n\t\t\t\t\t<\/div>\n\n\t\n\n<\/div>\n\n\t\t<\/div>\n\n\t\t\n<style>\n#section_1796571373 {\n  padding-top: 80px;\n  padding-bottom: 80px;\n}\n#section_1796571373 .section-bg.bg-loaded {\n  background-image: url(https:\/\/hikrobotics.vn\/wp-content\/uploads\/2022\/01\/bd57541c2127.jpg);\n}\n#section_1796571373 .section-bg {\n  background-position: 50% 41%;\n}\n#section_1796571373 .ux-shape-divider--top svg {\n  height: 150px;\n  --divider-top-width: 100%;\n}\n#section_1796571373 .ux-shape-divider--bottom svg {\n  height: 150px;\n  --divider-width: 100%;\n}\n<\/style>\n\t<\/section>\n\t\n\n\t\t<\/div>\n\t\t\t\t\n<style>\n#col-1754552396 > .col-inner {\n  margin: 40px 0px 40px 0px;\n  border-radius: 20px;\n}\n<\/style>\n\t<\/div>\n\n\t\n\n\n<style>\n#row-1444918846 > .col > .col-inner {\n  padding: 20px 20px 20px 20px;\n  background-color: rgb(254, 186, 219);\n}\n<\/style>\n<\/div>\n\n","protected":false},"excerpt":{"rendered":"","protected":false},"author":2,"featured_media":0,"parent":0,"menu_order":0,"comment_status":"closed","ping_status":"closed","template":"","meta":[],"yoast_head":"<!-- This site is optimized with the Yoast SEO plugin v20.1 - https:\/\/yoast.com\/wordpress\/plugins\/seo\/ -->\n<title>ROBOT MOBILE - hikrobotics<\/title>\n<meta name=\"robots\" content=\"index, follow, max-snippet:-1, max-image-preview:large, max-video-preview:-1\" \/>\n<link rel=\"canonical\" href=\"https:\/\/hikrobotics.vn\/?page_id=369\" \/>\n<meta property=\"og:locale\" content=\"vi_VN\" \/>\n<meta property=\"og:type\" content=\"article\" \/>\n<meta property=\"og:title\" content=\"ROBOT MOBILE - hikrobotics\" \/>\n<meta property=\"og:url\" content=\"https:\/\/hikrobotics.vn\/?page_id=369\" \/>\n<meta property=\"og:site_name\" content=\"hikrobotics\" \/>\n<meta property=\"article:publisher\" content=\"https:\/\/www.facebook.com\/hikroboticsvn\" \/>\n<meta property=\"article:modified_time\" content=\"2023-02-21T08:06:41+00:00\" \/>\n<meta name=\"twitter:card\" content=\"summary_large_image\" \/>\n<script type=\"application\/ld+json\" class=\"yoast-schema-graph\">{\"@context\":\"https:\/\/schema.org\",\"@graph\":[{\"@type\":\"WebPage\",\"@id\":\"https:\/\/hikrobotics.vn\/?page_id=369\",\"url\":\"https:\/\/hikrobotics.vn\/?page_id=369\",\"name\":\"ROBOT MOBILE - hikrobotics\",\"isPartOf\":{\"@id\":\"https:\/\/hikrobotics.vn\/#website\"},\"datePublished\":\"2022-01-12T08:39:51+00:00\",\"dateModified\":\"2023-02-21T08:06:41+00:00\",\"breadcrumb\":{\"@id\":\"https:\/\/hikrobotics.vn\/?page_id=369#breadcrumb\"},\"inLanguage\":\"vi\",\"potentialAction\":[{\"@type\":\"ReadAction\",\"target\":[\"https:\/\/hikrobotics.vn\/?page_id=369\"]}]},{\"@type\":\"BreadcrumbList\",\"@id\":\"https:\/\/hikrobotics.vn\/?page_id=369#breadcrumb\",\"itemListElement\":[{\"@type\":\"ListItem\",\"position\":1,\"name\":\"Trang ch\u1ee7\",\"item\":\"https:\/\/hikrobotics.vn\/\"},{\"@type\":\"ListItem\",\"position\":2,\"name\":\"ROBOT MOBILE\"}]},{\"@type\":\"WebSite\",\"@id\":\"https:\/\/hikrobotics.vn\/#website\",\"url\":\"https:\/\/hikrobotics.vn\/\",\"name\":\"hikrobotics\",\"description\":\"S\u1ef1 h\u00e0i l\u00f2ng c\u1ee7a qu\u00fd kh\u00e1ch l\u00e0 th\u00e0nh c\u00f4ng c\u1ee7a ch\u00fang t\u00f4i\",\"publisher\":{\"@id\":\"https:\/\/hikrobotics.vn\/#organization\"},\"potentialAction\":[{\"@type\":\"SearchAction\",\"target\":{\"@type\":\"EntryPoint\",\"urlTemplate\":\"https:\/\/hikrobotics.vn\/?s={search_term_string}\"},\"query-input\":\"required name=search_term_string\"}],\"inLanguage\":\"vi\"},{\"@type\":\"Organization\",\"@id\":\"https:\/\/hikrobotics.vn\/#organization\",\"name\":\"hikrobotics\",\"url\":\"https:\/\/hikrobotics.vn\/\",\"logo\":{\"@type\":\"ImageObject\",\"inLanguage\":\"vi\",\"@id\":\"https:\/\/hikrobotics.vn\/#\/schema\/logo\/image\/\",\"url\":\"http:\/\/hikrobotics.vn\/wp-content\/uploads\/2023\/02\/logo.png\",\"contentUrl\":\"http:\/\/hikrobotics.vn\/wp-content\/uploads\/2023\/02\/logo.png\",\"width\":3366,\"height\":1063,\"caption\":\"hikrobotics\"},\"image\":{\"@id\":\"https:\/\/hikrobotics.vn\/#\/schema\/logo\/image\/\"},\"sameAs\":[\"https:\/\/www.facebook.com\/hikroboticsvn\"]}]}<\/script>\n<!-- \/ Yoast SEO plugin. -->","yoast_head_json":{"title":"ROBOT MOBILE - hikrobotics","robots":{"index":"index","follow":"follow","max-snippet":"max-snippet:-1","max-image-preview":"max-image-preview:large","max-video-preview":"max-video-preview:-1"},"canonical":"https:\/\/hikrobotics.vn\/?page_id=369","og_locale":"vi_VN","og_type":"article","og_title":"ROBOT MOBILE - hikrobotics","og_url":"https:\/\/hikrobotics.vn\/?page_id=369","og_site_name":"hikrobotics","article_publisher":"https:\/\/www.facebook.com\/hikroboticsvn","article_modified_time":"2023-02-21T08:06:41+00:00","twitter_card":"summary_large_image","schema":{"@context":"https:\/\/schema.org","@graph":[{"@type":"WebPage","@id":"https:\/\/hikrobotics.vn\/?page_id=369","url":"https:\/\/hikrobotics.vn\/?page_id=369","name":"ROBOT MOBILE - hikrobotics","isPartOf":{"@id":"https:\/\/hikrobotics.vn\/#website"},"datePublished":"2022-01-12T08:39:51+00:00","dateModified":"2023-02-21T08:06:41+00:00","breadcrumb":{"@id":"https:\/\/hikrobotics.vn\/?page_id=369#breadcrumb"},"inLanguage":"vi","potentialAction":[{"@type":"ReadAction","target":["https:\/\/hikrobotics.vn\/?page_id=369"]}]},{"@type":"BreadcrumbList","@id":"https:\/\/hikrobotics.vn\/?page_id=369#breadcrumb","itemListElement":[{"@type":"ListItem","position":1,"name":"Trang ch\u1ee7","item":"https:\/\/hikrobotics.vn\/"},{"@type":"ListItem","position":2,"name":"ROBOT MOBILE"}]},{"@type":"WebSite","@id":"https:\/\/hikrobotics.vn\/#website","url":"https:\/\/hikrobotics.vn\/","name":"hikrobotics","description":"S\u1ef1 h\u00e0i l\u00f2ng c\u1ee7a qu\u00fd kh\u00e1ch l\u00e0 th\u00e0nh c\u00f4ng c\u1ee7a ch\u00fang t\u00f4i","publisher":{"@id":"https:\/\/hikrobotics.vn\/#organization"},"potentialAction":[{"@type":"SearchAction","target":{"@type":"EntryPoint","urlTemplate":"https:\/\/hikrobotics.vn\/?s={search_term_string}"},"query-input":"required name=search_term_string"}],"inLanguage":"vi"},{"@type":"Organization","@id":"https:\/\/hikrobotics.vn\/#organization","name":"hikrobotics","url":"https:\/\/hikrobotics.vn\/","logo":{"@type":"ImageObject","inLanguage":"vi","@id":"https:\/\/hikrobotics.vn\/#\/schema\/logo\/image\/","url":"http:\/\/hikrobotics.vn\/wp-content\/uploads\/2023\/02\/logo.png","contentUrl":"http:\/\/hikrobotics.vn\/wp-content\/uploads\/2023\/02\/logo.png","width":3366,"height":1063,"caption":"hikrobotics"},"image":{"@id":"https:\/\/hikrobotics.vn\/#\/schema\/logo\/image\/"},"sameAs":["https:\/\/www.facebook.com\/hikroboticsvn"]}]}},"_links":{"self":[{"href":"https:\/\/hikrobotics.vn\/index.php?rest_route=\/wp\/v2\/pages\/369"}],"collection":[{"href":"https:\/\/hikrobotics.vn\/index.php?rest_route=\/wp\/v2\/pages"}],"about":[{"href":"https:\/\/hikrobotics.vn\/index.php?rest_route=\/wp\/v2\/types\/page"}],"author":[{"embeddable":true,"href":"https:\/\/hikrobotics.vn\/index.php?rest_route=\/wp\/v2\/users\/2"}],"replies":[{"embeddable":true,"href":"https:\/\/hikrobotics.vn\/index.php?rest_route=%2Fwp%2Fv2%2Fcomments&post=369"}],"version-history":[{"count":1,"href":"https:\/\/hikrobotics.vn\/index.php?rest_route=\/wp\/v2\/pages\/369\/revisions"}],"predecessor-version":[{"id":936,"href":"https:\/\/hikrobotics.vn\/index.php?rest_route=\/wp\/v2\/pages\/369\/revisions\/936"}],"wp:attachment":[{"href":"https:\/\/hikrobotics.vn\/index.php?rest_route=%2Fwp%2Fv2%2Fmedia&parent=369"}],"curies":[{"name":"wp","href":"https:\/\/api.w.org\/{rel}","templated":true}]}}